
{"id":17036,"date":"2025-06-02T10:11:15","date_gmt":"2025-06-02T10:11:15","guid":{"rendered":"https:\/\/lenard.tech\/?post_type=product&#038;p=17036"},"modified":"2026-03-11T07:58:13","modified_gmt":"2026-03-11T07:58:13","slug":"ris-3279-tom-iss-2","status":"publish","type":"product","link":"https:\/\/lenard.tech\/de\/producto\/ris-3279-tom-iss-2\/","title":{"rendered":"RIS-3279-TOM Iss 2"},"content":{"rendered":"<section class=\"wpb-content-wrapper\"><p>[vc_row woodmart_css_id=&#8221;64770fff47a07&#8243; responsive_spacing=&#8221;eyJwYXJhbV90eXBlIjoid29vZG1hcnRfcmVzcG9uc2l2ZV9zcGFjaW5nIiwic2VsZWN0b3JfaWQiOiI2NDc3MGZmZjQ3YTA3Iiwic2hvcnRjb2RlIjoidmNfcm93IiwiZGF0YSI6eyJ0YWJsZXQiOnt9LCJtb2JpbGUiOnt9fX0=&#8221; mobile_bg_img_hidden=&#8221;no&#8221; tablet_bg_img_hidden=&#8221;no&#8221; woodmart_parallax=&#8221;0&#8243; woodmart_gradient_switch=&#8221;no&#8221; woodmart_box_shadow=&#8221;no&#8221; wd_z_index=&#8221;no&#8221; woodmart_disable_overflow=&#8221;0&#8243; row_reverse_mobile=&#8221;0&#8243; row_reverse_tablet=&#8221;0&#8243;][vc_column][vc_column_text woodmart_inline=&#8221;no&#8221; text_larger=&#8221;no&#8221;]<strong>RIS-3279-TOM WARNSCHUTZKLEIDUNG<\/strong>[\/vc_column_text][\/vc_column][\/vc_row][vc_row][vc_column][vc_tta_tabs title_tag=&#8221;h3&#8243; section_title_tag=&#8221;h3&#8243; style=&#8221;modern&#8221; color=&#8221;white&#8221; active_section=&#8221;1&#8243; no_fill_content_area=&#8221;true&#8221;][vc_tta_section title=&#8221;OBJECKT&#8221; tab_id=&#8221;1685522856916-22531c7c-aaf1&#8243;][vc_column_text woodmart_inline=&#8221;no&#8221; text_larger=&#8221;no&#8221;]Diese Norm legt die Mindestparameter f\u00fcr Hochsichtbarkeitskleidung fest, die f\u00fcr alle Hochsichtbarkeitskleidung gelten und GERT8000<\/p>\n<p>Sie gilt f\u00fcr alle Mitarbeiter in der N\u00e4he der britischen Eisenbahnlinie. Deine Kleidung muss die Anforderungen an Farbe und Helligkeit erf\u00fcllen. Diese Regel gilt nur f\u00fcr Arbeiter auf dem Bahnsteig, wenn sie sich innerhalb von 1,25 m vom Rand des Bahnsteigs befinden.<\/p>\n<p>Wenn ein hochsichtbares Kleidungsst\u00fcck nicht gen\u00fcgend Fl\u00e4che hat, um die Anforderungen der Klasse 2 zu erf\u00fcllen, darf es getragen werden, solange das andere Kleidungsst\u00fcck der Klasse 2 nicht verdeckt ist.[\/vc_column_text][\/vc_tta_section][vc_tta_section title=&#8221;ANFORDERUNGEN&#8221; tab_id=&#8221;1685522905490-667bc0bb-5e1a&#8221;][vc_column_text woodmart_inline=&#8221;no&#8221; text_larger=&#8221;no&#8221;]<\/p>\n<table style=\"height: 435px;\" width=\"1429\">\n<tbody>\n<tr>\n<td width=\"200\"><strong>TESTMETHODE<\/strong><\/td>\n<td width=\"92\"><strong>TESTSTANDARD<\/strong><\/td>\n<td width=\"156\"><strong>BESCHREIBUNG<\/strong><\/td>\n<td width=\"246\"><strong>ANFORDERUNGEN<\/strong><\/td>\n<td width=\"57\"><\/td>\n<\/tr>\n<tr>\n<td rowspan=\"2\" width=\"200\">CHROMATISCHE KOORDINATEN UND LUMINANZFAKTOR.<\/td>\n<td width=\"92\">CIE 15<\/p>\n<p>&nbsp;<\/td>\n<td width=\"156\">FARBE DES HINTERGRUNDMATERIALS IN NEUEM ZUSTAND<\/p>\n<p>&nbsp;<\/td>\n<td colspan=\"2\" rowspan=\"2\" width=\"303\">Farbe Orange HV<\/p>\n<p>Koordinaten und Luminanz x: 0,588 y: 0,371 \u03b2 min 0,4<\/p>\n<p>Im Bereich:<\/p>\n<p><a href=\"https:\/\/lenard.tech\/wp-content\/uploads\/2025\/06\/2.png\"><img loading=\"lazy\" decoding=\"async\" class=\"alignnone size-medium wp-image-19555\" src=\"https:\/\/lenard.tech\/wp-content\/uploads\/2025\/06\/2-400x242.png\" alt=\"\" width=\"400\" height=\"242\" srcset=\"https:\/\/lenard.tech\/wp-content\/uploads\/2025\/06\/2-400x242.png 400w, https:\/\/lenard.tech\/wp-content\/uploads\/2025\/06\/2-1300x786.png 1300w, https:\/\/lenard.tech\/wp-content\/uploads\/2025\/06\/2-768x465.png 768w, https:\/\/lenard.tech\/wp-content\/uploads\/2025\/06\/2-1536x929.png 1536w, https:\/\/lenard.tech\/wp-content\/uploads\/2025\/06\/2-860x520.png 860w, https:\/\/lenard.tech\/wp-content\/uploads\/2025\/06\/2-430x260.png 430w, https:\/\/lenard.tech\/wp-content\/uploads\/2025\/06\/2-700x423.png 700w, https:\/\/lenard.tech\/wp-content\/uploads\/2025\/06\/2-150x91.png 150w, https:\/\/lenard.tech\/wp-content\/uploads\/2025\/06\/2.png 1721w\" sizes=\"auto, (max-width: 400px) 100vw, 400px\" \/><\/a><\/td>\n<\/tr>\n<tr>\n<td width=\"92\">BS EN ISO 20471<\/td>\n<td width=\"156\">FARBE DES BASISMATERIALS NACH DEM XENON-TEST<\/td>\n<\/tr>\n<tr>\n<td width=\"200\">RETROREFLEKTIERENDES MATERIAL<\/td>\n<td width=\"92\">BS EN ISO 20471 Tabelle 4 Abschnitt 6 Stufe 2<\/td>\n<td width=\"156\">Physikalische und photometrische Anforderungen<\/td>\n<td colspan=\"2\" width=\"303\">Laut BS EN ISO 20471<\/td>\n<\/tr>\n<\/tbody>\n<\/table>\n<p>[\/vc_column_text][\/vc_tta_section][vc_tta_section title=&#8221;GEW\u00c4NDER&#8221; tab_id=&#8221;1685522925803-967944e9-6499&#8243;][vc_column_text woodmart_inline=&#8221;no&#8221; text_larger=&#8221;no&#8221;]KLEIDUNGSDESIGN:<\/p>\n<p>Gem\u00e4\u00df den Anforderungen zur Einhaltung der Klasse 2 von BS EN ISO 20471[\/vc_column_text][\/vc_tta_section][vc_tta_section title=&#8221;MARKIEREN UND ETIKETTIEREN&#8221; tab_id=&#8221;1685524433844-5372b319-8d81&#8243;][vc_column_text woodmart_inline=&#8221;no&#8221; text_larger=&#8221;no&#8221;]MARKIERUNG:<\/p>\n<p><a href=\"https:\/\/lenard.tech\/wp-content\/uploads\/2024\/12\/Imagen2.png\"><img loading=\"lazy\" decoding=\"async\" class=\"alignnone size-full wp-image-19287\" src=\"https:\/\/lenard.tech\/wp-content\/uploads\/2024\/12\/Imagen2.png\" alt=\"\" width=\"110\" height=\"108\" \/><\/a>[\/vc_column_text][\/vc_tta_section][\/vc_tta_tabs][\/vc_column][\/vc_row]<\/p>\n<\/section>","protected":false},"excerpt":{"rendered":"<p><strong>RIS-3279-TOM WARNSCHUTZKLEIDUNG<\/strong><\/p>\n","protected":false},"featured_media":0,"comment_status":"open","ping_status":"closed","template":"","meta":{"_mi_skip_tracking":false,"_monsterinsights_sitenote_active":false,"_monsterinsights_sitenote_note":"","_monsterinsights_sitenote_category":0},"product_cat":[885],"product_tag":[],"class_list":["post-17036","product","type-product","status-publish","hentry","product_cat-normativ"],"acf":[],"_links":{"self":[{"href":"https:\/\/lenard.tech\/de\/wp-json\/wp\/v2\/product\/17036","targetHints":{"allow":["GET"]}}],"collection":[{"href":"https:\/\/lenard.tech\/de\/wp-json\/wp\/v2\/product"}],"about":[{"href":"https:\/\/lenard.tech\/de\/wp-json\/wp\/v2\/types\/product"}],"replies":[{"embeddable":true,"href":"https:\/\/lenard.tech\/de\/wp-json\/wp\/v2\/comments?post=17036"}],"wp:attachment":[{"href":"https:\/\/lenard.tech\/de\/wp-json\/wp\/v2\/media?parent=17036"}],"wp:term":[{"taxonomy":"product_cat","embeddable":true,"href":"https:\/\/lenard.tech\/de\/wp-json\/wp\/v2\/product_cat?post=17036"},{"taxonomy":"product_tag","embeddable":true,"href":"https:\/\/lenard.tech\/de\/wp-json\/wp\/v2\/product_tag?post=17036"}],"curies":[{"name":"wp","href":"https:\/\/api.w.org\/{rel}","templated":true}]}}