
{"id":17413,"date":"2025-07-28T14:18:30","date_gmt":"2025-07-28T14:18:30","guid":{"rendered":"https:\/\/lenard.tech\/?post_type=product&#038;p=17413"},"modified":"2025-11-06T15:02:50","modified_gmt":"2025-11-06T15:02:50","slug":"nfpa-19502025","status":"publish","type":"product","link":"https:\/\/lenard.tech\/de\/producto\/nfpa-19502025\/","title":{"rendered":"NFPA 1950:2025"},"content":{"rendered":"<section class=\"wpb-content-wrapper\"><p>[vc_row][vc_column][vc_column_text woodmart_inline=&#8221;no&#8221; text_larger=&#8221;no&#8221;]<strong>Norm f\u00fcr pers\u00f6nliche Schutzausr\u00fcstung f\u00fcr technische Rettungseins\u00e4tze, medizinische Notfalleins\u00e4tze und Brandbek\u00e4mpfung an der Schnittstelle von Stadt und Forst.<\/strong>[\/vc_column_text][\/vc_column][\/vc_row][vc_row][vc_column][vc_tta_tabs][vc_tta_section title=&#8221;OBJEKT&#8221; tab_id=&#8221;1686225205760-f63a4eb8-5e2d&#8221;][vc_column_text woodmart_inline=&#8221;no&#8221; text_larger=&#8221;no&#8221;]<strong>URSPRUNG<\/strong><\/p>\n<p>Diese erste Ausgabe konsolidiert drei Standards: NFPA 1951, NFPA 1977 und NFPA 1999.<\/p>\n<p><strong>AUFBAU DER NORM<\/strong><\/p>\n<p>Diese Norm besteht aus 4 Kapiteln mit allgemeinen Informationen und Anforderungen, die f\u00fcr die gesamte Norm gelten (Kapitel 4). 3 Bl\u00f6cke mit 5 Kapiteln f\u00fcr jeden Produkttyp und ein einzelnes Kapitel f\u00fcr multifunktionale Schutzsets.<\/p>\n<p>Punkt 1.3 hilft den Nutzern, den spezifischen Inhalt der einzelnen kombinierten Normen zu finden.<\/p>\n<p>Die f\u00fcr die NFPA 1977 geltenden Anforderungen sind in den Kapiteln 1 bis 3, 15 bis 19 zu finden, wo sie \u00c4nderungen gegen\u00fcber der letzten Ausgabe der NFPA und den Anh\u00e4ngen A, B und D enthalten<\/p>\n<p><strong>UMFANG<\/strong><\/p>\n<p>Diese Norm enth\u00e4lt Mindestanforderungen an die Konstruktion, Leistung, Pr\u00fcfung und Zertifizierung von technischen Rettungsschutzbaugruppen f\u00fcr die Verwendung durch Rettungskr\u00e4fte; Neue Einweg- und Mehrweg-Schutzkleidung f\u00fcr medizinische Notfalleins\u00e4tze, die sowohl von medizinischem Notfallpersonal vor ihrer Ankunft in Gesundheitseinrichtungen als auch von ersten medizinischen Empf\u00e4ngern in Gesundheitseinrichtungen verwendet wird, sowie zus\u00e4tzlich Kleidung und Schutzartikel f\u00fcr die Brandbek\u00e4mpfung an der Schnittstelle zwischen W\u00e4ldern und St\u00e4dten sowie Artikel f\u00fcr Frachttransportger\u00e4te.<\/p>\n<p><strong>ZWECK<\/strong><\/p>\n<p>Der Zweck dieser Norm besteht darin, das Mindestschutzniveau f\u00fcr Rettungskr\u00e4fte bei Such-, Rettungs-, Behandlungs-, Dekontaminations-, Bergungs-, Standortstabilisierungs- und \u00e4hnlichen Eins\u00e4tzen bei technischen Rettungseins\u00e4tzen festzulegen;\u00a0 Einsatzkr\u00e4fte und medizinische Erstempf\u00e4nger von Krankheitserregern in der Luft und in Fl\u00fcssigkeiten transportiert sowie vor dem Kontakt mit durch Blut \u00fcbertragenen Krankheitserregern und durch K\u00f6rperfl\u00fcssigkeiten \u00fcbertragenen Krankheitserregern f\u00fcr das Personal, das Patienten bei medizinischen Notfalleins\u00e4tzen versorgt; gegen die nachteiligen Auswirkungen auf die Umwelt, denen das Personal bei der Bek\u00e4mpfung von Waldbr\u00e4nden und bei Eins\u00e4tzen an der Schnittstelle zwischen St\u00e4dten ausgesetzt ist.[\/vc_column_text][\/vc_tta_section][vc_tta_section title=&#8221;ANFORDERUNGEN&#8221; tab_id=&#8221;1686225205772-d08813ac-dfd3&#8243;][vc_column_text woodmart_inline=&#8221;no&#8221; text_larger=&#8221;no&#8221;]<strong>VORKONDITIONIERUNG:<\/strong> Die Proben sollten mindestens 24 Stunden lang bei 21 \u00b1 3 \u00b0C und einer relativen Luftfeuchtigkeit von 65 \u00b1 5 % gem\u00e4\u00df ASTM D1776\/D1776M konditioniert werden.<\/p>\n<p>Die Proben werden innerhalb von 5 Minuten nach der Konditionierung analysiert.<\/p>\n<p><strong>VORBEHANDLUNG:<\/strong> Die Stoffe sollten gem\u00e4\u00df AATCC LP1 gewaschen und getrocknet werden<em>. Haushaltsw\u00e4sche<\/em>: <em>Maschinenw\u00e4sche<\/em> (1 Maschinenwaschgang, Waschtemperatur V und Trocknung Ai)<\/p>\n<p><strong>\u00a0<\/strong><\/p>\n<table style=\"height: 2573px;\" width=\"1687\">\n<tbody>\n<tr>\n<td width=\"192\"><strong>\u00dcBUNG<\/strong><\/td>\n<td width=\"111\"><strong>PR\u00dcFNORM<\/strong><\/td>\n<td colspan=\"3\" width=\"283\"><strong>ANFORDERUNG<\/strong><\/td>\n<\/tr>\n<tr>\n<td width=\"192\">Strahlenschutz (PTR)<\/td>\n<td width=\"111\">ASTM F1939<\/td>\n<td colspan=\"3\" width=\"283\">Originales und vorbehandeltes Gewebe mit 5 WaschzyklenRPP \u2265 7 cal\/cm2<\/td>\n<\/tr>\n<tr>\n<td rowspan=\"3\" width=\"192\">Flammwidrigkeit<\/td>\n<td rowspan=\"3\" width=\"111\">ASTM D6413\/D6413M<\/td>\n<td colspan=\"3\" width=\"283\">Originaler und vorbehandelter Stoff mit 100 Waschg\u00e4ngenL\u00e4nge max. 100 mm<\/td>\n<\/tr>\n<tr>\n<td colspan=\"3\" width=\"283\">Nachbrenner max. 2 Sekunden<\/td>\n<\/tr>\n<tr>\n<td colspan=\"3\" width=\"283\">Nicht schmelzen oder tropfen<\/td>\n<\/tr>\n<tr>\n<td rowspan=\"2\" width=\"192\">Hitzebest\u00e4ndigkeit (260\u00baC)<\/td>\n<td rowspan=\"2\" width=\"111\">ASTM F2894<\/td>\n<td colspan=\"3\" width=\"283\">Vorbehandeltes Gewebe mit 5 Waschg\u00e4ngen schrumpft max. 10% in beide Richtungen<\/td>\n<\/tr>\n<tr>\n<td colspan=\"3\" width=\"283\">Schmilzt, tropft, trennt, entz\u00fcndet sich nicht und verklebt nicht<\/td>\n<\/tr>\n<tr>\n<td width=\"192\">Gesamtw\u00e4rmeverlust (THL)<\/td>\n<td width=\"111\">ASTM F1868 (Methode C)<\/td>\n<td colspan=\"3\" width=\"283\">Vorbehandelter Stoff mit 5 Waschg\u00e4ngen. 500 W\/m2 (Wildnisbekleidung ohne Oberbekleidung f\u00fcr kaltes Wetter und Winterfutter)<\/td>\n<\/tr>\n<tr>\n<td width=\"192\">Zerrei\u00dffestigkeit<\/td>\n<td width=\"111\">ASTM D1424<\/td>\n<td colspan=\"3\" width=\"283\">Vort\u00e4towierter Stoff nach Norm. 22 N (23 N, wenn es sich um Stoff handelt, der Gesicht und Hals bedeckt)<\/td>\n<\/tr>\n<tr>\n<td width=\"192\">Berstfestigkeit (Gewirke)<\/td>\n<td width=\"111\">ASTM D3787<\/td>\n<td colspan=\"3\" width=\"283\">Vorbehandeltes Gewebe nach Norm. 225 N min. 113 N, wenn es sich um Stoff handelt, der Gesicht und Hals bedeckt<\/td>\n<\/tr>\n<tr>\n<td width=\"192\">Dimensionsstabilit\u00e4t<\/td>\n<td width=\"111\">AATCC TM135<\/td>\n<td colspan=\"3\" width=\"283\">Vorbehandelter Stoff mit max. 5 Waschg\u00e4ngen. 5% in jede Richtung<\/td>\n<\/tr>\n<tr>\n<td width=\"192\">Bruchfestigkeit<\/td>\n<td width=\"111\">ASTM D5034<\/td>\n<td colspan=\"3\" width=\"283\">Vorbehandeltes Gewebe nach Norm. 225 N<\/td>\n<\/tr>\n<tr>\n<td width=\"192\">Effizienz der Partikelfiltration (falls zutreffend)<\/td>\n<td width=\"111\">F2299\/F2299M<\/td>\n<td colspan=\"3\" width=\"283\">min. 70% (Partikelgr\u00f6\u00dfe 0,1 \u03bcm bis 1,0 \u03bcm)<\/td>\n<\/tr>\n<tr>\n<td width=\"192\">Nahtbruch-Best\u00e4ndigkeit<\/td>\n<td width=\"111\">ASTM D1683\/D1683M<\/td>\n<td colspan=\"3\" width=\"283\">min. 315 N Hauptn\u00e4htemin. 225 N f\u00fcr kleinere N\u00e4htemin. 180 N Strickn\u00e4hte<\/td>\n<\/tr>\n<tr>\n<td width=\"192\">Temperatur Schmelzen N\u00e4hgarn<\/td>\n<td width=\"111\">ASTM D7138<\/td>\n<td colspan=\"3\" width=\"283\">min. 260 \u00baC<\/td>\n<\/tr>\n<tr>\n<td rowspan=\"6\" width=\"192\">Bruchfestigkeit N\u00e4hgarn<\/td>\n<td rowspan=\"6\" width=\"111\">Geldautomat F2961<\/td>\n<td width=\"55\">TEX<\/td>\n<td width=\"113\">Bruchfestigkeit (N)<\/td>\n<td width=\"115\">Bruchfestigkeit nach konvektiver Hitze (N)<\/td>\n<\/tr>\n<tr>\n<td width=\"55\">\u2264 34<\/td>\n<td width=\"113\">5,8<\/td>\n<td width=\"115\">1,7<\/td>\n<\/tr>\n<tr>\n<td width=\"55\">35-49<\/td>\n<td width=\"113\">8,9<\/td>\n<td width=\"115\">2,7<\/td>\n<\/tr>\n<tr>\n<td width=\"55\">50-69<\/td>\n<td width=\"113\">13,3<\/td>\n<td width=\"115\">4<\/td>\n<\/tr>\n<tr>\n<td width=\"55\">70-89<\/td>\n<td width=\"113\">20<\/td>\n<td width=\"115\">6<\/td>\n<\/tr>\n<tr>\n<td width=\"55\">\u2265 90<\/td>\n<td width=\"113\">24,5<\/td>\n<td width=\"115\">7,3<\/td>\n<\/tr>\n<tr>\n<td rowspan=\"3\" width=\"192\">Haltbarkeits-Etiketten<\/td>\n<td width=\"111\">Al lavadoAATCC LP1<\/td>\n<td colspan=\"3\" width=\"283\">Vorbehandeltes Gewebe mit 10 Waschzyklenbricht nicht, bleibt an Ort und Stelle, mit blo\u00dfem Auge lesbar<\/td>\n<\/tr>\n<tr>\n<td width=\"111\">AbriebfestASTM D4966<\/td>\n<td colspan=\"3\" width=\"283\">Etikett auf einen Blick lesbar<\/td>\n<\/tr>\n<tr>\n<td width=\"111\">Hitze-hei\u00dfASTM F2894<\/td>\n<td colspan=\"3\" width=\"283\">Etikett auf einen Blick lesbar<\/td>\n<\/tr>\n<tr>\n<td width=\"192\">Bruchfestigkeit (Befestigungsband)<\/td>\n<td width=\"111\">AA-55126C<\/td>\n<td colspan=\"3\" width=\"283\">Gem\u00e4\u00df den Anforderungen der Pr\u00fcfnorm<\/td>\n<\/tr>\n<tr>\n<td width=\"192\">Schnittfestigkeit (Fixierband)<\/td>\n<td width=\"111\">AA-55126C<\/td>\n<td colspan=\"3\" width=\"283\">Gem\u00e4\u00df den Anforderungen der Pr\u00fcfnorm<\/td>\n<\/tr>\n<tr>\n<td width=\"192\">Sch\u00e4lfestigkeit (Fixierband)<\/td>\n<td width=\"111\">AA-55126C<\/td>\n<td colspan=\"3\" width=\"283\">Gem\u00e4\u00df den Anforderungen der Pr\u00fcfnorm<\/td>\n<\/tr>\n<tr>\n<td width=\"192\">Bruchfestigkeit (Rei\u00dfverschl\u00fcsse)<\/td>\n<td width=\"111\">AA-55634C<\/td>\n<td colspan=\"3\" width=\"283\">Gem\u00e4\u00df den Anforderungen der Pr\u00fcfnorm<\/td>\n<\/tr>\n<tr>\n<td width=\"192\">Bruchfestigkeit des Fadens (Fadens)<\/td>\n<td width=\"111\">ASTM D2256\/D2256M<\/td>\n<td colspan=\"3\" width=\"283\">Gem\u00e4\u00df den Anforderungen der Pr\u00fcfnorm<\/td>\n<\/tr>\n<\/tbody>\n<\/table>\n<p>[\/vc_column_text][\/vc_tta_section][vc_tta_section title=&#8221;BEKLEIDUNG&#8221; tab_id=&#8221;1686225294553-855bc77f-f8ed&#8221;][vc_column_text woodmart_inline=&#8221;no&#8221; text_larger=&#8221;no&#8221;]<strong>ANFORDERUNGEN VON NFPA 1977<\/strong><\/p>\n<p>Diese Norm legt das Mindestma\u00df an Schutz vor sch\u00e4dlichen Umwelteinfl\u00fcssen fest, dem das Personal ausgesetzt ist, das bei der Bek\u00e4mpfung von Waldbr\u00e4nden und an der Schnittstelle zwischen St\u00e4dten t\u00e4tig ist. Diese Anforderungen sind das Minimum, damit Textilien dem Tr\u00e4ger keine gr\u00f6\u00dferen oder schwereren Brandverletzungen zuf\u00fcgen.<\/p>\n<p><strong>Diese Ausgabe von NFPA 1950 gilt nicht f\u00fcr Schutzkleidung und -ausr\u00fcstung f\u00fcr die Waldbrandbek\u00e4mpfung und st\u00e4dtische Schnittstellen oder f\u00fcr die Bek\u00e4mpfung von Waldbr\u00e4nden und den Transport von Frachttransportmitteln an st\u00e4dtischen Schnittstellen, die im Rahmen fr\u00fcherer Ausgaben von NFPA 1977 hergestellt wurden<\/strong><\/p>\n<p>Der j\u00e4hrliche Check umfasst die Bewertung aller Designanforderungen. Bei quantitativen Tests vor und nach dem Waschen wird nur derjenige mit der Konditionierung durchgef\u00fchrt, der bei der j\u00e4hrlichen Zertifizierung die schlechtesten Ergebnisse geliefert hat. Im Falle der qualitativen Pr\u00fcfung wird jedes Jahr eine einzige Konditionierung durchgef\u00fchrt, um alle Optionen im Laufe der Zeit zu \u00fcberpr\u00fcfen. Sind f\u00fcr das Pr\u00fcfverfahren drei Proben erforderlich, so darf nur eine Probe zur \u00dcberpr\u00fcfung durchgef\u00fchrt werden. Wenn 5 oder mehr Proben erforderlich sind, werden mindestens zwei Proben entnommen.<\/p>\n<p><strong>\u00a0<\/strong>[\/vc_column_text][\/vc_tta_section][vc_tta_section title=&#8221;MARKIEREN UND ETIKETTIEREN&#8221; tab_id=&#8221;1686225337129-eca5cac1-c0b8&#8243;][vc_column_text woodmart_inline=&#8221;no&#8221; text_larger=&#8221;no&#8221;]Alle anwendbaren Anforderungen zur Einhaltung dieser Norm m\u00fcssen erf\u00fcllt und auch zertifiziert werden.<\/p>\n<p>Die Kennung NFPA 1951, NFPA 1999 oder NFPA 1977 darf nicht verwendet werden, es sei denn, sie ist nach NFPA 1950 zertifiziert.<\/p>\n<p>Alle Zertifizierungen m\u00fcssen von einer ISO\/IEC 17065-konformen Organisation durchgef\u00fchrt werden, die von einer ISO 17011-konformen Stelle akkreditiert ist.<\/p>\n<p>Zertifizierungen, die auf fr\u00fcheren Ausgaben der NFPA 1977 2022 basieren, werden nicht akzeptiert.<\/p>\n<p>Der Hersteller wird mit mindestens zwei zuf\u00e4lligen unangek\u00fcndigten Besuchen alle 12 Monate auditiert, um seinen Qualit\u00e4tssicherungsprozess zu \u00fcberpr\u00fcfen. Die Verwendung der Ergebnisse des Komponentenherstellers ist zul\u00e4ssig, sofern das Labor, das die Tests durchgef\u00fchrt hat, nach ISO\/IEC 17025 und ISO 17011 akkreditiert ist.<\/p>\n<p>F\u00fcr alle Produkte, die als konform mit allen Anforderungen dieser Norm gekennzeichnet sind, ist eine j\u00e4hrliche Pr\u00fcfbewertung durchzuf\u00fchren.<\/p>\n<p>Der Hersteller, die Produktionsst\u00e4tte, die Stelle, die das Produktdesign leitet und kontrolliert, die Stelle, die die Qualit\u00e4tssicherung leitet und kontrolliert, und die Stelle, die die konforme Produktsicherung gew\u00e4hrleistet, muss ISO 9001 sein.<\/p>\n<p>Der Lieferant muss ein Qualit\u00e4tssicherungssystem wie z.B. ISO 9001 bereitstellen und aufrechterhalten.[\/vc_column_text][vc_single_image image=&#8221;18599&#8243; img_size=&#8221;FULL&#8221; alignment=&#8221;center&#8221; parallax_scroll=&#8221;no&#8221; woodmart_inline=&#8221;no&#8221;][\/vc_tta_section][\/vc_tta_tabs][\/vc_column][\/vc_row]<\/p>\n<\/section>","protected":false},"excerpt":{"rendered":"<p><strong>Norm f\u00fcr pers\u00f6nliche Schutzausr\u00fcstung f\u00fcr technische Rettungseins\u00e4tze, medizinische Notfalleins\u00e4tze und Brandbek\u00e4mpfung an der Schnittstelle von Stadt und Forst.<\/strong><\/p>\n","protected":false},"featured_media":0,"comment_status":"open","ping_status":"closed","template":"","meta":{"_mi_skip_tracking":false,"_monsterinsights_sitenote_active":false,"_monsterinsights_sitenote_note":"","_monsterinsights_sitenote_category":0},"product_cat":[885],"product_tag":[1817,2455,1523],"class_list":["post-17413","product","type-product","status-publish","hentry","product_cat-normativ","product_tag-calor-radiante-de","product_tag-bomberos-de","product_tag-ignifugo-de"],"acf":[],"_links":{"self":[{"href":"https:\/\/lenard.tech\/de\/wp-json\/wp\/v2\/product\/17413","targetHints":{"allow":["GET"]}}],"collection":[{"href":"https:\/\/lenard.tech\/de\/wp-json\/wp\/v2\/product"}],"about":[{"href":"https:\/\/lenard.tech\/de\/wp-json\/wp\/v2\/types\/product"}],"replies":[{"embeddable":true,"href":"https:\/\/lenard.tech\/de\/wp-json\/wp\/v2\/comments?post=17413"}],"wp:attachment":[{"href":"https:\/\/lenard.tech\/de\/wp-json\/wp\/v2\/media?parent=17413"}],"wp:term":[{"taxonomy":"product_cat","embeddable":true,"href":"https:\/\/lenard.tech\/de\/wp-json\/wp\/v2\/product_cat?post=17413"},{"taxonomy":"product_tag","embeddable":true,"href":"https:\/\/lenard.tech\/de\/wp-json\/wp\/v2\/product_tag?post=17413"}],"curies":[{"name":"wp","href":"https:\/\/api.w.org\/{rel}","templated":true}]}}