
{"id":18463,"date":"2025-10-23T13:22:02","date_gmt":"2025-10-23T13:22:02","guid":{"rendered":"https:\/\/lenard.tech\/?post_type=product&#038;p=18463"},"modified":"2026-03-11T08:10:30","modified_gmt":"2026-03-11T08:10:30","slug":"une-en-166892017","status":"publish","type":"product","link":"https:\/\/lenard.tech\/de\/producto\/une-en-166892017\/","title":{"rendered":"UNE-EN 16689:2017"},"content":{"rendered":"<section class=\"wpb-content-wrapper\"><p>[vc_row woodmart_css_id=&#8221;64770fff47a07&#8243; responsive_spacing=&#8221;eyJwYXJhbV90eXBlIjoid29vZG1hcnRfcmVzcG9uc2l2ZV9zcGFjaW5nIiwic2VsZWN0b3JfaWQiOiI2NDc3MGZmZjQ3YTA3Iiwic2hvcnRjb2RlIjoidmNfcm93IiwiZGF0YSI6eyJ0YWJsZXQiOnt9LCJtb2JpbGUiOnt9fX0=&#8221; mobile_bg_img_hidden=&#8221;no&#8221; tablet_bg_img_hidden=&#8221;no&#8221; woodmart_parallax=&#8221;0&#8243; woodmart_gradient_switch=&#8221;no&#8221; woodmart_box_shadow=&#8221;no&#8221; wd_z_index=&#8221;no&#8221; woodmart_disable_overflow=&#8221;0&#8243; row_reverse_mobile=&#8221;0&#8243; row_reverse_tablet=&#8221;0&#8243;][vc_column][vc_column_text woodmart_inline=&#8221;no&#8221; text_larger=&#8221;no&#8221;]Schutzkleidung f\u00fcr Feuerwehrleute. Leistungsanforderungen an Schutzkleidung f\u00fcr technische Rettung. Entspricht EN 16689.[\/vc_column_text][\/vc_column][\/vc_row][vc_row][vc_column][vc_tta_tabs title_tag=&#8221;h3&#8243; section_title_tag=&#8221;h3&#8243; style=&#8221;modern&#8221; color=&#8221;white&#8221; active_section=&#8221;1&#8243; no_fill_content_area=&#8221;true&#8221;][vc_tta_section title=&#8221;OBJECKT&#8221; tab_id=&#8221;1685522856916-22531c7c-aaf1&#8243;][vc_column_text woodmart_inline=&#8221;no&#8221; text_larger=&#8221;no&#8221;]Diese Norm gibt die Mindestanforderungen an Schutzkleidung f\u00fcr technische Rettungen an, wobei ber\u00fccksichtigt wird, dass es w\u00e4hrend eines Vorfalls andere Gefahren geben kann als die in diesem Standard enthaltenen (chemisch, biologisch, elektrisch und radiologisch). In solchen F\u00e4llen kann es notwendig sein, angemessenere Schutzausr\u00fcstung zu tragen.<\/p>\n<p>Dieser Standard umfasst Kleidungsdesign, Mindestleistungsstufen f\u00fcr Materialien, Testmethoden, Markierungen und Informationen, die vom Hersteller bereitgestellt werden m\u00fcssen.<\/p>\n<p>Dieser Standard gilt nicht f\u00fcr Kleidung, die zur Brandbek\u00e4mpfung, Waldbr\u00e4nde oder zur Brandrettung, zum Umgang mit gef\u00e4hrlichen Chemikalien, zum Umgang mit Kettens\u00e4gen sowie Wasser- und Seilrettungen verwendet wird, sofern sie nicht mit anderer spezieller Schutzausr\u00fcstung kombiniert wird.<\/p>\n<p>Diese Norm deckt nicht den Schutz von H\u00e4nden, F\u00fc\u00dfen und K\u00f6pfen sowie chemische, radiologische und elektrische Gefahren ab[\/vc_column_text][\/vc_tta_section][vc_tta_section title=&#8221;ANFORDERUNGEN&#8221; tab_id=&#8221;1685524433844-5372b319-8d81&#8243;][vc_column_text woodmart_inline=&#8221;no&#8221; text_larger=&#8221;no&#8221;]VORBEHANDLUNG: Nach den Anweisungen des Herstellers (standardm\u00e4\u00dfig 5 Waschzyklen).<\/p>\n<p>VERPACKUNG: mindestens 24 Stunden bei 20 \u00b1 2\u00baC und einer relativen Luftfeuchtigkeit von 65 \u00b1 5 %. Der Test wird innerhalb von 5 Minuten nach der Konditionierung durchgef\u00fchrt.<\/p>\n<table style=\"height: 2070px;\" width=\"1467\">\n<tbody>\n<tr>\n<td width=\"146\">TESTMETHODE<\/td>\n<td width=\"146\">TESTSTANDARD<\/td>\n<td width=\"132\">BESCHREIBUNG<\/td>\n<td width=\"160\">ANFORDERUNGEN<\/td>\n<\/tr>\n<tr>\n<td width=\"146\">DIE FLAMME BREITETE SICH AUS<\/td>\n<td width=\"146\">EN ISO 15025<\/p>\n<p>Methode A<\/td>\n<td width=\"132\">Originalstoff<\/p>\n<p>Vorbehandelter Stoff<\/td>\n<td width=\"160\">Minimaler Flammenausbreitungsindex betr\u00e4gt 3 gem\u00e4\u00df EN ISO 14116<\/td>\n<\/tr>\n<tr>\n<td width=\"146\">W\u00c4RME\u00dcBERTRAGUNG<\/td>\n<td width=\"146\">EN ISO 6942<\/p>\n<p>W\u00e4rmedurchfluss 20 kW\/m\u00b2<\/td>\n<td width=\"132\">Originalstoff<\/p>\n<p>Vorbehandelter Stoff<\/td>\n<td width=\"160\">RHTI24 \u2265 7.0 s<sup>(*)<\/sup><\/td>\n<\/tr>\n<tr>\n<td width=\"146\">KONTAKTW\u00c4RME<\/td>\n<td width=\"146\">EN ISO 12127-1<\/p>\n<p>(100\u00baC)<\/td>\n<td width=\"132\">Vorbehandelter Stoff<\/td>\n<td width=\"160\">Schwellenzeit\u2265 5,0 s<sup>(*)<\/sup><\/td>\n<\/tr>\n<tr>\n<td rowspan=\"2\" width=\"146\">ZUGFESTIGKEIT<\/td>\n<td width=\"146\">EN ISO 13934-1<\/p>\n<p>oder<\/p>\n<p>EN ISO 1421 Methode 1<\/td>\n<td width=\"132\">Vorbehandelter Stoff<\/td>\n<td width=\"160\">\u2265 450 N<\/td>\n<\/tr>\n<tr>\n<td width=\"146\">EN ISO 13935-2<\/td>\n<td width=\"132\">Hauptsiegeln<\/td>\n<td width=\"160\">\u2265 225 N<\/td>\n<\/tr>\n<tr>\n<td width=\"146\">TEARRESISTENZ<\/td>\n<td width=\"146\">EN ISO 4674-1 Methode B (Beschichtete Stoffe)<\/p>\n<p>EN ISO 13937-2 (unbeschichtete Stoffe)<\/td>\n<td width=\"132\">Vorbehandelter Stoff<\/td>\n<td width=\"160\">\u2265 25 N<\/td>\n<\/tr>\n<tr>\n<td width=\"146\">ABRIEBFESTIGKEIT<\/td>\n<td width=\"146\">EN ISO 12947-2<\/p>\n<p>12 kPa<\/td>\n<td width=\"132\">Vorbehandelter Stoff<\/p>\n<p>Endpunkt 2 gebrochene Dr\u00e4hte<\/td>\n<td width=\"160\">Mindestens 20.000 Zyklen<\/p>\n<p>&nbsp;<\/td>\n<\/tr>\n<tr>\n<td width=\"146\">OBERFL\u00c4CHENVERANKERUNG (optional)<\/td>\n<td width=\"146\">EN ISO 4920<\/p>\n<p>(20\u00baC)<\/td>\n<td width=\"132\">Vorbehandelter Stoff<\/p>\n<p>&nbsp;<\/td>\n<td width=\"160\">Spray \u2265 4<\/td>\n<\/tr>\n<tr>\n<td width=\"146\">ELEKTROSTATISCHE EIGENSCHAFTEN<\/p>\n<p>(Optional)<\/td>\n<td width=\"146\">EN 1149-5<\/td>\n<td width=\"132\">Vorbehandelter Stoff<\/td>\n<td width=\"160\">Laut EN 1149-5<\/td>\n<\/tr>\n<tr>\n<td width=\"146\">DIMENSIONSSTABILIT\u00c4T<\/td>\n<td width=\"146\">EN ISO 5077<\/td>\n<td width=\"132\">5 Waschzyklen gem\u00e4\u00df den Anweisungen des Herstellers<\/td>\n<td width=\"160\">Strickstoff\u00b1 3 %<\/p>\n<p>Strick- oder Vliesstoffe \u00b1 5 %<\/p>\n<p>&nbsp;<\/td>\n<\/tr>\n<tr>\n<td width=\"146\">WIDERSTAND GEGEN WASSERDAMPF<\/td>\n<td width=\"146\">EN ISO 11092<\/td>\n<td width=\"132\">Vorbehandelter Stoff<\/td>\n<td width=\"160\">\u2264 20 m\u00b2 Pa\/W<\/td>\n<\/tr>\n<tr>\n<td width=\"146\">WIDERSTAND GEGEN DAS EINDRINGEN VON BLUT\u00dcBERTRAGENEN KRANKHEITSERREGERN<\/p>\n<p>(zutreffend**)<\/td>\n<td width=\"146\">ISO 16604<\/td>\n<td width=\"132\">Vorbehandelter Stoff<\/td>\n<td width=\"160\">ISO 16604 A- oder B-Verfahren<\/td>\n<\/tr>\n<tr>\n<td width=\"146\">RESISTENZ GEGEN VIRALE PENETRATION<\/p>\n<p>(zutreffend**)<\/td>\n<td width=\"146\">ISO 16604<\/td>\n<td width=\"132\">Vorbehandelter Stoff<\/p>\n<p>&nbsp;<\/td>\n<td width=\"160\">ISO 16604 A- oder B-Verfahren<\/td>\n<\/tr>\n<tr>\n<td width=\"146\">SICHTBARKEIT<\/td>\n<td width=\"146\">ISO EN 20471<\/td>\n<td width=\"132\"><\/td>\n<td width=\"160\">Klasse 2 gem\u00e4\u00df EN ISO 20471<\/td>\n<\/tr>\n<tr>\n<td width=\"146\">EXPLOSIONSBEST\u00c4NDIGKEIT<\/td>\n<td width=\"146\">EN ISO 13938-1<\/p>\n<p>EN ISO 13938-2<\/td>\n<td width=\"132\">Vorbehandelter Stoff<\/p>\n<p>Maschenware<\/td>\n<td width=\"160\">Oberfl\u00e4che von 100 kPa 50 cm\u00b2<\/p>\n<p>200 kPa Fl\u00e4che 7,3 cm\u00b2<\/td>\n<\/tr>\n<\/tbody>\n<\/table>\n<p><sup>(*) <\/sup>Das Ergebnis wird auf eine Dezimalstelle gerundet und entsprechend dem niedrigsten Ergebnis bewertet<\/p>\n<p><sup>(**) <\/sup>Es muss eingehalten werden, wenn der Hersteller behauptet, dass das Kleidungsst\u00fcck\/der Stoff diese Eigenschaft besitzt[\/vc_column_text][\/vc_tta_section][vc_tta_section title=&#8221;GEW\u00c4NDER&#8221; tab_id=&#8221;1686224745481-027602d2-0154&#8243;][vc_column_text woodmart_inline=&#8221;no&#8221; text_larger=&#8221;no&#8221;]DESIGN<\/p>\n<p>Allgemeine Anforderungen gem\u00e4\u00df EN ISO 13688 zus\u00e4tzlich zu denen, die speziell f\u00fcr diese Norm gelten.<\/p>\n<p>Schutzkleidung muss den Rumpf, den Hals, die Arme bis zu den Handgelenken und die Beine bis zu den Kn\u00f6cheln bei nicht-brandbedingten Such- und Rettungseins\u00e4tzen sch\u00fctzen.<\/p>\n<p>Schutzkleidung sollte aus Materialien bestehen, die gegen versehentliche Br\u00e4nde resistent sind. Dar\u00fcber hinaus muss sie dem Benutzer Schutz vor Wetterbedingungen, rauen Oberfl\u00e4chen sowie mechanischer Festigkeit und Sichtbarkeit bieten.<\/p>\n<p>Kleidung kann die Bewegungen des Tr\u00e4gers nicht einschr\u00e4nken.<\/p>\n<p>Wenn ein zweiteiliger Au\u00dfenanzug Schutz bietet, muss die Jacke jederzeit \u00fcber die Hose und vor jeder Bewegung getragen werden.<\/p>\n<p>Die Taschen m\u00fcssen sich vollst\u00e4ndig schlie\u00dfen k\u00f6nnen. Die Klappen m\u00fcssen gen\u00e4ht sein oder die Tasche schlie\u00dfen k\u00f6nnen. Die Ma\u00dfe dieser Klappen sind 20 mm breiter als die \u00d6ffnung (jeweils 10 mm auf jeder Seite), um zu verhindern, dass die Klappe in die Tasche gelangt.<\/p>\n<p>Rei\u00dfverschl\u00fcsse sollten au\u00dfen am Kleidungsst\u00fcck eine Schutzklappe haben. Im Fall von Kn\u00f6pfen betr\u00e4gt ihr maximaler Abstand 150 mm. Im Fall von Rei\u00dfverschl\u00fcssen m\u00fcssen sie abgeschlossen werden k\u00f6nnen, wenn sie vollst\u00e4ndig geschlossen sind.<\/p>\n<p>Die \u00c4rmel und der Hosenuntergang sollten keine S\u00e4ume haben. Sie k\u00f6nnen Seiten\u00f6ffnungen haben, die eine M\u00f6glichkeit zum Verschlie\u00dfen haben, und sowohl die \u00d6ffnung als auch der Verschluss m\u00fcssen abgedeckt sein.<\/p>\n<p>Schutzkleidung muss keine scharfen Kanten, Rauheit oder Vorspr\u00fcnge aufweisen, die den Tr\u00e4ger verletzen k\u00f6nnten.<\/p>\n<p>Der Kragen des Kleidungsst\u00fccks sollte gerade bleiben, wenn er um den Hals geschlossen ist, und leicht ge\u00f6ffnet werden k\u00f6nnen.[\/vc_column_text][\/vc_tta_section][vc_tta_section title=&#8221;MARKIEREN UND ETIKETTIEREN&#8221; tab_id=&#8221;1761226417974-dbb4d746-fa17&#8243;][vc_column_text woodmart_inline=&#8221;no&#8221; text_larger=&#8221;no&#8221;]MARKIERUNG<\/p>\n<p>Nach EN ISO 13688<\/p>\n<p>Dieser Standard ben\u00f6tigt kein Piktogramm[\/vc_column_text][\/vc_tta_section][\/vc_tta_tabs][\/vc_column][\/vc_row]<\/p>\n<\/section>","protected":false},"excerpt":{"rendered":"<p>Schutzkleidung f\u00fcr Feuerwehrleute. Leistungsanforderungen an Schutzkleidung f\u00fcr technische Rettung. <em><span style=\"color: #ffff99;\">Entspricht EN 16689.<\/span><\/em><\/p>\n","protected":false},"featured_media":0,"comment_status":"open","ping_status":"closed","template":"","meta":{"_mi_skip_tracking":false,"_monsterinsights_sitenote_active":false,"_monsterinsights_sitenote_note":"","_monsterinsights_sitenote_category":0},"product_cat":[885],"product_tag":[3154,1670,2370],"class_list":["post-18463","product","type-product","status-publish","hentry","product_cat-normativ","product_tag-863-de","product_tag-perforacion-de","product_tag-alta-resistencia-de"],"acf":[],"_links":{"self":[{"href":"https:\/\/lenard.tech\/de\/wp-json\/wp\/v2\/product\/18463","targetHints":{"allow":["GET"]}}],"collection":[{"href":"https:\/\/lenard.tech\/de\/wp-json\/wp\/v2\/product"}],"about":[{"href":"https:\/\/lenard.tech\/de\/wp-json\/wp\/v2\/types\/product"}],"replies":[{"embeddable":true,"href":"https:\/\/lenard.tech\/de\/wp-json\/wp\/v2\/comments?post=18463"}],"wp:attachment":[{"href":"https:\/\/lenard.tech\/de\/wp-json\/wp\/v2\/media?parent=18463"}],"wp:term":[{"taxonomy":"product_cat","embeddable":true,"href":"https:\/\/lenard.tech\/de\/wp-json\/wp\/v2\/product_cat?post=18463"},{"taxonomy":"product_tag","embeddable":true,"href":"https:\/\/lenard.tech\/de\/wp-json\/wp\/v2\/product_tag?post=18463"}],"curies":[{"name":"wp","href":"https:\/\/api.w.org\/{rel}","templated":true}]}}