
{"id":20145,"date":"2026-04-09T07:37:07","date_gmt":"2026-04-09T07:37:07","guid":{"rendered":"https:\/\/lenard.tech\/?post_type=product&#038;p=20145"},"modified":"2026-04-09T13:48:04","modified_gmt":"2026-04-09T13:48:04","slug":"une-en-iso-242322025","status":"publish","type":"product","link":"https:\/\/lenard.tech\/de\/producto\/une-en-iso-242322025\/","title":{"rendered":"UNE-EN ISO 24232:2025"},"content":{"rendered":"<section class=\"wpb-content-wrapper\"><p>[vc_row][vc_column][vc_column_text woodmart_inline=&#8221;no&#8221; text_larger=&#8221;no&#8221;]SCHUTZKLEIDUNG. REGENSCHUTZ. <em>Entspricht EN ISO 24232:2025 und EN 24232:2024.<\/em>[\/vc_column_text][\/vc_column][\/vc_row][vc_row][vc_column][vc_tta_tabs][vc_tta_section title=&#8221;OBJEKT&#8221; tab_id=&#8221;1686236123488-f326608a-f528&#8243;][vc_column_text woodmart_inline=&#8221;no&#8221; text_larger=&#8221;no&#8221;]Diese Norm legt Anforderungen und Testmethoden f\u00fcr Schutzkleidung gegen die Auswirkungen von Niederschlag (z. B. Regen, Schnee), Nebel und Bodenfeuchtigkeit fest. Weitere Effekte au\u00dfer Niederschlag wie Wasserspritzer und Wellen sind von diesem Standard ausgeschlossen, ebenso wie die Anforderungen an separates Schuhwerk, Handschuhe und Kopfbedeckung.[\/vc_column_text][\/vc_tta_section][vc_tta_section title=&#8221;ANFORDERUNGEN&#8221; tab_id=&#8221;1686236123496-e4013a9c-7029&#8243;][vc_column_text woodmart_inline=&#8221;no&#8221; text_larger=&#8221;no&#8221;]<\/p>\n<table style=\"height: 2554px;\" width=\"1565\">\n<tbody>\n<tr>\n<td width=\"103\"><strong>TESTMETHODE<\/strong><\/td>\n<td width=\"132\"><strong>TESTSTANDARD<\/strong><\/td>\n<td width=\"255\"><strong>BESCHREIBUNG<\/strong><\/td>\n<td colspan=\"4\" width=\"262\"><strong>ANFORDERUNGEN<\/strong><\/td>\n<\/tr>\n<tr>\n<td width=\"103\">DIMENSIONSSTABILIT\u00c4T<\/td>\n<td width=\"132\">ISO 13688<\/td>\n<td width=\"255\">% Schrumpfung nach 5 Waschg\u00e4ngen gem\u00e4\u00df den Anweisungen des Stoffherstellers.<\/td>\n<td colspan=\"4\" width=\"262\">Offener Stoff Max. \u00b1 3 % Kette\/Schuss<br \/>\nGestrickter Stoff maximal \u00b1 5 % L\u00e4nge\/Breite<\/td>\n<\/tr>\n<tr>\n<td width=\"103\">ZUGFESTIGKEIT<\/td>\n<td width=\"132\">ISO 1421 Methode 1<\/p>\n<p>ISO 13934-1<\/td>\n<td width=\"255\">Offenes Gewebe<\/p>\n<p>Originalstoff<\/td>\n<td colspan=\"4\" width=\"262\">\u2265 450 N Kette\/Schuss<\/p>\n<p>Gilt nicht f\u00fcr Materialien mit einer Verl\u00e4ngerung<\/p>\n<p>&gt; 50 %<\/td>\n<\/tr>\n<tr>\n<td width=\"103\">TEARRESISTENZ<\/td>\n<td width=\"132\">ISO 4674-1<\/p>\n<p>Methode A<\/td>\n<td width=\"255\">Offenes Gewebe<\/p>\n<p>Originalstoff<\/p>\n<p>Bewegte Kiefergeschwindigkeit 100 \u00b1 10 mm\/min<\/td>\n<td colspan=\"4\" width=\"262\">\u2265 20 N Kette\/Schuss<\/td>\n<\/tr>\n<tr>\n<td rowspan=\"7\" width=\"103\">WIDERSTAND GEGEN WASSEREINDRINGUNG. HYDROSTATISCHER DRUCKTEST<\/td>\n<td rowspan=\"7\" width=\"132\">EN 20811 H<sub>2<\/sub>O<\/p>\n<p>-Druck von 980 \u00b1 50 Pa\/min<\/td>\n<td rowspan=\"2\" width=\"255\"><\/td>\n<td colspan=\"4\" width=\"262\"><strong>KLASSE<\/strong><\/td>\n<\/tr>\n<tr>\n<td width=\"57\"><strong>1<\/strong><\/td>\n<td width=\"76\"><strong>2<\/strong><\/td>\n<td width=\"66\"><strong>3<\/strong><\/td>\n<td width=\"64\"><strong>4<\/strong><\/td>\n<\/tr>\n<tr>\n<td width=\"255\">Originalstoff<\/td>\n<td width=\"57\">\u2265 8000 Pa<\/td>\n<td width=\"76\"><\/td>\n<td width=\"66\"><\/td>\n<td width=\"64\"><\/td>\n<\/tr>\n<tr>\n<td width=\"255\">Reinigungsvorbehandlung<\/p>\n<p>Laut den Anweisungen des Herstellers<\/p>\n<p>Standard-5-Waschzyklen<\/td>\n<td width=\"57\"><\/td>\n<td width=\"76\">\u2265 8000 Pa<\/td>\n<td width=\"66\">\u2265 13.000 Pa<\/td>\n<td width=\"64\">\u2265 20000 Pa<\/td>\n<\/tr>\n<tr>\n<td width=\"255\">Vorbehandlung von Absch\u00fcrfungen.<\/p>\n<p>Au\u00dfenseite des \u00e4u\u00dferen Deckmaterials<\/p>\n<p>Nach EN 530:2010 Methode 2:<br \/>\n-Schleif- und Glastuch mit Schleifkorn gem\u00e4\u00df ISO 23388 Anhang A<br \/>\n-Druck auf der Probe (9,0 \u00b1 0,2 kPa)<br \/>\n-Anzahl der Zyklen: 1000. Entfernen Sie alle 500 Zyklen Schmutz<br \/>\n-Ersatz des Schleifmittels nach jeder Vorbehandlung<\/p>\n<p>F\u00fcr das \u00e4u\u00dfere Verkleidungsmaterial gem\u00e4\u00df EN ISO 12947-1:<\/p>\n<p>-Standard<br \/>\n-Wollschleifmittel gem\u00e4\u00df Standard<br \/>\n-Schleifmittel am oberen Probenhalter montiert und die Probe am unteren Probenhalter<br \/>\n-Druck auf die Probe (9,0 \u00b1 0,2) kPa<br \/>\n-Anzahl der Zyklen: 25.000. Entferne alle 10.000 Zyklen Schmutz<br \/>\n&#8211; Ersatz des Schleifmittels nach jeder Vorbehandlung<\/td>\n<td width=\"57\"><\/td>\n<td width=\"76\">\u2265 8000 Pa<\/td>\n<td width=\"66\">\u2265 13.000 Pa<\/td>\n<td width=\"64\">\u2265 20000 Pa<\/td>\n<\/tr>\n<tr>\n<td width=\"255\">Beugungsvorbehandlung.<\/p>\n<p>Nach ISO 7854-Norm. Methode C<br \/>\n\u2013 2 Proben m\u00fcssen in L\u00e4ngsrichtung getestet werden<br \/>\n\u2013 2 Proben in Querrichtung<br \/>\n\u2013 Die Anzahl der Zyklen betr\u00e4gt 9000<\/td>\n<td width=\"57\"><\/td>\n<td width=\"76\">\u2265 8000 Pa<\/td>\n<td width=\"66\">\u2265 13.000 Pa<\/td>\n<td width=\"64\">\u2265 20000 Pa<\/td>\n<\/tr>\n<tr>\n<td width=\"255\">Vorbehandlung mit Brennstoff und \u00d6len gem\u00e4\u00df ISO 1817:<br \/>\n-Fl\u00fcssig A: Isooktan<br \/>\n-Fl\u00fcssig F: Test\u00f6l<\/td>\n<td width=\"57\"><\/td>\n<td width=\"76\">\u2265 8000 Pa<\/td>\n<td width=\"66\">\u2265 13.000 Pa<\/td>\n<td width=\"64\">\u2265 20000 Pa<\/td>\n<\/tr>\n<tr>\n<td rowspan=\"2\" width=\"103\">WIDERSTAND GEGEN WASSEREINDRINGUNG IN N\u00c4HTEN<\/td>\n<td rowspan=\"2\" width=\"132\">ISO 811<\/p>\n<p>980 \u00b1 50 Pa\/min<\/td>\n<td width=\"255\">Originalstoff<\/td>\n<td width=\"57\">\u2265 8000 Pa<\/td>\n<td width=\"76\">\u2265 8000 Pa<\/td>\n<td width=\"66\">\u2265 13.000 Pa<\/td>\n<td width=\"64\"><\/td>\n<\/tr>\n<tr>\n<td width=\"255\">Vorbehandelter Stoff<\/td>\n<td width=\"57\"><\/td>\n<td width=\"76\"><\/td>\n<td width=\"66\"><\/td>\n<td width=\"64\">\u2265 20000 Pa<\/td>\n<\/tr>\n<tr>\n<td width=\"103\">WASSERDAMPFBEST\u00c4NDIGKEIT<\/td>\n<td width=\"132\">ISO 11092<\/td>\n<td width=\"255\">Originalstoff<\/p>\n<p>Hot Plate<\/td>\n<td width=\"57\">Klass 1<br \/>\nRet &gt; 40<\/td>\n<td width=\"76\">Klass 2<br \/>\n25 &lt; Ret<br \/>\n\u2264 40<\/td>\n<td width=\"66\">Klass 3<br \/>\n15 &lt; Ret<br \/>\n\u2264 25<\/td>\n<td width=\"64\">Klass 4<br \/>\nRet \u2264 15<\/td>\n<\/tr>\n<tr>\n<td width=\"103\">BURST-WIDERSTAND<\/td>\n<td width=\"132\">ISO 13938-1<\/p>\n<p>ISO 13938-2<\/td>\n<td width=\"255\">Strickwaren<\/p>\n<p>Originalstoff<\/td>\n<td colspan=\"4\" width=\"262\">\u00c1rea 50 cm\u00b2 min 100 kPa<\/p>\n<p>\u00c1rea 7,3 cm\u00b2 min 200 kPa<\/td>\n<\/tr>\n<tr>\n<td width=\"103\">WASSERWIDERSTAND<\/td>\n<td width=\"132\">ISO 13935-2<\/td>\n<td width=\"255\"><\/td>\n<td colspan=\"4\" width=\"262\"><u>&gt;<\/u> 200 N<\/p>\n<p>Gilt nicht f\u00fcr Materialien mit einer Verl\u00e4ngerung &gt; 50 %.<\/td>\n<\/tr>\n<tr>\n<td width=\"103\">WASSERDICHTUNG BEI KLEIDUNGSST\u00dcCKEN (OPTIONAL)<\/td>\n<td width=\"132\">ISO 24231<\/td>\n<td width=\"255\">Vorbehandelter Stoff<\/td>\n<td colspan=\"4\" width=\"262\">Absorptionsl\u00e4nge an \u00c4rmeln und unteren S\u00e4umen maximal 5 cm<\/p>\n<p>Die Absorptionsl\u00e4nge am unteren Rand der Hose betr\u00e4gt maximal 10 cm<\/p>\n<p>Absorptionsl\u00e4nge an den S\u00e4umen maximal 4 cm<\/p>\n<p>Absorptionsfl\u00e4che auf der Schaufensterpuppe 0 cm\u00b2<\/td>\n<\/tr>\n<tr>\n<td width=\"103\">SICHERHEIT<\/td>\n<td width=\"132\">EN ISO 13688<\/td>\n<td width=\"255\">Visuelle und manuelle Inspektion<\/td>\n<td colspan=\"4\" width=\"262\">Siehe EN ISO 13688 Punkt 4.2<\/td>\n<\/tr>\n<\/tbody>\n<\/table>\n<p>[\/vc_column_text][\/vc_tta_section][vc_tta_section title=&#8221;KLEIDUNG&#8221; tab_id=&#8221;1686236239562-82f8497e-52f7&#8243;][vc_column_text woodmart_inline=&#8221;no&#8221; text_larger=&#8221;no&#8221;]DESIGN:<\/p>\n<ul>\n<li style=\"list-style-type: none;\">\n<ul>\n<li>Nach EN ISO 13688<\/li>\n<li>Das Kleidungsst\u00fcck hat keine rauen, harten oder scharfen Oberfl\u00e4chen, die den Tr\u00e4ger reizen oder verletzen k\u00f6nnten<\/li>\n<li>Die Taschen m\u00fcssen so gestaltet sein, dass Wasser nicht in das Kleidungsst\u00fcck eindringt<\/li>\n<li>Verschl\u00fcsse (Rei\u00dfverschl\u00fcsse, Verschl\u00fcsse, Kn\u00f6pfe usw.) d\u00fcrfen nicht versehentlich ge\u00f6ffnet werden<\/li>\n<\/ul>\n<\/li>\n<\/ul>\n<p>[\/vc_column_text][\/vc_tta_section][vc_tta_section title=&#8221;MARKIERUNG UND ETIKETTIERUNG&#8221; tab_id=&#8221;1686236275946-3e7bfc64-daa8&#8243;][vc_column_text woodmart_inline=&#8221;no&#8221; text_larger=&#8221;no&#8221;]<\/p>\n<ul>\n<li>Nach EN ISO 13688<\/li>\n<li>Laut Piktogramm:<\/li>\n<\/ul>\n<p style=\"text-align: center;\"><a href=\"https:\/\/lenard.tech\/wp-content\/uploads\/2023\/03\/Screenshot_5-3.png\"><img loading=\"lazy\" decoding=\"async\" class=\"alignnone size-full wp-image-19762\" src=\"https:\/\/lenard.tech\/wp-content\/uploads\/2023\/03\/Screenshot_5-3.png\" alt=\"\" width=\"80\" height=\"84\" \/><\/a><\/p>\n<p style=\"text-align: center;\">ISO 24232<\/p>\n<p style=\"text-align: center;\">Klasse Y wasserdicht<\/p>\n<p style=\"text-align: center;\">Klasse Y f\u00fcr Wasserdampfbest\u00e4ndigkeit<\/p>\n<p style=\"text-align: center;\">R Ready-made Garment Regenturm, optional<\/p>\n<p>[\/vc_column_text][\/vc_tta_section][\/vc_tta_tabs][\/vc_column][\/vc_row]<\/p>\n<\/section>","protected":false},"excerpt":{"rendered":"<p>SCHUTZKLEIDUNG. REGENSCHUTZ. <span style=\"color: #ffff99;\"><em>Entspricht EN ISO 24232:2025 und EN 24232:2024.<\/em><\/span><\/p>\n","protected":false},"featured_media":0,"comment_status":"open","ping_status":"closed","template":"","meta":{"_mi_skip_tracking":false,"_monsterinsights_sitenote_active":false,"_monsterinsights_sitenote_note":"","_monsterinsights_sitenote_category":0},"product_cat":[885],"product_tag":[],"class_list":["post-20145","product","type-product","status-publish","hentry","product_cat-normativ"],"acf":[],"_links":{"self":[{"href":"https:\/\/lenard.tech\/de\/wp-json\/wp\/v2\/product\/20145","targetHints":{"allow":["GET"]}}],"collection":[{"href":"https:\/\/lenard.tech\/de\/wp-json\/wp\/v2\/product"}],"about":[{"href":"https:\/\/lenard.tech\/de\/wp-json\/wp\/v2\/types\/product"}],"replies":[{"embeddable":true,"href":"https:\/\/lenard.tech\/de\/wp-json\/wp\/v2\/comments?post=20145"}],"wp:attachment":[{"href":"https:\/\/lenard.tech\/de\/wp-json\/wp\/v2\/media?parent=20145"}],"wp:term":[{"taxonomy":"product_cat","embeddable":true,"href":"https:\/\/lenard.tech\/de\/wp-json\/wp\/v2\/product_cat?post=20145"},{"taxonomy":"product_tag","embeddable":true,"href":"https:\/\/lenard.tech\/de\/wp-json\/wp\/v2\/product_tag?post=20145"}],"curies":[{"name":"wp","href":"https:\/\/api.w.org\/{rel}","templated":true}]}}