
{"id":20149,"date":"2026-04-09T08:59:59","date_gmt":"2026-04-09T08:59:59","guid":{"rendered":"https:\/\/lenard.tech\/?post_type=product&#038;p=20149"},"modified":"2026-04-09T09:29:13","modified_gmt":"2026-04-09T09:29:13","slug":"une-en-iso-91852025","status":"publish","type":"product","link":"https:\/\/lenard.tech\/de\/producto\/une-en-iso-91852025\/","title":{"rendered":"UNE-EN ISO 9185:2025"},"content":{"rendered":"<section class=\"wpb-content-wrapper\"><p>[vc_row][vc_column][vc_column_text woodmart_inline=&#8221;no&#8221; text_larger=&#8221;no&#8221;]<strong>SCHUTZKLEIDUNG. BEWERTUNG DER WIDERSTANDSF\u00c4HIGKEIT VON MATERIALIEN GEGEN GESCHMOLZENE METALLSPRITZER.<\/strong><\/p>\n<p><em>Entspricht EN ISO 9185:2025 und EN 9185:2025.<\/em>[\/vc_column_text][\/vc_column][\/vc_row][vc_row][vc_column][vc_tta_tabs][vc_tta_section title=&#8221;OBJEKT&#8221; tab_id=&#8221;1686236123488-f326608a-f528&#8243;][vc_column_text woodmart_inline=&#8221;no&#8221; text_larger=&#8221;no&#8221;]Diese internationale Norm legt eine Methode zur Beurteilung des Widerstands gegen thermisches Durchdringen von Materialien vor, die f\u00fcr den Einsatz in Kleidung vorgesehen sind, um sich gegen gro\u00dfe Spritzer geschmolzenen Metalls zu sch\u00fctzen. Es bietet spezifische Verfahren zur Bewertung der Wirkung von geschmolzenem Aluminium, geschmolzenem Kryolith, geschmolzenem Kupfer, Gusseisen und geschmolzenen geh\u00e4rteten Stahlspr\u00fcchen.<\/p>\n<p>Es ist wichtig zu betonen, dass eine gute Best\u00e4ndigkeit gegen\u00fcber einem reinen geschmolzenen Metall keinen guten Schutz gegen Metallmischungen garantiert, die w\u00e4hrend des Herstellungsprozesses vorhanden sein k\u00f6nnten.<\/p>\n<p><strong>DEFINITIONEN:<\/strong><\/p>\n<p><strong>Sch\u00e4den:<\/strong> Jede Gl\u00e4ttung oder \u00c4nderung des Reliefs an der Vorder- oder R\u00fcckseite der PVC-Platte mit Sch\u00e4den von mindestens 5 mm Breite oder Perforationen mit mindestens 1 mm Durchmesser.<\/p>\n<p>Hinweis: Wenn die visuelle Ver\u00e4nderung in diskreten Punkten auftritt, entsteht Schaden, wenn die Summe der Breite dieser Punkte in einem horizontalen Abschnitt 5 mm \u00fcbersteigt. Bei Kryolith zeigt die Erfahrung, dass Sch\u00e4den als weniger als 5 mm breit, aber \u00fcber 10 mm lang definiert werden k\u00f6nnen.<\/p>\n<p><strong>Spritzrate von fl\u00fcssigem Metall:<\/strong> Ein Wert, der der minimalen Masse des geschmolzenen Metalls entspricht, das den Schaden an der PVC-Platte verursacht hat.[\/vc_column_text][\/vc_tta_section][vc_tta_section title=&#8221;MATERIALIEN UND AUSR\u00dcSTUNG&#8221; tab_id=&#8221;1686236123496-e4013a9c-7029&#8243;][vc_column_text woodmart_inline=&#8221;no&#8221; text_larger=&#8221;no&#8221;]<strong>Metalle und Kryolith:<\/strong> Es ist ratsam, grobe Sp\u00e4ne oder kleine St\u00fccke aus massiven St\u00e4ben oder Platten zu verwenden, da feine F\u00fcllungen schwer zu schmelzen sind.<\/p>\n<p><strong>PVC-Folie:<\/strong> mit einer Masse von 300 \u00b1 g\/m\u00b2, die gem\u00e4\u00df der Norm gepr\u00fcft werden muss und bei niedrigster Temperatur keine Ver\u00e4nderung oder Gl\u00e4ttung im zentralen Bereich zeigt, aber bei der H\u00f6chsttemperatur eine Gl\u00e4ttung oder Modifikation zeigt. Dieser Kalibrierungstest sollte mindestens alle 6 Monate durchgef\u00fchrt werden, um sicherzustellen, dass der Film seine Eigenschaften nicht verloren hat und das Ergebnis zuverl\u00e4ssig ist.<\/p>\n<p>Es wird empfohlen, die PVC-Folie an einem dunklen und kalten Ort zu lagern, um m\u00f6gliche Ver\u00e4nderungen zu minimieren.<\/p>\n<p><strong>Tiegel:<\/strong> Er muss ungef\u00e4hre \u00e4u\u00dfere Ma\u00dfe von 97 mm hoch sein, mit einem oberen Durchmesser von 80 mm und einem Durchmesser von 56 mm am Unterboden, mit einem Fassungsverm\u00f6gen von 190 ml.<\/p>\n<p>F\u00fcr die meisten Metalle, einschlie\u00dflich Eisen, gilt ein graphitimpr\u00e4gnierter Tiegel als geeignet (wenn ein Induktionsofen verwendet wird).<\/p>\n<p>Ein gr\u00f6\u00dferer Tiegel kann verwendet werden, wenn der Standardtiegel nicht f\u00fcr die erforderliche Menge an geschmolzenem Metall oder Kryolith ausreicht. Tests mit diesen gr\u00f6\u00dferen Schmelztiegeln sollten bei normalen Mengen an Metall oder Kryolith mit einem Standard-Messtiegel dieselben Ergebnisse liefern.<\/p>\n<p><strong>Abnehmbarer Tiegel-St\u00e4nder<\/strong><\/p>\n<p><strong>Ein Ofen, der <\/strong>\u00a0bei 100\u00baC \u00fcber der angegebenen Gie\u00dftemperatur f\u00fcr jedes Metall arbeiten kann. Die Art des Ofens muss ein D\u00e4mpfungsofen oder ein Induktionsofen sein. (Ein Schalld\u00e4mpfer kann 4 Tiegel enthalten, aber die Schmelzzeit ist lang, w\u00e4hrend man bei einem Induktionsofen nur einen herstellen kann, aber das Metall wird in weniger als einer halben Stunde schmelzen.)<\/p>\n<p><strong>Temperatursonde:<\/strong> Dies kann ein kleines Thermoelement oder ein kontaktloses optisches Temperaturger\u00e4t mit einer Messkapazit\u00e4t von mehr als 1650 \u00b0C und einem maximal zul\u00e4ssigen Fehler von \u00b1 10 \u00b0C sein. <strong>Um die Temperatur zu bestimmen, kann geschmolzenes Metall auf eine Tiefe von mindestens 1 cm \u00fcber der Oberfl\u00e4che ger\u00fchrt werden<\/strong><\/p>\n<p><strong>Gie\u00dfvorrichtung:<\/strong> Der Probenhalter hat einen \u00e4u\u00dferen Rahmen von 160 mm \u00b1 2 mm x 248 mm \u00b1 2 mm aus 8 mm dickem Stahl. Es sollten 4 Spitzen sein, 2 an der Mittellinie der oberen Rahmenseite und 2 unten an der Mittellinie. Diese Spitzen sollten 80 \u00b1 2 mm breit, 240 \u00b1 2 mm lang und 40 \u00b1 2 mm von den Ecken sein. Der Neigungswinkel h\u00e4ngt vom Metall ab, das wir testen wollen. Es wird empfohlen, dass der erste Aufprall des geschmolzenen Metalls oder Kryoliths oberhalb der Mitte der Testprobe liegt. Dieser erste Aufprall darf nicht innerhalb von 25 mm von der Oberseite der Probe sein.<\/p>\n<p>Dieses Ger\u00e4t muss eine konstante Gie\u00dfgeschwindigkeit haben. Die zu fliegenden Distanzen an jedem Teil des Gie\u00dfger\u00e4ts sind in Anhang A beschrieben<\/p>\n<p><a href=\"https:\/\/lenard.tech\/wp-content\/uploads\/2023\/03\/Screenshot_4-8.png\"><img loading=\"lazy\" decoding=\"async\" class=\"alignnone size-medium wp-image-19758\" src=\"https:\/\/lenard.tech\/wp-content\/uploads\/2023\/03\/Screenshot_4-8-400x135.png\" alt=\"\" width=\"400\" height=\"135\" srcset=\"https:\/\/lenard.tech\/wp-content\/uploads\/2023\/03\/Screenshot_4-8-400x135.png 400w, https:\/\/lenard.tech\/wp-content\/uploads\/2023\/03\/Screenshot_4-8-430x145.png 430w, https:\/\/lenard.tech\/wp-content\/uploads\/2023\/03\/Screenshot_4-8-150x51.png 150w, https:\/\/lenard.tech\/wp-content\/uploads\/2023\/03\/Screenshot_4-8.png 535w\" sizes=\"auto, (max-width: 400px) 100vw, 400px\" \/><\/a><\/p>\n<p>Unter dem Probenhalter sollte sich eine Kiste mit Sand befinden, der 250 mm breit, 350 mm lang und 50 mm tief ist. Diese Kiste sollte trockenen Sand mit einer Tiefe von 30 bis 40 mm enthalten.<\/p>\n<p><strong>Skalieren <\/strong>Sie mit \u00b1 Genauigkeit von 1 g.<\/p>\n<p><strong>Starres Modell<\/strong> zur Vorbereitung von 260 \u00b1 2 mm x 100 \u00b1 2 mm Proben mit L\u00f6chern mit 4 x 5 mm Durchmesser, je eines in jeder Ecke, 10 \u00b1 2 mm von zwei benachbarten Achsen. Diese 4 L\u00f6cher sollten ein Rechteck von 240 \u00b1 2 mm x 80 \u00b1 2 mm bilden.<\/p>\n<p><strong>Eine Metallhalterung<\/strong> mit einer L\u00e4nge von 248 \u00b1 2 mm und ihren L\u00f6chern in den Ecken sollte ein Rechteck von 240 \u00b1 2 mm x 80\u00b1 2 mm bilden.<\/p>\n<p>[\/vc_column_text][\/vc_tta_section][vc_tta_section title=&#8221;VERFAHREN UND ERGEBNISSE&#8221; tab_id=&#8221;1686236239562-82f8497e-52f7&#8243;][vc_column_text woodmart_inline=&#8221;no&#8221; text_larger=&#8221;no&#8221;]<strong>PESTANYA 3: VERFAHREN UND ERGEBNISSE<\/strong><\/p>\n<p><strong>VERPACKUNG<\/strong><\/p>\n<p>Mindestens 24 Stunden bei 20 \u00b1 2 \u00baC und 65 \u00b1 5 % relativer Luftfeuchtigkeit.<\/p>\n<p>Der Test sollte unmittelbar nach der Verpackung durchgef\u00fchrt werden. Wenn dies nicht sofort m\u00f6glich ist, bewahren Sie die Proben in einem verschlossenen Beh\u00e4lter auf. Jede Probe muss innerhalb von 2 Minuten nach der Verpackung analysiert werden.<\/p>\n<p>Um den Test durchzuf\u00fchren, ist eine zugfreie Atmosph\u00e4re erforderlich, und die Temperatur muss zwischen 10 und 30 \u00baC liegen, mit einer relativen Luftfeuchtigkeit zwischen 15 und 80 %.<\/p>\n<p><strong>PROBENVORBEREITUNG<\/strong><\/p>\n<p>Bereiten Sie 7 Proben in Richtung der Verzerrung vor. Markiere die Position der Spitzen an den Proben, damit sie ohne Spannung oder Knicke am Probenhalter befestigt werden k\u00f6nnen.<\/p>\n<p>Bereiten Sie eine \u00e4hnliche Anzahl von PVC-Platten vor, aber ohne die Position der Spie\u00dfe zu markieren.<\/p>\n<p><strong>VORBEREITUNG DES TESTS<\/strong><\/p>\n<p><strong>Ausr\u00fcstungsvorbereitung:<\/strong> Stellen Sie die Position des Gie\u00dfvorrichtungs je nach verwendetem geschmolzenem Metall auf die in Anhang A angegebene H\u00f6he ein. Die H\u00f6he sollte der vertikale Abstand zwischen der Antriebswelle und dem Zentrum des Probehalters sein (siehe Tabelle).<\/p>\n<p><strong>Herstellung von geschmolzenem Metall oder Kryolith:<\/strong> Geben Sie die erforderliche Menge Metall oder Kryolith dem Trockentiegel zu und schmelzen Sie bei einer etwas h\u00f6heren Temperatur als f\u00fcr das Schmelzen des Metalls und die Durchf\u00fchrung des Tests (siehe Schmelztemperaturen in der Tabelle).<\/p>\n<p><strong>Platzierung von Probe und PVC-Folie: Legen<\/strong> Sie eine PVC-Folie auf den Probenhalter. Der Metallst\u00e4nder kann je nach Tisch verwendet werden oder nicht. Legen Sie die Probe auf die PVC-Folie und dr\u00fccken Sie die angegebenen Punkte so, dass sie an den Spitzen befestigt ist, und stellen Sie sicher, dass Probe und Blatt Kontakt haben und ihre Oberfl\u00e4chen frei von Falten sind. Achte au\u00dferdem darauf, dass die Schicht, die der geschmolzenen Metalloberfl\u00e4che ber\u00fchrt ist, die Au\u00dfenseite des Kleidungsst\u00fccks ist.<\/p>\n<p><strong>Gie\u00dfen:<\/strong> Setzen Sie den Schmelztiegel mit dem geschmolzenen Metall vorsichtig in das Gie\u00dfger\u00e4t. Warten Sie, bis das geschmolzene Metall die erforderliche Gie\u00dftemperatur erreicht, und aktivieren Sie, sobald die Temperatur erreicht ist, das Gie\u00dfger\u00e4t so, dass der Tiegel sich mindestens 130\u00ba von der Horizontalen mit einer konstanten Geschwindigkeit von 36,0 \u00b1 2,5\u00ba pro Sekunde dreht (dieses Verh\u00e4ltnis entspricht einer 90\u00ba-Rotation in 2,5 \u00b1 0,2 Sekunden). Im Fall der Verwendung von Kryolith sollte die Durchflussrate 18,0 \u00b1 1,5\u00ba pro Sekunde betragen.<\/p>\n<table style=\"height: 914px;\" width=\"1556\">\n<tbody>\n<tr>\n<td width=\"113\"><strong>Metall<\/strong><\/td>\n<td width=\"77\"><strong>Schmelztemperatur (\u00baC)<\/strong><\/td>\n<td width=\"97\"><strong>Durchflusstemperatur (\u00baC)<\/strong><\/td>\n<td width=\"97\"><strong>Gie\u00dfh\u00f6he (mm)<\/strong><\/td>\n<td width=\"104\"><strong>Neigungswinkel der Probe von der Horizontalen (\u00ba)<\/strong><\/td>\n<td width=\"98\"><strong>Verwendung der R\u00fcckplatte<\/strong><\/td>\n<\/tr>\n<tr>\n<td width=\"113\">Aluminium<\/p>\n<p>(Min. 99,5 %)<\/td>\n<td width=\"77\">820<\/td>\n<td width=\"97\">780 \u00b1 20<\/td>\n<td width=\"97\">225 \u00b1 5<\/td>\n<td width=\"104\">60 \u00b1 1<\/td>\n<td width=\"98\">NEIN<\/td>\n<\/tr>\n<tr>\n<td width=\"113\">Kupfer<\/p>\n<p>(mindestens 99 %)<\/td>\n<td width=\"77\">1350<\/td>\n<td width=\"97\">1280 \u00b1 20<\/td>\n<td width=\"97\">225 \u00b1 5<\/td>\n<td width=\"104\">60 \u00b1 1<\/td>\n<td width=\"98\">JA<\/td>\n<\/tr>\n<tr>\n<td width=\"113\">Eisen<\/p>\n<p>(min. 93 %) enth\u00e4lt au\u00dferdem:<\/p>\n<p>-C 2,8 \u2013 3,2 %<\/p>\n<p>-Ja 1,2 \u2013 2,0 %<\/p>\n<p>-P 0,3 \u2013 0,6 %<\/td>\n<td width=\"77\">1500<\/td>\n<td width=\"97\">1400 \u00b1 20<\/td>\n<td width=\"97\">225 \u00b1 5<\/td>\n<td width=\"104\">60 \u00b1 1<\/td>\n<td width=\"98\">JA<\/td>\n<\/tr>\n<tr>\n<td width=\"113\">Stahl gem\u00e4\u00df der in ISO 683-1 festgelegten Bezeichnung C25<\/td>\n<td width=\"77\">1650<\/td>\n<td width=\"97\">1550 \u00b1 20<\/td>\n<td width=\"97\">225 \u00b1 5<\/td>\n<td width=\"104\">60 \u00b1 1<\/td>\n<td width=\"98\">JA<\/td>\n<\/tr>\n<tr>\n<td width=\"113\">Industrie-Kryolith<\/td>\n<td width=\"77\">1200<\/td>\n<td width=\"97\">11:20 Uhr \u00b1 20 Uhr<\/td>\n<td width=\"97\">300 \u00b1 5<\/td>\n<td width=\"104\">70 \u00b1 1<\/td>\n<td width=\"98\">NEIN<\/td>\n<\/tr>\n<\/tbody>\n<\/table>\n<p>&nbsp;<\/p>\n<p>Stellen Sie sicher, dass das Gie\u00dfen von der Oberfl\u00e4che des Schmelztiegels erfolgt und die Gie\u00dfkante intakt ist. Wenn der Tiegel besch\u00e4digt ist oder die Gusskante nicht vollst\u00e4ndig ist, ist es ratsam, den Tiegel wegzuwerfen.<\/p>\n<p>Es ist ratsam, die Schmelztiegel zwischen den Tests zu dekontaminieren, um erstarrte R\u00fcckst\u00e4nde durch Schrubben und\/oder Brennen zu entfernen.<\/p>\n<p><strong>KEIN METALL ODER KRYOLITH SOLLTE WIEDERVERWENDET WERDEN, WENN ANZEICHEN VON KONTAMINATION UND\/ODER DEGRADATION VORLIEGEN<\/strong><\/p>\n<p><strong>ITERATIVES TESTVERFAHREN<\/strong><\/p>\n<p>Geben Sie etwa 50 g Metall oder Kryolith in den Tiegel oder einen 50-g-Sammler, falls bekannt ist, dass das Material eine so gro\u00dfe Menge geschmolzenen Metalls aush\u00e4lt. Schmelze das Metall und gie\u00dfe es hinein. Wenn die PVC-Platte nicht besch\u00e4digt ist, wiederholen Sie das Verfahren mit einem neuen Reagenzglas und einer PVC-Folie mit einer Menge von 50 g geschmolzenem Metall, die h\u00f6her ist als der durchgef\u00fchrte Test. Wenn die Schmelztiegelkapazit\u00e4t erreicht wird, ist der Test nicht stark genug, um die Klinge zu besch\u00e4digen. Wenn Sch\u00e4den festgestellt werden, wiederholen Sie den Test mit einer geringeren Metallmenge von 10 g. Wenn Sch\u00e4den an der PVC-Platte festgestellt werden, wiederhole das mit 10 g weniger Metall.<\/p>\n<p>Wenn w\u00e4hrend der Wiederholungen kein Schaden festgestellt wird, wiederholen Sie den Test mit der gleichen Menge Metall. Wenn der Film besch\u00e4digt ist, verlieren Sie 10 g Gewicht und wiederholen Sie den Test. Wenn kein Schaden gefunden wird, wiederhole das mit derselben Menge, bis du 4 aufeinanderfolgende Proben ohne Sch\u00e4den am PVC-Blatt hast:<\/p>\n<p>Beachten Sie den h\u00f6chsten Wert des geschmolzenen Metalls, der in den vier aufeinanderfolgenden Tests ohne Schaden an der Blech gegossen wurde, und den niedrigsten Wert, der Schaden verursachte.<\/p>\n<p>Mittelt man diese beiden Werte, indem man das Ergebnis auf das n\u00e4chstgelegene Gramm rundet. Der erhaltene Wert ist der geschmolzene Metallindex.<\/p>\n<p><strong>LEISTUNGSBASIERTES VERFAHREN<\/strong><\/p>\n<p>Getestet nach einem Standard (e.g. ISO 11612) muss die anf\u00e4ngliche Menge an Schwermetall im Bereich des vorgegebenen Werts liegen. Das Leistungsniveau sollte basierend auf der Kundenerfahrung oder den Erwartungen gew\u00e4hlt werden.<\/p>\n<p>Falls das Ergebnis die Anforderungen des Leistungsniveaus erf\u00fcllt, wird ein neuer Test durchgef\u00fchrt:<\/p>\n<p>Auf ein h\u00f6heres Niveau, wenn das Material noch nicht gescheitert ist<\/p>\n<p>Auf dem gleichen Leistungsniveau.<\/p>\n<p>Andernfalls kann ein neuer Test auf niedrigerem Niveau durchgef\u00fchrt werden, falls das Ergebnis die urspr\u00fcnglich festgelegten Anforderungen nicht erf\u00fcllt. Die erforderliche Anzahl aufeinanderfolgender Tests muss ohne Sch\u00e4den durchgef\u00fchrt werden, um das Leistungsniveau zu best\u00e4tigen.<\/p>\n<p><strong>BEWERTUNG <\/strong><\/p>\n<p>Nach 30 Sekunden Gie\u00dfen entnehmen Sie die Probe und untersuchen Sie die PVC-Folie visuell auf Anzeichen von Sch\u00e4den. <strong>Wenn das PVC-Blatt die an der Probe befestigte Probe oder kleine R\u00fcckst\u00e4nde enth\u00e4lt, kann dies als angemessen angesehen werden, wenn diese mit einem weichen Papiertuch (trocken oder nass) entfernt werden k\u00f6nnen.<\/strong><\/p>\n<p>Beispiel f\u00fcr einen zufriedenstellenden Test (Schaden weniger als 5 mm):<\/p>\n<p><a href=\"https:\/\/lenard.tech\/wp-content\/uploads\/2023\/03\/Screenshot_6-1.png\"><img loading=\"lazy\" decoding=\"async\" class=\"alignnone size-medium wp-image-19023\" src=\"https:\/\/lenard.tech\/wp-content\/uploads\/2023\/03\/Screenshot_6-1-400x262.png\" alt=\"\" width=\"400\" height=\"262\" srcset=\"https:\/\/lenard.tech\/wp-content\/uploads\/2023\/03\/Screenshot_6-1-400x262.png 400w, https:\/\/lenard.tech\/wp-content\/uploads\/2023\/03\/Screenshot_6-1-430x282.png 430w, https:\/\/lenard.tech\/wp-content\/uploads\/2023\/03\/Screenshot_6-1-150x98.png 150w, https:\/\/lenard.tech\/wp-content\/uploads\/2023\/03\/Screenshot_6-1.png 686w\" sizes=\"auto, (max-width: 400px) 100vw, 400px\" \/><\/a><\/p>\n<p>Beispiele f\u00fcr NICHT zufriedenstellende Tests (Schaden gr\u00f6\u00dfer als 5 mm):<\/p>\n<p><a href=\"https:\/\/lenard.tech\/wp-content\/uploads\/2023\/03\/Screenshot_7-1.png\"><img loading=\"lazy\" decoding=\"async\" class=\"alignnone size-medium wp-image-19027\" src=\"https:\/\/lenard.tech\/wp-content\/uploads\/2023\/03\/Screenshot_7-1-400x257.png\" alt=\"\" width=\"400\" height=\"257\" srcset=\"https:\/\/lenard.tech\/wp-content\/uploads\/2023\/03\/Screenshot_7-1-400x257.png 400w, https:\/\/lenard.tech\/wp-content\/uploads\/2023\/03\/Screenshot_7-1-430x277.png 430w, https:\/\/lenard.tech\/wp-content\/uploads\/2023\/03\/Screenshot_7-1-150x97.png 150w, https:\/\/lenard.tech\/wp-content\/uploads\/2023\/03\/Screenshot_7-1.png 676w\" sizes=\"auto, (max-width: 400px) 100vw, 400px\" \/><\/a><\/p>\n<p>Beispiel f\u00fcr konform\/nicht-konform je nach Ergebnis nach der Entsorgung des Rests<\/p>\n<p><a href=\"https:\/\/lenard.tech\/wp-content\/uploads\/2023\/03\/Screenshot_8-2.png\"><img loading=\"lazy\" decoding=\"async\" class=\"alignnone size-full wp-image-19035\" src=\"https:\/\/lenard.tech\/wp-content\/uploads\/2023\/03\/Screenshot_8-2.png\" alt=\"\" width=\"346\" height=\"228\" srcset=\"https:\/\/lenard.tech\/wp-content\/uploads\/2023\/03\/Screenshot_8-2.png 346w, https:\/\/lenard.tech\/wp-content\/uploads\/2023\/03\/Screenshot_8-2-150x99.png 150w\" sizes=\"auto, (max-width: 346px) 100vw, 346px\" \/><\/a><\/p>\n<p><strong>ANMERKUNGEN:<\/strong><\/p>\n<p>&#8211; Das Schmelzen des verkohlten Materials in die PVC-Folie, die nicht entfernt werden kann, ist ein NICHT-KOMPLEMENT\u00c4R.<\/p>\n<p>-Die Welle kann in manchen F\u00e4llen als Schaden betrachtet werden. Bild A ist NICHT KONFORM und Bilder B und C sind KONFORM.<\/p>\n<p><a href=\"https:\/\/lenard.tech\/wp-content\/uploads\/2023\/03\/Screenshot_9-2.png\"><img loading=\"lazy\" decoding=\"async\" class=\"alignnone size-medium wp-image-19039\" src=\"https:\/\/lenard.tech\/wp-content\/uploads\/2023\/03\/Screenshot_9-2-400x169.png\" alt=\"\" width=\"400\" height=\"169\" srcset=\"https:\/\/lenard.tech\/wp-content\/uploads\/2023\/03\/Screenshot_9-2-400x169.png 400w, https:\/\/lenard.tech\/wp-content\/uploads\/2023\/03\/Screenshot_9-2-430x182.png 430w, https:\/\/lenard.tech\/wp-content\/uploads\/2023\/03\/Screenshot_9-2-150x63.png 150w, https:\/\/lenard.tech\/wp-content\/uploads\/2023\/03\/Screenshot_9-2.png 687w\" sizes=\"auto, (max-width: 400px) 100vw, 400px\" \/><\/a><\/p>\n<p>Bestimmung der geschmolzenen Metallmasse: Lassen Sie den Schmelzmetallrest aus dem Tiegel erstarren, damit er dann abgekratzt und entfernt werden kann. Wiege diesen R\u00fcckstand mit einer Genauigkeit von 1 g und subtrahiere ihn vom Anfangsgewicht des in den Tiegel eingebrachten Metalls. Das Ergebnis wird das Gewicht von geschmolzenem Metall sein.<\/p>\n<p><strong>ESSAIS INVALIDES<\/strong><\/p>\n<p>Er gilt als ung\u00fcltiger Test, wenn w\u00e4hrend des Tests eine der folgenden Situationen eintritt:<\/p>\n<p>-Der Aufprall der \u00d6lkatastrophe bewegt sich horizontal in der Probe<\/p>\n<p>&#8211; Das Metall verl\u00e4sst das Exemplar oder st\u00fcrzt innerhalb von 25 m vom oberen Rand des Exemplars ab.<\/p>\n<p>-Kein geschmolzenes Metall ber\u00fchrt zuerst die Probe.<\/p>\n<p>-Metall ist beim Gie\u00dfen nicht vollst\u00e4ndig geschmolzen<\/p>\n<p>&#8211; Die PVC-Platte entz\u00fcndet sich durch das Verfestigen des Metalls im Probenhalter[\/vc_column_text][\/vc_tta_section][\/vc_tta_tabs][\/vc_column][\/vc_row]<\/p>\n<\/section>","protected":false},"excerpt":{"rendered":"<p><strong>SCHUTZKLEIDUNG. BEWERTUNG DER WIDERSTANDSF\u00c4HIGKEIT VON MATERIALIEN GEGEN GESCHMOLZENE METALLSPRITZER.<\/strong><\/p>\n<p><span style=\"color: #ffff99;\"><em>Entspricht EN ISO 9185:2025 und EN 9185:2025.<\/em><\/span><\/p>\n","protected":false},"featured_media":0,"comment_status":"open","ping_status":"closed","template":"","meta":{"_mi_skip_tracking":false,"_monsterinsights_sitenote_active":false,"_monsterinsights_sitenote_note":"","_monsterinsights_sitenote_category":0},"product_cat":[885],"product_tag":[],"class_list":["post-20149","product","type-product","status-publish","hentry","product_cat-normativ"],"acf":[],"_links":{"self":[{"href":"https:\/\/lenard.tech\/de\/wp-json\/wp\/v2\/product\/20149","targetHints":{"allow":["GET"]}}],"collection":[{"href":"https:\/\/lenard.tech\/de\/wp-json\/wp\/v2\/product"}],"about":[{"href":"https:\/\/lenard.tech\/de\/wp-json\/wp\/v2\/types\/product"}],"replies":[{"embeddable":true,"href":"https:\/\/lenard.tech\/de\/wp-json\/wp\/v2\/comments?post=20149"}],"wp:attachment":[{"href":"https:\/\/lenard.tech\/de\/wp-json\/wp\/v2\/media?parent=20149"}],"wp:term":[{"taxonomy":"product_cat","embeddable":true,"href":"https:\/\/lenard.tech\/de\/wp-json\/wp\/v2\/product_cat?post=20149"},{"taxonomy":"product_tag","embeddable":true,"href":"https:\/\/lenard.tech\/de\/wp-json\/wp\/v2\/product_tag?post=20149"}],"curies":[{"name":"wp","href":"https:\/\/api.w.org\/{rel}","templated":true}]}}