
{"id":20213,"date":"2026-04-17T08:54:37","date_gmt":"2026-04-17T08:54:37","guid":{"rendered":"https:\/\/lenard.tech\/?post_type=product&#038;p=20213"},"modified":"2026-04-17T09:18:06","modified_gmt":"2026-04-17T09:18:06","slug":"une-en-iso-69422023","status":"publish","type":"product","link":"https:\/\/lenard.tech\/de\/producto\/une-en-iso-69422023\/","title":{"rendered":"UNE-EN ISO 6942:2023"},"content":{"rendered":"<section class=\"wpb-content-wrapper\"><p>[vc_row][vc_column][vc_column_text woodmart_inline=&#8221;no&#8221; text_larger=&#8221;no&#8221;]HITZE- UND BRANDSCHUTZ. TESTMETHODE: BEWERTUNG VON MATERIALIEN UND MATERIALBAUGRUPPEN BEI KONTAKT MIT EINER STRAHLUNGSW\u00c4RMEQUELLE. <em>Entspricht EN ISO 6942:2022 und iso 6942:2022.<\/em>[\/vc_column_text][\/vc_column][\/vc_row][vc_row][vc_column][vc_tta_tabs][vc_tta_section title=&#8221;OBJEKT&#8221; tab_id=&#8221;1686236123488-f326608a-f528&#8243;][vc_column_text woodmart_inline=&#8221;no&#8221; text_larger=&#8221;no&#8221;]<strong>ZWECK<\/strong><\/p>\n<p>Strahlungsthermische Schutzkleidung wird unter unterschiedlichen Bedingungen getragen, weshalb die Intensit\u00e4t der Strahlung, die auf das Kleidungsmaterial trifft, \u00fcber einen gro\u00dfen Bereich variieren kann.<\/p>\n<p>Industriearbeiter oder Feuerwehrleute k\u00f6nnen \u00fcber einen langen Zeitraum relativ niedrigen Strahlenwerten ausgesetzt sein. Industriearbeiter oder Feuerwehrleute k\u00f6nnen f\u00fcr kurze Zeit mittelintensiver Strahlung ausgesetzt sein oder f\u00fcr sehr kurze Zeitr\u00e4ume hochintensiver Strahlung.<\/p>\n<p>Diese Regelung spezifiziert zwei komplement\u00e4re Testmethoden: Methode A wird zur visuellen Bewertung von Ver\u00e4nderungen im Material nach der Wirkung der thermischen Strahlung verwendet. Methode B bestimmt die Schutzwirkung der Materialien. Materialien k\u00f6nnen mit beiden Methoden oder mit einer einzigen Methode getestet werden.<\/p>\n<p>Da die Tests bei Raumtemperatur durchgef\u00fchrt werden, werden die Ergebnisse nur zur Vorhersage der Leistung von Schutzkleidung verwendet.<\/p>\n<p><strong>DEFINITIONEN:<\/strong><\/p>\n<p>W\u00e4rme\u00fcbertragungsniveaus:<\/p>\n<p>Zeit t12: Zeit in Sekunden, auf Dezimalstellen angegeben, um eine Temperaturerh\u00f6hung des Kalorimeters von (12 \u00b1 0,1) \u00b0C zu erzielen, wenn sie mit Methode B getestet wurde.<\/p>\n<p>24-Zeit: Zeit in Sekunden, angegeben in Dezimalstellen, um eine Kalorimetertemperaturerh\u00f6hung von (24 \u00b1 0,2) \u00b0C bei Methode B zu erzielen<\/p>\n<p>Thermische Transmission (TF): Ein Ma\u00df f\u00fcr den Anteil der W\u00e4rme, der durch die Probe einer Strahlungsw\u00e4rme ausgesetzt ist. Er ist numerisch gleich dem Verh\u00e4ltnis zwischen der \u00fcbertragenen und der einfallenden W\u00e4rmeflussdichte.<\/p>\n<p>Strahlungsw\u00e4rme\u00fcbertragungsindex (RHTI): Eine Zahl, die von der in Sekunden gemessenen Zeit bis zu einer Dezimalstelle berechnet wird und erforderlich ist, um eine bestimmte Temperaturerh\u00f6hung des Kalorimeters in diesem Test mit dieser Methode und bei einer festgelegten einfallenden W\u00e4rmeflussdichte zu erreichen.[\/vc_column_text][\/vc_tta_section][vc_tta_section title=&#8221;MATERIALIEN UND AUSR\u00dcSTUNG&#8221; tab_id=&#8221;1686236123496-e4013a9c-7029&#8243;][vc_column_text woodmart_inline=&#8221;no&#8221; text_larger=&#8221;no&#8221;]TESTGER\u00c4TE:<\/p>\n<p>-F\u00fcr beide Methoden werden folgende verwendet:<\/p>\n<p>-Die W\u00e4rmequelle besteht aus SiC-Heizst\u00e4ben mit einem elektrischen Widerstand von 3,6 \u03a9 \u00b1 10 % bei 1070\u00baC.<\/p>\n<p>-Testfahrgestell<\/p>\n<p>-Musterstand<\/p>\n<p>F\u00fcr Methode B werden folgende hinzugef\u00fcgt:<\/p>\n<p>-Kalorimeter<\/p>\n<p>&#8211; Temperaturmess- und Messger\u00e4t<\/p>\n<p><strong>BEISPIELE<\/strong><\/p>\n<p>F\u00fcr Tests nach Methode A wird eine Probe verwendet, und f\u00fcr Tests nach Methode B mindestens drei Proben pro W\u00e4rmestromniveau. Wenn das zu pr\u00fcfende Material nicht sehr homogen ist, m\u00fcssen mindestens drei Proben mit Methode A und f\u00fcnf mit Methode B getestet werden.<\/p>\n<p>Die Proben m\u00fcssen 230 mm x 80 mm gro\u00df sein. Zusammengesetzte Proben sollten mehrschichtige Kleidungssets replizieren, wie sie in der Praxis verwendet werden. Wenn der Materiallieferant die Au\u00dfenfl\u00e4che nicht angibt, m\u00fcssen auf beiden Seiten Tests durchgef\u00fchrt werden.[\/vc_column_text][\/vc_tta_section][vc_tta_section title=&#8221;VERFAHREN UND ERGEBNISSE&#8221; tab_id=&#8221;1686236239562-82f8497e-52f7&#8243;][vc_column_text woodmart_inline=&#8221;no&#8221; text_larger=&#8221;no&#8221;]<strong>METHODEN<\/strong><\/p>\n<p><strong>TESTBEDINGUNGEN:<\/strong><\/p>\n<p>-Condition Proben mindestens 24 Stunden am Tag bei 20 \u00b1 2\u00baC und 65 \u00b1 4% relativer Luftfeuchtigkeit. Der Versuch sollte innerhalb von 3 Minuten nach der Konditionierung beginnen.<\/p>\n<p>-Die Tests werden in einem Raum durchgef\u00fchrt, der frei von Luftzug ist und vor jeglicher parasit\u00e4ren Strahlung gesch\u00fctzt ist, die vom Kalorimeter erfasst werden k\u00f6nnte. Die Raumtemperatur zwischen 15 und 35\u00baC und das Kalorimeter sollten vor jedem Test auf Raumtemperatur \u00b1 2\u00baC abgek\u00fchlt werden.<\/p>\n<p>-W\u00e4rmeflussdichte:<\/p>\n<ul>\n<li>Niedrige Konzentrationen: 5 kW\/m\u00b2 bis 10 kW\/m\u00b2<\/li>\n<li>Durchschnittsniveaus: 20 kW\/m\u00b2 bis 40 kW\/m\u00b2<\/li>\n<li>Hohe Leistungen: 80 kW\/m\u00b2<\/li>\n<\/ul>\n<p>&nbsp;<\/p>\n<p>-Die Kalibrierung der Strahlungsw\u00e4rme vor dem Test ist unerl\u00e4sslich.<\/p>\n<p><strong>\u00a0<\/strong><\/p>\n<p><strong>METHODE A <\/strong>: Eine Probe wird an ein vertikales Bezugssystem angeschlossen, indem eine Spannung von 2 N angelegt wird und f\u00fcr eine bestimmte Zeit einer bestimmten Strahlungsw\u00e4rme ausgesetzt wird.<\/p>\n<p>Das Strahlungsw\u00e4rmeniveau wird durch Anpassung des Abstands zwischen der Probe und der thermischen Strahlungsquelle eingestellt. Nach der Exposition werden die Probe und ihre Schichten untersucht\u00a0\u00a0\u00a0\u00a0 um sichtbare Ver\u00e4nderungen festzustellen.<\/p>\n<p>Bewertung: Nach der Bestrahlung werden die Probe oder einzelne Schichten der Mehrschicht-Baugruppe inspiziert. Alle beobachteten Ver\u00e4nderungen (z. B. Verf\u00e4rbung, Beschmutzung, Glut, Verbrennung, Br\u00fcche, Schmelzen, Schrumpfen, Sublimation usw.) werden f\u00fcr die Probe oder f\u00fcr jede einzelne Schicht der Mehrschicht-Montage notiert.<\/p>\n<p><strong>METHODE B <\/strong>: Eine Probe wird durch Anlegen einer Spannung von 2 N an einen vertikalen Rahmen (Probehalter) befestigt und einer definierten Strahlungsw\u00e4rme ausgesetzt. Die ben\u00f6tigten Zeiten, um eine Temperaturerh\u00f6hung des Kalorimeters um 12\u00baC und 24\u00baC zu erreichen, werden bestimmt und als Strahlungsw\u00e4rme\u00fcbertragungsindizes ausgedr\u00fcckt. Der prozentuale W\u00e4rmetransmissionsfaktor wird aus dem Temperaturanstieg berechnet und auch im Bericht vermerkt.<\/p>\n<p>Die Male t12 und t24, angegeben in Sekunden bis auf eine Dezimalstelle, werden als Temperaturanstieg des Kalorimeters um (12 \u00b1 0,1) \u00baC bzw. (24 \u00b1 0,2) \u00baC bestimmt. Wie es der spezifische Standard vorschreibt, wird das Ergebnis der Differenz zwischen t24 und t 12 berechnet und dokumentiert.<\/p>\n<p>Bewertung:<\/p>\n<p>&#8211; Die \u00fcbertragene W\u00e4rmeflussdichte QC wird in Kw\/m\u00b2 bestimmt<\/p>\n<p>-Die thermische Transmissivit\u00e4t TF (Q0)<\/p>\n<ul>\n<li>Strahlungsw\u00e4rme\u00fcbertragungsindex RHTI12 (Q0, Zeitmessung t12, ausgedr\u00fcckt in 0,1 s f\u00fcr Kalorimetertemperaturanstieg von 12 \u00b10,2 \u00baC)<\/li>\n<li>RHTI24 Strahlungsw\u00e4rme\u00fcbertragungsindex (Q0), Zeitmessung t24 in 0,1 s angegeben f\u00fcr Temperaturanstieg des Kalorimeters um 24 \u00b10,2 \u00baC)<\/li>\n<\/ul>\n<p>-Der Strahlungsw\u00e4rme\u00fcbertragungsindex RHTI24-RHTI12 (Q0) f\u00fcr die einfallende W\u00e4rmeflussdichte wird als RHTI24 minus RHTI12 bestimmt.[\/vc_column_text][\/vc_tta_section][\/vc_tta_tabs][\/vc_column][\/vc_row]<\/p>\n<\/section>","protected":false},"excerpt":{"rendered":"<p>HITZE- UND BRANDSCHUTZ. TESTMETHODE: BEWERTUNG VON MATERIALIEN UND MATERIALBAUGRUPPEN BEI KONTAKT MIT EINER STRAHLUNGSW\u00c4RMEQUELLE. <span style=\"color: #ffff99;\"><em>Entspricht EN ISO 6942:2022 und iso 6942:2022.<\/em><\/span><\/p>\n","protected":false},"featured_media":0,"comment_status":"open","ping_status":"closed","template":"","meta":{"_mi_skip_tracking":false,"_monsterinsights_sitenote_active":false,"_monsterinsights_sitenote_note":"","_monsterinsights_sitenote_category":0},"product_cat":[885],"product_tag":[],"class_list":["post-20213","product","type-product","status-publish","hentry","product_cat-normativ"],"acf":[],"_links":{"self":[{"href":"https:\/\/lenard.tech\/de\/wp-json\/wp\/v2\/product\/20213","targetHints":{"allow":["GET"]}}],"collection":[{"href":"https:\/\/lenard.tech\/de\/wp-json\/wp\/v2\/product"}],"about":[{"href":"https:\/\/lenard.tech\/de\/wp-json\/wp\/v2\/types\/product"}],"replies":[{"embeddable":true,"href":"https:\/\/lenard.tech\/de\/wp-json\/wp\/v2\/comments?post=20213"}],"wp:attachment":[{"href":"https:\/\/lenard.tech\/de\/wp-json\/wp\/v2\/media?parent=20213"}],"wp:term":[{"taxonomy":"product_cat","embeddable":true,"href":"https:\/\/lenard.tech\/de\/wp-json\/wp\/v2\/product_cat?post=20213"},{"taxonomy":"product_tag","embeddable":true,"href":"https:\/\/lenard.tech\/de\/wp-json\/wp\/v2\/product_tag?post=20213"}],"curies":[{"name":"wp","href":"https:\/\/api.w.org\/{rel}","templated":true}]}}