
{"id":11203,"date":"2023-03-31T09:24:54","date_gmt":"2023-03-31T09:24:54","guid":{"rendered":"https:\/\/lenard.tech\/producto\/une-en-iso-9151\/"},"modified":"2025-10-02T14:12:09","modified_gmt":"2025-10-02T14:12:09","slug":"une-en-iso-91512018","status":"publish","type":"product","link":"https:\/\/lenard.tech\/en\/producto\/une-en-iso-91512018\/","title":{"rendered":"UNE-EN ISO 9151:2018"},"content":{"rendered":"<section class=\"wpb-content-wrapper\"><p>[vc_row][vc_column][vc_column_text woodmart_inline=&#8221;no&#8221; text_larger=&#8221;no&#8221;]PROTECTIVE CLOTHING AGAINST HEAT AND FLAME. DETERMINATION OF HEAT TRANSMISSION ON EXPOSURE TO A FLAME[\/vc_column_text][vc_tta_tabs title_tag=&#8221;h3&#8243; section_title_tag=&#8221;h3&#8243; style=&#8221;modern&#8221; color=&#8221;white&#8221; active_section=&#8221;1&#8243; no_fill_content_area=&#8221;true&#8221;][vc_tta_section title=&#8221;DEFINITION&#8221; tab_id=&#8221;1685522856905-7d802a20-a20aeedf-6941&#8243; el_class=&#8221;Bold&#8221;][vc_column_text woodmart_inline=&#8221;no&#8221; text_larger=&#8221;no&#8221;]This standard describes a method to determine the transmission of heat through materials or a combination of materials used in the protective layer.<\/p>\n<p>This standard describes a method to determine the transmission of heat through materials or a combination of materials used in the protective layer. Los materials se clasifican mediante el c\u00e1lculo de un \u00edndice de transferencia del calor, que proporciona una indication de la protection relativa bajo la conditions espec\u00edficas de ensayo. El \u00edndice de transferencia t\u00e9rmica no debe ser tomado as a medida del tiempo de protection ofrecido por el material tried in real conditions of use.[\/vc_column_text][\/vc_tta_section][vc_tta_section title=&#8221;METHOD&#8221; tab_id=&#8221;1685522856916-22531c7c-aaf1eedf-6941&#8243;][vc_column_text woodmart_inline=&#8221;no&#8221; text_larger=&#8221;no&#8221;]<\/p>\n<ul>\n<li>\n<ul>\n<li>Sample conditioning: 24h 20\u00baC 65% RH<\/li>\n<li>Test atmosphere: 23\u00baC 15-80% RH<\/li>\n<li>The sample is placed, with the outer face facing downwards, on the sample holder<\/li>\n<li>If the sample consists of more than one layer and the layers are not joined together, the successive layers are assembled in the order and orientation in which they are used in the assembly. The weight of the calorimeter positioning plate is used, without additional pressure, to keep each layer in contact with each other<\/li>\n<li>After the last layer (the innermost one) is assembled, the positioning plate is reattached and the calorimeter is placed in the hole in the plate, so that the copper disc is in contact with the top of the innermost layer.<\/li>\n<li>The lighter is quickly and smoothly moved into position and the shutter, if any, below the sample is immediately opened, or the sample is moved quickly over the flame. The recording device is started, simultaneously with the exposure of the sample to the flame of the lighter<\/li>\n<li>The test is continued until a temperature increase of at least 24 \u00b0C is observed. The exhibition ends by removing the lighter<\/li>\n<li>The time required in seconds to achieve a calorimeter temperature increase of 24\u00b0C is recorded<\/li>\n<\/ul>\n<p>For each material or set of materials, a minimum of three samples will be tested.<\/li>\n<\/ul>\n<p>[\/vc_column_text][\/vc_tta_section][vc_tta_section title=&#8221;SAMPLES AND APPARATUS&#8221; tab_id=&#8221;1686208646249-584b0624-858d&#8221;][vc_column_text woodmart_inline=&#8221;no&#8221; text_larger=&#8221;no&#8221;]<\/p>\n<ul>\n<li>Test sample: Consists of all layers of fabric or other materials, arranged in the order and orientation used in practice, including underwear where appropriate. The sample should have dimensions of 140 mm <u>+<\/u> 140 mm, and should be taken more than 50 mm, from the edge of the material parts and in defect-free areas.<\/li>\n<li>Incident Heat Flux Density, Q<\/li>\n<li>Heat Transfer Index, HTI: (flame) mean time, tm rounded to the second, necessary to obtain a temperature increase of (24 \u00b1 0.2) \u00b0C when tested by this method, using a copper disc of mass (18 \u00b1 0.05) g and an incident heat flux of (80 \u00b1 2) kW\/m2, from a 95% propane burner flame.<\/li>\n<\/ul>\n<p>[\/vc_column_text][vc_single_image image=&#8221;12092&#8243; img_size=&#8221;FULL&#8221; alignment=&#8221;center&#8221; parallax_scroll=&#8221;no&#8221; woodmart_inline=&#8221;no&#8221;][\/vc_tta_section][vc_tta_section title=&#8221;RESULTS&#8221; tab_id=&#8221;1686223981199-0b6112f0-8b62&#8243;][vc_column_text woodmart_inline=&#8221;no&#8221; text_larger=&#8221;no&#8221;]<strong>RESULTS<\/strong><\/p>\n<p>INTERPRETATION OF RESULTS ACCORDING TO EN11612 AFTER SAMPLE PRE-TREATMENT<\/p>\n<table>\n<tbody>\n<tr>\n<td width=\"179\">PERFORMANCE LEVEL<\/td>\n<td width=\"217\">HTI\u00aa24(s) VALUE RANGE<\/td>\n<\/tr>\n<tr>\n<td width=\"179\">B1<\/td>\n<td width=\"217\">4.00 &lt; 10.0<\/td>\n<\/tr>\n<tr>\n<td width=\"179\">B2<\/td>\n<td width=\"217\">10.0 &lt; 20.0<\/td>\n<\/tr>\n<tr>\n<td width=\"179\">B3<\/td>\n<td width=\"217\">&gt;20.0<\/td>\n<\/tr>\n<tr>\n<td colspan=\"2\" width=\"397\">\u00aa: Heat transfer index according to ISO EN 9151<\/td>\n<\/tr>\n<\/tbody>\n<\/table>\n<p>[\/vc_column_text][\/vc_tta_section][\/vc_tta_tabs][\/vc_column][\/vc_row]<\/p>\n<\/section>","protected":false},"excerpt":{"rendered":"<p>PROTECTIVE CLOTHING AGAINST HEAT AND FLAME. DETERMINATION OF HEAT TRANSMISSION ON EXPOSURE TO A FLAME<\/p>\n","protected":false},"featured_media":0,"comment_status":"open","ping_status":"closed","template":"","meta":{"_mi_skip_tracking":false,"_monsterinsights_sitenote_active":false,"_monsterinsights_sitenote_note":"","_monsterinsights_sitenote_category":0},"product_cat":[883],"product_tag":[],"class_list":["post-11203","product","type-product","status-publish","hentry","product_cat-normative"],"acf":[],"_links":{"self":[{"href":"https:\/\/lenard.tech\/en\/wp-json\/wp\/v2\/product\/11203","targetHints":{"allow":["GET"]}}],"collection":[{"href":"https:\/\/lenard.tech\/en\/wp-json\/wp\/v2\/product"}],"about":[{"href":"https:\/\/lenard.tech\/en\/wp-json\/wp\/v2\/types\/product"}],"replies":[{"embeddable":true,"href":"https:\/\/lenard.tech\/en\/wp-json\/wp\/v2\/comments?post=11203"}],"wp:attachment":[{"href":"https:\/\/lenard.tech\/en\/wp-json\/wp\/v2\/media?parent=11203"}],"wp:term":[{"taxonomy":"product_cat","embeddable":true,"href":"https:\/\/lenard.tech\/en\/wp-json\/wp\/v2\/product_cat?post=11203"},{"taxonomy":"product_tag","embeddable":true,"href":"https:\/\/lenard.tech\/en\/wp-json\/wp\/v2\/product_tag?post=11203"}],"curies":[{"name":"wp","href":"https:\/\/api.w.org\/{rel}","templated":true}]}}