
{"id":10972,"date":"2022-10-25T08:18:04","date_gmt":"2022-10-25T08:18:04","guid":{"rendered":"https:\/\/lenard.tech\/sostenibilidad\/"},"modified":"2025-10-10T07:33:06","modified_gmt":"2025-10-10T07:33:06","slug":"durabilite","status":"publish","type":"page","link":"https:\/\/lenard.tech\/fr\/durabilite\/","title":{"rendered":"Durabilit\u00e9"},"content":{"rendered":"<section class=\"wpb-content-wrapper\"><p>[vc_row full_width=&#8221;stretch_row&#8221; woodmart_bg_position=&#8221;center-top&#8221; css=&#8221;.vc_custom_1695818935568{margin-top: -40px !important;background: #ffffff url(https:\/\/lenard.tech\/wp-content\/uploads\/2023\/03\/img_cap_SOST.jpg?id=7972) !important;}&#8221; mobile_bg_img_hidden=&#8221;no&#8221; tablet_bg_img_hidden=&#8221;no&#8221; woodmart_parallax=&#8221;0&#8243; woodmart_gradient_switch=&#8221;no&#8221; row_reverse_mobile=&#8221;0&#8243; row_reverse_tablet=&#8221;0&#8243; woodmart_disable_overflow=&#8221;0&#8243; wd_z_index=&#8221;no&#8221; woodmart_css_id=&#8221;651424b237ac3&#8243; responsive_spacing=&#8221;eyJwYXJhbV90eXBlIjoid29vZG1hcnRfcmVzcG9uc2l2ZV9zcGFjaW5nIiwic2VsZWN0b3JfaWQiOiI2NTE0MjRiMjM3YWMzIiwic2hvcnRjb2RlIjoidmNfcm93IiwiZGF0YSI6eyJ0YWJsZXQiOnsibWFyZ2luLXRvcCI6IjE4MHB4In0sIm1vYmlsZSI6e319fQ==&#8221; woodmart_box_shadow=&#8221;no&#8221;][vc_column css=&#8221;.vc_custom_1581946195131{padding-top: 0px !important;}&#8221; mobile_bg_img_hidden=&#8221;no&#8221; tablet_bg_img_hidden=&#8221;no&#8221; woodmart_parallax=&#8221;0&#8243; woodmart_sticky_column=&#8221;false&#8221; parallax_scroll=&#8221;no&#8221; mobile_reset_margin=&#8221;no&#8221; tablet_reset_margin=&#8221;no&#8221;]\t\t<div id=\"wd-649071494fcde\" class=\"wd-text-block wd-wpb reset-last-child wd-rs-649071494fcde text-left wd-fontsize-custom vc_custom_1687187800310\">\n\t\t\t<h4 style=\"text-align: center;\"><strong>Chez Lenard, nous avons entam\u00e9 la transition \u00e9nerg\u00e9tique il y a longtemps.<br \/>\n<\/strong><strong>Gr\u00e2ce aux orientations des ODD et de l&#8217;Agenda 2030, nous avan\u00e7ons chaque jour d&#8217;un mod\u00e8le de production industrielle<br \/>\n<\/strong><strong>classique, \u00e0 un mod\u00e8le durable et circulaire.<\/strong><\/h4>\n\t\t<\/div>\n\t\t[\/vc_column][\/vc_row][vc_row full_width=&#8221;stretch_row&#8221; css=&#8221;.vc_custom_1758795513558{padding-top: 40px !important;padding-bottom: 40px !important;background: #ffffff url(https:\/\/lenard.tech\/wp-content\/uploads\/2025\/09\/Imatge1.png?id=17969) !important;background-position: center !important;background-repeat: no-repeat !important;background-size: cover !important;}&#8221; woodmart_css_id=&#8221;68d516ee39b7c&#8221; responsive_spacing=&#8221;eyJwYXJhbV90eXBlIjoid29vZG1hcnRfcmVzcG9uc2l2ZV9zcGFjaW5nIiwic2VsZWN0b3JfaWQiOiI2OGQ1MTZlZTM5YjdjIiwic2hvcnRjb2RlIjoidmNfcm93IiwiZGF0YSI6eyJ0YWJsZXQiOnt9LCJtb2JpbGUiOnt9fX0=&#8221; mobile_bg_img_hidden=&#8221;no&#8221; tablet_bg_img_hidden=&#8221;no&#8221; woodmart_parallax=&#8221;0&#8243; woodmart_gradient_switch=&#8221;no&#8221; woodmart_box_shadow=&#8221;no&#8221; wd_z_index=&#8221;no&#8221; woodmart_disable_overflow=&#8221;0&#8243; row_reverse_mobile=&#8221;0&#8243; row_reverse_tablet=&#8221;0&#8243;][vc_column width=&#8221;1\/2&#8243;]\n\t\t<div id=\"wd-64902f472a3e2\" class=\"title-wrapper wd-wpb set-mb-s reset-last-child  wd-rs-64902f472a3e2 wd-title-color-primary wd-title-style-default text-left  wd-underline-colored\">\n\t\t\t\n\t\t\t<div class=\"liner-continer\">\n\t\t\t\t<h4 class=\"woodmart-title-container title  wd-font-weight- wd-fontsize-m\" >RAPPORT DE DURABILIT\u00c9<\/h4>\n\t\t\t\t\t\t\t<\/div>\n\t\t\t\n\t\t\t\n\t\t\t\n\t\t<\/div>\n\t\t\n\t\t[vc_row_inner][vc_column_inner]\t\t<div id=\"wd-68d51656b28df\" class=\"wd-text-block wd-wpb reset-last-child wd-rs-68d51656b28df text-left wd-fontsize-custom vc_custom_1758795360417\">\n\t\t\t<p>Dans un monde o\u00f9 les d\u00e9fis environnementaux, sociaux et \u00e9conomiques sont de plus en plus pressants, il est imp\u00e9ratif que nos actions et nos d\u00e9cisions refl\u00e8tent un engagement fort en faveur du d\u00e9veloppement durable. Cet engagement est non seulement une responsabilit\u00e9 \u00e9thique, mais aussi une strat\u00e9gie essentielle pour assurer notre croissance et notre r\u00e9ussite \u00e0 long terme.<\/p>\n<p>&nbsp;<\/p>\n<p>Chez Lenard, nous comprenons que le d\u00e9veloppement durable n&#8217;est pas une option, mais une n\u00e9cessit\u00e9. Int\u00e9grer des pratiques durables \u00e0 nos op\u00e9rations nous permet d&#8217;att\u00e9nuer les risques li\u00e9s au changement climatique et \u00e0 la rar\u00e9faction des ressources, d&#8217;accro\u00eetre notre efficacit\u00e9 op\u00e9rationnelle et de r\u00e9duire nos co\u00fbts, de stimuler l&#8217;innovation et de d\u00e9velopper des produits et services qui r\u00e9pondent aux besoins de nos clients. Cela renforce \u00e9galement notre r\u00e9putation d&#8217;entreprise et accro\u00eet la confiance et la fid\u00e9lit\u00e9 de nos clients, investisseurs et autres parties.Nous pr\u00e9parons actuellement notre deuxi\u00e8me rapport de d\u00e9veloppement durable. Cette initiative refl\u00e8te notre engagement ferme en mati\u00e8re de transparence, de responsabilit\u00e9 environnementale et sociale, et notre volont\u00e9 de rester un leader du d\u00e9veloppement durable dans notre secteur. Ce rapport est un outil pr\u00e9cieux qui nous permet de documenter et de communiquer nos efforts et nos r\u00e9alisations en mati\u00e8re de d\u00e9veloppement durable tout au long de l&#8217;ann\u00e9e. Il nous offre l&#8217;occasion de r\u00e9fl\u00e9chir \u00e0 nos performances, d&#8217;identifier les axes d&#8217;am\u00e9lioration et de fixer de nouveaux objectifs ambitieux pour l&#8217;avenir.<\/p>\n\t\t<\/div>\n\t\t[vc_empty_space height=&#8221;30px&#8221; woodmart_hide_large=&#8221;0&#8243; woodmart_hide_medium=&#8221;0&#8243; woodmart_hide_small=&#8221;0&#8243;][\/vc_column_inner][\/vc_row_inner][vc_video link=&#8221;https:\/\/youtu.be\/8pzCuPAg1OU&#8221; el_width=&#8221;50&#8243; align=&#8221;center&#8221; woodmart_css_id=&#8221;68e8b6a8c484f&#8221; image_poster_switch=&#8221;no&#8221;][\/vc_column][vc_column width=&#8221;1\/4&#8243;][vc_row_inner css=&#8221;.vc_custom_1678350376164{margin-top: 80px !important;padding-right: 20px !important;padding-left: 20px !important;background-color: #0a6c3f !important;}&#8221; woodmart_css_id=&#8221;640998205a0a7&#8243; responsive_spacing=&#8221;eyJwYXJhbV90eXBlIjoid29vZG1hcnRfcmVzcG9uc2l2ZV9zcGFjaW5nIiwic2VsZWN0b3JfaWQiOiI2NDA5OTgyMDVhMGE3Iiwic2hvcnRjb2RlIjoidmNfcm93X2lubmVyIiwiZGF0YSI6eyJ0YWJsZXQiOnt9LCJtb2JpbGUiOnt9fX0=&#8221; mobile_bg_img_hidden=&#8221;no&#8221; tablet_bg_img_hidden=&#8221;no&#8221; woodmart_parallax=&#8221;0&#8243; woodmart_gradient_switch=&#8221;no&#8221; woodmart_box_shadow=&#8221;no&#8221; wd_z_index=&#8221;no&#8221; woodmart_disable_overflow=&#8221;0&#8243; row_reverse_mobile=&#8221;0&#8243; row_reverse_tablet=&#8221;0&#8243;][vc_column_inner woodmart_css_id=&#8221;640844fad16d9&#8243; parallax_scroll=&#8221;no&#8221; woodmart_sticky_column=&#8221;false&#8221; wd_collapsible_content_switcher=&#8221;no&#8221; wd_column_role_offcanvas_desktop=&#8221;no&#8221; wd_column_role_offcanvas_tablet=&#8221;no&#8221; wd_column_role_offcanvas_mobile=&#8221;no&#8221; wd_column_role_content_desktop=&#8221;no&#8221; wd_column_role_content_tablet=&#8221;no&#8221; wd_column_role_content_mobile=&#8221;no&#8221; mobile_bg_img_hidden=&#8221;no&#8221; tablet_bg_img_hidden=&#8221;no&#8221; woodmart_parallax=&#8221;0&#8243; woodmart_box_shadow=&#8221;no&#8221; responsive_spacing=&#8221;eyJwYXJhbV90eXBlIjoid29vZG1hcnRfcmVzcG9uc2l2ZV9zcGFjaW5nIiwic2VsZWN0b3JfaWQiOiI2NDA4NDRmYWQxNmQ5Iiwic2hvcnRjb2RlIjoidmNfY29sdW1uX2lubmVyIiwiZGF0YSI6eyJ0YWJsZXQiOnt9LCJtb2JpbGUiOnt9fX0=&#8221; wd_z_index=&#8221;no&#8221; css=&#8221;.vc_custom_1678263561876{padding-right: 20px !important;padding-bottom: 20px !important;padding-left: 20px !important;}&#8221;]\t\t<div id=\"wd-6490724341d71\" class=\"wd-text-block wd-wpb reset-last-child wd-rs-6490724341d71 text-left wd-fontsize-custom vc_custom_1687188044366\">\n\t\t\t<p><span style=\"color: #ffffff;\">Nous mettons \u00e0 votre disposition notre rapport de d\u00e9veloppement durable complet, il vous suffit de le demander par e-mail (info@lenard.tech), courrier postal (LENARD BCN, SL, Avda. Arag\u00f3n, 37, 22520 Fraga-HUESCA), ou via notre service commercial r\u00e9seau.<\/span><\/p>\n\t\t<\/div>\n\t\t<div id=\"wd-68d52442b2040\" class=\" wd-rs-68d52442b2040 vc_custom_1758798924594 wd-button-wrapper text-left\"><a href=\"https:\/\/lenard.tech\/wp-content\/uploads\/2025\/09\/tiptico.pdf\" title=\"\" target=\"_blank\" class=\"btn btn-color-white btn-style-bordered btn-style-rectangle btn-size-default btn-full-width\">EXTRAIT (PDF)<\/a><\/div>[\/vc_column_inner][\/vc_row_inner][vc_row_inner woodmart_css_id=&#8221;64099832ea2a1&#8243; responsive_spacing=&#8221;eyJwYXJhbV90eXBlIjoid29vZG1hcnRfcmVzcG9uc2l2ZV9zcGFjaW5nIiwic2VsZWN0b3JfaWQiOiI2NDA5OTgzMmVhMmExIiwic2hvcnRjb2RlIjoidmNfcm93X2lubmVyIiwiZGF0YSI6eyJ0YWJsZXQiOnt9LCJtb2JpbGUiOnt9fX0=&#8221; mobile_bg_img_hidden=&#8221;no&#8221; tablet_bg_img_hidden=&#8221;no&#8221; woodmart_parallax=&#8221;0&#8243; woodmart_gradient_switch=&#8221;no&#8221; woodmart_box_shadow=&#8221;no&#8221; wd_z_index=&#8221;no&#8221; woodmart_disable_overflow=&#8221;0&#8243; row_reverse_mobile=&#8221;0&#8243; row_reverse_tablet=&#8221;0&#8243; css=&#8221;.vc_custom_1678350394138{margin-top: 0px !important;padding-right: 20px !important;padding-left: 20px !important;}&#8221;][vc_column_inner woodmart_css_id=&#8221;6408454af0bf9&#8243; parallax_scroll=&#8221;no&#8221; woodmart_sticky_column=&#8221;false&#8221; wd_collapsible_content_switcher=&#8221;no&#8221; wd_column_role_offcanvas_desktop=&#8221;no&#8221; wd_column_role_offcanvas_tablet=&#8221;no&#8221; wd_column_role_offcanvas_mobile=&#8221;no&#8221; wd_column_role_content_desktop=&#8221;no&#8221; wd_column_role_content_tablet=&#8221;no&#8221; wd_column_role_content_mobile=&#8221;no&#8221; mobile_bg_img_hidden=&#8221;no&#8221; tablet_bg_img_hidden=&#8221;no&#8221; woodmart_parallax=&#8221;0&#8243; woodmart_box_shadow=&#8221;no&#8221; responsive_spacing=&#8221;eyJwYXJhbV90eXBlIjoid29vZG1hcnRfcmVzcG9uc2l2ZV9zcGFjaW5nIiwic2VsZWN0b3JfaWQiOiI2NDA4NDU0YWYwYmY5Iiwic2hvcnRjb2RlIjoidmNfY29sdW1uX2lubmVyIiwiZGF0YSI6eyJ0YWJsZXQiOnt9LCJtb2JpbGUiOnt9fX0=&#8221; wd_z_index=&#8221;no&#8221; css=&#8221;.vc_custom_1678263632921{padding-right: 20px !important;padding-left: 20px !important;}&#8221;]\t\t<div id=\"wd-6490726b935d4\" class=\"wd-text-block wd-wpb reset-last-child wd-rs-6490726b935d4 text-left wd-fontsize-custom vc_custom_1687188104875\">\n\t\t\t<p><span style=\"color: #0a6c3f;\">Vous pouvez \u00e9galement t\u00e9l\u00e9charger une copie de notre certificat de durabilit\u00e9 :<\/span><\/p>\n\t\t<\/div>\n\t\t<div id=\"wd-68d524562b562\" class=\" wd-rs-68d524562b562 vc_custom_1758798948798 wd-button-wrapper text-left\"><a href=\"https:\/\/lenard.tech\/wp-content\/uploads\/2025\/09\/Certificado-GRI-eng-LENARD-BCN_signed.pdf\" title=\"\" target=\"_blank\" class=\"btn btn-color-primary btn-style-bordered btn-style-rectangle btn-size-default btn-full-width\">CERTIFICAT (PDF)<\/a><\/div>[vc_empty_space][\/vc_column_inner][\/vc_row_inner][vc_single_image image=&#8221;18335&#8243; img_size=&#8221;medium&#8221; alignment=&#8221;center&#8221; parallax_scroll=&#8221;no&#8221; woodmart_inline=&#8221;no&#8221;][\/vc_column][vc_column width=&#8221;1\/4&#8243; css=&#8221;.vc_custom_1678263970195{padding-left: 0px !important;}&#8221; woodmart_css_id=&#8221;6408469bc0443&#8243; parallax_scroll=&#8221;no&#8221; woodmart_sticky_column=&#8221;false&#8221; wd_collapsible_content_switcher=&#8221;no&#8221; wd_column_role_offcanvas_desktop=&#8221;no&#8221; wd_column_role_offcanvas_tablet=&#8221;no&#8221; wd_column_role_offcanvas_mobile=&#8221;no&#8221; wd_column_role_content_desktop=&#8221;no&#8221; wd_column_role_content_tablet=&#8221;no&#8221; wd_column_role_content_mobile=&#8221;no&#8221; mobile_bg_img_hidden=&#8221;no&#8221; tablet_bg_img_hidden=&#8221;no&#8221; woodmart_parallax=&#8221;0&#8243; woodmart_box_shadow=&#8221;no&#8221; responsive_spacing=&#8221;eyJwYXJhbV90eXBlIjoid29vZG1hcnRfcmVzcG9uc2l2ZV9zcGFjaW5nIiwic2VsZWN0b3JfaWQiOiI2NDA4NDY5YmMwNDQzIiwic2hvcnRjb2RlIjoidmNfY29sdW1uIiwiZGF0YSI6eyJ0YWJsZXQiOnt9LCJtb2JpbGUiOnt9fX0=&#8221; mobile_reset_margin=&#8221;no&#8221; tablet_reset_margin=&#8221;no&#8221; wd_z_index=&#8221;no&#8221;][vc_single_image image=&#8221;18205&#8243; img_size=&#8221;full&#8221; style=&#8221;vc_box_shadow&#8221; parallax_scroll=&#8221;no&#8221; woodmart_inline=&#8221;no&#8221; css=&#8221;.vc_custom_1758799040994{padding-top: 60px !important;}&#8221;][\/vc_column][\/vc_row][vc_row full_width=&#8221;stretch_row&#8221; css=&#8221;.vc_custom_1678265965386{padding-top: 40px !important;padding-bottom: 40px !important;background-color: #ffffff !important;}&#8221; woodmart_css_id=&#8221;64084e6671960&#8243; responsive_spacing=&#8221;eyJwYXJhbV90eXBlIjoid29vZG1hcnRfcmVzcG9uc2l2ZV9zcGFjaW5nIiwic2VsZWN0b3JfaWQiOiI2NDA4NGU2NjcxOTYwIiwic2hvcnRjb2RlIjoidmNfcm93IiwiZGF0YSI6eyJ0YWJsZXQiOnt9LCJtb2JpbGUiOnt9fX0=&#8221; mobile_bg_img_hidden=&#8221;no&#8221; tablet_bg_img_hidden=&#8221;no&#8221; woodmart_parallax=&#8221;0&#8243; woodmart_gradient_switch=&#8221;no&#8221; woodmart_box_shadow=&#8221;no&#8221; wd_z_index=&#8221;no&#8221; woodmart_disable_overflow=&#8221;0&#8243; row_reverse_mobile=&#8221;0&#8243; row_reverse_tablet=&#8221;0&#8243;][vc_column]\n\t\t<div id=\"wd-64903105b9466\" class=\"title-wrapper wd-wpb set-mb-s reset-last-child  wd-rs-64903105b9466 wd-title-color-primary wd-title-style-default text-left  wd-underline-colored\">\n\t\t\t\n\t\t\t<div class=\"liner-continer\">\n\t\t\t\t<h4 class=\"woodmart-title-container title  wd-font-weight- wd-fontsize-m\" >PROTOCOLE D'ACTION DEVANT LE HARC\u00c8LEMENT AU TRAVAIL ET SEXUEL<\/h4>\n\t\t\t\t\t\t\t<\/div>\n\t\t\t\n\t\t\t\n\t\t\t\n\t\t<\/div>\n\t\t\n\t\t[vc_row_inner][vc_column_inner]\t\t<div id=\"wd-68d51685bc795\" class=\"wd-text-block wd-wpb reset-last-child wd-rs-68d51685bc795 text-left wd-fontsize-custom vc_custom_1758795410522\">\n\t\t\t<p>Chez LENARD BCN, S.L., nous disposons d&#8217;un Protocole de pr\u00e9vention et d&#8217;action contre le harc\u00e8lement au travail et le harc\u00e8lement sexuel, garantissant un environnement de travail s\u00fbr, respectueux et inclusif.<\/p>\n<p>Ce protocole \u00e9tablit des mesures pr\u00e9ventives, des canaux de signalement confidentiels et des proc\u00e9dures claires pour r\u00e9pondre \u00e0 toute situation de harc\u00e8lement, garantissant ainsi la protection et la confidentialit\u00e9 des personnes concern\u00e9es. De plus, nous promouvons la formation continue de notre \u00e9quipe sur les th\u00e8mes du respect, de l&#8217;\u00e9galit\u00e9 et de la pr\u00e9vention des comportements inappropri\u00e9s.<\/p>\n<p>Par ces actions, nous r\u00e9affirmons notre engagement envers la dignit\u00e9, le respect et l&#8217;int\u00e9grit\u00e9 de toutes les personnes qui font partie de notre organisation.<\/p>\n\t\t<\/div>\n\t\t[\/vc_column_inner][\/vc_row_inner][\/vc_column][\/vc_row][vc_row full_width=&#8221;stretch_row&#8221; css=&#8221;.vc_custom_1693998032956{margin-bottom: -40px !important;padding-top: 40px !important;padding-bottom: 40px !important;background-color: #f4f4f4 !important;}&#8221; woodmart_css_id=&#8221;64f85bcc375e3&#8243; responsive_spacing=&#8221;eyJwYXJhbV90eXBlIjoid29vZG1hcnRfcmVzcG9uc2l2ZV9zcGFjaW5nIiwic2VsZWN0b3JfaWQiOiI2NGY4NWJjYzM3NWUzIiwic2hvcnRjb2RlIjoidmNfcm93IiwiZGF0YSI6eyJ0YWJsZXQiOnt9LCJtb2JpbGUiOnt9fX0=&#8221; mobile_bg_img_hidden=&#8221;no&#8221; tablet_bg_img_hidden=&#8221;no&#8221; woodmart_parallax=&#8221;0&#8243; woodmart_gradient_switch=&#8221;no&#8221; woodmart_box_shadow=&#8221;no&#8221; wd_z_index=&#8221;no&#8221; woodmart_disable_overflow=&#8221;0&#8243; row_reverse_mobile=&#8221;0&#8243; row_reverse_tablet=&#8221;0&#8243;][vc_column]\n\t\t<div id=\"wd-649031d5b3570\" class=\"title-wrapper wd-wpb set-mb-s reset-last-child  wd-rs-649031d5b3570 wd-title-color-primary wd-title-style-default text-left  wd-underline-colored\">\n\t\t\t\n\t\t\t<div class=\"liner-continer\">\n\t\t\t\t<h4 class=\"woodmart-title-container title  wd-font-weight- wd-fontsize-m\" >CODE DE CONDUITE<\/h4>\n\t\t\t\t\t\t\t<\/div>\n\t\t\t\n\t\t\t\n\t\t\t\n\t\t<\/div>\n\t\t\n\t\t[vc_row_inner][vc_column_inner]\t\t<div id=\"wd-68d5169ebe961\" class=\"wd-text-block wd-wpb reset-last-child wd-rs-68d5169ebe961 text-left wd-fontsize-custom vc_custom_1758795430558\">\n\t\t\t<p>Chez Lenard BCN, SL, nous fabriquons des \u00e9quipements de protection. Nous sommes pleinement engag\u00e9s envers les objectifs de nos clients, devenant non seulement leur fournisseur, mais aussi leur meilleur partenaire en mati\u00e8re de s\u00e9curit\u00e9 au travail.<\/p>\n<p>Toutes les activit\u00e9s de Lenard BCN, SL sont centr\u00e9es sur l&#8217;ensemble de nos employ\u00e9s et clients, qui attendent int\u00e9grit\u00e9 et professionnalisme en toutes circonstances. L&#8217;objectif de Lenard BCN, SL est d&#8217;instaurer avec tous ses partenaires commerciaux une culture ax\u00e9e sur le d\u00e9veloppement durable, un dialogue clair et transparent et, surtout, la fiabilit\u00e9.<\/p>\n\t\t<\/div>\n\t\t[\/vc_column_inner][\/vc_row_inner][\/vc_column][\/vc_row]<\/p>\n<\/section>","protected":false},"excerpt":{"rendered":"<p>[vc_row full_width=&#8221;stretch_row&#8221; woodmart_bg_position=&#8221;center-top&#8221; css=&#8221;.vc_custom_1695818935568{margin-top: -40px !important;background: #ffffff url(https:\/\/lenard.tech\/wp-content\/uploads\/2023\/03\/img_cap_SOST.jpg?id=7972) !important;}&#8221; mobile_bg_img_hidden=&#8221;no&#8221; tablet_bg_img_hidden=&#8221;no&#8221; woodmart_parallax=&#8221;0&#8243; woodmart_gradient_switch=&#8221;no&#8221; row_reverse_mobile=&#8221;0&#8243; row_reverse_tablet=&#8221;0&#8243; woodmart_disable_overflow=&#8221;0&#8243; wd_z_index=&#8221;no&#8221; woodmart_css_id=&#8221;651424b237ac3&#8243; responsive_spacing=&#8221;eyJwYXJhbV90eXBlIjoid29vZG1hcnRfcmVzcG9uc2l2ZV9zcGFjaW5nIiwic2VsZWN0b3JfaWQiOiI2NTE0MjRiMjM3YWMzIiwic2hvcnRjb2RlIjoidmNfcm93IiwiZGF0YSI6eyJ0YWJsZXQiOnsibWFyZ2luLXRvcCI6IjE4MHB4In0sIm1vYmlsZSI6e319fQ==&#8221; woodmart_box_shadow=&#8221;no&#8221;][vc_column<\/p>\n","protected":false},"author":1,"featured_media":0,"parent":0,"menu_order":0,"comment_status":"closed","ping_status":"closed","template":"","meta":{"_mi_skip_tracking":false,"_monsterinsights_sitenote_active":false,"_monsterinsights_sitenote_note":"","_monsterinsights_sitenote_category":0,"footnotes":""},"class_list":["post-10972","page","type-page","status-publish","hentry"],"acf":[],"_links":{"self":[{"href":"https:\/\/lenard.tech\/fr\/wp-json\/wp\/v2\/pages\/10972","targetHints":{"allow":["GET"]}}],"collection":[{"href":"https:\/\/lenard.tech\/fr\/wp-json\/wp\/v2\/pages"}],"about":[{"href":"https:\/\/lenard.tech\/fr\/wp-json\/wp\/v2\/types\/page"}],"author":[{"embeddable":true,"href":"https:\/\/lenard.tech\/fr\/wp-json\/wp\/v2\/users\/1"}],"replies":[{"embeddable":true,"href":"https:\/\/lenard.tech\/fr\/wp-json\/wp\/v2\/comments?post=10972"}],"version-history":[{"count":30,"href":"https:\/\/lenard.tech\/fr\/wp-json\/wp\/v2\/pages\/10972\/revisions"}],"predecessor-version":[{"id":18425,"href":"https:\/\/lenard.tech\/fr\/wp-json\/wp\/v2\/pages\/10972\/revisions\/18425"}],"wp:attachment":[{"href":"https:\/\/lenard.tech\/fr\/wp-json\/wp\/v2\/media?parent=10972"}],"curies":[{"name":"wp","href":"https:\/\/api.w.org\/{rel}","templated":true}]}}