
{"id":10978,"date":"2022-07-26T09:06:31","date_gmt":"2022-07-26T09:06:31","guid":{"rendered":"https:\/\/lenard.tech\/productos\/"},"modified":"2023-10-09T14:50:19","modified_gmt":"2023-10-09T14:50:19","slug":"produits","status":"publish","type":"page","link":"https:\/\/lenard.tech\/fr\/produits\/","title":{"rendered":"Produits"},"content":{"rendered":"<section class=\"wpb-content-wrapper\"><p>[vc_row css=&#8221;.vc_custom_1658824261127{margin-top: 50px !important;margin-bottom: 20px !important;background-color: #f8f7f6 !important;}&#8221; mobile_bg_img_hidden=&#8221;no&#8221; tablet_bg_img_hidden=&#8221;no&#8221; woodmart_parallax=&#8221;0&#8243; woodmart_gradient_switch=&#8221;no&#8221; row_reverse_mobile=&#8221;0&#8243; row_reverse_tablet=&#8221;0&#8243; woodmart_disable_overflow=&#8221;0&#8243; wd_z_index=&#8221;no&#8221; woodmart_css_id=&#8221;62dfa634f179b&#8221; responsive_spacing=&#8221;eyJwYXJhbV90eXBlIjoid29vZG1hcnRfcmVzcG9uc2l2ZV9zcGFjaW5nIiwic2VsZWN0b3JfaWQiOiI2MmRmYTYzNGYxNzliIiwic2hvcnRjb2RlIjoidmNfcm93IiwiZGF0YSI6eyJ0YWJsZXQiOnsibWFyZ2luLXRvcCI6IjE4MHB4In0sIm1vYmlsZSI6e319fQ==&#8221; woodmart_box_shadow=&#8221;no&#8221;][vc_column css=&#8221;.vc_custom_1581946195131{padding-top: 0px !important;}&#8221; mobile_bg_img_hidden=&#8221;no&#8221; tablet_bg_img_hidden=&#8221;no&#8221; woodmart_parallax=&#8221;0&#8243; woodmart_sticky_column=&#8221;false&#8221; parallax_scroll=&#8221;no&#8221; mobile_reset_margin=&#8221;no&#8221; tablet_reset_margin=&#8221;no&#8221;]\n\t\t<div id=\"wd-64902115bb9a9\" class=\"title-wrapper wd-wpb set-mb-s reset-last-child  wd-rs-64902115bb9a9 wd-title-color-default wd-title-style-default text-center  wd-width-custom wd-underline-colored\">\n\t\t\t\n\t\t\t<div class=\"liner-continer\">\n\t\t\t\t<h4 class=\"woodmart-title-container title  wd-font-weight- wd-fontsize-l\" >TISSUS<\/h4>\n\t\t\t\t\t\t\t<\/div>\n\t\t\t\n\t\t\t\n\t\t\t\n\t\t<\/div>\n\t\t\n\t\t[vc_empty_space height=&#8221;40px&#8221; woodmart_hide_large=&#8221;0&#8243; woodmart_hide_medium=&#8221;0&#8243; woodmart_hide_small=&#8221;0&#8243;][vc_row_inner][vc_column_inner width=&#8221;1\/4&#8243;]\t\t\t<div class=\"info-box-wrapper\">\n\t\t\t\t<div id=\"wd-6509b306476ef\" class=\" wd-rs-6509b306476ef cursor-pointer wd-info-box wd-wpb text-left box-icon-align-top box-style- color-scheme-dark wd-bg-none \"  onclick=\"window.location.href=&quot;https:\/\/lenard.tech\/fr\/tissus\/filters\/categoria\/tissus-non-feu\/&quot;\"  >\n\t\t\t\t\t\t\t\t\t\t\t<div class=\"box-icon-wrapper  box-with-icon box-icon-simple\">\n\t\t\t\t\t\t\t<div class=\"info-box-icon\">\n\n\t\t\t\t\t\t\t\n\t\t\t\t\t\t\t\t\t\t\t\t\t\t\t\t\t<img loading=\"lazy\" decoding=\"async\" width=\"600\" height=\"400\" src=\"https:\/\/lenard.tech\/wp-content\/uploads\/2023\/07\/Productos-ignifugos.jpg\" class=\"attachment-800x600 size-800x600\" alt=\"\" srcset=\"https:\/\/lenard.tech\/wp-content\/uploads\/2023\/07\/Productos-ignifugos.jpg 600w, https:\/\/lenard.tech\/wp-content\/uploads\/2023\/07\/Productos-ignifugos-400x267.jpg 400w, https:\/\/lenard.tech\/wp-content\/uploads\/2023\/07\/Productos-ignifugos-430x287.jpg 430w, https:\/\/lenard.tech\/wp-content\/uploads\/2023\/07\/Productos-ignifugos-150x100.jpg 150w\" sizes=\"auto, (max-width: 600px) 100vw, 600px\" \/>\t\t\t\t\t\t\t\t\t\t\t\t\t\t\t\n\t\t\t\t\t\t\t<\/div>\n\t\t\t\t\t\t<\/div>\n\t\t\t\t\t\t\t\t\t\t<div class=\"info-box-content\">\n\t\t\t\t\t\t<h4 class=\"info-box-title title box-title-style-default wd-fontsize-m\">RETARDATEURS DE FLAMME<\/h4>\t\t\t\t\t\t<div class=\"info-box-inner set-cont-mb-s reset-last-child\"><p>Propri\u00e9t\u00e9s inh\u00e9rentes permanentes dans quatre gammes de tissus (s\u00e9ries 4, 6, 8 et 9).<\/p>\n<p>Multinorme et certifi\u00e9s \u00e0 50 lavages industriels.<\/p>\n<\/div>\n\n\t\t\t\t\t\t\t\t\t\t\t<\/div>\n\n\t\t\t\t\t\t\t\t\t<\/div>\n\t\t\t<\/div>\n\t\t[\/vc_column_inner][vc_column_inner width=&#8221;1\/4&#8243;]\t\t\t<div class=\"info-box-wrapper\">\n\t\t\t\t<div id=\"wd-6509b31152978\" class=\" wd-rs-6509b31152978 cursor-pointer wd-info-box wd-wpb text-left box-icon-align-top box-style- color-scheme-dark wd-bg-none \"  onclick=\"window.location.href=&quot;https:\/\/lenard.tech\/fr\/tissus\/filters\/categoria\/aluminises\/&quot;\"  >\n\t\t\t\t\t\t\t\t\t\t\t<div class=\"box-icon-wrapper  box-with-icon box-icon-simple\">\n\t\t\t\t\t\t\t<div class=\"info-box-icon\">\n\n\t\t\t\t\t\t\t\n\t\t\t\t\t\t\t\t\t\t\t\t\t\t\t\t\t<img loading=\"lazy\" decoding=\"async\" width=\"600\" height=\"400\" src=\"https:\/\/lenard.tech\/wp-content\/uploads\/2022\/07\/fotos_PROD_aluminizados.jpg\" class=\"attachment-800x600 size-800x600\" alt=\"\" srcset=\"https:\/\/lenard.tech\/wp-content\/uploads\/2022\/07\/fotos_PROD_aluminizados.jpg 600w, https:\/\/lenard.tech\/wp-content\/uploads\/2022\/07\/fotos_PROD_aluminizados-430x287.jpg 430w, https:\/\/lenard.tech\/wp-content\/uploads\/2022\/07\/fotos_PROD_aluminizados-150x100.jpg 150w, https:\/\/lenard.tech\/wp-content\/uploads\/2022\/07\/fotos_PROD_aluminizados-400x267.jpg 400w\" sizes=\"auto, (max-width: 600px) 100vw, 600px\" \/>\t\t\t\t\t\t\t\t\t\t\t\t\t\t\t\n\t\t\t\t\t\t\t<\/div>\n\t\t\t\t\t\t<\/div>\n\t\t\t\t\t\t\t\t\t\t<div class=\"info-box-content\">\n\t\t\t\t\t\t<h4 class=\"info-box-title title box-title-style-default wd-fontsize-m\">ALUMINIS\u00c9<\/h4>\t\t\t\t\t\t<div class=\"info-box-inner set-cont-mb-s reset-last-child\"><p>\u00c9cran de protection contre les hautes temp\u00e9ratures (chaleur radiante).<\/p>\n<\/div>\n\n\t\t\t\t\t\t\t\t\t\t\t<\/div>\n\n\t\t\t\t\t\t\t\t\t<\/div>\n\t\t\t<\/div>\n\t\t[\/vc_column_inner][vc_column_inner width=&#8221;1\/4&#8243;]\t\t\t<div class=\"info-box-wrapper\">\n\t\t\t\t<div id=\"wd-6509b324e9c51\" class=\" wd-rs-6509b324e9c51 cursor-pointer wd-info-box wd-wpb text-left box-icon-align-top box-style- color-scheme-dark wd-bg-none \"  onclick=\"window.location.href=&quot;https:\/\/lenard.tech\/fr\/tissus\/filters\/categoria\/haute-visibilite\/&quot;\"  >\n\t\t\t\t\t\t\t\t\t\t\t<div class=\"box-icon-wrapper  box-with-icon box-icon-simple\">\n\t\t\t\t\t\t\t<div class=\"info-box-icon\">\n\n\t\t\t\t\t\t\t\n\t\t\t\t\t\t\t\t\t\t\t\t\t\t\t\t\t<img loading=\"lazy\" decoding=\"async\" width=\"600\" height=\"400\" src=\"https:\/\/lenard.tech\/wp-content\/uploads\/2023\/07\/productos-AV.jpg\" class=\"attachment-800x600 size-800x600\" alt=\"\" srcset=\"https:\/\/lenard.tech\/wp-content\/uploads\/2023\/07\/productos-AV.jpg 600w, https:\/\/lenard.tech\/wp-content\/uploads\/2023\/07\/productos-AV-400x267.jpg 400w, https:\/\/lenard.tech\/wp-content\/uploads\/2023\/07\/productos-AV-430x287.jpg 430w, https:\/\/lenard.tech\/wp-content\/uploads\/2023\/07\/productos-AV-150x100.jpg 150w\" sizes=\"auto, (max-width: 600px) 100vw, 600px\" \/>\t\t\t\t\t\t\t\t\t\t\t\t\t\t\t\n\t\t\t\t\t\t\t<\/div>\n\t\t\t\t\t\t<\/div>\n\t\t\t\t\t\t\t\t\t\t<div class=\"info-box-content\">\n\t\t\t\t\t\t<h4 class=\"info-box-title title box-title-style-default wd-fontsize-m\">HAUTE VISIBILIT\u00c9 IGNIFUGE<\/h4>\t\t\t\t\t\t<div class=\"info-box-inner set-cont-mb-s reset-last-child\"><p>Haute visibilit\u00e9 JAUNE, ORANGE et ROUGE. Tissus certifi\u00e9s EN 20471 (tous) apr\u00e8s 50 lavages, et certifi\u00e9s RIS 3279-TOM (orange et rouge).<\/p>\n<\/div>\n\n\t\t\t\t\t\t\t\t\t\t\t<\/div>\n\n\t\t\t\t\t\t\t\t\t<\/div>\n\t\t\t<\/div>\n\t\t[\/vc_column_inner][vc_column_inner width=&#8221;1\/4&#8243;]\t\t\t<div class=\"info-box-wrapper\">\n\t\t\t\t<div id=\"wd-649021a38b968\" class=\" wd-rs-649021a38b968 wd-info-box wd-wpb text-left box-icon-align-top box-style- color-scheme-dark wd-bg-none \"  >\n\t\t\t\t\t\t\t\t\t\t\t<div class=\"box-icon-wrapper  box-with-icon box-icon-simple\">\n\t\t\t\t\t\t\t<div class=\"info-box-icon\">\n\n\t\t\t\t\t\t\t\n\t\t\t\t\t\t\t\t\t\t\t\t\t\t\t\t\t<img loading=\"lazy\" decoding=\"async\" width=\"600\" height=\"400\" src=\"https:\/\/lenard.tech\/wp-content\/uploads\/2022\/07\/fotos_PROD_Antistatic.jpg\" class=\"attachment-800x600 size-800x600\" alt=\"\" srcset=\"https:\/\/lenard.tech\/wp-content\/uploads\/2022\/07\/fotos_PROD_Antistatic.jpg 600w, https:\/\/lenard.tech\/wp-content\/uploads\/2022\/07\/fotos_PROD_Antistatic-430x287.jpg 430w, https:\/\/lenard.tech\/wp-content\/uploads\/2022\/07\/fotos_PROD_Antistatic-150x100.jpg 150w, https:\/\/lenard.tech\/wp-content\/uploads\/2022\/07\/fotos_PROD_Antistatic-400x267.jpg 400w\" sizes=\"auto, (max-width: 600px) 100vw, 600px\" \/>\t\t\t\t\t\t\t\t\t\t\t\t\t\t\t\n\t\t\t\t\t\t\t<\/div>\n\t\t\t\t\t\t<\/div>\n\t\t\t\t\t\t\t\t\t\t<div class=\"info-box-content\">\n\t\t\t\t\t\t<h4 class=\"info-box-title title box-title-style-default wd-fontsize-m\">ANTISTATIQUE<\/h4>\t\t\t\t\t\t<div class=\"info-box-inner set-cont-mb-s reset-last-child\"><p>Large gamme de tissus ESD (salle blanche) et protection contre les d\u00e9charges \u00e9lectrostatiques avec diff\u00e9rents poids et compositions.<\/p>\n<\/div>\n\n\t\t\t\t\t\t\t\t\t\t\t<\/div>\n\n\t\t\t\t\t\t\t\t\t<\/div>\n\t\t\t<\/div>\n\t\t[\/vc_column_inner][\/vc_row_inner][vc_row_inner][vc_column_inner width=&#8221;1\/4&#8243;]\t\t\t<div class=\"info-box-wrapper\">\n\t\t\t\t<div id=\"wd-64ae4e7a1116d\" class=\" wd-rs-64ae4e7a1116d wd-info-box wd-wpb text-left box-icon-align-top box-style- color-scheme-dark wd-bg-none \"  >\n\t\t\t\t\t\t\t\t\t\t\t<div class=\"box-icon-wrapper  box-with-icon box-icon-simple\">\n\t\t\t\t\t\t\t<div class=\"info-box-icon\">\n\n\t\t\t\t\t\t\t\n\t\t\t\t\t\t\t\t\t\t\t\t\t\t\t\t\t<img loading=\"lazy\" decoding=\"async\" width=\"600\" height=\"400\" src=\"https:\/\/lenard.tech\/wp-content\/uploads\/2023\/07\/productos-AntiAcid.jpg\" class=\"attachment-800x600 size-800x600\" alt=\"\" srcset=\"https:\/\/lenard.tech\/wp-content\/uploads\/2023\/07\/productos-AntiAcid.jpg 600w, https:\/\/lenard.tech\/wp-content\/uploads\/2023\/07\/productos-AntiAcid-400x267.jpg 400w, https:\/\/lenard.tech\/wp-content\/uploads\/2023\/07\/productos-AntiAcid-430x287.jpg 430w, https:\/\/lenard.tech\/wp-content\/uploads\/2023\/07\/productos-AntiAcid-150x100.jpg 150w\" sizes=\"auto, (max-width: 600px) 100vw, 600px\" \/>\t\t\t\t\t\t\t\t\t\t\t\t\t\t\t\n\t\t\t\t\t\t\t<\/div>\n\t\t\t\t\t\t<\/div>\n\t\t\t\t\t\t\t\t\t\t<div class=\"info-box-content\">\n\t\t\t\t\t\t<h4 class=\"info-box-title title box-title-style-default wd-fontsize-m\">PROPRIETES ANTIACIDES - HAUTE DURABILIT\u00c9<\/h4>\t\t\t\t\t\t<div class=\"info-box-inner set-cont-mb-s reset-last-child\"><p>Propri\u00e9t\u00e9s anti-acides et anti-adh\u00e9sives.<\/p>\n<\/div>\n\n\t\t\t\t\t\t\t\t\t\t\t<\/div>\n\n\t\t\t\t\t\t\t\t\t<\/div>\n\t\t\t<\/div>\n\t\t[\/vc_column_inner][vc_column_inner width=&#8221;1\/4&#8243;]\t\t\t<div class=\"info-box-wrapper\">\n\t\t\t\t<div id=\"wd-6509b3360bfda\" class=\" wd-rs-6509b3360bfda cursor-pointer wd-info-box wd-wpb text-left box-icon-align-top box-style- color-scheme-dark wd-bg-none \"  onclick=\"window.location.href=&quot;https:\/\/lenard.tech\/fr\/tissus\/filters\/categoria\/anticoupure\/&quot;\"  >\n\t\t\t\t\t\t\t\t\t\t\t<div class=\"box-icon-wrapper  box-with-icon box-icon-simple\">\n\t\t\t\t\t\t\t<div class=\"info-box-icon\">\n\n\t\t\t\t\t\t\t\n\t\t\t\t\t\t\t\t\t\t\t\t\t\t\t\t\t<img loading=\"lazy\" decoding=\"async\" width=\"600\" height=\"400\" src=\"https:\/\/lenard.tech\/wp-content\/uploads\/2022\/07\/fotos_PROD_Anticurte.jpg\" class=\"attachment-800x600 size-800x600\" alt=\"\" srcset=\"https:\/\/lenard.tech\/wp-content\/uploads\/2022\/07\/fotos_PROD_Anticurte.jpg 600w, https:\/\/lenard.tech\/wp-content\/uploads\/2022\/07\/fotos_PROD_Anticurte-430x287.jpg 430w, https:\/\/lenard.tech\/wp-content\/uploads\/2022\/07\/fotos_PROD_Anticurte-150x100.jpg 150w, https:\/\/lenard.tech\/wp-content\/uploads\/2022\/07\/fotos_PROD_Anticurte-400x267.jpg 400w\" sizes=\"auto, (max-width: 600px) 100vw, 600px\" \/>\t\t\t\t\t\t\t\t\t\t\t\t\t\t\t\n\t\t\t\t\t\t\t<\/div>\n\t\t\t\t\t\t<\/div>\n\t\t\t\t\t\t\t\t\t\t<div class=\"info-box-content\">\n\t\t\t\t\t\t<h4 class=\"info-box-title title box-title-style-default wd-fontsize-m\">ANTI-COUPURE<\/h4>\t\t\t\t\t\t<div class=\"info-box-inner set-cont-mb-s reset-last-child\"><p>Qualit\u00e9 et dur\u00e9e maximales.<\/p>\n<p>Tissu l\u00e9ger pour la protection contre les coupures par des objets tranchants, les d\u00e9chirures, ainsi que la protection contre la perforation. Parfait pour le secteur alimentaire.<\/p>\n<\/div>\n\n\t\t\t\t\t\t\t\t\t\t\t<\/div>\n\n\t\t\t\t\t\t\t\t\t<\/div>\n\t\t\t<\/div>\n\t\t[\/vc_column_inner][vc_column_inner width=&#8221;1\/4&#8243;]\t\t\t<div class=\"info-box-wrapper\">\n\t\t\t\t<div id=\"wd-6509b3495601f\" class=\" wd-rs-6509b3495601f cursor-pointer wd-info-box wd-wpb text-left box-icon-align-top box-style- color-scheme-dark wd-bg-none \"  onclick=\"window.location.href=&quot;https:\/\/lenard.tech\/fr\/tissus\/filters\/categoria\/complements\/&quot;\"  >\n\t\t\t\t\t\t\t\t\t\t\t<div class=\"box-icon-wrapper  box-with-icon box-icon-simple\">\n\t\t\t\t\t\t\t<div class=\"info-box-icon\">\n\n\t\t\t\t\t\t\t\n\t\t\t\t\t\t\t\t\t\t\t\t\t\t\t\t\t<img loading=\"lazy\" decoding=\"async\" width=\"600\" height=\"400\" src=\"https:\/\/lenard.tech\/wp-content\/uploads\/2023\/07\/productos-complementos.jpg\" class=\"attachment-800x600 size-800x600\" alt=\"\" srcset=\"https:\/\/lenard.tech\/wp-content\/uploads\/2023\/07\/productos-complementos.jpg 600w, https:\/\/lenard.tech\/wp-content\/uploads\/2023\/07\/productos-complementos-400x267.jpg 400w, https:\/\/lenard.tech\/wp-content\/uploads\/2023\/07\/productos-complementos-430x287.jpg 430w, https:\/\/lenard.tech\/wp-content\/uploads\/2023\/07\/productos-complementos-150x100.jpg 150w\" sizes=\"auto, (max-width: 600px) 100vw, 600px\" \/>\t\t\t\t\t\t\t\t\t\t\t\t\t\t\t\n\t\t\t\t\t\t\t<\/div>\n\t\t\t\t\t\t<\/div>\n\t\t\t\t\t\t\t\t\t\t<div class=\"info-box-content\">\n\t\t\t\t\t\t<h4 class=\"info-box-title title box-title-style-default wd-fontsize-m\">ACCESSOIRES<\/h4>\t\t\t\t\t\t<div class=\"info-box-inner set-cont-mb-s reset-last-child\"><p>Les poignets, les cols et m\u00eame les fils doivent offrir non seulement la m\u00eame qualit\u00e9 et le m\u00eame confort, mais surtout la m\u00eame protection que le reste du v\u00eatement.<\/p>\n<\/div>\n\n\t\t\t\t\t\t\t\t\t\t\t<\/div>\n\n\t\t\t\t\t\t\t\t\t<\/div>\n\t\t\t<\/div>\n\t\t[\/vc_column_inner][vc_column_inner width=&#8221;1\/4&#8243;][\/vc_column_inner][\/vc_row_inner][vc_empty_space height=&#8221;40px&#8221; woodmart_hide_large=&#8221;0&#8243; woodmart_hide_medium=&#8221;0&#8243; woodmart_hide_small=&#8221;0&#8243;]<div id=\"wd-64f5f7727121e\" class=\" wd-rs-64f5f7727121e  wd-button-wrapper text-center\"><a href=\"https:\/\/lenard.tech\/fr\/tissus\/filters\/tipo\/tissus\/\" title=\"\" class=\"btn btn-color-primary btn-style-bordered btn-style-rectangle btn-size-default\">RECHERCHE DE TISSUS<\/a><\/div>[\/vc_column][\/vc_row][vc_row full_width=&#8221;stretch_row&#8221; css=&#8221;.vc_custom_1658829102793{margin-top: 50px !important;margin-bottom: -40px !important;background-color: #ffffff !important;}&#8221; mobile_bg_img_hidden=&#8221;no&#8221; tablet_bg_img_hidden=&#8221;no&#8221; woodmart_parallax=&#8221;0&#8243; woodmart_gradient_switch=&#8221;no&#8221; row_reverse_mobile=&#8221;0&#8243; row_reverse_tablet=&#8221;0&#8243; woodmart_disable_overflow=&#8221;0&#8243; wd_z_index=&#8221;no&#8221; woodmart_css_id=&#8221;62dfb92a7aae2&#8243; responsive_spacing=&#8221;eyJwYXJhbV90eXBlIjoid29vZG1hcnRfcmVzcG9uc2l2ZV9zcGFjaW5nIiwic2VsZWN0b3JfaWQiOiI2MmRmYjkyYTdhYWUyIiwic2hvcnRjb2RlIjoidmNfcm93IiwiZGF0YSI6eyJ0YWJsZXQiOnsibWFyZ2luLXRvcCI6IjE4MHB4In0sIm1vYmlsZSI6e319fQ==&#8221; woodmart_box_shadow=&#8221;no&#8221;][vc_column css=&#8221;.vc_custom_1581946195131{padding-top: 0px !important;}&#8221; mobile_bg_img_hidden=&#8221;no&#8221; tablet_bg_img_hidden=&#8221;no&#8221; woodmart_parallax=&#8221;0&#8243; woodmart_sticky_column=&#8221;false&#8221; parallax_scroll=&#8221;no&#8221; mobile_reset_margin=&#8221;no&#8221; tablet_reset_margin=&#8221;no&#8221;][vc_empty_space height=&#8221;60px&#8221; woodmart_hide_large=&#8221;0&#8243; woodmart_hide_medium=&#8221;0&#8243; woodmart_hide_small=&#8221;0&#8243;]\n\t\t<div id=\"wd-64902238e7bcd\" class=\"title-wrapper wd-wpb set-mb-s reset-last-child  wd-rs-64902238e7bcd wd-title-color-default wd-title-style-default text-center  wd-width-custom wd-underline-colored\">\n\t\t\t\n\t\t\t<div class=\"liner-continer\">\n\t\t\t\t<h4 class=\"woodmart-title-container title  wd-font-weight- wd-fontsize-l\" >TRICOTS<\/h4>\n\t\t\t\t\t\t\t<\/div>\n\t\t\t\n\t\t\t\n\t\t\t\n\t\t<\/div>\n\t\t\n\t\t[vc_empty_space height=&#8221;40px&#8221; woodmart_hide_large=&#8221;0&#8243; woodmart_hide_medium=&#8221;0&#8243; woodmart_hide_small=&#8221;0&#8243;][vc_row_inner][vc_column_inner width=&#8221;1\/4&#8243;]\t\t\t<div class=\"info-box-wrapper\">\n\t\t\t\t<div id=\"wd-6490225f103d1\" class=\" wd-rs-6490225f103d1 wd-info-box wd-wpb text-left box-icon-align-top box-style- color-scheme-dark wd-bg-none \"  >\n\t\t\t\t\t\t\t\t\t\t\t<div class=\"box-icon-wrapper  box-with-icon box-icon-simple\">\n\t\t\t\t\t\t\t<div class=\"info-box-icon\">\n\n\t\t\t\t\t\t\t\n\t\t\t\t\t\t\t\t\t\t\t\t\t\t\t\t\t<img loading=\"lazy\" decoding=\"async\" width=\"800\" height=\"600\" src=\"https:\/\/lenard.tech\/wp-content\/uploads\/2022\/06\/826-2-800x600.jpg\" class=\"attachment-800x600 size-800x600\" alt=\"\" \/>\t\t\t\t\t\t\t\t\t\t\t\t\t\t\t\n\t\t\t\t\t\t\t<\/div>\n\t\t\t\t\t\t<\/div>\n\t\t\t\t\t\t\t\t\t\t<div class=\"info-box-content\">\n\t\t\t\t\t\t<h4 class=\"info-box-title title box-title-style-default wd-fontsize-m\">\u00c0 L\u00b4INT\u00c9RIEUR<\/h4>\t\t\t\t\t\t<div class=\"info-box-inner set-cont-mb-s reset-last-child\"><p>T-shirt et cal\u00e7ons, cet ensemble de deux pi\u00e8ces est parfait pour une protection maximale contre le feu, les charges \u00e9lectrostatiques et l&#8217;arc \u00e9lectrique. Le bleu marine donne \u00e0 la pi\u00e8ce une image professionnelle et discr\u00e8te adapt\u00e9e \u00e0 de multiples secteurs.<\/p>\n<\/div>\n\n\t\t\t\t\t\t\t\t\t\t\t<\/div>\n\n\t\t\t\t\t\t\t\t\t<\/div>\n\t\t\t<\/div>\n\t\t[\/vc_column_inner][vc_column_inner width=&#8221;1\/4&#8243;]\t\t\t<div class=\"info-box-wrapper\">\n\t\t\t\t<div id=\"wd-64ca03f4628fa\" class=\" wd-rs-64ca03f4628fa wd-info-box wd-wpb text-left box-icon-align-top box-style- color-scheme-dark wd-bg-none \"  >\n\t\t\t\t\t\t\t\t\t\t\t<div class=\"box-icon-wrapper  box-with-icon box-icon-simple\">\n\t\t\t\t\t\t\t<div class=\"info-box-icon\">\n\n\t\t\t\t\t\t\t\n\t\t\t\t\t\t\t\t\t\t\t\t\t\t\t\t\t<img loading=\"lazy\" decoding=\"async\" width=\"800\" height=\"600\" src=\"https:\/\/lenard.tech\/wp-content\/uploads\/2022\/06\/fotos_LKWW_625-1-800x600.jpg\" class=\"attachment-800x600 size-800x600\" alt=\"\" \/>\t\t\t\t\t\t\t\t\t\t\t\t\t\t\t\n\t\t\t\t\t\t\t<\/div>\n\t\t\t\t\t\t<\/div>\n\t\t\t\t\t\t\t\t\t\t<div class=\"info-box-content\">\n\t\t\t\t\t\t<h4 class=\"info-box-title title box-title-style-default wd-fontsize-m\">\u00c0 L\u00b4\u00c9XTERIEUR<\/h4>\t\t\t\t\t\t<div class=\"info-box-inner set-cont-mb-s reset-last-child\"><p>Confort et s\u00e9curit\u00e9 r\u00e9unis dans des v\u00eatements respirants qui offrent une protection contre les charges \u00e9lectrostatiques, les arcs \u00e9lectriques et les flammes.<\/p>\n<\/div>\n\n\t\t\t\t\t\t\t\t\t\t\t<\/div>\n\n\t\t\t\t\t\t\t\t\t<\/div>\n\t\t\t<\/div>\n\t\t[\/vc_column_inner][vc_column_inner width=&#8221;1\/4&#8243;]\t\t\t<div class=\"info-box-wrapper\">\n\t\t\t\t<div id=\"wd-649025e882f08\" class=\" wd-rs-649025e882f08 wd-info-box wd-wpb text-left box-icon-align-top box-style- color-scheme-dark wd-bg-none \"  >\n\t\t\t\t\t\t\t\t\t\t\t<div class=\"box-icon-wrapper  box-with-icon box-icon-simple\">\n\t\t\t\t\t\t\t<div class=\"info-box-icon\">\n\n\t\t\t\t\t\t\t\n\t\t\t\t\t\t\t\t\t\t\t\t\t\t\t\t\t<img loading=\"lazy\" decoding=\"async\" width=\"800\" height=\"600\" src=\"https:\/\/lenard.tech\/wp-content\/uploads\/2022\/06\/camiseta-anticorte-800x600.jpg\" class=\"attachment-800x600 size-800x600\" alt=\"\" \/>\t\t\t\t\t\t\t\t\t\t\t\t\t\t\t\n\t\t\t\t\t\t\t<\/div>\n\t\t\t\t\t\t<\/div>\n\t\t\t\t\t\t\t\t\t\t<div class=\"info-box-content\">\n\t\t\t\t\t\t<h4 class=\"info-box-title title box-title-style-default wd-fontsize-m\">ANTI-COUPURE<\/h4>\t\t\t\t\t\t<div class=\"info-box-inner set-cont-mb-s reset-last-child\"><p>Chemises anti-coupures pens\u00e9es et con\u00e7ues pour les travaux qui ont besoin d\u2019 une protection suppl\u00e9mentaire contre les coupures et les perforations au niveau de la poitrine et des manches sans sacrifier le confort. Compos\u00e9 de notre tissu anti-coupure 330 certifi\u00e9 et class\u00e9 en NIVEAU E selon la norme EN 388.<\/p>\n<\/div>\n\n\t\t\t\t\t\t\t\t\t\t\t<\/div>\n\n\t\t\t\t\t\t\t\t\t<\/div>\n\t\t\t<\/div>\n\t\t[\/vc_column_inner][vc_column_inner width=&#8221;1\/4&#8243;]\t\t\t<div class=\"info-box-wrapper\">\n\t\t\t\t<div id=\"wd-651d11a8e942c\" class=\" wd-rs-651d11a8e942c wd-info-box wd-wpb text-left box-icon-align-top box-style- color-scheme-dark wd-bg-none \"  >\n\t\t\t\t\t\t\t\t\t\t\t<div class=\"box-icon-wrapper  box-with-icon box-icon-simple\">\n\t\t\t\t\t\t\t<div class=\"info-box-icon\">\n\n\t\t\t\t\t\t\t\n\t\t\t\t\t\t\t\t\t\t\t\t\t\t\t\t\t<img loading=\"lazy\" decoding=\"async\" width=\"800\" height=\"600\" src=\"https:\/\/lenard.tech\/wp-content\/uploads\/2022\/06\/Braga-polar-800x600.jpg\" class=\"attachment-800x600 size-800x600\" alt=\"\" \/>\t\t\t\t\t\t\t\t\t\t\t\t\t\t\t\n\t\t\t\t\t\t\t<\/div>\n\t\t\t\t\t\t<\/div>\n\t\t\t\t\t\t\t\t\t\t<div class=\"info-box-content\">\n\t\t\t\t\t\t<h4 class=\"info-box-title title box-title-style-default wd-fontsize-m\">ACCESSOIRES<\/h4>\t\t\t\t\t\t<div class=\"info-box-inner set-cont-mb-s reset-last-child\"><\/p>\n<p id=\"tw-target-text\" class=\"tw-data-text tw-text-large tw-ta\" dir=\"ltr\" data-placeholder=\"Traducci\u00f3n\" data-ved=\"2ahUKEwiF_Ijd6tuBAxXUTaQEHSohCuIQ3ewLegQIDhAQ\"><span class=\"Y2IQFc\" lang=\"fr\">Les chaussettes, les colliers mais aussi les fils doivent non seulement offrir la m\u00eame qualit\u00e9 et le m\u00eame confort, mais aussi la m\u00eame protection que le reste du v\u00eatement.<\/span><\/p>\n<p>\n<\/div>\n\n\t\t\t\t\t\t\t\t\t\t\t<\/div>\n\n\t\t\t\t\t\t\t\t\t<\/div>\n\t\t\t<\/div>\n\t\t[\/vc_column_inner][\/vc_row_inner][vc_empty_space height=&#8221;40px&#8221; woodmart_hide_large=&#8221;0&#8243; woodmart_hide_medium=&#8221;0&#8243; woodmart_hide_small=&#8221;0&#8243;]<div id=\"wd-64f5f79303f63\" class=\" wd-rs-64f5f79303f63  wd-button-wrapper text-center\"><a href=\"https:\/\/lenard.tech\/fr\/tricots\/\" title=\"\" class=\"btn btn-color-primary btn-style-bordered btn-style-rectangle btn-size-default\">VOIR LE CATALOGUE DES V\u00caTEMENTS<\/a><\/div>[vc_empty_space height=&#8221;40px&#8221; woodmart_hide_large=&#8221;0&#8243; woodmart_hide_medium=&#8221;0&#8243; woodmart_hide_small=&#8221;0&#8243;][\/vc_column][\/vc_row]<\/p>\n<\/section>","protected":false},"excerpt":{"rendered":"<p>[vc_row css=&#8221;.vc_custom_1658824261127{margin-top: 50px !important;margin-bottom: 20px !important;background-color: #f8f7f6 !important;}&#8221; mobile_bg_img_hidden=&#8221;no&#8221; tablet_bg_img_hidden=&#8221;no&#8221; woodmart_parallax=&#8221;0&#8243; woodmart_gradient_switch=&#8221;no&#8221; row_reverse_mobile=&#8221;0&#8243; row_reverse_tablet=&#8221;0&#8243; woodmart_disable_overflow=&#8221;0&#8243; wd_z_index=&#8221;no&#8221; woodmart_css_id=&#8221;62dfa634f179b&#8221; responsive_spacing=&#8221;eyJwYXJhbV90eXBlIjoid29vZG1hcnRfcmVzcG9uc2l2ZV9zcGFjaW5nIiwic2VsZWN0b3JfaWQiOiI2MmRmYTYzNGYxNzliIiwic2hvcnRjb2RlIjoidmNfcm93IiwiZGF0YSI6eyJ0YWJsZXQiOnsibWFyZ2luLXRvcCI6IjE4MHB4In0sIm1vYmlsZSI6e319fQ==&#8221; woodmart_box_shadow=&#8221;no&#8221;][vc_column css=&#8221;.vc_custom_1581946195131{padding-top:<\/p>\n","protected":false},"author":1,"featured_media":0,"parent":0,"menu_order":0,"comment_status":"closed","ping_status":"closed","template":"","meta":{"_mi_skip_tracking":false,"_monsterinsights_sitenote_active":false,"_monsterinsights_sitenote_note":"","_monsterinsights_sitenote_category":0,"footnotes":""},"class_list":["post-10978","page","type-page","status-publish","hentry"],"acf":[],"_links":{"self":[{"href":"https:\/\/lenard.tech\/fr\/wp-json\/wp\/v2\/pages\/10978","targetHints":{"allow":["GET"]}}],"collection":[{"href":"https:\/\/lenard.tech\/fr\/wp-json\/wp\/v2\/pages"}],"about":[{"href":"https:\/\/lenard.tech\/fr\/wp-json\/wp\/v2\/types\/page"}],"author":[{"embeddable":true,"href":"https:\/\/lenard.tech\/fr\/wp-json\/wp\/v2\/users\/1"}],"replies":[{"embeddable":true,"href":"https:\/\/lenard.tech\/fr\/wp-json\/wp\/v2\/comments?post=10978"}],"version-history":[{"count":24,"href":"https:\/\/lenard.tech\/fr\/wp-json\/wp\/v2\/pages\/10978\/revisions"}],"predecessor-version":[{"id":14408,"href":"https:\/\/lenard.tech\/fr\/wp-json\/wp\/v2\/pages\/10978\/revisions\/14408"}],"wp:attachment":[{"href":"https:\/\/lenard.tech\/fr\/wp-json\/wp\/v2\/media?parent=10978"}],"curies":[{"name":"wp","href":"https:\/\/api.w.org\/{rel}","templated":true}]}}