
{"id":11032,"date":"2022-05-23T14:30:38","date_gmt":"2022-05-23T14:30:38","guid":{"rendered":"https:\/\/lenard.tech\/politica-de-cookies\/"},"modified":"2025-01-30T15:26:40","modified_gmt":"2025-01-30T15:26:40","slug":"politique-de-cookies","status":"publish","type":"page","link":"https:\/\/lenard.tech\/fr\/politique-de-cookies\/","title":{"rendered":"Politique de Cookies"},"content":{"rendered":"<section class=\"wpb-content-wrapper\"><p>[vc_row css=&#8221;.vc_custom_1666863058389{padding-top: 80px !important;}&#8221; woodmart_css_id=&#8221;635a4fce0ec6d&#8221; responsive_spacing=&#8221;eyJwYXJhbV90eXBlIjoid29vZG1hcnRfcmVzcG9uc2l2ZV9zcGFjaW5nIiwic2VsZWN0b3JfaWQiOiI2MzVhNGZjZTBlYzZkIiwic2hvcnRjb2RlIjoidmNfcm93IiwiZGF0YSI6eyJ0YWJsZXQiOnt9LCJtb2JpbGUiOnt9fX0=&#8221; mobile_bg_img_hidden=&#8221;no&#8221; tablet_bg_img_hidden=&#8221;no&#8221; woodmart_parallax=&#8221;0&#8243; woodmart_gradient_switch=&#8221;no&#8221; woodmart_box_shadow=&#8221;no&#8221; wd_z_index=&#8221;no&#8221; woodmart_disable_overflow=&#8221;0&#8243; row_reverse_mobile=&#8221;0&#8243; row_reverse_tablet=&#8221;0&#8243;][vc_column][vc_column_text woodmart_inline=&#8221;no&#8221; text_larger=&#8221;no&#8221;]<strong>INTRODUCTION<\/strong><\/p>\n<p>Le site web de <strong>LENARD BCN, S.L.<\/strong> Il utilise ses propres cookies et ceux de tiers. Un cookie est un fichier qui est t\u00e9l\u00e9charg\u00e9 sur votre ordinateur lorsque vous acc\u00e9dez \u00e0 certains sites Web. Les cookies permettent \u00e0 un site web, entre autres, d&#8217;assurer le bon fonctionnement de la page, de permettre \u00e0 l&#8217;utilisateur d&#8217;acc\u00e9der plus rapidement aux services s\u00e9lectionn\u00e9s, de stocker et de r\u00e9cup\u00e9rer des informations sur les habitudes de navigation d&#8217;un utilisateur ou de son ordinateur et m\u00eame, en fonction des informations qu&#8217;ils contiennent et de la mani\u00e8re dont il utilise son ordinateur,\u00a0\u00a0 peut \u00eatre utilis\u00e9 pour reconna\u00eetre l&#8217;utilisateur. Les cookies ne sont associ\u00e9s qu&#8217;\u00e0 un utilisateur anonyme et \u00e0 son ordinateur ou appareil et ne fournissent pas de r\u00e9f\u00e9rences qui nous permettent de conna\u00eetre ses donn\u00e9es personnelles, sauf autorisation expresse de l&#8217;utilisateur.<\/p>\n<p>L&#8217;utilisateur peut, \u00e0 tout moment, accepter ou refuser les cookies install\u00e9s qui ne sont pas strictement n\u00e9cessaires au bon fonctionnement du site web et \u00e0 l&#8217;acc\u00e8s de l&#8217;utilisateur \u00e0 ses services, via le panneau de r\u00e9glage des cookies fourni sur notre site web. De m\u00eame, ils peuvent configurer leur navigateur \u00e0 tout moment sans que cela n&#8217;affecte la capacit\u00e9 de l&#8217;utilisateur \u00e0 acc\u00e9der aux contenus. Toutefois, nous vous informons que le rejet des cookies peut r\u00e9duire le bon fonctionnement du site internet.<\/p>\n<p><strong>COOKIES R\u00c9GLEMENT\u00c9S ET COOKIES EXEMPT\u00c9S<\/strong><\/p>\n<p>Conform\u00e9ment \u00e0 la directive de l&#8217;UE, les cookies qui n\u00e9cessitent le consentement \u00e9clair\u00e9 de l&#8217;utilisateur sont les cookies analytiques, publicitaires et d&#8217;affiliation, \u00e0 l&#8217;exception de ceux de nature technique et de ceux n\u00e9cessaires au fonctionnement du site web ou \u00e0 la fourniture de services express\u00e9ment demand\u00e9s par l&#8217;utilisateur.<\/p>\n<p><strong>TYPE DE COOKIES<\/strong><\/p>\n<ol>\n<li>a) Selon l&#8217;<strong>entit\u00e9 qui les g\u00e8re<\/strong>, il existe <strong>des cookies de premi\u00e8re partie<\/strong> (ceux qui sont envoy\u00e9s \u00e0 l&#8217;\u00e9quipement terminal de l&#8217;Utilisateur \u00e0 partir d&#8217;un ordinateur ou d&#8217;un domaine g\u00e9r\u00e9 par l&#8217;\u00e9diteur lui-m\u00eame et \u00e0 partir duquel le service demand\u00e9 par l&#8217;Utilisateur est fourni) et <strong>des cookies tiers <\/strong>(ceux qui sont envoy\u00e9s \u00e0 l&#8217;\u00e9quipement terminal de l&#8217;Utilisateur \u00e0 partir d&#8217;un ordinateur ou d&#8217;un domaine qui n&#8217;est pas g\u00e9r\u00e9 par l&#8217;\u00e9diteur,\u00a0\u00a0 mais par une autre entit\u00e9 qui traite les donn\u00e9es obtenues par le biais des cookies).<\/li>\n<li>b) En fonction de la <strong>dur\u00e9e pendant laquelle ils restent actifs<\/strong>, il existe des cookies <strong>de session<\/strong> (con\u00e7us pour demander et stocker des donn\u00e9es pendant que l&#8217;utilisateur acc\u00e8de \u00e0 un site web) et <strong>des cookies persistants <\/strong>(dans lesquels les donn\u00e9es sont stock\u00e9es sur le terminal et peuvent \u00eatre consult\u00e9es et trait\u00e9es pendant une p\u00e9riode d\u00e9finie par le responsable du cookie &#8211; elle peut aller de quelques minutes \u00e0 plusieurs ann\u00e9es).<\/li>\n<li>c) En fonction de la <strong>finalit\u00e9<\/strong> pour laquelle ils traitent les informations qu&#8217;ils collectent, ils peuvent \u00eatre :<\/li>\n<\/ol>\n<ul>\n<li><strong>Cookies techniques<\/strong> (n\u00e9cessaires \u00e0 l&#8217;utilisation du site web et \u00e0 la fourniture du service contract\u00e9 ) ;<\/li>\n<li><strong>Cookies de personnalisation<\/strong> (qui permettent \u00e0 l&#8217;utilisateur d&#8217;acc\u00e9der au service avec des caract\u00e9ristiques pr\u00e9d\u00e9finies, telles que la langue, le type de navigateur, la configuration r\u00e9gionale, etc.) ;<\/li>\n<li><strong>Cookies d&#8217;analyse<\/strong> (ils collectent des informations sur l&#8217;utilisation du site web) ;<\/li>\n<li><strong>Cookies publicitaires<\/strong> (collectent des informations sur les pr\u00e9f\u00e9rences et les choix personnels des utilisateurs) ;<\/li>\n<li><strong>Cookies d&#8217;affiliation<\/strong> (vous permettent de suivre les visites d&#8217;autres sites Web, avec lesquels le site Web a un contrat d&#8217;affiliation).<\/li>\n<\/ul>\n<p><strong>TYPE DE COOKIES UTILIS\u00c9S POUR CE SITE WEB<\/strong><\/p>\n<p>Lors de votre navigation sur notre site, des cookies issus de nos r\u00e9seaux sociaux sont susceptibles d&#8217;\u00eatre d\u00e9pos\u00e9s dans votre navigateur. Vous trouverez ci-dessous les liens vers les cookies des r\u00e9seaux sociaux que nous utilisons sur ce site :<\/p>\n<ul>\n<li>Cookies YouTube, voir plus d&#8217;informations dans leur politique en <a href=\"https:\/\/policies.google.com\/technologies\/cookies?hl=es\">mati\u00e8re de cookies<\/a><\/li>\n<li>Cookies LinkedIn, voir plus d&#8217;informations dans leur <a href=\"https:\/\/www.linkedin.com\/legal\/cookie-policy?_l=es_ES\">politique de cookies<\/a><\/li>\n<\/ul>\n<p><strong>R\u00c9VOCATION<\/strong><\/p>\n<p>\u00c0 tout moment, vous pouvez acc\u00e9der aux param\u00e8tres de votre navigateur en acceptant ou en refusant tous les cookies, ou s\u00e9lectionner ceux que l&#8217;installation accepte et ceux qui ne le font pas, en suivant l&#8217;une des proc\u00e9dures suivantes, qui d\u00e9pend du navigateur que vous utilisez :<\/p>\n<p><strong>Google Chrome<\/strong> (dans le menu Outils) :<\/p>\n<p>Param\u00e8tres &gt; Afficher les options avanc\u00e9es&gt; Confidentialit\u00e9 (Param\u00e8tres de contenu)&gt; Cookies :<\/p>\n<p>https:\/\/support.google.com\/chrome\/answer\/95647?co=GENIE.Platform%3DDesktop&#038;hl=es<\/p>\n<p><strong>Microsoft Edge<\/strong> (dans le menu Param\u00e8tres) :<\/p>\n<p>Param\u00e8tres &gt; cookies et autorisations du site :<\/p>\n<p><a href=\"edge:\/\/settings\/content\/cookies\">edge:\/\/settings\/content\/cookies<\/a><\/p>\n<p><strong>Firefox :<\/strong><\/p>\n<p>Choix&gt; Confidentialit\u00e9&gt; Cookies :<\/p>\n<p>https:\/\/support.mozilla.org\/es\/kb\/habilitar-y-deshabilitar-cookies-sitios-web-rastrear-preferencias<\/p>\n<p><strong>Safari, iPad et iPhone\u00a0:<\/strong><\/p>\n<p>Pr\u00e9f\u00e9rences&gt; Confidentialit\u00e9<\/p>\n<p>https:\/\/support.apple.com\/kb\/ph21411?locale=es_ES<\/p>\n<p><strong>Fonctionne:<\/strong><\/p>\n<p>Param\u00e8tres&gt; Options&gt; Avanc\u00e9&gt; Cookies<\/p>\n<p>http:\/\/help.opera.com\/Windows\/12.00\/es-ES\/cookies.html<\/p>\n<p>Ces navigateurs sont susceptibles d&#8217;\u00eatre modifi\u00e9s ou modifi\u00e9s, nous ne pouvons donc pas garantir qu&#8217;ils seront enti\u00e8rement conformes \u00e0 la version de votre navigateur. Il se peut \u00e9galement que vous utilisiez un autre navigateur non couvert par ces liens tel que Konqueror, Arora, Flock, etc. Pour \u00e9viter ces incoh\u00e9rences, vous pouvez y acc\u00e9der directement depuis les options de votre navigateur, g\u00e9n\u00e9ralement dans le menu \u00ab\u00a0Options\u00a0\u00bb de la section \u00ab\u00a0Confidentialit\u00e9\u00a0\u00bb (veuillez vous r\u00e9f\u00e9rer \u00e0 l&#8217;aide de votre navigateur pour plus d&#8217;informations).<\/p>\n<p><strong>MODIFICATIONS DE CETTE POLITIQUE EN MATI\u00c8RE DE COOKIES<\/strong><\/p>\n<p><strong>LENARD BCN, S.L.<\/strong> se r\u00e9serve le droit de modifier la pr\u00e9sente politique pour l&#8217;adapter \u00e0 la nouvelle l\u00e9gislation ou jurisprudence.<\/p>\n<p><strong>D\u00c9SACTIVATION\/ACTIVATION ET SUPPRESSION DES COOKIES<\/strong><\/p>\n<p>Pour restreindre ou bloquer les cookies, cela se fait via les param\u00e8tres de votre navigateur.<\/p>\n<p>Si vous ne souhaitez pas que les sites Web placent des cookies sur votre ordinateur, vous pouvez personnaliser les param\u00e8tres de votre navigateur afin d&#8217;\u00eatre averti avant que des cookies ne soient plac\u00e9s. De m\u00eame, vous pouvez adapter les param\u00e8tres pour que le navigateur refuse tous les cookies, ou uniquement les cookies tiers. Vous pouvez \u00e9galement supprimer tous les cookies qui se trouvent d\u00e9j\u00e0 sur votre ordinateur. N&#8217;oubliez pas que les param\u00e8tres de chaque navigateur et ordinateur que vous utilisez devront \u00eatre adapt\u00e9s s\u00e9par\u00e9ment.<\/p>\n<p>Veuillez noter que si vous ne souhaitez pas recevoir de cookies, nous ne serons plus en mesure de garantir que notre site Web fonctionnera comme pr\u00e9vu. Certaines fonctionnalit\u00e9s du site peuvent \u00eatre perdues et vous ne pouvez plus afficher certains sites Web. De plus, le refus des cookies ne signifie pas que vous ne verrez plus de publicit\u00e9s. Les publicit\u00e9s ne correspondent tout simplement pas \u00e0 vos int\u00e9r\u00eats et se r\u00e9p\u00e8tent plus souvent.<\/p>\n<p>Chaque navigateur dispose d&#8217;une m\u00e9thode diff\u00e9rente pour adapter les param\u00e8tres. Si n\u00e9cessaire, reportez-vous \u00e0 la fonction d&#8217;aide de votre navigateur pour d\u00e9finir les param\u00e8tres corrects.<\/p>\n<p>Pour d\u00e9sactiver les cookies sur votre t\u00e9l\u00e9phone mobile, veuillez vous r\u00e9f\u00e9rer au manuel de votre appareil pour plus d&#8217;informations.<\/p>\n<p>Vous pouvez en savoir plus sur les cookies sur Internet : <a href=\"http:\/\/www.aboutcookies.org\/\">http:\/\/www.aboutcookies.org\/<\/a>.<\/p>\n<p>Compte tenu de la fa\u00e7on dont Internet et les sites Web fonctionnent, nous ne disposons pas toujours d&#8217;informations sur les cookies plac\u00e9s par des tiers sur notre site Web. Cela s&#8217;applique en particulier aux cas o\u00f9 le site web contient ce que l&#8217;on appelle des \u00e9l\u00e9ments int\u00e9gr\u00e9s : des textes, des documents, des images ou des courts m\u00e9trages qui sont stock\u00e9s ailleurs, mais qui sont affich\u00e9s sur ou via notre site web.<\/p>\n<p>Par cons\u00e9quent, si vous rencontrez de tels cookies sur ce site Web et qu&#8217;ils ne sont pas r\u00e9pertori\u00e9s ci-dessus, veuillez nous en informer. Vous pouvez \u00e9galement contacter directement le tiers pour demander des informations sur les cookies qu&#8217;il place, l&#8217;objectif et la dur\u00e9e du cookie, et la mani\u00e8re dont il a prot\u00e9g\u00e9 votre vie priv\u00e9e.<\/p>\n<p><strong>INFORMATIONS RELATIVES AU TRAITEMENT DES DONN\u00c9ES \u00c0 CARACT\u00c8RE PERSONNEL (ART.13 GDPR)<\/strong><\/p>\n<p><strong>Qui est responsable du traitement de vos donn\u00e9es personnelles ?<\/strong><\/p>\n<p><strong>LENARD BCN, S.L.<\/strong> est le responsable du traitement des donn\u00e9es personnelles que vous nous fournissez, dont le si\u00e8ge social est situ\u00e9 \u00e0 Pol. Ind. Sot dels Pradals &#8211; C\/ Sabadell, 3, 08500, Vic, Barcelone et avec CIF B61223590. T\u00e9l\u00e9phone 93 886 92 12 et contact email info@lenard.tech.<\/p>\n<p><strong>\u00c0 quelles fins utilisons-nous vos donn\u00e9es personnelles ?<\/strong><\/p>\n<p>Les informations collect\u00e9es par le biais des cookies de premi\u00e8re partie (cookies de session et de saisie de l&#8217;utilisateur) sont g\u00e9n\u00e9ralement utilis\u00e9es pour suivre les actions de l&#8217;utilisateur lorsqu&#8217;il remplit des formulaires en ligne sur diverses pages, ou comme un panier d&#8217;achat pour suivre les articles que l&#8217;utilisateur a s\u00e9lectionn\u00e9s en appuyant sur un bouton, ou pour personnaliser l <em>\u00a0<\/em>&#8216;interface de l&#8217;utilisateur lors de la visite du site web.<\/p>\n<p>Les informations collect\u00e9es par le biais des cookies tiers sont les suivantes :<\/p>\n<ul>\n<li>Gr\u00e2ce aux cookies analytiques, vos habitudes de navigation sont analys\u00e9es afin d&#8217;am\u00e9liorer les services fournis ;<\/li>\n<li>Gr\u00e2ce aux cookies comportementaux, des informations sont collect\u00e9es sur les pr\u00e9f\u00e9rences de l&#8217;Utilisateur afin de g\u00e9rer les espaces publicitaires de la mani\u00e8re la plus efficace possible ; et<\/li>\n<li>Les cookies publicitaires mesurent les performances des publicit\u00e9s et fournissent des recommandations de produits bas\u00e9es sur des donn\u00e9es statistiques.<\/li>\n<\/ul>\n<p>Pour savoir exactement comment les cookies sont utilis\u00e9s, consultez le tableau sur l&#8217;utilisation des cookies sur ce site web.<\/p>\n<p><strong>Quelle est la base juridique du traitement de vos donn\u00e9es personnelles ?<\/strong><\/p>\n<p>La l\u00e9gitimit\u00e9 du traitement de vos donn\u00e9es personnelles est donn\u00e9e par votre consentement, accord\u00e9 au moment de nous contacter, pour l&#8217;utilisation de cookies analytiques, comportementaux et publicitaires ; Pour les cookies de session ou de personnalisation, la l\u00e9gitimit\u00e9 du traitement est donn\u00e9e par l&#8217;int\u00e9r\u00eat l\u00e9gitime du fournisseur (responsable de traitement).<\/p>\n<p><strong>\u00c0 qui divulguons-nous vos donn\u00e9es ?<\/strong><\/p>\n<p>Aucune donn\u00e9e ne sera c\u00e9d\u00e9e ou communiqu\u00e9e \u00e0 des tiers, sauf par obligation l\u00e9gale ou aux tiers indiqu\u00e9s dans le cas de l&#8217;utilisation de cookies g\u00e9r\u00e9s par ceux-ci.<\/p>\n<p><strong>Combien de temps vos donn\u00e9es sont-elles conserv\u00e9es ?<\/strong><\/p>\n<p>La dur\u00e9e de conservation des donn\u00e9es collect\u00e9es est celle indiqu\u00e9e dans le tableau sur l&#8217;utilisation des cookies sur ce site web.<\/p>\n<p><strong>Quels sont vos droits ?<\/strong><\/p>\n<p>Les droits qui prot\u00e8gent l&#8217;utilisateur sont ceux de l&#8217;acc\u00e8s, de la rectification, de l&#8217;effacement, de la portabilit\u00e9 de celui-ci, du retrait du consentement (sans que cela n&#8217;affecte la lic\u00e9it\u00e9 du traitement accord\u00e9 avant son retrait), de l&#8217;opposition au traitement, de la limitation (dans certaines circonstances) et du d\u00e9p\u00f4t d&#8217;une plainte aupr\u00e8s de l&#8217;autorit\u00e9 de contr\u00f4le (l&#8217;Agence espagnole de protection des donn\u00e9es,\u00a0 <a href=\"http:\/\/www.aepd.es\">www.aepd.es<\/a>).[\/vc_column_text][\/vc_column][\/vc_row]<\/p>\n<\/section>","protected":false},"excerpt":{"rendered":"<p>[vc_row css=&#8221;.vc_custom_1666863058389{padding-top: 80px !important;}&#8221; woodmart_css_id=&#8221;635a4fce0ec6d&#8221; responsive_spacing=&#8221;eyJwYXJhbV90eXBlIjoid29vZG1hcnRfcmVzcG9uc2l2ZV9zcGFjaW5nIiwic2VsZWN0b3JfaWQiOiI2MzVhNGZjZTBlYzZkIiwic2hvcnRjb2RlIjoidmNfcm93IiwiZGF0YSI6eyJ0YWJsZXQiOnt9LCJtb2JpbGUiOnt9fX0=&#8221; mobile_bg_img_hidden=&#8221;no&#8221; tablet_bg_img_hidden=&#8221;no&#8221; woodmart_parallax=&#8221;0&#8243; woodmart_gradient_switch=&#8221;no&#8221; woodmart_box_shadow=&#8221;no&#8221; wd_z_index=&#8221;no&#8221; woodmart_disable_overflow=&#8221;0&#8243; row_reverse_mobile=&#8221;0&#8243; row_reverse_tablet=&#8221;0&#8243;][vc_column][vc_column_text woodmart_inline=&#8221;no&#8221; text_larger=&#8221;no&#8221;]INTRODUCTION Le site web<\/p>\n","protected":false},"author":1,"featured_media":0,"parent":0,"menu_order":0,"comment_status":"closed","ping_status":"closed","template":"","meta":{"_mi_skip_tracking":false,"_monsterinsights_sitenote_active":false,"_monsterinsights_sitenote_note":"","_monsterinsights_sitenote_category":0,"footnotes":""},"class_list":["post-11032","page","type-page","status-publish","hentry"],"acf":[],"_links":{"self":[{"href":"https:\/\/lenard.tech\/fr\/wp-json\/wp\/v2\/pages\/11032","targetHints":{"allow":["GET"]}}],"collection":[{"href":"https:\/\/lenard.tech\/fr\/wp-json\/wp\/v2\/pages"}],"about":[{"href":"https:\/\/lenard.tech\/fr\/wp-json\/wp\/v2\/types\/page"}],"author":[{"embeddable":true,"href":"https:\/\/lenard.tech\/fr\/wp-json\/wp\/v2\/users\/1"}],"replies":[{"embeddable":true,"href":"https:\/\/lenard.tech\/fr\/wp-json\/wp\/v2\/comments?post=11032"}],"version-history":[{"count":5,"href":"https:\/\/lenard.tech\/fr\/wp-json\/wp\/v2\/pages\/11032\/revisions"}],"predecessor-version":[{"id":16433,"href":"https:\/\/lenard.tech\/fr\/wp-json\/wp\/v2\/pages\/11032\/revisions\/16433"}],"wp:attachment":[{"href":"https:\/\/lenard.tech\/fr\/wp-json\/wp\/v2\/media?parent=11032"}],"curies":[{"name":"wp","href":"https:\/\/api.w.org\/{rel}","templated":true}]}}