
{"id":11035,"date":"2022-05-23T14:29:56","date_gmt":"2022-05-23T14:29:56","guid":{"rendered":"https:\/\/lenard.tech\/aviso-legal\/"},"modified":"2025-01-30T15:20:28","modified_gmt":"2025-01-30T15:20:28","slug":"avis-juridique","status":"publish","type":"page","link":"https:\/\/lenard.tech\/fr\/avis-juridique\/","title":{"rendered":"AVIS JURIDIQUE"},"content":{"rendered":"<section class=\"wpb-content-wrapper\"><p>[vc_row css=&#8221;.vc_custom_1666862994549{padding-top: 80px !important;}&#8221; woodmart_css_id=&#8221;635a4f8d85e40&#8243; responsive_spacing=&#8221;eyJwYXJhbV90eXBlIjoid29vZG1hcnRfcmVzcG9uc2l2ZV9zcGFjaW5nIiwic2VsZWN0b3JfaWQiOiI2MzVhNGY4ZDg1ZTQwIiwic2hvcnRjb2RlIjoidmNfcm93IiwiZGF0YSI6eyJ0YWJsZXQiOnt9LCJtb2JpbGUiOnt9fX0=&#8221; mobile_bg_img_hidden=&#8221;no&#8221; tablet_bg_img_hidden=&#8221;no&#8221; woodmart_parallax=&#8221;0&#8243; woodmart_gradient_switch=&#8221;no&#8221; woodmart_box_shadow=&#8221;no&#8221; wd_z_index=&#8221;no&#8221; woodmart_disable_overflow=&#8221;0&#8243; row_reverse_mobile=&#8221;0&#8243; row_reverse_tablet=&#8221;0&#8243;][vc_column][vc_column_text woodmart_inline=&#8221;no&#8221; text_larger=&#8221;no&#8221;]Afin de se conformer \u00e0 l&#8217;article 10 de la loi 34\/2002 sur les services de la soci\u00e9t\u00e9 de l&#8217;information et du commerce \u00e9lectronique, nous informons les utilisateurs de nos donn\u00e9es :<\/p>\n<p>Nom de l&#8217;entreprise : <strong>LENARD BCN, S.L.<br \/>\n<\/strong>Domicilio Social\u00a0: <strong>Pol. Ind. Sot dels Pradals &#8211; C\/ Sabadell, 3, 08500, Vic, Barcelone<br \/>\n<\/strong>Num\u00e9ro d&#8217;identification fiscale : <strong>B61223590<br \/>\n<\/strong>T\u00e9l\u00e9phone\u00a0: <strong>93 886 92 12<br \/>\n<\/strong>Courriel : <strong>info@lenard.tech<br \/>\n<\/strong>Site Web : <strong>www.lenard.tech<\/strong><\/p>\n<p>Donn\u00e9es d&#8217;enregistrement\u00a0: <strong>Cette soci\u00e9t\u00e9 est inscrite au Registre du Commerce de Huesca, Volume 648, Folio 1, Page hu-13221.<\/strong><\/p>\n<ol>\n<li><strong>OBJET<\/strong><\/li>\n<\/ol>\n<p><strong>LENARD BCN, S.L. <\/strong>(d\u00e9sormais \u00e9galement le prestataire), en tant que responsable du site web, met \u00e0 la disposition des utilisateurs le pr\u00e9sent document, qui r\u00e9git l&#8217;utilisation du <strong>site web www.lenard.tech<\/strong>, avec lequel nous entendons respecter les obligations pr\u00e9vues par la loi 34\/2002 sur les services de la soci\u00e9t\u00e9 de l&#8217;information et du commerce \u00e9lectronique (LSSICE ou LSSI), ainsi que pour informer tous les utilisateurs du site web sur les conditions d&#8217;utilisation du site web.<\/p>\n<p>Par le biais du site web, <strong>LENARD BCN, S.L. <\/strong>Il permet aux utilisateurs d&#8217;acc\u00e9der et d&#8217;utiliser plus facilement diff\u00e9rents services et contenus.<\/p>\n<p>Toute personne qui acc\u00e8de \u00e0 ce site web assume le r\u00f4le d&#8217;utilisateur (ci-apr\u00e8s l&#8217;utilisateur), et implique l&#8217;acceptation pleine et sans r\u00e9serve de chacune des dispositions incluses dans le pr\u00e9sent avis juridique, ainsi que de toute autre disposition l\u00e9gale qui pourrait \u00eatre applicable.<\/p>\n<p>En tant qu&#8217;utilisateurs, vous devez lire attentivement le pr\u00e9sent avis juridique \u00e0 chaque fois que vous visitez le site web, car il peut \u00eatre modifi\u00e9. Le fournisseur a le droit d&#8217;apporter des modifications aux informations contenues sur le site Web afin de se conformer \u00e0 la r\u00e9glementation ou de mettre \u00e0 jour la pr\u00e9sente politique. Le fournisseur n&#8217;est pas tenu d&#8217;informer \u00e0 l&#8217;avance les utilisateurs des modifications apport\u00e9es, et leur publication sur le site web est suffisante.<\/p>\n<ol start=\"2\">\n<li><strong> CONDITIONS D&#8217;ACC\u00c8S ET D&#8217;UTILISATION DU SITE WEB<\/strong><\/li>\n<\/ol>\n<p><strong>2.1. Acc\u00e8s et utilisation gratuits du site web<\/strong><\/p>\n<p>La prestation de services par <strong>LENARD BCN, S.L.<\/strong> Il est gratuit pour tous les utilisateurs.<\/p>\n<p><strong>2.2. Inscription de l&#8217;utilisateur<\/strong><\/p>\n<p>D&#8217;une mani\u00e8re g\u00e9n\u00e9rale, la fourniture des Services ne n\u00e9cessite pas l&#8217;abonnement ou l&#8217;inscription pr\u00e9alable des Utilisateurs.<\/p>\n<p><strong>2.3. V\u00e9racit\u00e9 des informations<\/strong><\/p>\n<p>Toutes les informations fournies par l&#8217;Utilisateur doivent \u00eatre v\u00e9ridiques. A ces fins, l&#8217;Utilisateur garantit l&#8217;authenticit\u00e9 des donn\u00e9es communiqu\u00e9es par le biais des formulaires de souscription des Services. Il sera de la responsabilit\u00e9 de l&#8217;utilisateur de conserver toutes les informations fournies \u00e0 <strong>LENARD BCN, S.L.<\/strong> mis \u00e0 jour en permanence afin qu&#8217;il r\u00e9ponde, \u00e0 tout moment, \u00e0 sa situation r\u00e9elle. Dans tous les cas, l&#8217;utilisateur sera seul responsable des d\u00e9clarations fausses ou inexactes faites et de tout dommage caus\u00e9 au fournisseur ou \u00e0 des tiers.<\/p>\n<p><strong>2.4. Mineurs<\/strong><\/p>\n<p>Afin d&#8217;utiliser les Services, les mineurs doivent toujours obtenir le consentement pr\u00e9alable de leurs parents, tuteurs ou repr\u00e9sentants l\u00e9gaux, qui sont responsables en dernier ressort de tous les actes accomplis par les mineurs dont ils ont la charge. C&#8217;est \u00e0 eux qu&#8217;incombe la responsabilit\u00e9 de d\u00e9terminer le contenu sp\u00e9cifique auquel les mineurs ont acc\u00e8s, c&#8217;est pourquoi, s&#8217;ils acc\u00e8dent \u00e0 des contenus qui ne sont pas appropri\u00e9s pour Internet, des m\u00e9canismes doivent \u00eatre \u00e9tablis sur leurs ordinateurs, en particulier des programmes informatiques, des filtres et des blocs, qui permettent de limiter le contenu disponible et, bien qu&#8217;ils ne soient pas infaillibles, ils sont particuli\u00e8rement utiles pour contr\u00f4ler et restreindre les mat\u00e9riaux auxquels les mineurs peuvent acc\u00e9der.<\/p>\n<p><strong>2.5. Obligation d&#8217;utilisation correcte du site web<\/strong><\/p>\n<p>L&#8217;utilisateur s&#8217;engage \u00e0 utiliser le site web conform\u00e9ment \u00e0 la loi et aux pr\u00e9sentes mentions l\u00e9gales, ainsi qu&#8217;\u00e0 la morale et aux bonnes m\u0153urs. En effet, l&#8217;utilisateur s&#8217;abstiendra d&#8217;utiliser le site web \u00e0 des fins illicites ou interdites, pr\u00e9judiciables aux droits et int\u00e9r\u00eats de tiers, ou qui, de quelque mani\u00e8re que ce soit, pourraient endommager, d\u00e9sactiver, surcharger, d\u00e9t\u00e9riorer ou entraver l&#8217;utilisation normale de l&#8217;\u00e9quipement informatique ou des documents, fichiers et toutes sortes de contenus stock\u00e9s sur tout \u00e9quipement informatique du fournisseur.<\/p>\n<p>En particulier, et \u00e0 titre d&#8217;exemple, mais non exhaustif, l&#8217;Utilisateur s&#8217;engage \u00e0 ne pas transmettre, diffuser ou mettre \u00e0 la disposition de tiers des informations, donn\u00e9es, contenus, messages, graphiques, dessins, fichiers son ou image, photographies, enregistrements, logiciels et, en g\u00e9n\u00e9ral, tout type de mat\u00e9riel qui :<\/p>\n<p>(A) est contraire, d\u00e9nigre ou viole les droits fondamentaux et libert\u00e9s publiques reconnues constitutionnellement, dans les trait\u00e9s internationaux et autres r\u00e9glementations en vigueur ;<\/p>\n<p>(B) induit, incite ou promeut des actions criminelles, d\u00e9nigrantes, diffamatoires,\u00a0 violentes ou, en g\u00e9n\u00e9ral, contraires \u00e0 la loi, aux bonnes m\u0153urs et \u00e0 l&#8217;ordre public ;<\/p>\n<p>(C) induit, incite ou promeut des actions, des attitudes ou des pens\u00e9es discriminatoires pour des raisons de sexe, de race, de religion, de croyances, d&#8217;\u00e2ge ou de condition ;<\/p>\n<p>(D) est contraire au droit \u00e0 l&#8217;honneur, \u00e0 l&#8217;intimit\u00e9 personnelle ou familiale ou \u00e0 la sienne\u00a0 l&#8217;image des gens ;<\/p>\n<p>(E) nuire de quelque mani\u00e8re que ce soit \u00e0 la cr\u00e9dibilit\u00e9 du fournisseur ou de tiers ; et<\/p>\n<p>(F) constitue une publicit\u00e9 ill\u00e9gale, trompeuse ou d\u00e9loyale.<\/p>\n<ol start=\"3\">\n<li><strong> EXCLUSION DE GARANTIES ET DE RESPONSABILIT\u00c9<\/strong><\/li>\n<\/ol>\n<p>Le fournisseur est exon\u00e9r\u00e9 de tout type de responsabilit\u00e9 d\u00e9coulant des informations publi\u00e9es sur notre site web, \u00e0 condition que ces informations aient \u00e9t\u00e9 manipul\u00e9es ou introduites par un tiers externe.<\/p>\n<p>Ce site Web a \u00e9t\u00e9 examin\u00e9 et test\u00e9 pour fonctionner correctement. En principe, le bon fonctionnement peut \u00eatre garanti 365 jours par an, 24 heures sur 24. Toutefois, le fournisseur n&#8217;exclut pas la possibilit\u00e9 qu&#8217;il puisse y avoir certaines erreurs de programmation, ou qu&#8217;il puisse y avoir des causes de force majeure, des catastrophes naturelles, des gr\u00e8ves ou des circonstances similaires qui rendent l&#8217;acc\u00e8s au site Web impossible.<\/p>\n<p><strong>LENARD BCN, S.L.<\/strong> n&#8217;accorde aucune garantie et n&#8217;est en aucun cas responsable des dommages de toute nature qui pourraient d\u00e9couler du manque de disponibilit\u00e9, de maintenance et de fonctionnement efficace du site Web ou de ses services et contenus, de l&#8217;existence de virus, de programmes malveillants ou nuisibles dans les contenus, de l&#8217;utilisation illicite, n\u00e9gligente, frauduleuse ou contraire au pr\u00e9sent avis juridique et aux conditions d&#8217;utilisation, ou du manque de l\u00e9galit\u00e9,\u00a0 Qualit\u00e9, fiabilit\u00e9, utilit\u00e9 et disponibilit\u00e9 des services fournis par des tiers et mis \u00e0 la disposition des utilisateurs sur le site web.<\/p>\n<p>Le fournisseur n&#8217;est en aucun cas responsable des dommages qui pourraient r\u00e9sulter de l&#8217;utilisation ill\u00e9gale ou inappropri\u00e9e de ce site web.<\/p>\n<ol start=\"4\">\n<li><strong> LES COOKIES<\/strong><\/li>\n<\/ol>\n<p>Le site web du fournisseur peut utiliser des cookies (petits fichiers d&#8217;information que le serveur envoie \u00e0 l&#8217;ordinateur de la personne qui acc\u00e8de \u00e0 la page) pour ex\u00e9cuter certaines fonctions consid\u00e9r\u00e9es comme essentielles au bon fonctionnement et \u00e0 l&#8217;affichage du site. Les cookies utilis\u00e9s sont, en tout \u00e9tat de cause, temporaires, dans le seul but de rendre la navigation plus efficace, et disparaissent \u00e0 la fin de la session de l&#8217;utilisateur. En aucun cas, les cookies ne seront utilis\u00e9s pour collecter des informations personnelles. Pour plus d&#8217;informations, consultez notre <u>politique en mati\u00e8re de cookies<\/u>\u00a0.<\/p>\n<ol start=\"5\">\n<li><strong> ENLACEMENTS <em>(LIENS)<\/em><\/strong><\/li>\n<\/ol>\n<p>\u00c0 partir du site Web, il est possible que vous soyez redirig\u00e9 vers du contenu sponsoris\u00e9, des publicit\u00e9s et\/ou des liens provenant d&#8217;affili\u00e9s et\/ou de tiers.<\/p>\n<p>Parmi les liens fournis, il est possible d&#8217;informer ou de faire r\u00e9f\u00e9rence \u00e0 des produits et\/ou services de tiers. \u00c9tant donn\u00e9 que nous ne pouvons pas contr\u00f4ler le contenu introduit par des tiers \u00e0 partir du site web, <strong>LENARD BCN, S.L.<\/strong> Il n&#8217;assume aucun type de responsabilit\u00e9 \u00e0 l&#8217;\u00e9gard de ce contenu, ni ne garantit l&#8217;exp\u00e9rience, l&#8217;int\u00e9grit\u00e9 ou la qualit\u00e9 de ses produits. Dans tous les cas, le fournisseur d\u00e9clare qu&#8217;il supprimera imm\u00e9diatement les redirections vers des sites Web dont le contenu pourrait contrevenir \u00e0 la l\u00e9gislation nationale ou internationale, \u00e0 la morale ou \u00e0 l&#8217;ordre public, et qu&#8217;il informera les autorit\u00e9s comp\u00e9tentes de ce contenu.<\/p>\n<p><strong>LENARD BCN, S.L.<\/strong> ces liens seront publi\u00e9s jusqu&#8217;\u00e0 ce qu&#8217;ils soient supprim\u00e9s ou suspendus par le fournisseur ou par l&#8217;annonceur, et ne seront pas responsables, bien que ces annonces puissent \u00eatre index\u00e9es par d&#8217;autres moteurs de recherche en dehors de ce site Web.<\/p>\n<p>Le fournisseur n&#8217;est pas responsable des informations et du contenu stock\u00e9s, y compris, mais sans s&#8217;y limiter, dans les forums, les chats, les g\u00e9n\u00e9rateurs de blogs, les commentaires, les r\u00e9seaux sociaux ou tout autre moyen permettant \u00e0 des tiers de publier du contenu de mani\u00e8re ind\u00e9pendante sur le site Web du fournisseur. Toutefois, et conform\u00e9ment aux dispositions des articles 11 et 16 de la LSSICE, le fournisseur se met \u00e0 la disposition de tous les utilisateurs, autorit\u00e9s et forces de s\u00e9curit\u00e9, et collabore activement \u00e0 la suppression ou, le cas \u00e9ch\u00e9ant, au blocage de tous les contenus susceptibles d&#8217;affecter ou de contrevenir \u00e0 la l\u00e9gislation nationale.\u00a0 ou international, les droits des tiers ou la morale et l&#8217;ordre public. Dans le cas o\u00f9 l&#8217;utilisateur consid\u00e8re qu&#8217;il peut y avoir un contenu susceptible d&#8217;\u00eatre susceptible de cette classification, il doit en informer imm\u00e9diatement l&#8217;administrateur du site web.<\/p>\n<p>Cependant, <strong>LENARD BCN, S.L.<\/strong> Nous vous informons que toute relation contractuelle ou non contractuelle que l&#8217;Utilisateur formalise avec ces tiers, affili\u00e9s ou annonceurs par le biais du lien fourni par ce site web, sera valable uniquement et exclusivement entre l&#8217;Utilisateur et l&#8217;Annonceur et\/ou le tiers et <strong>LENARD BCN, S.L.<\/strong> Il ne sera pas responsable des dommages qui pourraient \u00eatre caus\u00e9s par la fourniture de services et\/ou les relations contractuelles ou non contractuelles \u00e9tablies entre l&#8217;utilisateur et les annonceurs ou les tiers contact\u00e9s par le biais de ce portail, puisque le fournisseur n&#8217;agit qu&#8217;en tant qu&#8217;interm\u00e9diaire ou support publicitaire.<\/p>\n<ol start=\"6\">\n<li><strong> PROTECTION DES DONN\u00c9ES PERSONNELLES<\/strong><\/li>\n<\/ol>\n<p>Le fournisseur s&#8217;engage profond\u00e9ment \u00e0 respecter la r\u00e9glementation sur la protection des donn\u00e9es personnelles et garantit le plein respect des obligations, ainsi que la mise en \u0153uvre des mesures de s\u00e9curit\u00e9 pr\u00e9vues par le r\u00e8glement europ\u00e9en sur la protection des donn\u00e9es et la r\u00e9glementation espagnole sur la protection des donn\u00e9es. Pour plus d&#8217;informations, consultez notre <u>Politique de confidentialit\u00e9<\/u>\u00a0.<\/p>\n<ol start=\"7\">\n<li><strong> PROPRI\u00c9T\u00c9 INTELLECTUELLE ET INDUSTRIELLE<\/strong><\/li>\n<\/ol>\n<p>Le site web, y compris, mais sans s&#8217;y limiter : la programmation, l&#8217;\u00e9dition, la compilation et d&#8217;autres \u00e9l\u00e9ments n\u00e9cessaires \u00e0 son fonctionnement, les dessins, logos, textes, photographies et\/ou graphiques sont la propri\u00e9t\u00e9 du fournisseur ou, le cas \u00e9ch\u00e9ant, dispose de la licence ou de l&#8217;autorisation expresse des auteurs. Tous les contenus du site sont d\u00fbment prot\u00e9g\u00e9s par les r\u00e9glementations sur la propri\u00e9t\u00e9 intellectuelle et industrielle.<\/p>\n<p>Quelle que soit la finalit\u00e9 \u00e0 laquelle ils sont destin\u00e9s, la reproduction totale ou partielle, l&#8217;utilisation, la distribution et la communication publique n\u00e9cessitent l&#8217;autorisation \u00e9crite pr\u00e9alable du prestataire. Toute utilisation non autoris\u00e9e au pr\u00e9alable par le fournisseur sera consid\u00e9r\u00e9e comme une violation grave des droits de propri\u00e9t\u00e9 intellectuelle ou industrielle de l&#8217;auteur.<\/p>\n<p>Les dessins, logos, textes et\/ou graphiques qui ne font pas partie du fournisseur et qui peuvent appara\u00eetre sur le site web appartiennent \u00e0 leurs propri\u00e9taires respectifs, qui sont eux-m\u00eames responsables de toute controverse \u00e9ventuelle pouvant survenir \u00e0 leur \u00e9gard. Dans tous les cas, le fournisseur a l&#8217;autorisation expresse et pr\u00e9alable de celui-ci.<\/p>\n<p>Le fournisseur reconna\u00eet les droits de propri\u00e9t\u00e9 industrielle et intellectuelle correspondants en faveur de leurs titulaires, sans impliquer la mention ou l&#8217;apparition sur le site web de l&#8217;existence de droits ou de responsabilit\u00e9 du fournisseur sur ceux-ci, ni le soutien, le parrainage ou la recommandation de celui-ci.<\/p>\n<p>Pour faire tout type d&#8217;observation concernant d&#8217;\u00e9ventuelles violations des droits de propri\u00e9t\u00e9 intellectuelle ou industrielle, ainsi que l&#8217;un des contenus du site web, vous pouvez le faire via l&#8217;e-mail mentionn\u00e9 ci-dessus.<\/p>\n<ol start=\"8\">\n<li><strong> DROIT APPLICABLE ET JURIDICTION COMP\u00c9TENTE<\/strong><\/li>\n<\/ol>\n<p>Pour la r\u00e9solution des controverses ou des questions relatives \u00e0 ce site web ou aux activit\u00e9s qui y sont men\u00e9es, la l\u00e9gislation espagnole sera applicable, \u00e0 laquelle les parties se soumettent express\u00e9ment, et les Cours et Tribunaux de Tarragone seront comp\u00e9tents pour la r\u00e9solution de tous les conflits d\u00e9coulant de ou li\u00e9s \u00e0 son utilisation.<\/p>\n<p>Mentions l\u00e9gales pr\u00e9par\u00e9es et valid\u00e9es par <strong>PymeLegal, S.L.<\/strong> \u2013 <a href=\"http:\/\/www.pymelegal.es\">www.pymelegal.es<\/a><\/p>\n<p>[\/vc_column_text][\/vc_column][\/vc_row]<\/p>\n<\/section>","protected":false},"excerpt":{"rendered":"<p>[vc_row css=&#8221;.vc_custom_1666862994549{padding-top: 80px !important;}&#8221; woodmart_css_id=&#8221;635a4f8d85e40&#8243; responsive_spacing=&#8221;eyJwYXJhbV90eXBlIjoid29vZG1hcnRfcmVzcG9uc2l2ZV9zcGFjaW5nIiwic2VsZWN0b3JfaWQiOiI2MzVhNGY4ZDg1ZTQwIiwic2hvcnRjb2RlIjoidmNfcm93IiwiZGF0YSI6eyJ0YWJsZXQiOnt9LCJtb2JpbGUiOnt9fX0=&#8221; mobile_bg_img_hidden=&#8221;no&#8221; tablet_bg_img_hidden=&#8221;no&#8221; woodmart_parallax=&#8221;0&#8243; woodmart_gradient_switch=&#8221;no&#8221; woodmart_box_shadow=&#8221;no&#8221; wd_z_index=&#8221;no&#8221; woodmart_disable_overflow=&#8221;0&#8243; row_reverse_mobile=&#8221;0&#8243; row_reverse_tablet=&#8221;0&#8243;][vc_column][vc_column_text woodmart_inline=&#8221;no&#8221; text_larger=&#8221;no&#8221;]Afin de se conformer<\/p>\n","protected":false},"author":1,"featured_media":0,"parent":0,"menu_order":0,"comment_status":"closed","ping_status":"closed","template":"","meta":{"_mi_skip_tracking":false,"_monsterinsights_sitenote_active":false,"_monsterinsights_sitenote_note":"","_monsterinsights_sitenote_category":0,"footnotes":""},"class_list":["post-11035","page","type-page","status-publish","hentry"],"acf":[],"_links":{"self":[{"href":"https:\/\/lenard.tech\/fr\/wp-json\/wp\/v2\/pages\/11035","targetHints":{"allow":["GET"]}}],"collection":[{"href":"https:\/\/lenard.tech\/fr\/wp-json\/wp\/v2\/pages"}],"about":[{"href":"https:\/\/lenard.tech\/fr\/wp-json\/wp\/v2\/types\/page"}],"author":[{"embeddable":true,"href":"https:\/\/lenard.tech\/fr\/wp-json\/wp\/v2\/users\/1"}],"replies":[{"embeddable":true,"href":"https:\/\/lenard.tech\/fr\/wp-json\/wp\/v2\/comments?post=11035"}],"version-history":[{"count":3,"href":"https:\/\/lenard.tech\/fr\/wp-json\/wp\/v2\/pages\/11035\/revisions"}],"predecessor-version":[{"id":16430,"href":"https:\/\/lenard.tech\/fr\/wp-json\/wp\/v2\/pages\/11035\/revisions\/16430"}],"wp:attachment":[{"href":"https:\/\/lenard.tech\/fr\/wp-json\/wp\/v2\/media?parent=11035"}],"curies":[{"name":"wp","href":"https:\/\/api.w.org\/{rel}","templated":true}]}}