
{"id":11086,"date":"2022-05-02T15:04:43","date_gmt":"2022-05-02T15:04:43","guid":{"rendered":"https:\/\/lenard.tech\/politica-de-privacidad\/"},"modified":"2025-01-30T15:23:24","modified_gmt":"2025-01-30T15:23:24","slug":"politique-de-confidentialite","status":"publish","type":"page","link":"https:\/\/lenard.tech\/fr\/politique-de-confidentialite\/","title":{"rendered":"POLITIQUE DE CONFIDENTIALIT\u00c9"},"content":{"rendered":"<section class=\"wpb-content-wrapper\"><p>[vc_row css=&#8221;.vc_custom_1666863019499{padding-top: 80px !important;}&#8221; woodmart_css_id=&#8221;635a4fa7b1784&#8243; responsive_spacing=&#8221;eyJwYXJhbV90eXBlIjoid29vZG1hcnRfcmVzcG9uc2l2ZV9zcGFjaW5nIiwic2VsZWN0b3JfaWQiOiI2MzVhNGZhN2IxNzg0Iiwic2hvcnRjb2RlIjoidmNfcm93IiwiZGF0YSI6eyJ0YWJsZXQiOnt9LCJtb2JpbGUiOnt9fX0=&#8221; mobile_bg_img_hidden=&#8221;no&#8221; tablet_bg_img_hidden=&#8221;no&#8221; woodmart_parallax=&#8221;0&#8243; woodmart_gradient_switch=&#8221;no&#8221; woodmart_box_shadow=&#8221;no&#8221; wd_z_index=&#8221;no&#8221; woodmart_disable_overflow=&#8221;0&#8243; row_reverse_mobile=&#8221;0&#8243; row_reverse_tablet=&#8221;0&#8243;][vc_column][vc_column_text woodmart_inline=&#8221;no&#8221; text_larger=&#8221;no&#8221;]<strong>INTRODUCTION<\/strong><\/p>\n<p>Votre vie priv\u00e9e est importante pour nous, c&#8217;est pourquoi \u00e0 travers ce document, nous expliquons quelles donn\u00e9es nous collectons aupr\u00e8s des utilisateurs, comment nous les utilisons et \u00e0 quelles fins, entre autres indications.<\/p>\n<p>Pour info, nous ne demanderons jamais plus d&#8217;informations que ce dont nous aurons r\u00e9ellement besoin pour les services requis ; Nous ne les partagerons jamais avec des tiers, sauf par obligation l\u00e9gale ou avec votre autorisation pr\u00e9alable ; et nous n&#8217;utiliserons jamais vos donn\u00e9es \u00e0 d&#8217;autres fins que celles indiqu\u00e9es ci-dessus.<\/p>\n<p>En tant qu&#8217;utilisateur, vous devez lire attentivement la pr\u00e9sente politique de confidentialit\u00e9 r\u00e9guli\u00e8rement et chaque fois que vous saisissez vos donn\u00e9es personnelles, car elles peuvent \u00eatre modifi\u00e9es. Le fournisseur a le droit d&#8217;apporter des modifications aux informations contenues sur le site Web afin de se conformer \u00e0 la r\u00e9glementation ou de mettre \u00e0 jour la pr\u00e9sente politique. Le fournisseur n&#8217;est pas tenu d&#8217;informer \u00e0 l&#8217;avance les utilisateurs des modifications apport\u00e9es, et leur publication sur le site web est suffisante.<strong>\u00a0<\/strong><\/p>\n<p><strong>RESPONSABLE DU TRAITEMENT DES DONN\u00c9ES :<br \/>\n<\/strong>Identit\u00e9 : <strong>LENARD BCN, S.L. <\/strong>(\u00e9galement le fournisseur)<br \/>\nNIF :<strong> B61223590<br \/>\n<\/strong>Adresse postale :<strong>Pol. Ind. Sot dels Pradals &#8211; C\/ Sabadell, 3, 08500, Vic, Barcelone<br \/>\n<\/strong>Courriel : <strong>info@lenard.tech<\/strong><\/p>\n<p><strong>LENARD BCN, S.L.<\/strong>, en tant que responsable du traitement du site web conform\u00e9ment aux dispositions du r\u00e8glement (UE) 2016\/679 du 27 avril 2016 (RGPD) relatif \u00e0 la protection des personnes physiques \u00e0 l&#8217;\u00e9gard du traitement des donn\u00e9es \u00e0 caract\u00e8re personnel et \u00e0 la libre circulation de ces donn\u00e9es et aux autres r\u00e9glementations applicables en mati\u00e8re de protection des donn\u00e9es \u00e0 caract\u00e8re personnel, et \u00e0 la loi 34\/2002,\u00a0 du 11 juillet, sur les services de la soci\u00e9t\u00e9 de l&#8217;information et du commerce \u00e9lectronique (LSSICE), vous informe qu&#8217;elle a mis en \u0153uvre les mesures de s\u00e9curit\u00e9 n\u00e9cessaires, de nature technique et organisationnelle, pour garantir et prot\u00e9ger la confidentialit\u00e9, l&#8217;int\u00e9grit\u00e9 et la disponibilit\u00e9 des donn\u00e9es saisies.<\/p>\n<p><strong>MODALIT\u00c9S D&#8217;OBTENTION DES DONN\u00c9ES, QUELLES DONN\u00c9ES NOUS COLLECTONS et LEUR FINALIT\u00c9 :<\/strong><\/p>\n<p>Les donn\u00e9es que nous collectons, la mani\u00e8re dont nous les obtenons et la finalit\u00e9 du traitement sont les suivantes :<\/p>\n<ol>\n<li><strong>Formulaire de contact et\/ou demande d&#8217;information :<\/strong>\n<ul>\n<li>Donn\u00e9es requises : nom, e-mail ;<\/li>\n<li>Finalit\u00e9 : r\u00e9pondre aux questions et\/ou fournir les informations requises par l&#8217;Utilisateur ;<\/li>\n<li>L\u00e9gitimation : Consentement de l&#8217;utilisateur.<\/li>\n<\/ul>\n<\/li>\n<li><strong>Formulaire d&#8217;inscription \u00e0 la newsletter<\/strong> :\n<ul>\n<li>Donn\u00e9es requises : e-mail ;<\/li>\n<li>Finalit\u00e9 : envoyer \u00e0 l&#8217;utilisateur des informations commerciales d&#8217;int\u00e9r\u00eat sur nos produits et\/ou services par e-mail, SMS, communaut\u00e9s sociales ou tout autre moyen \u00e9lectronique ou physique, dans le cas o\u00f9 l&#8217;utilisateur y a express\u00e9ment consenti ;<\/li>\n<li>L\u00e9gitimation : Consentement de l&#8217;utilisateur.<\/li>\n<\/ul>\n<\/li>\n<li><strong>Commentaires du blog :<\/strong>\n<ul>\n<li>Donn\u00e9es requises : nom, e-mail ;<\/li>\n<li>Finalit\u00e9 : l&#8217;utilisateur peut commenter le blog \u00e0 la fois pour poser des questions et pour r\u00e9pondre \u00e0 des questions ;<\/li>\n<li>L\u00e9gitimation : consentement de l&#8217;utilisateur.<\/li>\n<\/ul>\n<\/li>\n<li><strong>Chat en ligne<\/strong> :\n<ul>\n<li>Donn\u00e9es requises : les informations que l&#8217;Utilisateur nous fournit volontairement et librement ;<\/li>\n<li>Finalit\u00e9 : r\u00e9pondre rapidement et imm\u00e9diatement \u00e0 votre demande d&#8217;information ;<\/li>\n<li>L\u00e9gitimation : int\u00e9r\u00eat l\u00e9gitime du responsable du traitement.<\/li>\n<\/ul>\n<\/li>\n<li><strong>Ex\u00e9cuter la relation contractuelle et les proc\u00e9dures administratives, fiscales et comptables similaires <\/strong>qui sont n\u00e9cessaires en vertu de la l\u00e9gislation en vigueur\n<ul>\n<li>Donn\u00e9es requises : nom et pr\u00e9nom, t\u00e9l\u00e9phone, adresse, carte d&#8217;identit\u00e9, e-mail, signature ;<\/li>\n<li>Finalit\u00e9 : assurer la gestion commerciale, fiscale et administrative interne ;<\/li>\n<li>L\u00e9gitimation : consentement de l&#8217;int\u00e9ress\u00e9 et relation contractuelle.<\/li>\n<\/ul>\n<\/li>\n<li><strong>WhatsApp <\/strong>: son utilisation est d\u00e9taill\u00e9e dans la section WhatsApp de cette politique.<\/li>\n<\/ol>\n<p>Les photographies qui sont publi\u00e9es sur le site web sont la propri\u00e9t\u00e9 de <strong>LENARD BCN, S.L.<\/strong><\/p>\n<p>Vous pouvez r\u00e9voquer votre consentement \u00e0 tout moment en envoyant une lettre avec l&#8217;objet \u00ab Se d\u00e9sabonner \u00bb dans l&#8217;e-mail susmentionn\u00e9.<\/p>\n<p>Selon la LSSICE, <strong>LENARD BCN, S.L.<\/strong> il ne se livre pas \u00e0 des pratiques de SPAM, par cons\u00e9quent, il n&#8217;envoie pas de communications commerciales par courrier \u00e9lectronique qui n&#8217;ont pas \u00e9t\u00e9 pr\u00e9alablement demand\u00e9es ou autoris\u00e9es par l&#8217;utilisateur. Par cons\u00e9quent, dans toutes les communications que vous recevrez du fournisseur, l&#8217;Utilisateur a la possibilit\u00e9 de r\u00e9voquer votre consentement expr\u00e8s \u00e0 recevoir nos communications.<\/p>\n<p>Nous ne traiterons pas vos donn\u00e9es personnelles \u00e0 d&#8217;autres fins que celles d\u00e9crites, sauf en vertu d&#8217;une obligation l\u00e9gale ou d&#8217;une d\u00e9cision de justice.<\/p>\n<p>Vos donn\u00e9es personnelles ne seront pas trait\u00e9es \u00e0 des fins de prise de d\u00e9cision automatis\u00e9e.<\/p>\n<p><strong><u>DUR\u00c9E DE CONSERVATION DES DONN\u00c9ES :<\/u><\/strong><\/p>\n<p>Vos donn\u00e9es seront conserv\u00e9es pendant la dur\u00e9e de la finalit\u00e9 pour laquelle elles ont \u00e9t\u00e9 collect\u00e9es, par obligation l\u00e9gale ou exigence judiciaire, et tant que vous ne retirerez pas votre consentement ou jusqu&#8217;\u00e0 ce que vous exerciez votre droit de suppression ou d&#8217;opposition, ou de limitation du traitement. Toutefois, nous conserverons vos donn\u00e9es pendant les p\u00e9riodes l\u00e9galement pr\u00e9vues dans les dispositions applicables.<\/p>\n<p><strong><u>DESTINATAIRES DE CESSIONS OU DE TRANSFERTS :<\/u><\/strong><\/p>\n<p><strong>LENARD BCN, S.L.<\/strong> ils ne fourniront des informations aux forces et organismes de s\u00e9curit\u00e9 qu&#8217;en vertu d&#8217;une d\u00e9cision de justice ou d&#8217;une obligation d&#8217;une r\u00e9glementation l\u00e9gale, sans pr\u00e9judice de la possibilit\u00e9 de bloquer ou d&#8217;annuler leur compte s&#8217;il peut y avoir des indices de la commission d&#8217;un crime par l&#8217;utilisateur. Les informations fournies ne seront que celles dont disposait le fournisseur \u00e0 ce moment-l\u00e0.<\/p>\n<p>Les informations que vous nous fournissez par le biais de ce site web seront h\u00e9berg\u00e9es sur les serveurs de <strong>LENARD BCN, S.L.<\/strong>, contract\u00e9 aupr\u00e8s de la soci\u00e9t\u00e9 qui fournit le service d&#8217;h\u00e9bergement Web. Le traitement des donn\u00e9es de l&#8217;entit\u00e9 est r\u00e9glement\u00e9 par un contrat de sous-traitance entre le fournisseur et cette soci\u00e9t\u00e9.<\/p>\n<p>De m\u00eame, le fournisseur utilise certains outils pour fournir les services n\u00e9cessaires au d\u00e9veloppement de l&#8217;activit\u00e9, en pouvant stocker vos donn\u00e9es. Ces outils sont les suivants :<\/p>\n<p><strong>Google Analytics <\/strong>: pour effectuer une analyse et une mesure de l&#8217;utilisation que les utilisateurs font du site web par le biais de cookies. Les informations g\u00e9n\u00e9r\u00e9es et collect\u00e9es par ces cookies d&#8217;utilisation (y compris l&#8217;adresse IP) seront directement transmises et stock\u00e9es par Google, Inc., dont le si\u00e8ge social est situ\u00e9 \u00e0 Delaware, 1600 Amphitheatre Parkway, Montar\u00e9 View (Californie), CA 94043 aux \u00c9tats-Unis (\u00ab Google \u00bb), sur ses serveurs aux \u00c9tats-Unis. Google, Inc. adh\u00e8re au cadre de confidentialit\u00e9 UE-\u00c9tats-Unis, approuv\u00e9 par la Commission europ\u00e9enne.<\/p>\n<p><strong><u>DROITS DES PERSONNES INT\u00c9RESS\u00c9ES :<\/u><\/strong><\/p>\n<p>En tant qu&#8217;Utilisateur-Personne Concern\u00e9e, vous pouvez demander l&#8217;exercice des droits suivants aupr\u00e8s de <strong>LENARD BCN, S.L. <\/strong>en envoyant une lettre \u00e0 l&#8217;adresse postale indiqu\u00e9e dans l&#8217;en-t\u00eate ou en envoyant un e-mail \u00e0 info@lenard.tech, en indiquant comme objet : \u00ab PROTECTION DES DONN\u00c9ES : DROITS DES PERSONNES CONCERN\u00c9ES \u00bb.<\/p>\n<p>Droits:<\/p>\n<ul>\n<li><strong>Droit d&#8217;acc\u00e8s :<\/strong> permet \u00e0 l&#8217;int\u00e9ress\u00e9 de conna\u00eetre et d&#8217;obtenir des informations sur ses donn\u00e9es personnelles faisant l&#8217;objet d&#8217;un traitement.<\/li>\n<li><strong>Droit de rectification <\/strong>: vous permet de corriger les erreurs et de modifier les donn\u00e9es qui s&#8217;av\u00e8rent inexactes ou incompl\u00e8tes<\/li>\n<li><strong>Droit \u00e0 l&#8217;effacement<\/strong> : permet de supprimer les donn\u00e9es inappropri\u00e9es ou excessives<\/li>\n<li><strong>Droit d&#8217;opposition<\/strong> : le droit de l&#8217;int\u00e9ress\u00e9 de ne pas effectuer le traitement de ses donn\u00e9es personnelles ou d&#8217;y cesser.<\/li>\n<li><strong>Limitation du traitement <\/strong>: implique le marquage des donn\u00e9es personnelles stock\u00e9es, afin de limiter leur traitement futur, pour l&#8217;exercice ou la d\u00e9fense de droits.<\/li>\n<li><strong>Portabilit\u00e9 des donn\u00e9es <\/strong>: mise \u00e0 disposition des donn\u00e9es faisant l&#8217;objet du traitement \u00e0 la personne concern\u00e9e, afin que celle-ci puisse les transmettre \u00e0 un autre responsable du traitement, sans entraves.<\/li>\n<li><strong>Droit de ne pas faire l&#8217;objet de d\u00e9cisions individuelles automatis\u00e9es (y compris le profilage) : <\/strong>le droit de ne pas faire l&#8217;objet d&#8217;une d\u00e9cision fond\u00e9e sur un traitement automatis\u00e9 qui produit des effets ou affecte de mani\u00e8re significative.<\/li>\n<\/ul>\n<p>En tant qu&#8217;utilisateur, vous avez le droit de retirer le consentement donn\u00e9 \u00e0 tout moment. Le retrait du consentement n&#8217;affecte pas la lic\u00e9it\u00e9 du traitement effectu\u00e9 auparavant.<\/p>\n<p>Vous avez \u00e9galement le droit d&#8217;introduire une plainte aupr\u00e8s de l&#8217;autorit\u00e9 de contr\u00f4le si vous estimez que vos droits en mati\u00e8re de protection de vos donn\u00e9es ont pu \u00eatre viol\u00e9s (aepd.es).<\/p>\n<p><strong><u>INFORMATIONS COMPL\u00c9MENTAIRES<\/u><\/strong><\/p>\n<p><strong>MESURES DE S\u00c9CURIT\u00c9 :<\/strong><\/p>\n<p>Les donn\u00e9es que vous fournissez seront trait\u00e9es de mani\u00e8re confidentielle. Le fournisseur a adopt\u00e9 toutes les mesures techniques et organisationnelles et tous les niveaux de protection n\u00e9cessaires pour garantir la s\u00e9curit\u00e9 du traitement des donn\u00e9es et emp\u00eacher leur alt\u00e9ration, perte, vol, traitement ou acc\u00e8s non autoris\u00e9, conform\u00e9ment \u00e0 l&#8217;\u00e9tat de la technologie et \u00e0 la nature des donn\u00e9es stock\u00e9es. De m\u00eame, il est \u00e9galement garanti que le traitement et l&#8217;enregistrement dans les fichiers, programmes, syst\u00e8mes ou \u00e9quipements, locaux et centres, sont conformes aux exigences et conditions d&#8217;int\u00e9grit\u00e9 et de s\u00e9curit\u00e9 \u00e9tablies dans la r\u00e9glementation en vigueur.<\/p>\n<p><strong>LANGUE<\/strong><\/p>\n<p>La langue applicable \u00e0 cette politique de confidentialit\u00e9 est l&#8217;espagnol. Par cons\u00e9quent, en cas de contradiction dans l&#8217;une des versions fournies dans d&#8217;autres langues, la version espagnole pr\u00e9vaudra.<\/p>\n<p><strong>R\u00c9SEAUX SOCIAUX<\/strong><\/p>\n<p>Nous vous informons que <strong>LENARD BCN, S.L.<\/strong> Peut \u00eatre pr\u00e9sent sur les r\u00e9seaux sociaux. Le traitement des donn\u00e9es effectu\u00e9 sur les personnes qui deviennent des abonn\u00e9s sur les r\u00e9seaux sociaux (et\/ou effectuent toute action de lien ou de connexion via les r\u00e9seaux sociaux) des pages officielles de <strong>LENARD BCN, S.L. <\/strong>Il sera r\u00e9gi par la pr\u00e9sente section, ainsi que par les conditions d&#8217;utilisation, les politiques de confidentialit\u00e9 et les r\u00e8gles d&#8217;acc\u00e8s qui appartiennent au r\u00e9seau social appropri\u00e9 dans chaque cas et pr\u00e9alablement accept\u00e9 par l&#8217;utilisateur.<\/p>\n<p><strong>LENARD BCN, S.L.<\/strong> traitera vos donn\u00e9es dans le but de g\u00e9rer correctement votre pr\u00e9sence sur le r\u00e9seau social, de vous informer des activit\u00e9s, des produits ou des services du fournisseur, ainsi qu&#8217;\u00e0 toute autre fin autoris\u00e9e par la r\u00e9glementation des r\u00e9seaux sociaux.<\/p>\n<p>La publication de contenu est interdite :<\/p>\n<ul>\n<li>Qu&#8217;ils seraient illicites au regard des r\u00e9glementations nationales, europ\u00e9ennes ou internationales ou qu&#8217;ils exerceraient des activit\u00e9s pr\u00e9tendument ill\u00e9gales ou contraires aux principes de bonne foi.<\/li>\n<li>Qui violent les droits fondamentaux des personnes, manquent de courtoisie sur le r\u00e9seau, agacent ou peuvent g\u00e9n\u00e9rer des opinions n\u00e9gatives chez nos utilisateurs ou des tiers et en g\u00e9n\u00e9ral tout contenu que LENARD BCN, S.L. consid\u00e8re comme inappropri\u00e9.<\/li>\n<li>Et en g\u00e9n\u00e9ral qui contreviennent aux principes de l\u00e9galit\u00e9, d&#8217;honn\u00eatet\u00e9, de responsabilit\u00e9, de protection de la dignit\u00e9 humaine, de protection des mineurs, de protection de l&#8217;ordre public, de protection de la vie priv\u00e9e, de protection des consommateurs et des droits de propri\u00e9t\u00e9 intellectuelle et industrielle.<\/li>\n<\/ul>\n<p>De m\u00eame, <strong>LENARD BCN, S.L.<\/strong> Il se r\u00e9serve le droit de retirer du site web ou du r\u00e9seau social d&#8217;entreprise, sans pr\u00e9avis, tout contenu consid\u00e9r\u00e9 comme inappropri\u00e9.<\/p>\n<p>Dans tous les cas, si vous envoyez des informations personnelles par le biais du r\u00e9seau social, LENARD BCN, S.L. sera exon\u00e9r\u00e9 de toute responsabilit\u00e9 en ce qui concerne les mesures de s\u00e9curit\u00e9 applicables \u00e0 cette plateforme ; et l&#8217;Utilisateur, s&#8217;il souhaite les conna\u00eetre, doit consulter les conditions particuli\u00e8res correspondantes du r\u00e9seau en question.<\/p>\n<p><strong>PUBLIER VOTRE COMMENTAIRE<\/strong><\/p>\n<p>Dans le cas o\u00f9 l&#8217;utilisateur souhaite publier son commentaire sur le site web, nous l&#8217;informons que les donn\u00e9es fournies seront trait\u00e9es pour r\u00e9pondre aux suggestions, propositions ou opinions concernant les produits \u00e0 publier sur le site web et ainsi pouvoir aider d&#8217;autres utilisateurs. Les donn\u00e9es seront conserv\u00e9es aussi longtemps qu&#8217;il y aura un int\u00e9r\u00eat mutuel \u00e0 maintenir la finalit\u00e9 du traitement et lorsqu&#8217;elles ne seront plus n\u00e9cessaires \u00e0 cette fin, elles seront supprim\u00e9es avec des mesures de s\u00e9curit\u00e9 appropri\u00e9es pour assurer la pseudonymisation des donn\u00e9es ou la destruction totale des donn\u00e9es. Les t\u00e9moignages seront publi\u00e9s sur notre site internet. Les seules donn\u00e9es personnelles qui seront publi\u00e9es seront votre nom\u00a0.<\/p>\n<p><strong>REMARKETING Y RECIBLAGE<\/strong><\/p>\n<p>Le remarketing est un syst\u00e8me qui vous permet de cr\u00e9er des annonces adapt\u00e9es ou personnalis\u00e9es pour les utilisateurs qui ont d\u00e9j\u00e0 visit\u00e9 un site Web, et dans ce cas, notre site Web. Il s&#8217;agit d&#8217;une solution associ\u00e9e \u00e0 Google AdWords dans le but d&#8217;obtenir un meilleur retour sur investissement (ROI). Le remarketing ins\u00e8re un cookie sur l&#8217;ordinateur de l&#8217;utilisateur et une banni\u00e8re du fournisseur s&#8217;affiche sur les sites affili\u00e9s \u00e0 Google Adsense avec des annonces d&#8217;affichage.<\/p>\n<p>Le reciblage est la technique utilis\u00e9e pour montrer sur d&#8217;autres sites web, gr\u00e2ce \u00e0 un syst\u00e8me de suivi, des publicit\u00e9s graphiques \u00e0 un utilisateur qui a quitt\u00e9 notre site sans avoir termin\u00e9 un processus que nous voulions terminer (inscription, achat, candidature, etc.), ces publicit\u00e9s doivent principalement viser \u00e0 convertir l&#8217;objectif de notre site web.<\/p>\n<p>Les informations que nous recueillons par le biais de ces fonctionnalit\u00e9s sont collect\u00e9es par les cookies Google AdWords. Vous pouvez vous renseigner sur les donn\u00e9es collect\u00e9es par ces cookies dans les politiques de confidentialit\u00e9 suivantes de chaque service :<\/p>\n<ul>\n<li>Google AdWords<\/li>\n<\/ul>\n<p>Si vous ne souhaitez pas que ces informations soient collect\u00e9es par ces cookies, veuillez d\u00e9sactiver l&#8217;utilisation des cookies Google via les param\u00e8tres publicitaires de Google. Vous pouvez \u00e9galement d\u00e9sactiver l&#8217;utilisation des cookies d&#8217;un fournisseur tiers via la page de d\u00e9sactivation de la Network Advertising Initiative.<\/p>\n<p>Ce type de service vous permet d&#8217;interagir avec les r\u00e9seaux sociaux ou d&#8217;autres plateformes externes. Les interactions et les informations obtenues par le fournisseur seront toujours soumises aux param\u00e8tres de confidentialit\u00e9 de l&#8217;utilisateur sur chaque r\u00e9seau social. Dans le cas o\u00f9 un service est install\u00e9 qui permet l&#8217;interaction avec les r\u00e9seaux sociaux, il est possible que, m\u00eame si les utilisateurs n&#8217;utilisent pas le service, il collecte des donn\u00e9es de trafic Web li\u00e9es aux pages sur lesquelles ils sont install\u00e9s.<\/p>\n<p><strong>GOOGLE ADWORDS<\/strong><\/p>\n<p><strong>AdWords<\/strong> est une plateforme Google destin\u00e9e aux ANNONCEURS qui souhaitent faire de la publicit\u00e9 sur GOOGLE. Le fournisseur utilise Google AdWords, qui est la plate-forme publicitaire de Google. Cela vous permet de cr\u00e9er des campagnes et des annonces pour les afficher sur d&#8217;autres sites Web. Lorsque vous g\u00e9n\u00e9rez une annonce, vous pouvez segmenter votre audience comme suit :<\/p>\n<ul>\n<li>Lieu;<\/li>\n<li>Donn\u00e9es d\u00e9mographiques (\u00e2ge, sexe, etc.) ;<\/li>\n<li>Int\u00e9r\u00eats (activit\u00e9s, loisirs, etc.)\u00a0;<\/li>\n<li>Ce qu&#8217;ils ach\u00e8tent en ligne et par d&#8217;autres canaux ;<\/li>\n<li>Etc.<\/li>\n<\/ul>\n<p>\u00c0 partir du moment o\u00f9 l&#8217;utilisateur laisse ses donn\u00e9es dans le formulaire activ\u00e9 pour s&#8217;inscrire \u00e0 la newsletter d&#8217;abonnement, les donn\u00e9es obtenues via Google AdWords sont soumises \u00e0 la pr\u00e9sente politique de confidentialit\u00e9. En aucun cas, les informations de Google ne seront utilis\u00e9es \u00e0 d&#8217;autres fins.<\/p>\n<p>Le fournisseur peut s\u00e9lectionner et publier des t\u00e9moignages de clients sur les Services. Ces t\u00e9moins peuvent contenir des informations personnellement identifiables, telles que votre nom et\/ou votre ville, votre \u00e9tat ou le pays dans lequel vous vivez. Si vous souhaitez que votre nom ou votre t\u00e9moignage soit supprim\u00e9 du site Web, vous devez contacter le fournisseur avec les coordonn\u00e9es indiqu\u00e9es ci-dessus.<\/p>\n<p><strong>WHATSAPP<\/strong><\/p>\n<p>Le traitement des donn\u00e9es qui est effectu\u00e9 sur les personnes qui effectuent une consultation via WhatsApp de <strong>LENARD BCN, S.L. <\/strong>Il sera r\u00e9gi par la pr\u00e9sente section, ainsi que par les conditions d&#8217;utilisation, les politiques de confidentialit\u00e9 et les r\u00e8glements d&#8217;acc\u00e8s qui s&#8217;appliquent \u00e0 l&#8217;application et qui s&#8217;appliquent dans chaque cas et qui ont \u00e9t\u00e9 pr\u00e9alablement accept\u00e9s par l&#8217;utilisateur. <strong>LENARD BCN, S.L.<\/strong> Il traitera vos donn\u00e9es afin de g\u00e9rer correctement votre demande, ainsi que toute autre finalit\u00e9 de la gestion administrative du service. Vos donn\u00e9es sont partag\u00e9es avec WhatsApp Ireland Limited, dont les mesures de s\u00e9curit\u00e9 techniques garantissent la confidentialit\u00e9, l&#8217;int\u00e9grit\u00e9 et la disponibilit\u00e9 de vos informations, comme indiqu\u00e9 dans sa propre politique de confidentialit\u00e9. Aucune autre cession n&#8217;est pr\u00e9vue, sauf en vertu d&#8217;une obligation l\u00e9gale ou d&#8217;une d\u00e9cision de justice. Vos donn\u00e9es seront conserv\u00e9es pendant la dur\u00e9e de la finalit\u00e9 pour laquelle elles ont \u00e9t\u00e9 obtenues et, une fois qu&#8217;elles ne seront plus n\u00e9cessaires, elles seront d\u00fbment bloqu\u00e9es, archiv\u00e9es et conserv\u00e9es pendant la dur\u00e9e l\u00e9galement \u00e9tablie. L&#8217;utilisation de WhatsApp de <strong>LENARD BCN, S.L.<\/strong> est interdite pour l&#8217;envoi de contenus qui ne sont pas n\u00e9cessaires \u00e0 la r\u00e9ponse \u00e0 la consultation et qui sont ill\u00e9gaux en raison de r\u00e9glementations nationales ou internationales qui violent les droits fondamentaux des personnes et en g\u00e9n\u00e9ral qui contreviennent aux principes de l\u00e9galit\u00e9, d&#8217;honn\u00eatet\u00e9, de responsabilit\u00e9, de protection de la vie priv\u00e9e, de protection des consommateurs et de droits de propri\u00e9t\u00e9 intellectuelle et industrielle.<\/p>\n<p><strong>MODIFICATIONS DE LA PR\u00c9SENTE POLITIQUE DE CONFIDENTIALIT\u00c9<\/strong><\/p>\n<p><strong>LENARD BCN, S.L.<\/strong> se r\u00e9serve le droit de modifier la pr\u00e9sente politique pour l&#8217;adapter \u00e0 la nouvelle l\u00e9gislation ou jurisprudence.<\/p>\n<p><strong>R\u00c9VOCABILIT\u00c9<\/strong><\/p>\n<p>Le consentement donn\u00e9, tant pour le traitement que pour le transfert des donn\u00e9es des parties int\u00e9ress\u00e9es, est r\u00e9vocable \u00e0 tout moment en le communiquant \u00e0 <strong>LENARD BCN, S.L.<\/strong> dans les termes \u00e9tablis dans la pr\u00e9sente Politique pour l&#8217;exercice des droits. Cette r\u00e9vocation ne sera en aucun cas r\u00e9troactive.<\/p>\n<p><strong>L\u00c9GISLATION<\/strong><\/p>\n<p>D&#8217;une mani\u00e8re g\u00e9n\u00e9rale, les relations entre <strong>LENARD BCN, S.L.<\/strong> avec les utilisateurs de ses services t\u00e9l\u00e9matiques, pr\u00e9sents sur ce site web, sont soumis \u00e0 la l\u00e9gislation espagnole et \u00e0 la juridiction \u00e0 laquelle les parties se soumettent express\u00e9ment, \u00e9tant comp\u00e9tentes pour la r\u00e9solution de tous les conflits d\u00e9coulant de ou li\u00e9s \u00e0 leur utilisation les Cours et Tribunaux de Tarragone.[\/vc_column_text][\/vc_column][\/vc_row]<\/p>\n<\/section>","protected":false},"excerpt":{"rendered":"<p>[vc_row css=&#8221;.vc_custom_1666863019499{padding-top: 80px !important;}&#8221; woodmart_css_id=&#8221;635a4fa7b1784&#8243; responsive_spacing=&#8221;eyJwYXJhbV90eXBlIjoid29vZG1hcnRfcmVzcG9uc2l2ZV9zcGFjaW5nIiwic2VsZWN0b3JfaWQiOiI2MzVhNGZhN2IxNzg0Iiwic2hvcnRjb2RlIjoidmNfcm93IiwiZGF0YSI6eyJ0YWJsZXQiOnt9LCJtb2JpbGUiOnt9fX0=&#8221; mobile_bg_img_hidden=&#8221;no&#8221; tablet_bg_img_hidden=&#8221;no&#8221; woodmart_parallax=&#8221;0&#8243; woodmart_gradient_switch=&#8221;no&#8221; woodmart_box_shadow=&#8221;no&#8221; wd_z_index=&#8221;no&#8221; woodmart_disable_overflow=&#8221;0&#8243; row_reverse_mobile=&#8221;0&#8243; row_reverse_tablet=&#8221;0&#8243;][vc_column][vc_column_text woodmart_inline=&#8221;no&#8221; text_larger=&#8221;no&#8221;]INTRODUCTION Votre vie priv\u00e9e<\/p>\n","protected":false},"author":1,"featured_media":0,"parent":0,"menu_order":0,"comment_status":"closed","ping_status":"closed","template":"","meta":{"_mi_skip_tracking":false,"_monsterinsights_sitenote_active":false,"_monsterinsights_sitenote_note":"","_monsterinsights_sitenote_category":0,"footnotes":""},"class_list":["post-11086","page","type-page","status-publish","hentry"],"acf":[],"_links":{"self":[{"href":"https:\/\/lenard.tech\/fr\/wp-json\/wp\/v2\/pages\/11086","targetHints":{"allow":["GET"]}}],"collection":[{"href":"https:\/\/lenard.tech\/fr\/wp-json\/wp\/v2\/pages"}],"about":[{"href":"https:\/\/lenard.tech\/fr\/wp-json\/wp\/v2\/types\/page"}],"author":[{"embeddable":true,"href":"https:\/\/lenard.tech\/fr\/wp-json\/wp\/v2\/users\/1"}],"replies":[{"embeddable":true,"href":"https:\/\/lenard.tech\/fr\/wp-json\/wp\/v2\/comments?post=11086"}],"version-history":[{"count":3,"href":"https:\/\/lenard.tech\/fr\/wp-json\/wp\/v2\/pages\/11086\/revisions"}],"predecessor-version":[{"id":16431,"href":"https:\/\/lenard.tech\/fr\/wp-json\/wp\/v2\/pages\/11086\/revisions\/16431"}],"wp:attachment":[{"href":"https:\/\/lenard.tech\/fr\/wp-json\/wp\/v2\/media?parent=11086"}],"curies":[{"name":"wp","href":"https:\/\/api.w.org\/{rel}","templated":true}]}}