
{"id":11201,"date":"2023-03-31T09:25:32","date_gmt":"2023-03-31T09:25:32","guid":{"rendered":"https:\/\/lenard.tech\/producto\/une-en-iso-12947-22016\/"},"modified":"2025-03-18T08:41:24","modified_gmt":"2025-03-18T08:41:24","slug":"une-en-iso-12947-22016","status":"publish","type":"product","link":"https:\/\/lenard.tech\/fr\/producto\/une-en-iso-12947-22016\/","title":{"rendered":"UNE-EN ISO 12947-2:2016"},"content":{"rendered":"<section class=\"wpb-content-wrapper\"><p>[vc_row woodmart_css_id=&#8221;64770fff47a07&#8243; responsive_spacing=&#8221;eyJwYXJhbV90eXBlIjoid29vZG1hcnRfcmVzcG9uc2l2ZV9zcGFjaW5nIiwic2VsZWN0b3JfaWQiOiI2NDc3MGZmZjQ3YTA3Iiwic2hvcnRjb2RlIjoidmNfcm93IiwiZGF0YSI6eyJ0YWJsZXQiOnt9LCJtb2JpbGUiOnt9fX0=&#8221; mobile_bg_img_hidden=&#8221;no&#8221; tablet_bg_img_hidden=&#8221;no&#8221; woodmart_parallax=&#8221;0&#8243; woodmart_gradient_switch=&#8221;no&#8221; woodmart_box_shadow=&#8221;no&#8221; wd_z_index=&#8221;no&#8221; woodmart_disable_overflow=&#8221;0&#8243; row_reverse_mobile=&#8221;0&#8243; row_reverse_tablet=&#8221;0&#8243;][vc_column width=&#8221;1\/2&#8243;][vc_column_text woodmart_inline=&#8221;no&#8221; text_larger=&#8221;no&#8221;]<\/p>\n<h1>D\u00e9termination de la r\u00e9sistance \u00e0 l&#8217;abrasion des tissus par la m\u00e9thode Martindale. Partie 2 : D\u00e9termination de la rupture de l&#8217;\u00e9prouvette.<\/h1>\n<p>[\/vc_column_text][\/vc_column][vc_column width=&#8221;1\/2&#8243;][vc_video link=&#8221;https:\/\/youtu.be\/FWau0NcEMuA&#8221; el_width=&#8221;70&#8243; woodmart_css_id=&#8221;67d931a3c4886&#8243; image_poster_switch=&#8221;no&#8221;][\/vc_column][\/vc_row][vc_row][vc_column][vc_tta_tabs title_tag=&#8221;h3&#8243; section_title_tag=&#8221;h3&#8243; style=&#8221;modern&#8221; color=&#8221;white&#8221; active_section=&#8221;1&#8243; no_fill_content_area=&#8221;true&#8221;][vc_tta_section title=&#8221;D\u00c9FINITION&#8221; tab_id=&#8221;1685522856905-7d802a20-a20a&#8221; el_class=&#8221;Bold&#8221;][vc_column_text woodmart_inline=&#8221;no&#8221; text_larger=&#8221;no&#8221;]La pr\u00e9sente partie de l&#8217;ISO 12947-2 sp\u00e9cifie les exigences relatives \u00e0 l&#8217;appareil d&#8217;abrasion Martindale et aux mat\u00e9riaux auxiliaires \u00e0 utiliser dans les m\u00e9thodes d&#8217;essai sp\u00e9cifi\u00e9es dans les parties 2 \u00e0 4 de l&#8217;ISO 12947-2 pour la d\u00e9termination de la r\u00e9sistance \u00e0 l&#8217;abrasion des tissus.<\/p>\n<p>La pr\u00e9sente partie de l&#8217;ISO 12947-2 s&#8217;applique aux appareils d&#8217;essai des tissus suivants:<\/p>\n<ol>\n<li>Tissus ajour\u00e9s et tricot\u00e9s;<\/li>\n<li>Tissus \u00e0 poils dont la hauteur des poils est inf\u00e9rieure ou \u00e9gale \u00e0 2 mm;<\/li>\n<li>Non tiss\u00e9.<\/li>\n<\/ol>\n<p>Le mode op\u00e9ratoire de d\u00e9termination de la rupture de l&#8217;\u00e9prouvette (point final de l&#8217;essai) par contr\u00f4le \u00e0 intervalles fixes et applicable \u00e0 tous les tissus textiles, y compris les non-tiss\u00e9s, \u00e0 l&#8217;exception des tissus pour lesquels le prescripteur indique une faible r\u00e9sistance. \u00e0 l&#8217;abrasion du comportement final. Elle ne s&#8217;applique pas aux tissus enduits.[\/vc_column_text][\/vc_tta_section][vc_tta_section title=&#8221;D\u00c9FINITIONS&#8221; tab_id=&#8221;1685522856916-22531c7c-aaf1&#8243;][vc_column_text woodmart_inline=&#8221;no&#8221; text_larger=&#8221;no&#8221;]Pour les besoins de la pr\u00e9sente partie de l&#8217;ISO 12947-2, les d\u00e9finitions suivantes s&#8217;appliquent\u00a0:<\/p>\n<ul>\n<li>Rupture de sp\u00e9cimen : point de rupture atteint lorsque le crit\u00e8re bas\u00e9 sur la rupture tissulaire ou la zone us\u00e9e est satisfait<\/li>\n<li>Zone us\u00e9e : Une zone qui s&#8217;est d\u00e9barrass\u00e9e des cheveux ou du flocage de sorte que le tissu broy\u00e9 est expos\u00e9.<\/li>\n<li>Zone totalement us\u00e9e : s&#8217;\u00e9tendant sur au moins les trois quarts de la surface expos\u00e9e.<\/li>\n<li>Zone partiellement us\u00e9e : dans laquelle il y a une perte visuelle de fil ou de flocage \u00e0 des endroits sp\u00e9cifiques.<\/li>\n<\/ul>\n<p>[\/vc_column_text][\/vc_tta_section][vc_tta_section title=&#8221;PRINCIPE DE LA METHODE&#8221; tab_id=&#8221;1685522905490-667bc0bb-5e1a&#8221;][vc_column_text woodmart_inline=&#8221;no&#8221; text_larger=&#8221;no&#8221;]Une \u00e9prouvette circulaire est soumise, au moyen de l&#8217;appareil d&#8217;essai d&#8217;abrasion Matindale, \u00e0 une charge d\u00e9finie et \u00e0 l&#8217;action de frottement avec un \u00e9l\u00e9ment, selon un mouvement de translation formant une courbe de Lissajous.<\/p>\n<p>Dans le m\u00eame temps, le porte-\u00e9prouvette, muni soit de l&#8217;\u00e9prouvette, soit de l&#8217;\u00e9l\u00e9ment abrasif, selon le proc\u00e9d\u00e9 utilis\u00e9, tourne librement autour de son propre axe, perpendiculaire au plan horizontal.<\/p>\n<p>L&#8217;\u00e9valuation de la r\u00e9sistance \u00e0 l&#8217;abrasion du tissu est d\u00e9termin\u00e9e \u00e0 partir de l&#8217;intervalle de contr\u00f4le avant la rupture des \u00e9prouvettes.<\/p>\n<p>Les \u00e9chantillons sont fix\u00e9s dans les porte-\u00e9chantillons avec un substrat en mousse. Deux param\u00e8tres sont sp\u00e9cifi\u00e9s pour la charge d&#8217;abrasion.<\/p>\n<ol>\n<li>(795\u00b17) g pour les v\u00eatements de travail, les tissus d&#8217;ameublement, les articles de literie et les tissus \u00e0 usages techniques (12kPa).<\/li>\n<li>(595 \u00b1 7) g pour les tissus d&#8217;habillement et de maison, \u00e0 l&#8217;exclusion des tissus d&#8217;ameublement et de la literie (9 kPa).<\/li>\n<\/ol>\n<p>[\/vc_column_text][\/vc_tta_section][vc_tta_section title=&#8221;\u00c9CHANTILLONS&#8221; tab_id=&#8221;1685522925803-967944e9-6499&#8243;][vc_column_text woodmart_inline=&#8221;no&#8221; text_larger=&#8221;no&#8221;]<\/p>\n<ul>\n<li>Conditionnement : 18h ISO 139<\/li>\n<li>3 sp\u00e9cimens d&#8217;un diam\u00e8tre \u226538 mm sont pr\u00e9lev\u00e9s.<\/li>\n<li>Dimensions abrasives : \u2265 140 mm de diam\u00e8tre.<\/li>\n<li>Dimensions du filtre : \u2265 140 mm de diam\u00e8tre.<\/li>\n<li>Dimensions de la mousse porte-tube \u00e0 essai \u22653,8 mm.<\/li>\n<\/ul>\n<p>La dur\u00e9e de vie des mat\u00e9riaux auxiliaires est de 50 000 frottements. l Chaque d\u00e9but de test doit \u00eatre modifi\u00e9.[\/vc_column_text][\/vc_tta_section][vc_tta_section title=&#8221;PROC\u00c9DURE&#8221; tab_id=&#8221;1685524433844-5372b319-8d81&#8243;][vc_single_image image=&#8221;11853&#8243; img_size=&#8221;FULL&#8221; alignment=&#8221;center&#8221; parallax_scroll=&#8221;no&#8221; woodmart_inline=&#8221;no&#8221;][vc_column_text woodmart_inline=&#8221;no&#8221; text_larger=&#8221;no&#8221;]Les tissus doivent \u00eatre abras\u00e9s par \u00e9tapes et \u00e9valu\u00e9s selon les intervalles du tableau 2. Le nombre de frottements pour le premier intervalle est s\u00e9lectionn\u00e9 et l&#8217;\u00e9quipement d&#8217;abrasion est allum\u00e9. Le test d&#8217;abrasion se poursuit sans interruption jusqu&#8217;\u00e0 ce que le nombre de frottements s\u00e9lectionn\u00e9 soit atteint.<\/p>\n<p>Si n\u00e9cessaire, le changement de couleur apr\u00e8s 6000 frottements est \u00e9valu\u00e9 selon la norme ISO 105-A02, sauf si une \u00e9valuation \u00e0 un intervalle diff\u00e9rent est requise.<\/p>\n<p>Apr\u00e8s chaque intervalle d&#8217;essai, le porte-\u00e9chantillon avec l&#8217;\u00e9chantillon mont\u00e9 est soigneusement retir\u00e9 de la machine d&#8217;essai. Les fibres l\u00e2ches ou les d\u00e9bris sont d\u00e9licatement retir\u00e9s de la surface de l&#8217;\u00e9chantillon et abras\u00e9s sans endommager ni alt\u00e9rer l&#8217;int\u00e9grit\u00e9 des fils. Toute la zone est examin\u00e9e pour des signes de rupture. Si aucune casse n&#8217;a \u00e9t\u00e9 d\u00e9tect\u00e9e, les porte-\u00e9chantillons sont replac\u00e9s dans la machine et d\u00e9marrent jusqu&#8217;\u00e0 ce qu&#8217;une casse soit constat\u00e9e. L&#8217;\u00e9chantillon est inspect\u00e9, le cas \u00e9ch\u00e9ant \u00e0 l&#8217;aide d&#8217;un appareil grossissant.<\/p>\n<p>Les pastilles ou autres fibres ajout\u00e9es \u00e0 l&#8217;\u00e9prouvette ne doivent pas \u00eatre retir\u00e9es de la surface d&#8217;essai.<\/p>\n<p>Tout changement visuel d&#8217;apparence est \u00e9valu\u00e9 et enregistr\u00e9.<\/p>\n<p>Le test d&#8217;abrasion est poursuivi jusqu&#8217;\u00e0 ce que tous les sp\u00e9cimens atteignent le point final\/la d\u00e9faillance sp\u00e9cifi\u00e9s.<\/p>\n<p>Le r\u00e9sultat d&#8217;essai de chaque sp\u00e9cimen est enregistr\u00e9 comme la limite inf\u00e9rieure de l&#8217;intervalle r\u00e9el o\u00f9 la d\u00e9faillance est observ\u00e9e.[\/vc_column_text][vc_single_image image=&#8221;11857&#8243; img_size=&#8221;FULL&#8221; alignment=&#8221;center&#8221; parallax_scroll=&#8221;no&#8221; woodmart_inline=&#8221;no&#8221;][\/vc_tta_section][vc_tta_section title=&#8221;R\u00c9SULTATS&#8221; tab_id=&#8221;1686224745481-027602d2-0154&#8243;][vc_column_text woodmart_inline=&#8221;no&#8221; text_larger=&#8221;no&#8221;]Les r\u00e9sultats des tests individuels sont exprim\u00e9s en nombre de frottements dans l&#8217;intervalle d&#8217;inspection avant le moment o\u00f9 la d\u00e9faillance de l&#8217;\u00e9chantillon est atteinte.<\/p>\n<p>Le r\u00e9sultat rapport\u00e9 doit \u00eatre d\u00e9fini comme le r\u00e9sultat d&#8217;essai individuel le plus bas de tous les sp\u00e9cimens test\u00e9s.<\/p>\n<p>[\/vc_column_text][\/vc_tta_section][\/vc_tta_tabs][\/vc_column][\/vc_row]<\/p>\n<\/section>","protected":false},"excerpt":{"rendered":"<p>D\u00c9TERMINATION DE LA R\u00c9SISTANCE \u00c0 L\u00b4ABRASION DES TISSUS PAR LA M\u00c9THODE MARTINDALE. PARTIE 2: D\u00c9TERMINATION DE LA RUPTURE DE L\u00b4\u00c9PROUVETTE<\/p>\n","protected":false},"featured_media":0,"comment_status":"open","ping_status":"closed","template":"","meta":{"_mi_skip_tracking":false,"_monsterinsights_sitenote_active":false,"_monsterinsights_sitenote_note":"","_monsterinsights_sitenote_category":0},"product_cat":[884],"product_tag":[],"class_list":["post-11201","product","type-product","status-publish","hentry","product_cat-norme"],"acf":[],"_links":{"self":[{"href":"https:\/\/lenard.tech\/fr\/wp-json\/wp\/v2\/product\/11201","targetHints":{"allow":["GET"]}}],"collection":[{"href":"https:\/\/lenard.tech\/fr\/wp-json\/wp\/v2\/product"}],"about":[{"href":"https:\/\/lenard.tech\/fr\/wp-json\/wp\/v2\/types\/product"}],"replies":[{"embeddable":true,"href":"https:\/\/lenard.tech\/fr\/wp-json\/wp\/v2\/comments?post=11201"}],"wp:attachment":[{"href":"https:\/\/lenard.tech\/fr\/wp-json\/wp\/v2\/media?parent=11201"}],"wp:term":[{"taxonomy":"product_cat","embeddable":true,"href":"https:\/\/lenard.tech\/fr\/wp-json\/wp\/v2\/product_cat?post=11201"},{"taxonomy":"product_tag","embeddable":true,"href":"https:\/\/lenard.tech\/fr\/wp-json\/wp\/v2\/product_tag?post=11201"}],"curies":[{"name":"wp","href":"https:\/\/api.w.org\/{rel}","templated":true}]}}