
{"id":11204,"date":"2023-03-31T09:24:54","date_gmt":"2023-03-31T09:24:54","guid":{"rendered":"https:\/\/lenard.tech\/producto\/une-en-iso-9151\/"},"modified":"2025-10-02T14:17:46","modified_gmt":"2025-10-02T14:17:46","slug":"une-en-iso-91512018","status":"publish","type":"product","link":"https:\/\/lenard.tech\/fr\/producto\/une-en-iso-91512018\/","title":{"rendered":"UNE-EN ISO 9151:2018"},"content":{"rendered":"<section class=\"wpb-content-wrapper\"><p>[vc_row][vc_column][vc_column_text woodmart_inline=&#8221;no&#8221; text_larger=&#8221;no&#8221;]V\u00caTEMENTS DE PROTECTION CONTRE LA CHALEUR ET LES FLAMMES. D\u00c9TERMINATION DE LA TRANSMISSION DE CHALEUR LORS DE L&#8217;EXPOSITION \u00c0 UNE FLAMME[\/vc_column_text][vc_tta_tabs title_tag=&#8221;h3&#8243; section_title_tag=&#8221;h3&#8243; style=&#8221;modern&#8221; color=&#8221;white&#8221; active_section=&#8221;1&#8243; no_fill_content_area=&#8221;true&#8221;][vc_tta_section title=&#8221;D\u00c9FINITION&#8221; tab_id=&#8221;1685522856916-22531c7c-aaf1eedf-6941&#8243;][vc_column_text woodmart_inline=&#8221;no&#8221; text_larger=&#8221;no&#8221;]<\/p>\n<ul>\n<li>Cette norme d\u00e9crit une m\u00e9thode de d\u00e9termination de la transmission de chaleur \u00e0 travers des mat\u00e9riaux ou des ensembles de mat\u00e9riaux utilis\u00e9s dans les v\u00eatements de protection.Cette norme d\u00e9crit une m\u00e9thode de d\u00e9termination de la transmission de chaleur \u00e0 travers des mat\u00e9riaux ou des ensembles de mat\u00e9riaux utilis\u00e9s dans les v\u00eatements de protection. Les mat\u00e9riaux sont class\u00e9s en calculant un indice de transfert de chaleur, qui fournit une indication de la protection relative dans des conditions d&#8217;essai sp\u00e9cifiques. L&#8217;indice de transfert de chaleur ne doit pas \u00eatre consid\u00e9r\u00e9 comme une mesure du temps de protection offert par le mat\u00e9riau test\u00e9 dans des conditions r\u00e9elles d&#8217;utilisation.<\/li>\n<\/ul>\n<p>[\/vc_column_text][\/vc_tta_section][vc_tta_section title=&#8221;M\u00c9THODE&#8221; tab_id=&#8221;1687267412876-264dbffa-46b6&#8243;][vc_column_text woodmart_inline=&#8221;no&#8221; text_larger=&#8221;no&#8221;]<\/p>\n<ul>\n<li>\n<ul>\n<li>Conditionnement de l&#8217;\u00e9chantillon : 24 h 20 \u00b0C 65 % HR<\/li>\n<li>Atmosph\u00e8re d&#8217;essai : 23 \u00b0C 15-80 % d&#8217;humidit\u00e9 relative<\/li>\n<li>L&#8217;\u00e9chantillon est plac\u00e9, la face ext\u00e9rieure vers le bas, sur le porte-\u00e9chantillon<\/li>\n<li>Si l&#8217;\u00e9chantillon se compose de plusieurs couches et que celles-ci ne sont pas assembl\u00e9es, les couches successives sont assembl\u00e9es dans l&#8217;ordre et dans l&#8217;orientation dans lesquels elles sont utilis\u00e9es dans l&#8217;assemblage. Le poids de la plaque de positionnement du calorim\u00e8tre est utilis\u00e9, sans pression suppl\u00e9mentaire, pour maintenir chaque couche en contact les unes avec les autres<\/li>\n<li>Une fois la derni\u00e8re couche (la plus interne) assembl\u00e9e, la plaque de positionnement est rattach\u00e9e et le calorim\u00e8tre est plac\u00e9 dans le trou de la plaque, de sorte que le disque de cuivre soit en contact avec le haut de la couche la plus interne.<\/li>\n<li>Le briquet est rapidement et en douceur mis en position et l&#8217;obturateur, le cas \u00e9ch\u00e9ant, sous l&#8217;\u00e9chantillon est imm\u00e9diatement ouvert, ou l&#8217;\u00e9chantillon est d\u00e9plac\u00e9 rapidement au-dessus de la flamme. Le dispositif d&#8217;enregistrement se met en marche, en m\u00eame temps que l&#8217;exposition de l&#8217;\u00e9chantillon \u00e0 la flamme du briquet<\/li>\n<li>L&#8217;essai se poursuit jusqu&#8217;\u00e0 ce qu&#8217;une augmentation de temp\u00e9rature d&#8217;au moins 24 \u00b0C soit observ\u00e9e. L&#8217;exposition se termine par le retrait du briquet<\/li>\n<li>Le temps n\u00e9cessaire en secondes pour obtenir une augmentation de la temp\u00e9rature du calorim\u00e8tre de 24 \u00b0C est enregistr\u00e9<\/li>\n<\/ul>\n<p>&nbsp;<\/p>\n<p>Pour chaque mat\u00e9riau ou ensemble de mat\u00e9riaux, un minimum de trois \u00e9chantillons seront test\u00e9s.<\/li>\n<\/ul>\n<p>[\/vc_column_text][\/vc_tta_section][vc_tta_section title=&#8221;\u00c9CHANTILLONS ET APPAREIL&#8221; tab_id=&#8221;1686208646249-584b0624-858d&#8221;][vc_column_text woodmart_inline=&#8221;no&#8221; text_larger=&#8221;no&#8221;]<\/p>\n<ul>\n<li>\u00c9chantillon d&#8217;essai : Se compose de toutes les couches de tissu ou d&#8217;autres mat\u00e9riaux, dispos\u00e9es dans l&#8217;ordre et l&#8217;orientation utilis\u00e9s dans la pratique, y compris les sous-v\u00eatements le cas \u00e9ch\u00e9ant. L&#8217;\u00e9chantillon doit avoir des dimensions de 140 mm <u>+<\/u> 140 mm, et doit \u00eatre pr\u00e9lev\u00e9 \u00e0 plus de 50 mm, du bord des pi\u00e8ces du mat\u00e9riau et dans des zones exemptes de d\u00e9fauts.<\/li>\n<li>Densit\u00e9 de flux de chaleur incidente, Q<\/li>\n<li>Indice de transfert de chaleur, HTI : (flamme) temps moyen, tm arrondi \u00e0 la seconde, n\u00e9cessaire pour obtenir une augmentation de temp\u00e9rature de (24 \u00b1 0,2) \u00b0C lors de l&#8217;essai par cette m\u00e9thode, \u00e0 l&#8217;aide d&#8217;un disque de cuivre de masse (18 \u00b1 0,05) g et d&#8217;un flux de chaleur incidente de (80 \u00b1 2) kW\/m2, \u00e0 partir d&#8217;une flamme de br\u00fbleur au propane \u00e0 95 %.<\/li>\n<\/ul>\n<p>[\/vc_column_text][vc_single_image image=&#8221;18308&#8243; img_size=&#8221;FULL&#8221; parallax_scroll=&#8221;no&#8221; woodmart_inline=&#8221;no&#8221;][\/vc_tta_section][vc_tta_section title=&#8221;R\u00c9SULTATS&#8221; tab_id=&#8221;1686223981199-0b6112f0-8b62&#8243;][vc_column_text woodmart_inline=&#8221;no&#8221; text_larger=&#8221;no&#8221;]INTERPR\u00c9TATION DES R\u00c9SULTATS EN FONCTION DE EN11612 APR\u00c8S PR\u00c9TRAITEMENT DE L&#8217;\u00c9CHANTILLON<\/p>\n<table>\n<tbody>\n<tr>\n<td width=\"179\">NIVEAU DE PERFORMANCE<\/td>\n<td width=\"217\">PLAGE DE VALEURS HTI\u00aa24(s)<\/td>\n<\/tr>\n<tr>\n<td width=\"179\">B1<\/td>\n<td width=\"217\">4,00 &lt; 10,0<\/td>\n<\/tr>\n<tr>\n<td width=\"179\">B2<\/td>\n<td width=\"217\">10,0 &lt; 20,0<\/td>\n<\/tr>\n<tr>\n<td width=\"179\">B3<\/td>\n<td width=\"217\">&gt;20,0<\/td>\n<\/tr>\n<tr>\n<td colspan=\"2\" width=\"397\">\u00aa : Indice de transfert de chaleur selon ISO EN 9151<\/td>\n<\/tr>\n<\/tbody>\n<\/table>\n<p>[\/vc_column_text][\/vc_tta_section][\/vc_tta_tabs][\/vc_column][\/vc_row]<\/p>\n<\/section>","protected":false},"excerpt":{"rendered":"<p>V\u00caTEMENTS DE PROTECTION CONTRE LA CHALEUR ET LES FLAMMES. D\u00c9TERMINATION DE LA TRANSMISSION DE CHALEUR LORS DE L&#8217;EXPOSITION \u00c0 UNE FLAMME<\/p>\n","protected":false},"featured_media":0,"comment_status":"open","ping_status":"closed","template":"","meta":{"_mi_skip_tracking":false,"_monsterinsights_sitenote_active":false,"_monsterinsights_sitenote_note":"","_monsterinsights_sitenote_category":0},"product_cat":[884],"product_tag":[],"class_list":["post-11204","product","type-product","status-publish","hentry","product_cat-norme"],"acf":[],"_links":{"self":[{"href":"https:\/\/lenard.tech\/fr\/wp-json\/wp\/v2\/product\/11204","targetHints":{"allow":["GET"]}}],"collection":[{"href":"https:\/\/lenard.tech\/fr\/wp-json\/wp\/v2\/product"}],"about":[{"href":"https:\/\/lenard.tech\/fr\/wp-json\/wp\/v2\/types\/product"}],"replies":[{"embeddable":true,"href":"https:\/\/lenard.tech\/fr\/wp-json\/wp\/v2\/comments?post=11204"}],"wp:attachment":[{"href":"https:\/\/lenard.tech\/fr\/wp-json\/wp\/v2\/media?parent=11204"}],"wp:term":[{"taxonomy":"product_cat","embeddable":true,"href":"https:\/\/lenard.tech\/fr\/wp-json\/wp\/v2\/product_cat?post=11204"},{"taxonomy":"product_tag","embeddable":true,"href":"https:\/\/lenard.tech\/fr\/wp-json\/wp\/v2\/product_tag?post=11204"}],"curies":[{"name":"wp","href":"https:\/\/api.w.org\/{rel}","templated":true}]}}