
{"id":11207,"date":"2023-03-31T09:23:56","date_gmt":"2023-03-31T09:23:56","guid":{"rendered":"https:\/\/lenard.tech\/producto\/une-en-iso-6942\/"},"modified":"2025-10-02T13:59:14","modified_gmt":"2025-10-02T13:59:14","slug":"une-en-iso-69422022","status":"publish","type":"product","link":"https:\/\/lenard.tech\/fr\/producto\/une-en-iso-69422022\/","title":{"rendered":"UNE-EN ISO 6942:2022"},"content":{"rendered":"<section class=\"wpb-content-wrapper\"><p>[vc_row][vc_column][vc_column_text woodmart_inline=&#8221;no&#8221; text_larger=&#8221;no&#8221;]PROTECTION CONTRE LA CHALEUR ET LE FEU<\/p>\n<p>M\u00c9THODE D&#8217;ESSAI\u00a0: \u00c9VALUATION DES MAT\u00c9RIAUX ET DE L&#8217;ENSEMBLE \u00a0DE MAT\u00c9RIAUX LORS D&#8217;UNE EXPOSITION \u00c0 UNE SOURCE DE CHALEUR RADIANTE[\/vc_column_text][vc_tta_tabs title_tag=&#8221;h3&#8243; section_title_tag=&#8221;h3&#8243; style=&#8221;modern&#8221; color=&#8221;white&#8221; active_section=&#8221;1&#8243; no_fill_content_area=&#8221;true&#8221;][vc_tta_section title=&#8221;D\u00c9FINITION&#8221; tab_id=&#8221;1685522856905-7d802a20-a20a85a7-ae82&#8243; el_class=&#8221;Bold&#8221;][vc_column_text woodmart_inline=&#8221;no&#8221; text_larger=&#8221;no&#8221;]Les v\u00eatements de protection contre la chaleur radiante sont port\u00e9s dans diff\u00e9rentes circonstances et, de ce fait, l&#8217;intensit\u00e9 du rayonnement incident sur le mat\u00e9riau du v\u00eatement peut varier dans une large mesure.<\/p>\n<p>Les travailleurs industriels ou les pompiers peuvent \u00eatre expos\u00e9s \u00e0 des rayonnements intenses.<\/p>\n<p>Cette r\u00e9glementation comprend deux m\u00e9thodes de test : La m\u00e9thode A sert \u00e0 l&#8217;\u00e9valuation visuelle des modifications du mat\u00e9riau apr\u00e8s l&#8217;action du rayonnement thermique. Avec la m\u00e9thode B, l&#8217;effet protecteur des mat\u00e9riaux est d\u00e9termin\u00e9. Les mat\u00e9riaux peuvent \u00eatre test\u00e9s par les deux m\u00e9thodes ou par l&#8217;une d&#8217;elles seulement \u00e0 des niveaux relativement faibles sur une longue p\u00e9riode de temps.<\/p>\n<p>Niveaux de transfert thermique\u00a0:<\/p>\n<p>Temps t12\u00a0: temps en secondes, exprim\u00e9 avec un chiffre d\u00e9cimal, pour obtenir une augmentation de la temp\u00e9rature du calorim\u00e8tre de (12 \u00b1 0,1) \u00baC.<\/p>\n<p>Temps t24\u00a0: temps en secondes, exprim\u00e9 avec un chiffre d\u00e9cimal, pour obtenir une augmentation de la temp\u00e9rature du calorim\u00e8tre de (24 \u00b1 0,2) \u00baC.<\/p>\n<p>Facteur de transmission thermique (TF)\u00a0: mesure de la fraction de chaleur transmise \u00e0 travers l&#8217;\u00e9chantillon expos\u00e9 \u00e0 une source de chaleur radiante. Il est num\u00e9riquement \u00e9gal au rapport entre les densit\u00e9s de flux thermique transmis et incident.[\/vc_column_text][\/vc_tta_section][vc_tta_section title=&#8221;M\u00c9THODE&#8221; tab_id=&#8221;1685522925803-967944e9-649985a7-ae82&#8243;][vc_column_text woodmart_inline=&#8221;no&#8221; text_larger=&#8221;no&#8221;]<\/p>\n<ul>\n<li>\n<ul>\n<li>TYPE A : Un sp\u00e9cimen est fix\u00e9 sur un cadre vertical et expos\u00e9 \u00e0 un niveau donn\u00e9 de chaleur radiante pendant une dur\u00e9e donn\u00e9e.<\/li>\n<\/ul>\n<p>Le niveau de chaleur rayonnante est r\u00e9gl\u00e9 en ajustant la distance entre l&#8217;\u00e9chantillon et la source de rayonnement thermique. Apr\u00e8s exposition, l&#8217;\u00e9chantillon et ses couches individuelles sont examin\u00e9s pour d\u00e9terminer tout changement visible.<\/p>\n<p>Apr\u00e8s radiation, l&#8217;\u00e9chantillon ou les diff\u00e9rentes couches de l&#8217;ensemble multicouche sont inspect\u00e9s. Tous les changements (par exemple, d\u00e9coloration, \u00e9caillage, carbonisation, rupture, fusion, r\u00e9tr\u00e9cissement, sublimation, etc.) observ\u00e9s sont not\u00e9s pour l&#8217;\u00e9chantillon ou pour chaque couche individuelle de l&#8217;ensemble multicouche.<\/p>\n<ul>\n<li>TYPE B : Un \u00e9chantillon est fix\u00e9 sur un cadre vertical (porte-\u00e9chantillon) et expos\u00e9 \u00e0 un niveau donn\u00e9 de chaleur radiante. Les temps n\u00e9cessaires pour obtenir une augmentation de temp\u00e9rature dans le calorim\u00e8tre de 12 \u00baC et 24 \u00baC sont d\u00e9termin\u00e9s et sont exprim\u00e9s en indices de transfert de chaleur radiante.<\/li>\n<\/ul>\n<p>Un c\u00f4t\u00e9 de l&#8217;\u00e9chantillon \u00e0 tester est fix\u00e9 sur l&#8217;une des plaques lat\u00e9rales du porte-\u00e9chantillon B, et l&#8217;\u00e9chantillon est maintenu en contact avec la surface du calorim\u00e8tre en appliquant une force de 2 N. L&#8217;\u00e9chantillon est retir\u00e9. La radiation est enregistr\u00e9e. L&#8217;\u00e9cran mobile se ferme lorsqu&#8217;une augmentation de temp\u00e9rature d&#8217;environ 30 \u00baC est atteinte.<\/p>\n<p>Les temps t12 et t24, exprim\u00e9s en secondes avec une d\u00e9cimale, sont d\u00e9termin\u00e9s pour obtenir une augmentation de la temp\u00e9rature du calorim\u00e8tre de (12 \u00b1 0,1) \u00baC ou (24 \u00b1 0,2) \u00baC, respectivement. Comme l&#8217;exige la norme sp\u00e9cifique, le r\u00e9sultat de la diff\u00e9rence entre t24 et t12 est calcul\u00e9 et enregistr\u00e9.<\/p>\n<p>TF (transition technique) Q0 et RHTI12 et RHTI24 sont d\u00e9termin\u00e9s, en mesurant le temps t12 ou t24 exprim\u00e9 en 0,1 s pour l&#8217;augmentation de la temp\u00e9rature du calorim\u00e8tre de 12\u00baC ou 24\u00baC respectivement. L&#8217;indice de transfert de chaleur radiante, RHTI24-RHTI12 (Q0) pour la densit\u00e9 du flux thermique incident est d\u00e9termin\u00e9 RHTI24 moins RHTI12.<\/p>\n<p>\u00c9QUIPEMENT DE TEST:<\/p>\n<p>Pour les deux m\u00e9thodes, ce qui suit est utilis\u00e9\u00a0:<\/p>\n<p>&#8211; Source de chaleur rayonnante<\/p>\n<p>&#8211; Cadre de test<\/p>\n<p>&#8211; Exemple de support<\/p>\n<p>&nbsp;<\/p>\n<p>Ajout\u00e9 pour la m\u00e9thode B\u00a0:<\/p>\n<p>&#8211; Calorim\u00e8tre<\/p>\n<p>&#8211; Appareil de mesure et d&#8217;enregistrement de la temp\u00e9rature<\/p>\n<p>La source de chaleur radiante est constitu\u00e9e de 5 barres chauffantes SiC avec une r\u00e9sistance \u00e9lectrique de 3,6 \u03a9 \u00b1 10 % \u00e0 1070\u00baC.<\/p>\n<p>La densit\u00e9 du flux thermique :<\/p>\n<p>&#8211; Niveaux bas : 5kW\/m\u00b2 \u00e0 10 kW\/m\u00b2<\/p>\n<p>&#8211; Niveaux moyens : 20 kW\/m\u00b2 \u00e0 40 kW\/m\u00b2<\/p>\n<p>&#8211; Niveaux \u00e9lev\u00e9s : 80 kW\/m\u00b2<\/p>\n<p>L&#8217;\u00e9talonnage de la source de chaleur radiante est essentiel avant le test.<\/li>\n<\/ul>\n<p>[\/vc_column_text][\/vc_tta_section][vc_tta_section title=&#8221;\u00c9CHANTILLONS&#8221; tab_id=&#8221;1685522856916-22531c7c-aaf185a7-ae82&#8243;][vc_column_text woodmart_inline=&#8221;no&#8221; text_larger=&#8221;no&#8221;]Pour les essais effectu\u00e9s par la m\u00e9thode A, il convient d&#8217;utiliser un \u00e9chantillon et pour ceux effectu\u00e9s par la m\u00e9thode B, au moins trois \u00e9chantillons doivent \u00eatre utilis\u00e9s pour chaque niveau de flux thermique. Si le mat\u00e9riau \u00e0 tester n&#8217;est pas tr\u00e8s homog\u00e8ne, au moins trois \u00e9chantillons doivent \u00eatre test\u00e9s par la m\u00e9thode A et cinq par la m\u00e9thode B.<\/p>\n<p>Les \u00e9chantillons doivent avoir des dimensions de 230 mm X 80 mm. Les \u00e9chantillons composites doivent reproduire les ensembles vestimentaires multicouches tels qu\u2019ils sont utilis\u00e9s dans la pratique. Si le fournisseur du mat\u00e9riau n&#8217;indique pas quelle est la surface externe, les tests doivent \u00eatre effectu\u00e9s des deux c\u00f4t\u00e9s.<\/p>\n<p>Conditions de test\u00a0: temp\u00e9rature ambiante entre 15 et 35\u00a0\u00baC et le calorim\u00e8tre doit \u00eatre refroidi \u00e0 temp\u00e9rature ambiante \u00b12\u00a0\u00baC avant chaque test.[\/vc_column_text][\/vc_tta_section][vc_tta_section title=&#8221;R\u00c9SULTATS&#8221; tab_id=&#8221;1686223646490-dc14e6f9-ff70&#8243;][vc_column_text woodmart_inline=&#8221;no&#8221; text_larger=&#8221;no&#8221;]<\/p>\n<p>CLASSEMENT DES R\u00c9SULTATS PAR EN11612<\/p>\n<table>\n<tbody>\n<tr>\n<td width=\"288\">PLAGE DE VALEURS HTI 24 (s)<\/td>\n<\/tr>\n<tr>\n<td width=\"288\">Classe 1 7&lt;20<\/td>\n<\/tr>\n<tr>\n<td width=\"288\">Classe 2 20&lt;50<\/td>\n<\/tr>\n<tr>\n<td width=\"288\">Classe 3 50&lt;95<\/td>\n<\/tr>\n<tr>\n<td width=\"288\">Classe 4 95<\/td>\n<\/tr>\n<\/tbody>\n<\/table>\n<p>&nbsp;<\/p>\n<p>CLASSEMENT DES R\u00c9SULTATS PAR EN11611<\/p>\n<table>\n<tbody>\n<tr>\n<td width=\"288\">PLAGE DE VALEURS HTI 24 (s)<\/td>\n<\/tr>\n<tr>\n<td width=\"288\">Classe 1 \u22657&#8221;<\/td>\n<\/tr>\n<tr>\n<td width=\"288\">Classe 2 \u2265 16&#8221;<\/td>\n<\/tr>\n<\/tbody>\n<\/table>\n<p>[\/vc_column_text][\/vc_tta_section][vc_tta_section title=&#8221;RAPPORT D&#8217;ESSAI&#8221; tab_id=&#8221;1694166815136-0e5e0250-c08d&#8221;][vc_column_text woodmart_inline=&#8221;no&#8221; text_larger=&#8221;no&#8221;]- Faire r\u00e9f\u00e9rence \u00e0 la norme ISO 6942<\/p>\n<p>&#8211; Description du mat\u00e9riau test\u00e9 (nom commercial, face du tissu, couleur, couches&#8230;)<\/p>\n<p>&#8211; Temp\u00e9rature et Humidit\u00e9 de l&#8217;atmosph\u00e8re de test<\/p>\n<p>&#8211; Nombre d&#8217;\u00e9chantillons test\u00e9s<\/p>\n<p>&#8211; M\u00e9thode A : description du changement cutan\u00e9<\/p>\n<p>&#8211; Valeurs individuelles Q0, TF, t12, t24, RHTI12, RHTI24 et RHTI24-RHTI12[\/vc_column_text][\/vc_tta_section][\/vc_tta_tabs][\/vc_column][\/vc_row]<\/p>\n<\/section>","protected":false},"excerpt":{"rendered":"<p>PROTECTION CONTRE LE CHALEUR ET LA FEU<\/p>\n<p>M\u00c9THODE D&#8217;ESSAI\u00a0: \u00c9VALUATION DES MAT\u00c9RIAUX ET DES ASSEMBLAGES DE MAT\u00c9RIAUX LORSQU&#8217;ILS SONT EXPOS\u00c9S \u00c0 UNE SOURCE DE CHALEUR RADIANTE<\/p>\n","protected":false},"featured_media":0,"comment_status":"open","ping_status":"closed","template":"","meta":{"_mi_skip_tracking":false,"_monsterinsights_sitenote_active":false,"_monsterinsights_sitenote_note":"","_monsterinsights_sitenote_category":0},"product_cat":[884],"product_tag":[],"class_list":["post-11207","product","type-product","status-publish","hentry","product_cat-norme"],"acf":[],"_links":{"self":[{"href":"https:\/\/lenard.tech\/fr\/wp-json\/wp\/v2\/product\/11207","targetHints":{"allow":["GET"]}}],"collection":[{"href":"https:\/\/lenard.tech\/fr\/wp-json\/wp\/v2\/product"}],"about":[{"href":"https:\/\/lenard.tech\/fr\/wp-json\/wp\/v2\/types\/product"}],"replies":[{"embeddable":true,"href":"https:\/\/lenard.tech\/fr\/wp-json\/wp\/v2\/comments?post=11207"}],"wp:attachment":[{"href":"https:\/\/lenard.tech\/fr\/wp-json\/wp\/v2\/media?parent=11207"}],"wp:term":[{"taxonomy":"product_cat","embeddable":true,"href":"https:\/\/lenard.tech\/fr\/wp-json\/wp\/v2\/product_cat?post=11207"},{"taxonomy":"product_tag","embeddable":true,"href":"https:\/\/lenard.tech\/fr\/wp-json\/wp\/v2\/product_tag?post=11207"}],"curies":[{"name":"wp","href":"https:\/\/api.w.org\/{rel}","templated":true}]}}