
{"id":11210,"date":"2023-03-31T09:21:03","date_gmt":"2023-03-31T09:21:03","guid":{"rendered":"https:\/\/lenard.tech\/producto\/une-en-iso-6330\/"},"modified":"2023-08-31T06:50:05","modified_gmt":"2023-08-31T06:50:05","slug":"une-en-iso-63302022","status":"publish","type":"product","link":"https:\/\/lenard.tech\/fr\/producto\/une-en-iso-63302022\/","title":{"rendered":"UNE-EN ISO 6330:2022"},"content":{"rendered":"<section class=\"wpb-content-wrapper\"><p>[vc_row][vc_column][vc_column_text woodmart_inline=&#8221;no&#8221; text_larger=&#8221;no&#8221;]PROC\u00c9DURES DE LAVAGE ET DE S\u00c9CHAGE DOMESTIQUE POUR LES ESSAIS TEXTILE[\/vc_column_text][\/vc_column][\/vc_row][vc_row][vc_column][vc_tta_tabs title_tag=&#8221;h3&#8243; section_title_tag=&#8221;h3&#8243; style=&#8221;modern&#8221; color=&#8221;white&#8221; active_section=&#8221;1&#8243; no_fill_content_area=&#8221;true&#8221;][vc_tta_section title=&#8221;D\u00c9FINITION&#8221; tab_id=&#8221;1685522856905-7d802a20-a20ae3bf-ea08&#8243; el_class=&#8221;Bold&#8221;][vc_column_text woodmart_inline=&#8221;no&#8221; text_larger=&#8221;no&#8221;]Cette norme sp\u00e9cifie les proc\u00e9dures domestiques de lavage et de s\u00e9chage pour les tests textiles. Les proc\u00e9dures sont applicables aux tissus, v\u00eatements ou autres articles textiles qui sont soumis \u00e0 des combinaisons appropri\u00e9es de proc\u00e9dures de lavage et de s\u00e9chage domestiques.[\/vc_column_text][\/vc_tta_section][vc_tta_section title=&#8221;M\u00c9THODE&#8221; tab_id=&#8221;1687343259470-9968914a-53ec&#8221;][vc_column_text woodmart_inline=&#8221;no&#8221; text_larger=&#8221;no&#8221;]PROC\u00c9DURE DE LAVAGE\u00a0:<br \/>\n\u2022 Obtenir une charge s\u00e8che totale de 2 kg (\u00e9prouvettes + contrepoids). Les tubes \u00e0 essai ne doivent pas constituer plus de la moiti\u00e9 de la charge de lavage.<br \/>\n\u2022 Appliquer les d\u00e9tergents pr\u00e9alablement m\u00e9lang\u00e9s et dissous\u00a0:<br \/>\no Base de lessive en poudre<br \/>\no Perborate de sodium t\u00e9trahydrat\u00e9<br \/>\no L&#8217;azurant optique t\u00e9tra ac\u00e9tyl\u00e8nes diamine<br \/>\n\u2022 Temp\u00e9rature et temps de lavage selon tableau 1 :[\/vc_column_text][vc_single_image image=&#8221;11791&#8243; img_size=&#8221;FULL&#8221; alignment=&#8221;center&#8221; parallax_scroll=&#8221;no&#8221; woodmart_inline=&#8221;no&#8221;][vc_column_text woodmart_inline=&#8221;no&#8221; text_larger=&#8221;no&#8221;]PROC\u00c9DURES DE S\u00c9CHAGE\u00a0:<br \/>\n\u2022 Proc\u00e9dure A S\u00e9chage sur ficelle<br \/>\n\u2022 Proc\u00e9dure B S\u00e9chage goutte \u00e0 goutte<br \/>\n\u2022 Proc\u00e9dure C S\u00e9chage \u00e0 plat<br \/>\n\u2022 Proc\u00e9dure D S\u00e9chage au fer plat<br \/>\n\u2022 Proc\u00e9dure E S\u00e9chage en tambour<\/p>\n<p>PROC\u00c9DURE DE S\u00c9CHAGE AU TAMBOUR\u00a0:<br \/>\n\u2022 M\u00eame charge dans le s\u00e8che-linge<br \/>\n\u2022 Les mesures du mat\u00e9riau sont d\u00e9termin\u00e9es et le s\u00e9chage se poursuit de sorte que l&#8217;humidit\u00e9 finale de la charge doit \u00eatre<br \/>\n\u00b1 2% pour les textiles synth\u00e9tiques, ou \u00b1 5% pour les textiles cellulosiques.<br \/>\n\u2022 La temp\u00e9rature de l&#8217;air \u00e9vacu\u00e9 du tambour est r\u00e9gl\u00e9e \u00e0 une valeur qui ne d\u00e9passe pas 70 \u00baC pour les tissus normaux et 50 \u00baC pour les tissus d\u00e9licats.<br \/>\n\u2022 L&#8217;utilisation de la vitesse de s\u00e9chage a pour le temps estim\u00e9 du cycle d&#8217;essai final, peut donner une valeur sous-estim\u00e9e de 5 %, d&#8217;o\u00f9 la n\u00e9cessit\u00e9 de r\u00e9p\u00e9ter l&#8217;op\u00e9ration pour compenser la diminution de la dur\u00e9e. Il est sugg\u00e9r\u00e9 que si les conditions environnementales de temp\u00e9rature et d&#8217;humidit\u00e9 relative sont raisonnablement coh\u00e9rentes, le taux de s\u00e9chage b n&#8217;est d\u00e9termin\u00e9 qu&#8217;une seule fois, mais en cas de variation, le taux de s\u00e9chage doit \u00eatre d\u00e9termin\u00e9 dans les nouvelles conditions.<\/p>\n<p>Le temps de cycle estim\u00e9 selon cette m\u00e9thode correspond \u00e0 2% du temps r\u00e9el mesur\u00e9 \u00e0 l&#8217;aide d&#8217;une \u00e9chelle appropri\u00e9e. Ce niveau de pr\u00e9cision est suffisant compte tenu du caract\u00e8re n\u00e9cessairement arbitraire des facteurs de surs\u00e9chage de fibres de nature diff\u00e9rente au sein d&#8217;une m\u00eame charge.[\/vc_column_text][\/vc_tta_section][vc_tta_section title=&#8221;\u00c9CHANTILLONS ET APPAREILS&#8221; tab_id=&#8221;1685522856916-22531c7c-aaf1e3bf-ea08&#8243;][vc_column_text woodmart_inline=&#8221;no&#8221; text_larger=&#8221;no&#8221;]\u2022 D\u00e9tergent de r\u00e9f\u00e9rence sans phosphate ECE-98 (sans azurant optique).<br \/>\n\u2022 D\u00e9tergent de r\u00e9f\u00e9rence sans phosphate IEC-A (avec azurant optique).<br \/>\n\u2022 D\u00e9tergent liquide ATCC<br \/>\n\u2022 D\u00e9tergent en poudre sans phosphate avec azurant optique sans enzyme<br \/>\n\u2022 JISK 3371 d\u00e9tergent sans phosphates et avec azurant optique<br \/>\n\u2022 D\u00e9tergent liquide pour laine\/soie en processus d\u00e9licats<br \/>\n\u2022 D\u00e9tergent AATCC 1993 avec et sans azurant optique<br \/>\n\u2022 Eau dont la duret\u00e9, d\u00e9termin\u00e9e selon la norme ISO 6059:1984, ne d\u00e9passe pas 0,002 % (20 ppm), exprim\u00e9e en carbonate de calcium.<br \/>\n\u2022 Machine de type\u00a0A\u00a0: machine \u00e0 laver \u00e0 tambour horizontal \u00e0 chargement frontal<br \/>\n\u2022 ESSAIS. Parfaitement marqu\u00e9 sous la forme d&#8217;un tableau pour d\u00e9terminer le r\u00e9tr\u00e9cissement en cha\u00eene et en trame des textiles (Le nombre d&#8217;\u00e9prouvettes \u00e0 soumettre aux proc\u00e9dures de lavage et de s\u00e9chage sp\u00e9cifi\u00e9es dans la pr\u00e9sente norme internationale est d\u00e9termin\u00e9 en fonction de l&#8217;usage pour lequel le mat\u00e9riau est utilis\u00e9). est test\u00e9.)<br \/>\n\u2022 CONTREPOIDS : (Voir tableau G.2)[\/vc_column_text][vc_single_image image=&#8221;11795&#8243; img_size=&#8221;FULL&#8221; alignment=&#8221;center&#8221; parallax_scroll=&#8221;no&#8221; woodmart_inline=&#8221;no&#8221;][vc_column_text woodmart_inline=&#8221;no&#8221; text_larger=&#8221;no&#8221;]Pour les \u00e9chantillons de 51 % ou plus de fibres cellulosiques, le contrepoids en coton de type I doit \u00eatre utilis\u00e9.<br \/>\nPour les \u00e9chantillons contenant 51 % ou plus de fibres synth\u00e9tiques, le contrepoids en polyester de type III doit \u00eatre utilis\u00e9. Pour les \u00e9chantillons fabriqu\u00e9s \u00e0 partir d&#8217;autres fibres ou m\u00e9langes, un contrepoids en polyester\/coton de type II ou un contrepoids en polyester de type III peut \u00eatre utilis\u00e9.[\/vc_column_text][\/vc_tta_section][vc_tta_section title=&#8221;R\u00c9SULTAT&#8221; tab_id=&#8221;1686210624429-bc17d2a4-0b96&#8243;][vc_column_text woodmart_inline=&#8221;no&#8221; text_larger=&#8221;no&#8221;]Pour tous les textiles, le point final doit \u00eatre compris entre 0% et -3% de la masse conditionn\u00e9e :[\/vc_column_text][vc_single_image image=&#8221;11799&#8243; img_size=&#8221;full&#8221; alignment=&#8221;center&#8221; parallax_scroll=&#8221;no&#8221; woodmart_inline=&#8221;no&#8221;][\/vc_tta_section][\/vc_tta_tabs][\/vc_column][\/vc_row][vc_row][vc_column][vc_column_text][\/vc_column_text][\/vc_column][\/vc_row]<\/p>\n<\/section>","protected":false},"excerpt":{"rendered":"<p>PROC\u00c9DURES DE LAVAGE ET DE S\u00c9CHAGE DOMESTIQUE POUR LES ESSAIS TEXTILE<\/p>\n","protected":false},"featured_media":0,"comment_status":"open","ping_status":"closed","template":"","meta":{"_mi_skip_tracking":false,"_monsterinsights_sitenote_active":false,"_monsterinsights_sitenote_note":"","_monsterinsights_sitenote_category":0},"product_cat":[884],"product_tag":[],"class_list":["post-11210","product","type-product","status-publish","hentry","product_cat-norme"],"acf":[],"_links":{"self":[{"href":"https:\/\/lenard.tech\/fr\/wp-json\/wp\/v2\/product\/11210","targetHints":{"allow":["GET"]}}],"collection":[{"href":"https:\/\/lenard.tech\/fr\/wp-json\/wp\/v2\/product"}],"about":[{"href":"https:\/\/lenard.tech\/fr\/wp-json\/wp\/v2\/types\/product"}],"replies":[{"embeddable":true,"href":"https:\/\/lenard.tech\/fr\/wp-json\/wp\/v2\/comments?post=11210"}],"wp:attachment":[{"href":"https:\/\/lenard.tech\/fr\/wp-json\/wp\/v2\/media?parent=11210"}],"wp:term":[{"taxonomy":"product_cat","embeddable":true,"href":"https:\/\/lenard.tech\/fr\/wp-json\/wp\/v2\/product_cat?post=11210"},{"taxonomy":"product_tag","embeddable":true,"href":"https:\/\/lenard.tech\/fr\/wp-json\/wp\/v2\/product_tag?post=11210"}],"curies":[{"name":"wp","href":"https:\/\/api.w.org\/{rel}","templated":true}]}}