
{"id":11213,"date":"2023-03-31T09:19:45","date_gmt":"2023-03-31T09:19:45","guid":{"rendered":"https:\/\/lenard.tech\/producto\/une-en-iso-20471\/"},"modified":"2026-02-09T10:14:04","modified_gmt":"2026-02-09T10:14:04","slug":"une-en-iso-204712013-a12017","status":"publish","type":"product","link":"https:\/\/lenard.tech\/fr\/producto\/une-en-iso-204712013-a12017\/","title":{"rendered":"UNE-EN ISO 20471:2013\/A1:2017"},"content":{"rendered":"<section class=\"wpb-content-wrapper\"><p>[vc_row][vc_column width=&#8221;1\/2&#8243;][vc_column_text woodmart_inline=&#8221;no&#8221; text_larger=&#8221;no&#8221;]<\/p>\n<h1 class=\"tw-data-text tw-text-large tw-ta\" dir=\"ltr\" data-placeholder=\"Traducci\u00f3n\"><span class=\"Y2IQFc\" lang=\"fr\">V\u00caTEMENTS HAUTE VISIBILIT\u00c9 M\u00c9THODES D&#8217;ESSAI ET EXIGENCES MODIFICATION 1. \u00c9quivalence avec<\/span><\/h1>\n<h1 id=\"tw-target-text\" class=\"tw-data-text tw-text-large tw-ta\" dir=\"ltr\" data-placeholder=\"Traducci\u00f3n\"><span class=\"Y2IQFc\" lang=\"de\"><em>EN ISO 20471:2013\/A1:2016 et ISO 2071:2013\/Amd 1:2016.<\/em><\/span><\/h1>\n<p>[\/vc_column_text][\/vc_column][vc_column width=&#8221;1\/2&#8243;][vc_video link=&#8221;https:\/\/youtu.be\/iBt99wtDAPE&#8221; el_width=&#8221;70&#8243; woodmart_css_id=&#8221;67d93559d2a6c&#8221; image_poster_switch=&#8221;no&#8221;][\/vc_column][\/vc_row][vc_row][vc_column][vc_tta_tabs][vc_tta_section title=&#8221;OBJET&#8221; tab_id=&#8221;1686220936652-bbf47f0d-f0d7&#8243;][vc_column_text woodmart_inline=&#8221;no&#8221; text_larger=&#8221;no&#8221;]Cette norme sp\u00e9cifie les exigences minimales pour les v\u00eatements de protection \u00e0 haute visibilit\u00e9 capables de signaler visuellement la pr\u00e9sence du porteur, destin\u00e9s \u00e0 assurer une perceptibilit\u00e9 dans des situations dangereuses en plein jour, et sous l&#8217;\u00e9clairage des phares dans l&#8217;obscurit\u00e9. Les exigences de performance sont incluses pour la couleur et la r\u00e9tror\u00e9flexion, ainsi que pour les surfaces minimales et pour le placement des mat\u00e9riaux dans les v\u00eatements de protection.[\/vc_column_text][\/vc_tta_section][vc_tta_section title=&#8221;EXIGENCES&#8221; tab_id=&#8221;1686220936663-8cbb9a14-6338&#8243;][vc_column_text woodmart_inline=&#8221;no&#8221; text_larger=&#8221;no&#8221;]<\/p>\n<table style=\"height: 2426px;\" width=\"1468\">\n<tbody>\n<tr>\n<td width=\"200\"><strong>M\u00c9THODE D&#8217;ESSAI<\/strong><\/td>\n<td width=\"92\"><strong>NORME DE TEST<\/strong><\/td>\n<td width=\"156\"><strong>DESCRIPTION<\/strong><\/td>\n<td colspan=\"2\" width=\"246\"><strong>EXIGENCES<\/strong><\/td>\n<td width=\"57\"><\/td>\n<\/tr>\n<tr>\n<td width=\"200\">STABILIT\u00c9 DIMENSIONNELLE<\/td>\n<td width=\"92\">EN 13688<\/td>\n<td width=\"156\">% de r\u00e9tr\u00e9cissement apr\u00e8s les cycles de lavage selon les instructions du fabricant du tissu.<\/p>\n<p>Par d\u00e9faut, minimum 5 cycles.<\/td>\n<td colspan=\"3\" width=\"303\">Mat\u00e9riel de fond et mat\u00e9riel non fluorescent :<\/p>\n<p>Tissu cha\u00eene\/trame ouvert max. \u00b1 3 % de cha\u00eene\/trame<\/p>\n<p>Mat\u00e9riel de maille max. \u00b1 5 % de longueur\/largeur<\/td>\n<\/tr>\n<tr>\n<td width=\"200\">TRACTION<\/p>\n<p>(Tissu \u00e0 ciel ouvert)<\/td>\n<td width=\"92\">ISO 13934-1<\/td>\n<td width=\"156\">Tissu d&#8217;origine<\/p>\n<p>Dynamom\u00e8tre<\/td>\n<td colspan=\"3\" width=\"303\">Mat\u00e9riau du fond et mat\u00e9riau non fluorescent \u2265 100 N cha\u00eene\/trame<\/td>\n<\/tr>\n<tr>\n<td width=\"200\">R\u00c9SISTANCE \u00c0 LA TRACTION ET \u00c0 LA D\u00c9CHIRURE POUR LES TISSUS ENDUIT ET LAMIN\u00c9S<\/td>\n<td width=\"92\">ISO 1421 m\u00e9t 1<\/p>\n<p>ISO 4674<\/td>\n<td width=\"156\">Ne s&#8217;applique pas aux tissus avec un allongement sup\u00e9rieur \u00e0 50 %<\/td>\n<td colspan=\"3\" width=\"303\">Traction du mat\u00e9riau de fond \u2265 100 N<\/p>\n<p>Mat\u00e9riau de fond d\u00e9chir\u00e9 \u2265 20 N<\/td>\n<\/tr>\n<tr>\n<td width=\"200\">R\u00c9SISTANCE AUX EXPLOSIONS<\/p>\n<p>(Tissu maille)<\/td>\n<td width=\"92\">ISO 13938-1<\/p>\n<p>o ISO 13938-2<\/td>\n<td width=\"156\">Tissu dans l&#8217;origine, sclatom\u00e8tre<\/td>\n<td colspan=\"2\" width=\"246\">Mat\u00e9riel de fond et mat\u00e9riel non fluorescent :<\/p>\n<p>Zone d&#8217;essai 50 cm<sup>2 <\/sup>\u2265 100 kPa<\/p>\n<p>Zone d&#8217;essai 7,3 cm<sup>2 <\/sup>\u2265 200 kPa<\/td>\n<td width=\"57\"><\/td>\n<\/tr>\n<tr>\n<td width=\"200\">D\u00c9TERMINATION DE LA R\u00c9SISTANCE \u00c0 LA VAPEUR D&#8217;EAU ET DE LA R\u00c9SISTANCE THERMIQUE<\/p>\n<p>Si la protection contre la pluie, trie selon<\/p>\n<p>EN 343<\/td>\n<td width=\"92\">ISO 11092<\/td>\n<td width=\"156\">Plaque chauffante, chambre climatique<\/td>\n<td colspan=\"3\" width=\"303\">Ret \u2264 5 m<sup>2<\/sup>Pa\/W<\/p>\n<p>SRet &gt; calcul 5 m<sup>2 <\/sup>Pa\/W &#8211;&gt; Indice de perm\u00e9abilit\u00e9 \u00e0 la vapeur d&#8217;eau (Imt) IMT = (Rct * 60) \/Ret &#8211;&gt;\u00a0 IMT \u2265 0,15.<\/td>\n<\/tr>\n<tr>\n<td width=\"200\">DURABILIT\u00c9 DE LA COULEUR \u00c0 LA TRANSPIRATION<\/td>\n<td width=\"92\">ISO 105-E04<\/td>\n<td width=\"156\">Solution : pH acide et pH alcalin, t\u00e9moignage multifibre, niveaux de gris<\/td>\n<td colspan=\"3\" width=\"303\">D\u00e9gradation \u2265 4 D\u00e9charge \u2265 4<\/td>\n<\/tr>\n<tr>\n<td width=\"200\">\u00a0DURABILIT\u00c9 DE LA COULEUR AU NETTOYAGE \u00c0 SEC<\/td>\n<td width=\"92\">ISO 105-D01<\/td>\n<td width=\"156\">Testimonial sur Gyrowash, Solvant, Multifibre<\/td>\n<td colspan=\"3\" width=\"303\">Mat\u00e9riau du bas : D\u00e9gradation \u2265 4 D\u00e9charge \u2265 4<\/p>\n<p>Mat\u00e9riau non fluorescent : D\u00e9charge \u2265 4<\/td>\n<\/tr>\n<tr>\n<td width=\"200\">\u00a0DURABILIT\u00c9 DES COULEURS AU LAVAGE DOMESTIQUE ET COMMERCIAL<\/td>\n<td width=\"92\">ISO 105-C06<\/td>\n<td width=\"156\">Temp\u00e9rature de lavage indiqu\u00e9e par le fabricant, tissu multifibre t\u00e9moignage, Gyrowash, \u00e9chelle de gris<\/td>\n<td colspan=\"3\" width=\"303\">Mat\u00e9riau du bas : D\u00e9gradation \u2265 4 D\u00e9charge \u2265 4<\/p>\n<p>Mat\u00e9riau non fluorescent : D\u00e9charge \u2265 4<\/td>\n<\/tr>\n<tr>\n<td width=\"200\">\u00a0SOLIDIT\u00c9 DES TEINTURES THERMOCOLLANTES<\/td>\n<td width=\"92\">ISO 105-X11<\/td>\n<td width=\"156\">Technique de repassage indiqu\u00e9e par le fabricant, repassage \u00e0 sec, pression 1 kPa, 15 secondes<\/td>\n<td colspan=\"3\" width=\"303\">\u00a0Mat\u00e9riau du fond : D\u00e9gradation \u2265 4 ; D\u00e9charge \u2265 4<\/p>\n<p>Mat\u00e9riau non fluorescent : D\u00e9charge \u2265 4<\/td>\n<\/tr>\n<tr>\n<td width=\"200\">\u00a0SOLIDIT\u00c9 \u00c0 LA TEINTURE \u00c0 SEC<\/td>\n<td width=\"92\">ISO 105-X12<\/td>\n<td width=\"156\">Compteur de vaisseau, Force 9 N, 10 cycles \u00c9chelle de gris<\/td>\n<td colspan=\"2\" width=\"246\">\u00a0\u2265 4 D\u00e9charge<\/td>\n<td width=\"57\"><\/td>\n<\/tr>\n<tr>\n<td rowspan=\"4\" width=\"200\">COORDONN\u00c9ES CHROMATIQUES ET FACTEUR DE LUMINANCE.<\/td>\n<td width=\"92\"><\/td>\n<td width=\"156\"><\/td>\n<td width=\"166\">\u00a0\u00a0 Zone d&#8217;acceptation<\/td>\n<td width=\"79\">Facteur de luminance<\/td>\n<td width=\"57\">Couleur<\/td>\n<\/tr>\n<tr>\n<td width=\"92\">CIE 15.2<\/p>\n<p>CIE D65 Illuminant<\/td>\n<td width=\"156\">COULEUR DU MAT\u00c9RIAU DE FOND EN \u00c9TAT NEUF<\/td>\n<td width=\"166\"><a href=\"https:\/\/lenard.tech\/wp-content\/uploads\/2023\/03\/Imagen1-2.svg\"><img loading=\"lazy\" decoding=\"async\" class=\"alignnone size-medium wp-image-18836\" role=\"img\" src=\"https:\/\/lenard.tech\/wp-content\/uploads\/2023\/03\/Imagen1-2.svg\" alt=\"\" width=\"400\" height=\"300\" \/><\/a><\/td>\n<td width=\"79\">\u00a0Min 0,70<\/td>\n<td width=\"57\">Jaune HV<\/td>\n<\/tr>\n<tr>\n<td width=\"92\">EN 6330<\/td>\n<td width=\"156\">COULEUR DU MAT\u00c9RIAU DE FOND APR\u00c8S LE LAVAGE DOMESTIQUE (SI C\u00b4EST LE CAS)<\/td>\n<td width=\"166\"><a href=\"https:\/\/lenard.tech\/wp-content\/uploads\/2023\/03\/Imagen2-2.svg\"><img loading=\"lazy\" decoding=\"async\" class=\"alignnone size-medium wp-image-18840\" role=\"img\" src=\"https:\/\/lenard.tech\/wp-content\/uploads\/2023\/03\/Imagen2-2.svg\" alt=\"\" width=\"400\" height=\"300\" \/><\/a><\/td>\n<td width=\"79\">Min 0,40<\/td>\n<td width=\"57\">Orange HV<\/td>\n<\/tr>\n<tr>\n<td width=\"92\">EN 15797<\/td>\n<td width=\"156\">COULEUR DU MAT\u00c9RIAU DE FOND APR\u00c8S LAVAGE INDUSTRIEL (SI C\u00b4EST LE CAS)<\/td>\n<td width=\"166\"><a href=\"https:\/\/lenard.tech\/wp-content\/uploads\/2023\/03\/Imagen3-2.svg\"><img loading=\"lazy\" decoding=\"async\" class=\"alignnone size-medium wp-image-18844\" role=\"img\" src=\"https:\/\/lenard.tech\/wp-content\/uploads\/2023\/03\/Imagen3-2.svg\" alt=\"\" width=\"400\" height=\"300\" \/><\/a><\/td>\n<td width=\"79\">Min 0,25<\/td>\n<td width=\"57\">Rouge HV<\/td>\n<\/tr>\n<\/tbody>\n<\/table>\n<table style=\"height: 895px;\" width=\"1465\">\n<tbody>\n<tr>\n<td rowspan=\"2\" width=\"200\">COORDONN\u00c9ES CHROMATIQUES ET FACTEUR DE LUMINANCE.<\/td>\n<td width=\"92\"><\/td>\n<td width=\"156\"><\/td>\n<td width=\"166\">\u00a0\u00a0 Zone d&#8217;acceptation<\/td>\n<td width=\"79\">Facteur de luminance<\/td>\n<td width=\"57\">Couleur<\/td>\n<\/tr>\n<tr>\n<td width=\"92\">ISO 105-B02 M\u00e9thode 3<\/td>\n<td width=\"156\">COULEUR DU MAT\u00c9RIAU DE FOND APR\u00c8S LE TEST AU X\u00c9NON<\/td>\n<td width=\"166\"><a href=\"https:\/\/lenard.tech\/wp-content\/uploads\/2023\/03\/XENON-2.png\"><img loading=\"lazy\" decoding=\"async\" class=\"alignnone size-medium wp-image-18858\" src=\"https:\/\/lenard.tech\/wp-content\/uploads\/2023\/03\/XENON-2-400x242.png\" alt=\"\" width=\"400\" height=\"242\" srcset=\"https:\/\/lenard.tech\/wp-content\/uploads\/2023\/03\/XENON-2-400x242.png 400w, https:\/\/lenard.tech\/wp-content\/uploads\/2023\/03\/XENON-2-430x260.png 430w, https:\/\/lenard.tech\/wp-content\/uploads\/2023\/03\/XENON-2-150x91.png 150w, https:\/\/lenard.tech\/wp-content\/uploads\/2023\/03\/XENON-2.png 504w\" sizes=\"auto, (max-width: 400px) 100vw, 400px\" \/><\/a>L&#8217;exposition doit se poursuivre jusqu&#8217;\u00e0 ce que le niveau 5 de l&#8217;\u00e9chelle bleue soit pass\u00e9 au grade 3 en niveaux de gris pour les mat\u00e9riaux rouge et orange-rouge, et pour les mat\u00e9riaux jaunes, le niveau 4 de l&#8217;\u00e9chelle bleue atteint le niveau 4 selon l&#8217;ISO 105-A02<\/td>\n<td width=\"79\">Min 0,70<\/p>\n<p>Min 0,40<\/p>\n<p>Min 0,25<\/td>\n<td width=\"57\">Jaune HV<\/p>\n<p>Orange HV<\/p>\n<p>Rouge HV<\/td>\n<\/tr>\n<tr>\n<td colspan=\"6\" width=\"750\"><strong>SURFACE VISIBLE MINIMALE DANS m2<\/strong><\/td>\n<\/tr>\n<tr>\n<td colspan=\"3\" width=\"447\"><strong>MAT\u00c9RIEL<\/strong><\/td>\n<td width=\"166\"><strong>CLASSE 3<\/strong><\/td>\n<td width=\"79\"><strong>CLASSE 2 <\/strong><\/td>\n<td width=\"57\"><strong>CLASSE 1<\/strong><\/td>\n<\/tr>\n<tr>\n<td colspan=\"3\" width=\"447\">MAT\u00c9RIEL DE CONTEXTE<\/td>\n<td width=\"166\">0,80<\/td>\n<td width=\"79\">0,50<\/td>\n<td width=\"57\">0,14<\/td>\n<\/tr>\n<tr>\n<td colspan=\"3\" width=\"447\">MAT\u00c9RIAU R\u00c9TROR\u00c9FL\u00c9CHISSANT (bande 3M)<\/td>\n<td width=\"166\">0,20<\/td>\n<td width=\"79\">0,13<\/td>\n<td width=\"57\">0,10<\/td>\n<\/tr>\n<tr>\n<td colspan=\"3\" width=\"447\">MAT\u00c9RIEL COMBIN\u00c9<\/td>\n<td width=\"166\">N.A.<\/td>\n<td width=\"79\">N.A.<\/td>\n<td width=\"57\">0,20<\/td>\n<\/tr>\n<tr>\n<td colspan=\"5\" width=\"693\">NOTE : LA CAT\u00c9GORIE DE V\u00caTEMENTS EST D\u00c9TERMIN\u00c9E PAR LA ZONE LA PLUS BASSE DU MAT\u00c9RIAU VISIBLE<\/td>\n<td width=\"57\"><\/td>\n<\/tr>\n<\/tbody>\n<\/table>\n<p>[\/vc_column_text][\/vc_tta_section][vc_tta_section title=&#8221;V\u00caTEMENTS&#8221; tab_id=&#8221;1686220970354-ed76b7ae-6bd2&#8243;][vc_column_text woodmart_inline=&#8221;no&#8221; text_larger=&#8221;no&#8221;]CONCEVOIR<\/p>\n<ul>\n<li style=\"list-style-type: none;\">\n<ul>\n<li>Les v\u00eatements \u00e0 haute visibilit\u00e9 sont regroup\u00e9s en trois cat\u00e9gories. Chaque classe doit avoir des zones minimales de mat\u00e9riaux visibles int\u00e9gr\u00e9es dans le v\u00eatement.<\/li>\n<li>Le v\u00eatement sera confectionn\u00e9 avec un mat\u00e9riau tr\u00e8s visible sur tous les c\u00f4t\u00e9s. Il est important que les bandes autor\u00e9flexives entourent le torse, les jambes et les manches.<\/li>\n<li>Un v\u00eatement de classe 3 doit couvrir le torse et comporter au moins des manches avec des bandes r\u00e9tror\u00e9fl\u00e9chissantes ou de longues jambes avec des bandes r\u00e9tror\u00e9fl\u00e9chissantes, voire les deux.<\/li>\n<li>Au moins (50 \u00b1 10 %) de la surface minimale visible du fond doit se trouver \u00e0 l&#8217;avant du v\u00eatement.<\/li>\n<li>Il existe des exigences sp\u00e9cifiques selon le type de v\u00eatement<\/li>\n<\/ul>\n<\/li>\n<\/ul>\n<p>[\/vc_column_text][\/vc_tta_section][vc_tta_section title=&#8221;MARQUAGE ET \u00c9TIQUETAGE&#8221; tab_id=&#8221;1764672178409-28ae367e-cb7e&#8221;][vc_single_image image=&#8221;18747&#8243; img_size=&#8221;FULL&#8221; alignment=&#8221;center&#8221; parallax_scroll=&#8221;no&#8221; woodmart_inline=&#8221;no&#8221;][\/vc_tta_section][\/vc_tta_tabs][\/vc_column][\/vc_row]<\/p>\n<\/section>","protected":false},"excerpt":{"rendered":"<p><span class=\"Y2IQFc\" lang=\"fr\">V\u00caTEMENTS HAUTE VISIBILIT\u00c9 M\u00c9THODES D&#8217;ESSAI ET EXIGENCES MODIFICATION 1. <\/span><span style=\"color: #ffff99;\"><em><span class=\"Y2IQFc\" lang=\"fr\">\u00c9quivalence avec <\/span><span class=\"Y2IQFc\" lang=\"de\">EN ISO 20471:2013\/A1:2016 et ISO 2071:2013\/Amd 1:2016.<\/span><\/em><\/span><\/p>\n","protected":false},"featured_media":0,"comment_status":"open","ping_status":"closed","template":"","meta":{"_mi_skip_tracking":false,"_monsterinsights_sitenote_active":false,"_monsterinsights_sitenote_note":"","_monsterinsights_sitenote_category":0},"product_cat":[884],"product_tag":[1466,1898,1459,1478,2026,3703,2397,2401],"class_list":["post-11213","product","type-product","status-publish","hentry","product_cat-norme","product_tag-clase-1-fr","product_tag-clase-2-fr","product_tag-alta-visibilidad-fr","product_tag-hv-fr","product_tag-amarillo-hv-fr","product_tag-lenard-fr","product_tag-naranja-hv-fr","product_tag-rojo-hv-fr"],"acf":[],"_links":{"self":[{"href":"https:\/\/lenard.tech\/fr\/wp-json\/wp\/v2\/product\/11213","targetHints":{"allow":["GET"]}}],"collection":[{"href":"https:\/\/lenard.tech\/fr\/wp-json\/wp\/v2\/product"}],"about":[{"href":"https:\/\/lenard.tech\/fr\/wp-json\/wp\/v2\/types\/product"}],"replies":[{"embeddable":true,"href":"https:\/\/lenard.tech\/fr\/wp-json\/wp\/v2\/comments?post=11213"}],"wp:attachment":[{"href":"https:\/\/lenard.tech\/fr\/wp-json\/wp\/v2\/media?parent=11213"}],"wp:term":[{"taxonomy":"product_cat","embeddable":true,"href":"https:\/\/lenard.tech\/fr\/wp-json\/wp\/v2\/product_cat?post=11213"},{"taxonomy":"product_tag","embeddable":true,"href":"https:\/\/lenard.tech\/fr\/wp-json\/wp\/v2\/product_tag?post=11213"}],"curies":[{"name":"wp","href":"https:\/\/api.w.org\/{rel}","templated":true}]}}