
{"id":11216,"date":"2023-03-31T09:18:36","date_gmt":"2023-03-31T09:18:36","guid":{"rendered":"https:\/\/lenard.tech\/producto\/une-en-iso-15797\/"},"modified":"2024-12-17T10:47:13","modified_gmt":"2024-12-17T10:47:13","slug":"une-en-iso-157972019","status":"publish","type":"product","link":"https:\/\/lenard.tech\/fr\/producto\/une-en-iso-157972019\/","title":{"rendered":"UNE-EN ISO 15797:2019"},"content":{"rendered":"<section class=\"wpb-content-wrapper\"><p>[vc_row][vc_column][vc_column_text woodmart_inline=&#8221;no&#8221; text_larger=&#8221;no&#8221;]PROC\u00c9DURE DE LAVAGE INDUSTRIEL ET DE FINITION POUR LE TEST DES V\u00caTEMENTS DE TRAVAIL[\/vc_column_text][\/vc_column][\/vc_row][vc_row][vc_column][vc_tta_tabs][vc_tta_section title=&#8221;D\u00c9FINITION&#8221; tab_id=&#8221;1686219540327-022dd9ed-e568&#8243;][vc_column_text woodmart_inline=&#8221;no&#8221; text_larger=&#8221;no&#8221;]La pr\u00e9sente Norme internationale sp\u00e9cifie les proc\u00e9dures et \u00e9quipements d&#8217;essai qui peuvent \u00eatre utilis\u00e9s pour l&#8217;\u00e9valuation des v\u00eatements de travail en qui doivent \u00eatre soumis \u00e0 un lavage industriel. Ils servent de base pour tester des propri\u00e9t\u00e9s pertinentes telles que la stabilit\u00e9 dimensionnelle, la solidit\u00e9 des couleurs, le froissement et le froncement des coutures.<\/p>\n<p>Puisqu&#8217;il n&#8217;est pas possible de reproduire les proc\u00e9d\u00e9s de lavage industriel, cette norme vise \u00e0 faire une approximation[\/vc_column_text][\/vc_tta_section][vc_tta_section title=&#8221;INSTRUMENTS&#8221; tab_id=&#8221;1686219540340-dacc955b-fa2e&#8221;][vc_column_text woodmart_inline=&#8221;no&#8221; text_larger=&#8221;no&#8221;]<\/p>\n<ul>\n<li>Laveuse\/centrifugeuse<\/li>\n<\/ul>\n<p>Tambour horizontal rotatif avec ouverture de chargement frontale ou lat\u00e9rale.<\/p>\n<ul>\n<li>S\u00e9choir rotatif<\/li>\n<\/ul>\n<p>S\u00e9cheur rotatif \u00e0 \u00e9vacuation d&#8217;air, dot\u00e9 d&#8217;un syst\u00e8me de d\u00e9tection du taux d&#8217;humidit\u00e9 de l&#8217;air en sortie, avec une tol\u00e9rance de 5%.<\/p>\n<ul>\n<li>Finisseur<\/li>\n<\/ul>\n<p>Armoire \u00e0 vapeur avec chargement par lots.<\/p>\n<ul>\n<li>cargaison de ballast<\/li>\n<\/ul>\n<p>Il s&#8217;agit de v\u00eatements de travail propres (blouses, bavoirs et bretelles, salopettes, pantalons et salopettes) non lav\u00e9s au pr\u00e9alable plus de 100 fois et similaire aux types de v\u00eatements\/tissus et \u00e0 la couleur du tube \u00e0 essai<\/p>\n<p>Dans les cas o\u00f9 le mat\u00e9riau du ballast peut avoir une influence significative sur le r\u00e9sultat du test, la totalit\u00e9 de la charge de ballast doit \u00eatre constitu\u00e9e du mat\u00e9riau de l&#8217;\u00e9chantillon, par exemple lors du test de couleurs contrast\u00e9es ou d&#8217;un mat\u00e9riau multicolore dans les textiles.<\/p>\n<ul>\n<li>D\u00e9tergents\u00a0:<\/li>\n<\/ul>\n<p style=\"padding-left: 40px;\">avec azurant optique<br \/>\nsans azurant optique<\/p>\n<ul>\n<li>Blanchiment<\/li>\n<\/ul>\n<p style=\"padding-left: 40px;\">au chlore (150 g\/L)<br \/>\navec du peroxyde d&#8217;hydrog\u00e8ne<br \/>\navec de l&#8217;acide perac\u00e9tique<\/p>\n<p>Antichlore (m\u00e9tabisulfite de sodium, bisulfite de sodium)<\/p>\n<ul>\n<li>Qualit\u00e9 de l&#8217;eau : duret\u00e9 \u2264 100mg\/l CaCO3 ; pH : 6,0 \u00e0 7,5 ; Fe \u2264 0,1 mg\/L\u00a0; Mn \u2264 0,03 mg\/L\u00a0; Cu \u2264 0,05 mg\/L\u00a0; T\u00aa 15 \u00b1 5 \u00baC.<\/li>\n<\/ul>\n<p>[\/vc_column_text][\/vc_tta_section][vc_tta_section title=&#8221;TUBES \u00c0 ESSAI&#8221; tab_id=&#8221;1686219573107-0e8d8549-bc32&#8243;][vc_column_text woodmart_inline=&#8221;no&#8221; text_larger=&#8221;no&#8221;]Le tube \u00e0 essai doit \u00eatre un v\u00eatement complet ou un \u00e9chantillon composite<\/p>\n<p>Au moins trois \u00e9chantillons doivent \u00eatre soumis aux programmes de lavage et de s\u00e9chage\/finition sp\u00e9cifi\u00e9s dans la pr\u00e9sente Norme internationale. Le nombre r\u00e9el de sp\u00e9cimens doit \u00eatre d\u00e9termin\u00e9 en fonction de l\u2019objectif des tests en question.<\/p>\n<p>Le tube est conditionn\u00e9 selon la norme ISO 139 et l\u00b4essai est lav\u00e9 et s\u00e9ch\u00e9 selon l&#8217;une des proc\u00e9dures sp\u00e9cifi\u00e9es ci-dessous. Un cycle est un lavage + un s\u00e9chage[\/vc_column_text][\/vc_tta_section][vc_tta_section title=&#8221;PROC\u00c9DURE DE LAVAGE&#8221; tab_id=&#8221;1686219653037-f304ca43-63f5&#8243;][vc_single_image image=&#8221;16190&#8243; img_size=&#8221;full&#8221; alignment=&#8221;center&#8221; parallax_scroll=&#8221;no&#8221; woodmart_inline=&#8221;no&#8221;][vc_single_image image=&#8221;16194&#8243; img_size=&#8221;full&#8221; alignment=&#8221;center&#8221; parallax_scroll=&#8221;no&#8221; woodmart_inline=&#8221;no&#8221;][\/vc_tta_section][vc_tta_section title=&#8221;PROC\u00c9DURE DE S\u00c9CHAGE&#8221; tab_id=&#8221;1686219671508-2633d5ee-f9d3&#8243;][vc_column_text woodmart_inline=&#8221;no&#8221; text_larger=&#8221;no&#8221;]S\u00e9chage au tambour. Proc\u00e9dure A<\/p>\n<p>Pleine charge (rapport de charge 1:25 \u00e0 1:35) la temp\u00e9rature de sortie \u00e9tant r\u00e9gul\u00e9e de mani\u00e8re \u00e0 ne pas d\u00e9passer 90 \u00baC. Le s\u00e9choir est autoris\u00e9 \u00e0 fonctionner jusqu&#8217;\u00e0 ce que la charge soit s\u00e8che et le s\u00e9chage est poursuivi pendant 5 minutes suppl\u00e9mentaires avec le chauffage (refroidissement) arr\u00eat\u00e9. La charge est s\u00e8che lorsque le taux d&#8217;humidit\u00e9 final bas\u00e9 sur les \u00e9prouvettes conditionn\u00e9es est de 0 \uf0b1 3 %.<\/p>\n<p>Tunnel de s\u00e9chage. Proc\u00e9dure B<\/p>\n<p>Placer les \u00e9prouvettes, avec les crochets appropri\u00e9s, dans l&#8217;\u00e9tuve pr\u00e9chauff\u00e9e (5.3). Le casier \u00e0 vapeur doit fonctionner \u00e0 pleine charge et avec au moins une charge de lest d&#8217;extr\u00e9mit\u00e9. Le finisseur doit \u00eatre r\u00e9gl\u00e9 sur une temp\u00e9rature de l&#8217;air de 155 \u00b0 C et un temps de fonctionnement minimum de 4 minutes[\/vc_column_text][\/vc_tta_section][vc_tta_section title=&#8221;CORRESPONDANCE AUX NORMES&#8221; tab_id=&#8221;1686219745100-26eded8a-4541&#8243;][vc_column_text woodmart_inline=&#8221;no&#8221; text_larger=&#8221;no&#8221;]Selon les normes EN11612, EN11611, EN61482-1-2, EN15384, EN20471, un r\u00e9sultat de stabilit\u00e9 dimensionnelle de \u00b13% est requis pour les tissus tiss\u00e9s dans les deux sens et de \u00b15% pour les tissus tricot\u00e9s, apr\u00e8s 5 cycles de lavage et mesure selon EN ISO 5077[\/vc_column_text][\/vc_tta_section][\/vc_tta_tabs][\/vc_column][\/vc_row]<\/p>\n<\/section>","protected":false},"excerpt":{"rendered":"<p>PROC\u00c9DURE DE LAVAGE INDUSTRIEL ET DE FINITION POUR LE TEST DES V\u00caTEMENTS DE TRAVAIL<\/p>\n","protected":false},"featured_media":0,"comment_status":"open","ping_status":"closed","template":"","meta":{"_mi_skip_tracking":false,"_monsterinsights_sitenote_active":false,"_monsterinsights_sitenote_note":"","_monsterinsights_sitenote_category":0},"product_cat":[884],"product_tag":[],"class_list":["post-11216","product","type-product","status-publish","hentry","product_cat-norme"],"acf":[],"_links":{"self":[{"href":"https:\/\/lenard.tech\/fr\/wp-json\/wp\/v2\/product\/11216","targetHints":{"allow":["GET"]}}],"collection":[{"href":"https:\/\/lenard.tech\/fr\/wp-json\/wp\/v2\/product"}],"about":[{"href":"https:\/\/lenard.tech\/fr\/wp-json\/wp\/v2\/types\/product"}],"replies":[{"embeddable":true,"href":"https:\/\/lenard.tech\/fr\/wp-json\/wp\/v2\/comments?post=11216"}],"wp:attachment":[{"href":"https:\/\/lenard.tech\/fr\/wp-json\/wp\/v2\/media?parent=11216"}],"wp:term":[{"taxonomy":"product_cat","embeddable":true,"href":"https:\/\/lenard.tech\/fr\/wp-json\/wp\/v2\/product_cat?post=11216"},{"taxonomy":"product_tag","embeddable":true,"href":"https:\/\/lenard.tech\/fr\/wp-json\/wp\/v2\/product_tag?post=11216"}],"curies":[{"name":"wp","href":"https:\/\/api.w.org\/{rel}","templated":true}]}}