
{"id":11219,"date":"2023-03-31T09:16:36","date_gmt":"2023-03-31T09:16:36","guid":{"rendered":"https:\/\/lenard.tech\/producto\/une-en-iso-15384\/"},"modified":"2026-02-19T14:35:59","modified_gmt":"2026-02-19T14:35:59","slug":"une-en-iso-153842020-a12021","status":"publish","type":"product","link":"https:\/\/lenard.tech\/fr\/producto\/une-en-iso-153842020-a12021\/","title":{"rendered":"UNE-EN ISO 15384:2020\/A1:2021"},"content":{"rendered":"<section class=\"wpb-content-wrapper\"><p>[vc_row][vc_column][vc_column_text woodmart_inline=&#8221;no&#8221; text_larger=&#8221;no&#8221;]V\u00caTEMENTS DE PROTECTION POUR POMPIERS.<\/p>\n<p>M\u00c9THODES D&#8217;ESSAIS EN LABORATOIRE ET EXIGENCES DE PERFORMANCE POUR LES V\u00caTEMENTS FORESTIERS[\/vc_column_text][\/vc_column][\/vc_row][vc_row][vc_column][vc_tta_tabs][vc_tta_section title=&#8221;OBJET&#8221; tab_id=&#8221;1686219028077-762289ea-ddc6&#8243;][vc_column_text woodmart_inline=&#8221;no&#8221; text_larger=&#8221;no&#8221;]PORT\u00c9E<\/p>\n<p>Ce document pr\u00e9cise les m\u00e9thodes de test et les exigences minimales de performance pour les v\u00eatements de protection individuelle, con\u00e7us pour prot\u00e9ger le corps du porteur, \u00e0 l&#8217;exception de la t\u00eate, des mains, des pieds, des yeux et des oreilles utilis\u00e9s lors de la suppression des feux de for\u00eat et des activit\u00e9s associ\u00e9es. Ces v\u00eatements ne sont pas destin\u00e9s \u00e0 offrir une protection lors d&#8217;un incendie pi\u00e9g\u00e9 ou d&#8217;extinction structurelle, ou lors de sauvetage, ni pour se prot\u00e9ger contre les dangers chimiques, biologiques, \u00e9lectriques ou radiologiques. Ce document ne prot\u00e8ge pas contre les risques m\u00e9caniques \u00e9lev\u00e9s, tels que la protection lors de l&#8217;utilisation de tron\u00e7onneuses.[\/vc_column_text][\/vc_tta_section][vc_tta_section title=&#8221;\u00c9XIGENCES&#8221; tab_id=&#8221;1686219028087-b2c81765-776e&#8221;][vc_column_text woodmart_inline=&#8221;no&#8221; text_larger=&#8221;no&#8221;]\u00c9CHANTILLONS ET PR\u00c9TRAITEMENT<\/p>\n<p>Les \u00e9chantillons doivent \u00eatre repr\u00e9sentatifs. Il existe des tests obligatoires en version originale et\/ou apr\u00e8s nettoyage.<\/p>\n<p>Le pr\u00e9traitement du tissu sera de 5 cycles et\/ou selon les indications du fabricant<\/p>\n<p>Pour le test de propagation de flamme et de transfert de chaleur, les tests seront r\u00e9alis\u00e9s avant et apr\u00e8s le pr\u00e9traitement.<\/p>\n<p>Avant tous les tests et apr\u00e8s avoir effectu\u00e9 le pr\u00e9traitement sp\u00e9cifi\u00e9, les \u00e9chantillons seront conditionn\u00e9s selon la norme ISO 139 pour un minimum de 24 heures (20 \u00b1 2 \u00baC avec une humidit\u00e9 relative de 65 \u00b1 5 %). Les tests doivent \u00eatre effectu\u00e9s dans les 5 minutes suivant le retrait de l&#8217;apr\u00e8s-shampoing.<\/p>\n<p>EXPRESSION DES R\u00c9SULTATS :<\/p>\n<p>Tous les r\u00e9sultats des \u00e9chantillons de test doivent \u00eatre rapport\u00e9s en m\u00eame temps que le r\u00e9sultat calcul\u00e9 selon la m\u00e9thode de test.<\/p>\n<p>Pour chaque test, l&#8217;estimation correspondante du coefficient de variation (CV %) pour la variabilit\u00e9 du test en laboratoire (sans prendre en compte la variabilit\u00e9 de l&#8217;\u00e9chantillon) doit \u00eatre donn\u00e9e.<\/p>\n<table style=\"height: 4945px;\" width=\"1617\">\n<tbody>\n<tr>\n<td width=\"217\"><strong>M\u00c9THODE D&#8217;ESSAI<\/strong><\/td>\n<td width=\"113\"><strong>TEST STANDARD<\/strong><\/td>\n<td width=\"201\"><strong>DESCRIPTION<\/strong><\/td>\n<td width=\"214\"><strong>EXIGENCES<\/strong><\/td>\n<\/tr>\n<tr>\n<td width=\"217\">&nbsp;<\/p>\n<p>STABILIT\u00c9 DIMENSIONNELLE<\/td>\n<td width=\"113\">ISO 5077<\/td>\n<td width=\"201\">% de r\u00e9tr\u00e9cissement apr\u00e8s les cycles de lavage selon les instructions du fabricant du tissu. Par d\u00e9faut, minimum 5 cycles.<\/td>\n<td width=\"214\">Tissu \u00e0 l&#8217;\u0153uvre max. \u00b1 3 % de cha\u00eene\/trame<br \/>\nEn tissu tricot\u00e9 max. \u00b1 5 % de longueur\/largeur<\/td>\n<\/tr>\n<tr>\n<td rowspan=\"2\" width=\"217\">PROPAGATION LIMIT\u00c9E DE LA FLAMME<\/td>\n<td rowspan=\"2\" width=\"113\">ISO 15025<\/p>\n<p>M\u00e9thodes A et B<\/td>\n<td width=\"201\">Tissu original et pr\u00e9trait\u00e9 :<\/p>\n<p>Chaque mat\u00e9riau d&#8217;assemblage composant, marquage de plage, mat\u00e9riaux r\u00e9tror\u00e9fl\u00e9chissants et fluorescents, \u00e0 l&#8217;exclusion du mat\u00e9riel, seront test\u00e9s s\u00e9par\u00e9ment<\/p>\n<p>Application de la flamme de 10&#8243; perpendiculaire au tissu (proc\u00e9dure A)<\/td>\n<td width=\"214\">Aucun \u00e9chantillon ne doit s&#8217;enflammer en haut ou sur les bords, sans d\u00e9bris enflamm\u00e9s ou fondus ; aucune formation de trous sup\u00e9rieurs ou \u00e9gaux \u00e0 5 mm, sauf pour une couche int\u00e9rieure utilis\u00e9e pour une application autre que la protection contre les flammes ; temps post-allumage et post-luminescence \u2264 2 s (la post-luminescence n&#8217;est \u00a0consid\u00e9r\u00e9e comme une lueur r\u00e9siduelle sans combustion dans la zone carbonis\u00e9e comme dans la norme ISO 15025)<\/td>\n<\/tr>\n<tr>\n<td width=\"201\">Tissu original et pr\u00e9trait\u00e9 :<\/p>\n<p>Mat\u00e9riau assembl\u00e9<\/p>\n<p>Application de flamme sur le bord du tissu avec un ourlet de 10&#8243;. (proc\u00e9dure B). Ce test doit \u00e9galement \u00eatre effectu\u00e9 apr\u00e8s le nombre maximal de proc\u00e9dures de nettoyage indiqu\u00e9es par le fabricant.<\/td>\n<td width=\"214\">Aucun sbicimen ne doit s&#8217;enflammer vers le dessus ou les bords, sans br\u00fbler ou fondre des d\u00e9bris ; post-allumage et post-luminescence \u2264 2&#8221; (la post-luminescence est consid\u00e9r\u00e9e comme une lueur r\u00e9siduelle sans combustion dans la zone carbonis\u00e9e comme dans la norme ISO 15025)<\/p>\n<p>La longueur carbonis\u00e9e doit \u00eatre<br \/>\n\u2264 100 mm selon l&#8217;annexe C de l&#8217;ISO 15025<\/td>\n<\/tr>\n<tr>\n<td width=\"217\">R\u00c9SISTANCE \u00c0 LA TRACTION<\/td>\n<td width=\"113\">ISO 13934-1<\/td>\n<td width=\"201\">Tissu pr\u00e9trait\u00e9.<\/td>\n<td width=\"214\">\u2265 600 N cha\u00eene\/trame<\/td>\n<\/tr>\n<tr>\n<td width=\"217\">R\u00c9SISTANCE AUX D\u00c9CHIRURES<\/td>\n<td width=\"113\">ISO 13937-2<\/p>\n<p>ou M\u00e9thode B (ISO 4674-1) pour les tissus rev\u00eatus<\/td>\n<td width=\"201\">Tissu pr\u00e9trait\u00e9.<\/td>\n<td width=\"214\">\u2265 25 N cha\u00eene\/trame<\/td>\n<\/tr>\n<tr>\n<td width=\"217\">R\u00c9SISTANCE PRINCIPALE DE LA COUTURE<\/td>\n<td width=\"113\">ISO 13935-2<\/td>\n<td width=\"201\">Tissu pr\u00e9trait\u00e9.<\/td>\n<td width=\"214\">R\u00e9sistance des coutures<\/p>\n<p>\u2265 300 N<\/td>\n<\/tr>\n<tr>\n<td width=\"217\">R\u00c9SISTANCE \u00c0 LA CHALEUR<\/p>\n<p>Du tissu de base et des garnitures proches de la peau jusqu&#8217;aux mat\u00e9riaux r\u00e9tror\u00e9fl\u00e9chissants et\/ou fluorescents<\/td>\n<td width=\"113\">ISO 17493<\/td>\n<td width=\"201\">Tissu pr\u00e9trait\u00e9 soumis \u00e0 260 \u00baC pendant 5 minutes.<\/td>\n<td width=\"214\">Aucune couche ne peut s&#8217;enflammer. Aucune couche ne peut fondre ou goutter.<\/p>\n<p>Le retrait \u2264 10 % \u00e0 260 \u00baC.<\/td>\n<\/tr>\n<tr>\n<td width=\"217\">&nbsp;<\/p>\n<p>R\u00c9SISTANCE \u00c0 LA CHALEUR<\/p>\n<p>R\u00e9tro r\u00e9fl\u00e9chissant et fluorescent<\/td>\n<td width=\"113\">ISO 17493<\/td>\n<td width=\"201\">Tissu pr\u00e9trait\u00e9 soumis \u00e0<\/p>\n<p>180 \u00b1 5 \u00b0C pendant 5 min \u00b1 15 s<\/td>\n<td width=\"214\">Elle doit r\u00e9pondre aux exigences de visibilit\u00e9 : ISO 20471:2013 6.2.2-6.2.3 ou 6.2.4 ainsi qu&#8217;aux exigences de performance couleur ISO 20471:2013 5.1.<\/td>\n<\/tr>\n<tr>\n<td width=\"217\">R\u00c9SISTANCE \u00c0 LA CHALEUR<\/td>\n<td width=\"113\">ISO 17493<\/td>\n<td width=\"201\">Tissu pr\u00e9trait\u00e9<\/p>\n<p>Par d\u00e9faut : 5 min \u00b1 15 secondes d&#8217;exposition \u00e0 260 \u00b1 5 \u00b0C<\/p>\n<p>Mat\u00e9riaux fluorescents et r\u00e9tror\u00e9fl\u00e9chissants : exposition de 5 min \u00b1 15 secondes \u00e0 260 \u00b1 5 \u00b0C<\/p>\n<p>Fixations, fixations et autres mat\u00e9riaux qui ne sont pas en contact avec la peau : exposition pendant 5 minutes \u00b1 15 secondes \u00e0 180 \u00b1 5 \u00b0C<\/td>\n<td width=\"214\">Aucune couche ne peut fondre, goutter, s&#8217;enflammer ou se contracter &gt; 10 % et rester fonctionnelle.<\/td>\n<\/tr>\n<tr>\n<td width=\"217\">R\u00c9SISTANCE \u00c0 LA CHALEUR<\/p>\n<p>FIL DE COUTURE<\/td>\n<td width=\"113\">ISO 3146<\/td>\n<td width=\"201\">M\u00e9thode de la plaque chauffante<\/p>\n<p>\u00c9chantillon s\u00e9par\u00e9<\/td>\n<td width=\"214\">Ne pas fondre \u00e0 260 \u00baC<\/td>\n<\/tr>\n<tr>\n<td rowspan=\"3\" width=\"217\">\u00a0CHAUFFAGE RADIANT<\/td>\n<td rowspan=\"3\" width=\"113\">ISO 6942<\/p>\n<p>M\u00e9thode B<\/td>\n<td rowspan=\"3\" width=\"201\">Tissu original et pr\u00e9trait\u00e9<\/p>\n<p>Densit\u00e9 de flux thermique : 20 kW\/m<sup>2<\/sup><\/td>\n<td width=\"214\">TF \u2264 70 %<\/td>\n<\/tr>\n<tr>\n<td width=\"214\">RHTI24 \u2265 11 s<\/td>\n<\/tr>\n<tr>\n<td width=\"214\">RHTI24 &#8211; RHTI12 \u2265 4 s<\/td>\n<\/tr>\n<tr>\n<td width=\"217\">R\u00c9SISTANCE \u00c0 LA VAPEUR D&#8217;EAU<\/td>\n<td width=\"113\">ISO 11092<\/td>\n<td width=\"201\">Tissu d&#8217;origine, plaque chauffante<\/td>\n<td width=\"214\">Ret \u2264 10 m<sup>2 <\/sup>Pa\/W<\/td>\n<\/tr>\n<tr>\n<td width=\"217\">R\u00c9SISTANCE THERMIQUE<\/td>\n<td width=\"113\">ISO 11092<\/td>\n<td width=\"201\">Tissu d&#8217;origine, plaque chauffante<\/td>\n<td width=\"214\">RCT \u2264 0,055 m<sup>2<\/sup>K\/W<\/td>\n<\/tr>\n<tr>\n<td rowspan=\"2\" width=\"217\">PERFORMANCE R\u00c9TROR\u00c9FL\u00c9CHISSANTE\/FLUORESCENTE<\/td>\n<td rowspan=\"2\" width=\"113\">ISO 20471<\/td>\n<td rowspan=\"2\" width=\"201\">Tissu d&#8217;origine<\/p>\n<p>Apr\u00e8s xenotest<\/p>\n<p>Apr\u00e8s le nettoyage<\/td>\n<td width=\"214\">La performance photom\u00e9trique de la pi\u00e8ce r\u00e9tror\u00e9fl\u00e9chissante ou du mat\u00e9riau de performance combin\u00e9 doit \u00eatre d\u00e9termin\u00e9e conform\u00e9ment \u00e0 la norme ISO 20471:2013. 7.3. Le coefficient minimum pour un nouveau mat\u00e9riau r\u00e9tror\u00e9fl\u00e9chissant ou un mat\u00e9riau de performance combin\u00e9e doit \u00eatre conforme \u00e0 la norme ISO 20471:2013, Tableau 4 ou 5, selon le cas.<\/td>\n<\/tr>\n<tr>\n<td width=\"214\">Le mat\u00e9riau de performance combin\u00e9\/fluorescent doit r\u00e9pondre aux exigences ISO 20471:2013, 5.1, 5.2 et 7.5.1, pour les exigences de performance couleur du nouveau mat\u00e9riau, apr\u00e8s tests au x\u00e9non et apr\u00e8s nettoyage.<\/td>\n<\/tr>\n<tr>\n<td width=\"217\">R\u00c9SISTANCE \u00c0 L&#8217;ABRASION<\/td>\n<td width=\"113\">ISO 12947-2<\/td>\n<td width=\"201\">Force 12 kPa<\/td>\n<td width=\"214\">\u2265 20 000 cycles<\/td>\n<\/tr>\n<tr>\n<td width=\"217\">S\u00c9CURIT\u00c9<\/td>\n<td width=\"113\">ISO 13688 clause 4.2<\/td>\n<td width=\"201\"><\/td>\n<td width=\"214\">Le mat\u00e9riau ne doit pas lib\u00e9rer de substances toxiques, canc\u00e9rig\u00e8nes, mutag\u00e8niques, allerg\u00e8nes ou toxiques \u00e0 la reproduction ni d&#8217;autres substances nocives<\/td>\n<\/tr>\n<\/tbody>\n<\/table>\n<p>[\/vc_column_text][\/vc_tta_section][vc_tta_section title=&#8221;V\u00caTEMENTS&#8221; tab_id=&#8221;1686219384322-656ea348-1bca&#8221;][vc_column_text woodmart_inline=&#8221;no&#8221; text_larger=&#8221;no&#8221;]CONCEPTION DES V\u00caTEMENTS<\/p>\n<p>Les v\u00eatements de protection peuvent \u00eatre compos\u00e9s de :<\/p>\n<ul>\n<li>Salopette<\/li>\n<li>Combinaison de protection dot\u00e9e d&#8217;une zone superpos\u00e9e d&#8217;interface<\/li>\n<li>Une s\u00e9rie de sous-v\u00eatements et\/ou d&#8217;abris con\u00e7us pour \u00eatre port\u00e9s ensemble<\/li>\n<li>Tous les v\u00eatements doivent avoir un col qui entoure et prot\u00e8ge le cou gr\u00e2ce \u00e0 un syst\u00e8me de fermeture.<\/li>\n<li>Les poches avec ouvertures ext\u00e9rieures doivent \u00eatre faites de mat\u00e9riaux dont les performances sont \u00e9gales ou sup\u00e9rieures \u00e0 celles du couvercle ext\u00e9rieur.<\/li>\n<li>Les mat\u00e9riaux r\u00e9tror\u00e9fl\u00e9chissants et fluorescents ou les mat\u00e9riaux combin\u00e9s doivent adh\u00e9rer \u00e0 la surface ext\u00e9rieure de l&#8217;EPI et offrir une visibilit\u00e9 compl\u00e8te avec au moins une bande entourant les bras, les jambes et le torse.<\/li>\n<li>Le pantalon doit \u00eatre \u00e9quip\u00e9 d&#8217;un syst\u00e8me de fermeture qui assure une protection entre l&#8217;extr\u00e9mit\u00e9 du pantalon et la chaussure. Ce chevauchement doit \u00eatre maintenu tant que vous effectuez un quelconque mouvement.<\/li>\n<\/ul>\n<p>Les exigences g\u00e9n\u00e9rales doivent \u00eatre conformes \u00e0 la norme ISO 13688. Ils ne doivent pas restreindre l&#8217;utilisateur dans aucun des mouvements attendus lors de la propagation des incendies, par exemple se plier, \u00e9tirer ou se tordre.<\/p>\n<p>Syst\u00e8mes de fermeture, accessoires d&#8217;\u00e9tiquette, attaches de contact et de fermeture, mat\u00e9riaux r\u00e9tror\u00e9fl\u00e9chissants et\/ou fluorescents&#8230; Les v\u00eatements de protection individuelle doivent \u00eatre con\u00e7us pour ne pas nuire \u00e0 la performance des v\u00eatements. Ces syst\u00e8mes de verrouillage doivent emp\u00eacher les d\u00e9bris d&#8217;entrer dans les flammes.<\/p>\n<p>La conformit\u00e9 sera \u00e9valu\u00e9e par une inspection visuelle et des tests pratiques.<\/p>\n<p>[\/vc_column_text][\/vc_tta_section][vc_tta_section title=&#8221;MARQUAGE ET \u00c9TIQUETAGE&#8221; tab_id=&#8221;1686219395199-cf5459fd-4453&#8243;][vc_column_text woodmart_inline=&#8221;no&#8221; text_larger=&#8221;no&#8221;]MARQUAGE ET \u00c9TIQUETAGE<\/p>\n<p>Aucune \u00e9tiquette ou accessoire ne doit pas nuire \u00e0 la performance de l&#8217;objet auquel il est attach\u00e9 ni repr\u00e9senter un danger pour le porteur.<\/p>\n<p>La durabilit\u00e9 et la l\u00e9gitimit\u00e9 de l&#8217;\u00e9tiquette apr\u00e8s lavage, ainsi que la r\u00e9sistance \u00e0 la chaleur et \u00e0 l&#8217;abrasion (200 ISO 12947-2 cycles 12 kPa) doivent rester lisibles.<\/p>\n<p>Chaque v\u00eatement de protection pour lequel la conformit\u00e9 \u00e0 cette norme est d\u00e9clar\u00e9e doit porter une \u00e9tiquette permanente et visible, sur laquelle les informations suivantes doivent \u00eatre imprim\u00e9es en lettres d&#8217;au moins 2,0 mm de hauteur :<\/p>\n<ol>\n<li>D\u00e9signation de type selon les besoins<\/li>\n<li>Nom, marque d\u00e9pos\u00e9e ou autre moyen d&#8217;identifier le fabricant<\/li>\n<li>Style \/ D\u00e9signation du mod\u00e8le<\/li>\n<li>Taille<\/li>\n<li>R\u00e9f\u00e9rence \u00e0 cette norme internationale, ISO 15384<\/li>\n<li>Composition des mat\u00e9riaux<\/li>\n<li>Le pictogramme de la Figure 1.<\/li>\n<\/ol>\n<p>[\/vc_column_text][vc_single_image image=&#8221;19277&#8243; img_size=&#8221;full&#8221; alignment=&#8221;center&#8221; parallax_scroll=&#8221;no&#8221; woodmart_inline=&#8221;no&#8221;][\/vc_tta_section][\/vc_tta_tabs][\/vc_column][\/vc_row]<\/p>\n<\/section>","protected":false},"excerpt":{"rendered":"<p>V\u00caTEMENTS DE PROTECTION POUR POMPIERS.<\/p>\n<p>M\u00c9THODES D&#8217;ESSAIS EN LABORATOIRE ET EXIGENCES DE PERFORMANCE POUR LES V\u00caTEMENTS FORESTIERS<\/p>\n","protected":false},"featured_media":0,"comment_status":"open","ping_status":"closed","template":"","meta":{"_mi_skip_tracking":false,"_monsterinsights_sitenote_active":false,"_monsterinsights_sitenote_note":"","_monsterinsights_sitenote_category":0},"product_cat":[884],"product_tag":[1949,3430,3432,2319,3521,2031,3551,3539,1799,3703,1479,2448],"class_list":["post-11219","product","type-product","status-publish","hentry","product_cat-norme","product_tag-10-fr","product_tag-15025-fr","product_tag-6942-fr","product_tag-abrasion-fr","product_tag-agent-de-foret","product_tag-confort-fr","product_tag-feu","product_tag-iso-13934-1-fr","product_tag-iso-6942-fr","product_tag-lenard-fr","product_tag-ignifugo-fr","product_tag-bomberos-fr"],"acf":[],"_links":{"self":[{"href":"https:\/\/lenard.tech\/fr\/wp-json\/wp\/v2\/product\/11219","targetHints":{"allow":["GET"]}}],"collection":[{"href":"https:\/\/lenard.tech\/fr\/wp-json\/wp\/v2\/product"}],"about":[{"href":"https:\/\/lenard.tech\/fr\/wp-json\/wp\/v2\/types\/product"}],"replies":[{"embeddable":true,"href":"https:\/\/lenard.tech\/fr\/wp-json\/wp\/v2\/comments?post=11219"}],"wp:attachment":[{"href":"https:\/\/lenard.tech\/fr\/wp-json\/wp\/v2\/media?parent=11219"}],"wp:term":[{"taxonomy":"product_cat","embeddable":true,"href":"https:\/\/lenard.tech\/fr\/wp-json\/wp\/v2\/product_cat?post=11219"},{"taxonomy":"product_tag","embeddable":true,"href":"https:\/\/lenard.tech\/fr\/wp-json\/wp\/v2\/product_tag?post=11219"}],"curies":[{"name":"wp","href":"https:\/\/api.w.org\/{rel}","templated":true}]}}