
{"id":11222,"date":"2023-03-31T09:14:18","date_gmt":"2023-03-31T09:14:18","guid":{"rendered":"https:\/\/lenard.tech\/producto\/une-en-iso-15025\/"},"modified":"2025-03-27T12:35:30","modified_gmt":"2025-03-27T12:35:30","slug":"une-en-iso-150252016","status":"publish","type":"product","link":"https:\/\/lenard.tech\/fr\/producto\/une-en-iso-150252016\/","title":{"rendered":"UNE-EN ISO 15025:2016"},"content":{"rendered":"<section class=\"wpb-content-wrapper\"><p>[vc_row][vc_column width=&#8221;1\/2&#8243;][vc_column_text woodmart_inline=&#8221;no&#8221; text_larger=&#8221;no&#8221;]V\u00caTEMENTS DE PROTECTION. PROTECTION CONTRE LES FLAMMES<\/p>\n<p>M\u00c9THODE D&#8217;ESSAI POUR LA PROPAGATION LIMIT\u00c9E DE LA FLAMME[\/vc_column_text][\/vc_column][vc_column width=&#8221;1\/2&#8243;][vc_video link=&#8221;https:\/\/youtu.be\/a4iu8U0z8xw&#8221; woodmart_css_id=&#8221;67e546052b8ca&#8221; image_poster_switch=&#8221;no&#8221;][\/vc_column][\/vc_row][vc_row][vc_column][vc_tta_tabs][vc_tta_section title=&#8221;D\u00c9FINITION&#8221; tab_id=&#8221;1686218728890-27ec079e-0092&#8243;][vc_column_text woodmart_inline=&#8221;no&#8221; text_larger=&#8221;no&#8221;]Cette norme d\u00e9crit une m\u00e9thode d&#8217;essai pour la d\u00e9termination de la propagation limit\u00e9e de la flamme, dans les mat\u00e9riaux textiles et les produits industriels, sous la forme d&#8217;une seule couche ou de plusieurs composants (enduits, rembourr\u00e9s, multicouches, de type sandwich ou combinaisons similaires), orient\u00e9s verticalement, lorsqu&#8217;ils sont soumis \u00e0 l&#8217;action d&#8217;une petite flamme.[\/vc_column_text][\/vc_tta_section][vc_tta_section title=&#8221;D\u00c9FINITIONS&#8221; tab_id=&#8221;1686218728901-95d43c18-f403&#8243;][vc_column_text woodmart_inline=&#8221;no&#8221; text_larger=&#8221;no&#8221;]<\/p>\n<ul>\n<li>Temps d&#8217;application de la flamme<\/li>\n<li>Incandescence: Persistance de l&#8217;incandescence dans un mat\u00e9riau, dans les conditions d&#8217;essai sp\u00e9cifi\u00e9es, apr\u00e8s l&#8217;extinction de la flamme.<\/li>\n<li>Temps de post-luminescence: dur\u00e9e de la lueur<\/li>\n<li>Carbonisation<\/li>\n<li>R\u00e9sidus: Mat\u00e9riau qui se s\u00e9pare de l&#8217;\u00e9chantillon pendant le test, tombant sans s&#8217;enflammer.<\/li>\n<li>Restes enflamm\u00e9s:<\/li>\n<li>Trou: Rupture, dans l&#8217;\u00e9chantillon d&#8217;essa avec un p\u00e9rim\u00e8tre continu caus\u00e9 par la fusion, l&#8217;incandescence ou l&#8217;inflammation.<\/li>\n<\/ul>\n<p>[\/vc_column_text][\/vc_tta_section][vc_tta_section title=&#8221;APPAREILS \u00c9LECTROM\u00c9NAGERS&#8221; tab_id=&#8221;1686218783710-6cd9cad6-5726&#8243;][vc_column_text woodmart_inline=&#8221;no&#8221; text_larger=&#8221;no&#8221;]<\/p>\n<ul>\n<li>Cadre de soutien<\/li>\n<li>Camion-citerne \u00e0 gaz propane de puret\u00e9 95% min<\/li>\n<li>Prise en charge des \u00e9chantillons<\/li>\n<li>Poin\u00e7ons de soutien<\/li>\n<li>Entretoises<\/li>\n<li>Mod\u00e8le<\/li>\n<li>Chronom\u00e8tres<\/li>\n<li>Papier filtre<\/li>\n<\/ul>\n<p>[\/vc_column_text][\/vc_tta_section][vc_tta_section title=&#8221;GO\u00dbTER&#8221; tab_id=&#8221;1686218794597-c7ab753d-dcdb&#8221;][vc_column_text woodmart_inline=&#8221;no&#8221; text_larger=&#8221;no&#8221;]<\/p>\n<ul>\n<li>L&#8217;\u00e9chantillon de plus grande dimension est orient\u00e9 dans le sens cha\u00eene et dans le sens trame.<\/li>\n<li>Pour l&#8217;inflammation de surface, lorsque les deux surfaces de l&#8217;\u00e9chantillon sont visuellement diff\u00e9rentes et que les tests pr\u00e9liminaires indiquent des caract\u00e9ristiques d&#8217;inflammabilit\u00e9 diff\u00e9rentes, chaque surface doit \u00eatre test\u00e9e \u00e0 l&#8217;aide d&#8217;un lot de six \u00e9chantillons.<\/li>\n<li>Dimensions des \u00e9prouvettes. Des \u00e9chantillons de dimensions (200 \u00b1 2) mm \u00b4 (160 \u00b1 2) mm sont d\u00e9coup\u00e9s pour la m\u00e9thode A. Pour la m\u00e9thode B, 200x80mm \u00b1 2<\/li>\n<li>\u00c9chantillons multicouches. Lorsque les \u00e9chantillons sont compos\u00e9s de plusieurs couches ou de mat\u00e9riaux qui ne sont pas continus sur l&#8217;ensemble de l&#8217;\u00e9chantillon, le mat\u00e9riau ayant la plus petite dimension est plac\u00e9, align\u00e9 avec le bord inf\u00e9rieur de l&#8217;\u00e9chantillon, compatible avec l&#8217;utilisation de v\u00eatements de protection, y compris la forme d&#8217;attache et orientation.<\/li>\n<li>Conditionnement des \u00e9chantillons de test<\/li>\n<li>temp\u00e9rature de (20 \u00b1 2) \u00baC et une humidit\u00e9 relative de (65\u00b1 5) % pendant au moins 24 h.<\/li>\n<\/ul>\n<p>[\/vc_column_text][\/vc_tta_section][vc_tta_section title=&#8221;PROC\u00c9DURE&#8221; tab_id=&#8221;1686218803494-301b94eb-b8eb&#8221;][vc_column_text woodmart_inline=&#8221;no&#8221; text_larger=&#8221;no&#8221;]PROC\u00c9DURE A \u2013 Allumage de surface<\/p>\n<ul>\n<li>Assemblage de l&#8217;\u00e9prouvette.<\/li>\n<li>Position de travail du br\u00fbleur. Le br\u00fbleur est plac\u00e9 perpendiculairement \u00e0 la surface de l&#8217;\u00e9chantillon, de sorte que l&#8217;axe du br\u00fbleur soit \u00e0 20 mm au-dessus de la ligne joignant les poin\u00e7ons inf\u00e9rieurs et soit align\u00e9 avec la ligne m\u00e9diane verticale de la surface de l&#8217;\u00e9chantillon. . V\u00e9rifier que l&#8217;extr\u00e9mit\u00e9 du stabilisateur du br\u00fbleur se trouve \u00e0 (17 \u00b1 1) mm de la surface de l&#8217;\u00e9prouvette.<\/li>\n<li>R\u00e9glage de la flamme &#8211; Port\u00e9e horizontale. R\u00e9gler la port\u00e9e horizontale de la flamme \u00e0 (25 \u00b1 2) mm,<\/li>\n<li>Positionnement de la flamme.<\/li>\n<\/ul>\n<p>PROC\u00c9DURE B- Allumage Edge<\/p>\n<ul>\n<li>Assemblage de l&#8217;\u00e9chantillon d&#8217;essai<\/li>\n<li>Position de travail du br\u00fbleur. Le br\u00fbleur est plac\u00e9 devant, mais en dessous, l&#8217;\u00e9chantillon pour essai de sorte qu&#8217;il soit align\u00e9 avec un plan passant par la ligne m\u00e9diane verticale de la surface de l&#8217;\u00e9chantillon et perpendiculaire \u00e0 sa surface, avec l&#8217;axe longitudinal faisant un angle de 30\u00b0 vers le haut avec le bord inf\u00e9rieur de l&#8217;\u00e9prouvette. V\u00e9rifier que l&#8217;extr\u00e9mit\u00e9 du stabilisateur du br\u00fbleur se trouve \u00e0 (20 \u00b1 1) mm du bord inf\u00e9rieur de l&#8217;\u00e9prouvette.<\/li>\n<li>R\u00e9glage de la flamme &#8211; Port\u00e9e verticale.<\/li>\n<li>Ajustez la hauteur de flamme \u00e0 (40 \u00b1 2) mm<\/li>\n<li>Le br\u00fbleur passe de la position de repos \u00e0 la position de travail inclin\u00e9e.<\/li>\n<\/ul>\n<p>&nbsp;<\/p>\n<p>[\/vc_column_text][\/vc_tta_section][vc_tta_section title=&#8221;TEST&#8221; tab_id=&#8221;1686218823622-522746aa-e20f&#8221;][vc_column_text woodmart_inline=&#8221;no&#8221; text_larger=&#8221;no&#8221;]TEST Allumage superficiel<\/p>\n<ul>\n<li>La flamme est appliqu\u00e9e pendant 10s et on observe:<\/li>\n<li>si la flamme atteint le bord sup\u00e9rieur ou tout bord vertical de l&#8217;\u00e9prouvette.<\/li>\n<li>le temps de postcombustion.<\/li>\n<li>si la r\u00e9manence s&#8217;\u00e9tend au-del\u00e0 de la zone enflamm\u00e9e (g\u00e9n\u00e9ralement la zone carbonis\u00e9e), atteignant la zone non endommag\u00e9e.<\/li>\n<li>le temps de r\u00e9manence.<\/li>\n<li>lib\u00e9ration des d\u00e9chets.<\/li>\n<li>si les r\u00e9sidus enflamment le papier filtre (r\u00e9sidus enflamm\u00e9s), le cas \u00e9ch\u00e9ant.<\/li>\n<li>si un trou est form\u00e9 et dans quelle couche il est form\u00e9, dans le cas d&#8217;\u00e9chantillons multicouches.<\/li>\n<\/ul>\n<p>TEST d&#8217;allumage de bord<\/p>\n<p>La flamme est appliqu\u00e9e pendant 10 s et le comportement est observ\u00e9 et enregistr\u00e9, comme indiqu\u00e9 dans la section pr\u00e9c\u00e9dente (Inflammation de surface). 5 \u00e9chantillons sont r\u00e9p\u00e9t\u00e9s.<\/p>\n<p>Selon les r\u00e9glementations EN 11612 et 116122, les tissus conformes \u00e0 l&#8217;inflammation de surface sont class\u00e9s en A1 et les tissus conformes \u00e0 l&#8217;inflammation des bords en A2.[\/vc_column_text][\/vc_tta_section][\/vc_tta_tabs][\/vc_column][\/vc_row]<\/p>\n<\/section>","protected":false},"excerpt":{"rendered":"<p>V\u00caTEMENTS DE PROTECTION. PROTECTION CONTRE LES FLAMMES<\/p>\n<p>M\u00c9THODE D&#8217;ESSAI POUR LA PROPAGATION LIMIT\u00c9E DE LA FLAMME<\/p>\n","protected":false},"featured_media":0,"comment_status":"open","ping_status":"closed","template":"","meta":{"_mi_skip_tracking":false,"_monsterinsights_sitenote_active":false,"_monsterinsights_sitenote_note":"","_monsterinsights_sitenote_category":0},"product_cat":[884],"product_tag":[],"class_list":["post-11222","product","type-product","status-publish","hentry","product_cat-norme"],"acf":[],"_links":{"self":[{"href":"https:\/\/lenard.tech\/fr\/wp-json\/wp\/v2\/product\/11222","targetHints":{"allow":["GET"]}}],"collection":[{"href":"https:\/\/lenard.tech\/fr\/wp-json\/wp\/v2\/product"}],"about":[{"href":"https:\/\/lenard.tech\/fr\/wp-json\/wp\/v2\/types\/product"}],"replies":[{"embeddable":true,"href":"https:\/\/lenard.tech\/fr\/wp-json\/wp\/v2\/comments?post=11222"}],"wp:attachment":[{"href":"https:\/\/lenard.tech\/fr\/wp-json\/wp\/v2\/media?parent=11222"}],"wp:term":[{"taxonomy":"product_cat","embeddable":true,"href":"https:\/\/lenard.tech\/fr\/wp-json\/wp\/v2\/product_cat?post=11222"},{"taxonomy":"product_tag","embeddable":true,"href":"https:\/\/lenard.tech\/fr\/wp-json\/wp\/v2\/product_tag?post=11222"}],"curies":[{"name":"wp","href":"https:\/\/api.w.org\/{rel}","templated":true}]}}