
{"id":11225,"date":"2023-03-31T09:09:56","date_gmt":"2023-03-31T09:09:56","guid":{"rendered":"https:\/\/lenard.tech\/producto\/une-en-iso-13938-2\/"},"modified":"2023-08-31T06:45:04","modified_gmt":"2023-08-31T06:45:04","slug":"une-en-iso-13938-2-2019","status":"publish","type":"product","link":"https:\/\/lenard.tech\/fr\/producto\/une-en-iso-13938-2-2019\/","title":{"rendered":"UNE-EN ISO 13938-2: 2019"},"content":{"rendered":"<section class=\"wpb-content-wrapper\"><p>[vc_row][vc_column][vc_column_text woodmart_inline=&#8221;no&#8221; text_larger=&#8221;no&#8221;]PROPRI\u00c9T\u00c9S D&#8217;\u00c9CLATEMENT DES TISSUS<\/p>\n<p>PARTIE 2\u00a0: M\u00c9THODE PNEUMATIQUE POUR LA D\u00c9TERMINATION DE LA R\u00c9SISTANCE \u00c0 L&#8217;\u00c9CLATEMENT ET DE LA D\u00c9FORMATION \u00c0 L&#8217;\u00c9CLATEMENT[\/vc_column_text][\/vc_column][\/vc_row][vc_row][vc_column][vc_tta_tabs][vc_tta_section title=&#8221;D\u00c9FINITION&#8221; tab_id=&#8221;1686217925822-ee973c77-bb42&#8243;][vc_column_text woodmart_inline=&#8221;no&#8221; text_larger=&#8221;no&#8221;]La m\u00e9thode est appliqu\u00e9e aux tissus tricot\u00e9s, tiss\u00e9s non tiss\u00e9s et stratifi\u00e9s. Il peut \u00eatre appliqu\u00e9 \u00e0 des tissus produits par d&#8217;autres techniques. Le test peut \u00eatre effectu\u00e9 sur des \u00e9prouvettes conditionn\u00e9es ou humides.<\/p>\n<p>D&#8217;apr\u00e8s les donn\u00e9es actuellement, aucune diff\u00e9rence significative n&#8217;appara\u00eet pour des pressions jusqu&#8217;\u00e0 80 kPa entre les r\u00e9sultats obtenus avec les eclatom\u00e8tres hydrauliques et pneumatiques. Cette plage de pressions d\u00e9passe la plupart des niveaux de performance attendus pour les v\u00eatements g\u00e9n\u00e9raux. Pour les tissus sp\u00e9ciaux qui n\u00e9cessitent des pressions d&#8217;\u00e9clatement \u00e9lev\u00e9es, le dispositif hydraulique est plus appropri\u00e9.[\/vc_column_text][\/vc_tta_section][vc_tta_section title=&#8221;D\u00c9FINITIONS&#8221; tab_id=&#8221;1686217925833-ce03d8e4-7d45&#8243;][vc_column_text woodmart_inline=&#8221;no&#8221; text_larger=&#8221;no&#8221;]<\/p>\n<ul>\n<li>Surface d&#8217;essai : Surface de l&#8217;\u00e9prouvette incluse \u00e0 l&#8217;int\u00e9rieur de l&#8217;anneau de serrage.<\/li>\n<li>Pression d&#8217;\u00e9clatement (pression \u00e0 l&#8217;\u00e9clatement) : Pression maximale appliqu\u00e9e \u00e0 une \u00e9prouvette fix\u00e9e sur une membrane en dessous jusqu&#8217;\u00e0 la rupture de l&#8217;\u00e9prouvette.<\/li>\n<li>R\u00e9sistance \u00e0 l&#8217;\u00e9clatement (Burst Strength) : pression obtenue en soustrayant la pression membranaire de la pression d&#8217;\u00e9clatement moyenne.<\/li>\n<li>Pression membranaire : Pression appliqu\u00e9e \u00e0 la membrane, sans l&#8217;\u00e9prouvette, pour la d\u00e9former \u00e0 la d\u00e9formation moyenne d&#8217;\u00e9clatement de l&#8217;\u00e9prouvette.<\/li>\n<li>D\u00e9formation \u00e0 l&#8217;\u00e9clatement (d\u00e9formation \u00e0 l&#8217;\u00e9clatement)\u00a0: dilatation d&#8217;un \u00e9chantillon \u00e0 la pression d&#8217;\u00e9clatement.<\/li>\n<li>Hauteur d&#8217;\u00e9clatement : Distance entre la surface sup\u00e9rieure de l&#8217;\u00e9prouvette avant d\u00e9formation et la m\u00eame surface au moment de la pression d&#8217;\u00e9clatement.<\/li>\n<li>Temps d&#8217;\u00e9clatement\u00a0: temps \u00e9coul\u00e9 pour d\u00e9former un \u00e9chantillon jusqu&#8217;\u00e0 l&#8217;\u00e9clatement.<\/li>\n<\/ul>\n<p>[\/vc_column_text][\/vc_tta_section][vc_tta_section title=&#8221;M\u00c9THODE&#8221; tab_id=&#8221;1686217964780-232230c8-8e17&#8243;][vc_column_text woodmart_inline=&#8221;no&#8221; text_larger=&#8221;no&#8221;]Une \u00e9prouvette est fix\u00e9e \u00e0 une membrane au moyen d&#8217;une bague de serrage. Une pression de fluide croissante est appliqu\u00e9e sur la face inf\u00e9rieure de la membrane, provoquant une d\u00e9formation de la membrane et des tissus. Le volume de fluide est augment\u00e9 \u00e0 un taux constant par unit\u00e9 de temps jusqu&#8217;\u00e0 l&#8217;\u00e9clatement de l&#8217;\u00e9prouvette. La r\u00e9sistance \u00e0 l&#8217;\u00e9clatement et la d\u00e9formation sont d\u00e9termin\u00e9es.[\/vc_column_text][\/vc_tta_section][vc_tta_section title=&#8221;\u00c9CHANTILLONS&#8221; tab_id=&#8221;1686218294054-d2c9a846-a79a&#8221;][vc_single_image image=&#8221;8261&#8243; img_size=&#8221;full&#8221; parallax_scroll=&#8221;no&#8221; woodmart_inline=&#8221;no&#8221;][\/vc_tta_section][vc_tta_section title=&#8221;APPAREILS \u00c9LECTROM\u00c9NAGERS&#8221; tab_id=&#8221;1686218327339-4af8fb07-03aa&#8221;][vc_column_text woodmart_inline=&#8221;no&#8221; text_larger=&#8221;no&#8221;]<\/p>\n<ul>\n<li>Eclatom\u00e8tre.<\/li>\n<li>La pression d&#8217;\u00e9clatement doit \u00eatre indiqu\u00e9e avec une pr\u00e9cision de \u00b12 % de la valeur pleine \u00e9chelle.<\/li>\n<li>La hauteur d&#8217;\u00e9clatement jusqu&#8217;\u00e0 70 mm doit \u00eatre indiqu\u00e9e avec une pr\u00e9cision de \u00b11 mm<\/li>\n<li>Une surface d&#8217;essai de 50 cm2 (79,8 mm de diam\u00e8tre) doit \u00eatre utilis\u00e9e.<br \/>\nD&#8217;autres surfaces d&#8217;essai de 100 cm2 (diam\u00e8tre 112,8 mm), 10 cm2 (diam\u00e8tre 35,7 mm) et 7,3 cm2 (diam\u00e8tre 30,5 mm) peuvent \u00eatre utilis\u00e9es si la surface pr\u00e9f\u00e9r\u00e9e ne peut pas \u00eatre appliqu\u00e9e avec l&#8217;\u00e9quipement d&#8217;essai existant ou en cas de tissu haut ou faible expansion, diff\u00e9rentes exigences tissulaires<\/li>\n<li>La membrane doit r\u00e9pondre aux exigences suivantes :\n<ul>\n<li style=\"list-style-type: none;\">\n<ul>\n<li>\u00e9paisseur maximale de 2 mm;<\/li>\n<li>grande extensibilit\u00e9;<\/li>\n<li>si la m\u00eame membrane est destin\u00e9e \u00e0 \u00eatre utilis\u00e9e plusieurs fois, elle doit \u00eatre \u00e9lastique dans la gamme des hauteurs d&#8217;\u00e9clatement observ\u00e9es lors de l&#8217;essai<\/li>\n<\/ul>\n<\/li>\n<\/ul>\n<\/li>\n<\/ul>\n<p>[\/vc_column_text][\/vc_tta_section][vc_tta_section title=&#8221;PROC\u00c9DURE&#8221; tab_id=&#8221;1686218335278-2d1b3111-6b55&#8243;][vc_column_text woodmart_inline=&#8221;no&#8221; text_larger=&#8221;no&#8221;]<\/p>\n<ul>\n<li>Conditionnement selon ISO 139<\/li>\n<li>Une zone d&#8217;essai de 50 cm2 est pr\u00e9par\u00e9e<br \/>\nPour la plupart des tissus, principalement des tissus tricot\u00e9s, il est possible d&#8217;utiliser la surface de test de 50 cm2. Pour les tissus \u00e0 faible extensibilit\u00e9 (connus d&#8217;exp\u00e9riences ant\u00e9rieures ou d&#8217;essais ant\u00e9rieurs), pourPar exemple, des tissus \u00e0 usages techniques, une surface de test de 100 cm2 est recommand\u00e9e.<\/li>\n<li>L&#8217;appareil est r\u00e9gul\u00e9 \u00e0 une vitesse constante d&#8217;augmentation de volume, situ\u00e9e entre 100 cm3\/min et 500 cm3\/min.<\/li>\n<li>L&#8217;\u00e9prouvette est pos\u00e9e \u00e0 plat sur la membrane sans contrainte ni d\u00e9formation dans son propre plan et est ajust\u00e9e \u00e0 la position z\u00e9ro.<\/li>\n<li>Une pression est appliqu\u00e9e sur l&#8217;\u00e9chantillon jusqu&#8217;\u00e0 ce que le tissu \u00e9clate.<\/li>\n<li>Imm\u00e9diatement apr\u00e8s l&#8217;\u00e9clatement, si l&#8217;\u00e9clatement se produit \u00e0 proximit\u00e9 du dispositif de retenue, il convient de le noter. Les ruptures de m\u00e2choire qui se produisent \u00e0 moins de 2 mm de la ligne de serrage doivent \u00eatre rejet\u00e9es. Le test est r\u00e9p\u00e9t\u00e9 au moins quatre fois sur diff\u00e9rents sites tissulaires<\/li>\n<li>Pour les essais humides, l&#8217;\u00e9prouvette est laiss\u00e9e immerg\u00e9e pendant 1 h dans l&#8217;eau conform\u00e9ment \u00e0 l&#8217;EN ISO 3696:1995 \u00e0 une temp\u00e9rature de (20 \u00b1 2) \u00baC.<\/li>\n<\/ul>\n<p>[\/vc_column_text][\/vc_tta_section][vc_tta_section title=&#8221;R\u00c9SULTATS&#8221; tab_id=&#8221;1686218356220-26e54b6c-e25b&#8221;][vc_column_text woodmart_inline=&#8221;no&#8221; text_larger=&#8221;no&#8221;]<\/p>\n<ul>\n<li>R\u00e9sistance moyenne \u00e0 l&#8217;\u00e9clatement : Calculez la moyenne arithm\u00e9tique de la pression d&#8217;\u00e9clatement en kilopascals.<\/li>\n<li>Hauteur d&#8217;\u00e9clatement moyenne : calcule la moyenne arithm\u00e9tique de la hauteur d&#8217;\u00e9clatement en millim\u00e8tres<\/li>\n<li>Volume d&#8217;\u00e9clatement moyen : Calculer la moyenne arithm\u00e9tique du volume d&#8217;\u00e9clatement en centim\u00e8tres cubes<\/li>\n<li>Coefficient de variation\u00a0: calculez le coefficient de variation et les limites de confiance \u00e0 95\u00a0% pour la pression d&#8217;\u00e9clatement, la hauteur d&#8217;\u00e9clatement et, si n\u00e9cessaire, le volume d&#8217;\u00e9clatement.<\/li>\n<li>Limites de confiance \u00e0 95\u00a0% en unit\u00e9s des valeurs moyennes correspondantes, si n\u00e9cessaire.<\/li>\n<li>Exigences EN11612\u00a0:\n<ul>\n<li>100 kPa Superficie 50 cm2<\/li>\n<li>200 kPa Superficie de 7,3 cm2<\/li>\n<\/ul>\n<\/li>\n<\/ul>\n<p>[\/vc_column_text][\/vc_tta_section][\/vc_tta_tabs][\/vc_column][\/vc_row]<\/p>\n<\/section>","protected":false},"excerpt":{"rendered":"<p>PROPRI\u00c9T\u00c9S D&#8217;\u00c9CLATEMENT DES TISSUS<\/p>\n<p>PARTIE 2\u00a0: M\u00c9THODE PNEUMATIQUE POUR LA D\u00c9TERMINATION DE LA R\u00c9SISTANCE \u00c0 L&#8217;\u00c9CLATEMENT ET DE LA D\u00c9FORMATION \u00c0 L&#8217;\u00c9CLATEMENT<\/p>\n","protected":false},"featured_media":0,"comment_status":"open","ping_status":"closed","template":"","meta":{"_mi_skip_tracking":false,"_monsterinsights_sitenote_active":false,"_monsterinsights_sitenote_note":"","_monsterinsights_sitenote_category":0},"product_cat":[884],"product_tag":[],"class_list":["post-11225","product","type-product","status-publish","hentry","product_cat-norme"],"acf":[],"_links":{"self":[{"href":"https:\/\/lenard.tech\/fr\/wp-json\/wp\/v2\/product\/11225","targetHints":{"allow":["GET"]}}],"collection":[{"href":"https:\/\/lenard.tech\/fr\/wp-json\/wp\/v2\/product"}],"about":[{"href":"https:\/\/lenard.tech\/fr\/wp-json\/wp\/v2\/types\/product"}],"replies":[{"embeddable":true,"href":"https:\/\/lenard.tech\/fr\/wp-json\/wp\/v2\/comments?post=11225"}],"wp:attachment":[{"href":"https:\/\/lenard.tech\/fr\/wp-json\/wp\/v2\/media?parent=11225"}],"wp:term":[{"taxonomy":"product_cat","embeddable":true,"href":"https:\/\/lenard.tech\/fr\/wp-json\/wp\/v2\/product_cat?post=11225"},{"taxonomy":"product_tag","embeddable":true,"href":"https:\/\/lenard.tech\/fr\/wp-json\/wp\/v2\/product_tag?post=11225"}],"curies":[{"name":"wp","href":"https:\/\/api.w.org\/{rel}","templated":true}]}}