
{"id":11231,"date":"2023-03-31T09:06:36","date_gmt":"2023-03-31T09:06:36","guid":{"rendered":"https:\/\/lenard.tech\/producto\/une-en-iso-13937-2\/"},"modified":"2025-03-18T08:30:14","modified_gmt":"2025-03-18T08:30:14","slug":"une-en-iso-13937-22000","status":"publish","type":"product","link":"https:\/\/lenard.tech\/fr\/producto\/une-en-iso-13937-22000\/","title":{"rendered":"UNE-EN ISO 13937-2:2000"},"content":{"rendered":"<section class=\"wpb-content-wrapper\"><p>[vc_row][vc_column width=&#8221;1\/2&#8243;][vc_column_text woodmart_inline=&#8221;no&#8221; text_larger=&#8221;no&#8221;]<\/p>\n<h1>PROPRIETES DE DECHIRURE DES TISSUS<\/h1>\n<h1>PARTIE 2\u00a0: D\u00c9TERMINATION DE LA FORCE DE D\u00c9CHIRURE DES \u00c9CHANTILLONS EN FORME DE PANTALON (M\u00e9thode de la d\u00e9chirure unique)<\/h1>\n<p>[\/vc_column_text][\/vc_column][vc_column width=&#8221;1\/2&#8243;][vc_video link=&#8221;https:\/\/youtu.be\/rLYH-BZGQ0s&#8221; el_width=&#8221;70&#8243; woodmart_css_id=&#8221;67d92ef7b30f4&#8243; image_poster_switch=&#8221;no&#8221;][\/vc_column][\/vc_row][vc_row][vc_column][vc_tta_tabs][vc_tta_section title=&#8221;D\u00c9FINITION&#8221; tab_id=&#8221;1686216487886-f71af889-a8d3&#8243;][vc_column_text woodmart_inline=&#8221;no&#8221; text_larger=&#8221;no&#8221;]La pr\u00e9sente partie de l&#8217;EN ISO 13937 d\u00e9crit une m\u00e9thode de d\u00e9chirement unique pour d\u00e9terminer la r\u00e9sistance \u00e0 la d\u00e9chirure d&#8217;un tissu, appel\u00e9e essai de pantalon, r\u00e9alis\u00e9e sur une \u00e9prouvette d\u00e9coup\u00e9e \u00e0 la forme des jambes de pantalon. La force de d\u00e9chirure mesur\u00e9e est la force n\u00e9cessaire \u00e0 la propagation d&#8217;une seule d\u00e9chirure initi\u00e9e lorsque la force est appliqu\u00e9e parall\u00e8lement \u00e0 l&#8217;entaille et que le tissu se d\u00e9chire dans le sens de la force appliqu\u00e9e.<\/p>\n<p>Le test s&#8217;applique principalement aux tissus tiss\u00e9s<\/p>\n<p>En g\u00e9n\u00e9ral, la m\u00e9thode ne s&#8217;applique PAS aux tissus tricot\u00e9s et aux tissus extensibles.[\/vc_column_text][\/vc_tta_section][vc_tta_section title=&#8221;M\u00c9THODE&#8221; tab_id=&#8221;1686216487894-08415a31-2de3&#8243;][vc_column_text woodmart_inline=&#8221;no&#8221; text_larger=&#8221;no&#8221;]Une \u00e9prouvette de forme rectangulaire est d\u00e9coup\u00e9e au centre de son bord le plus court pour obtenir une forme de pantalon. Les jambes du pantalon sont serr\u00e9es dans une machine d&#8217;essai de traction pour former une ligne droite et tir\u00e9es dans la direction de l&#8217;encoche pour d\u00e9chirer le tissu.<\/p>\n<p>La force de d\u00e9chirure est calcul\u00e9e \u00e0 partir des pics de force du graphique trac\u00e9 automatiquement[\/vc_column_text][\/vc_tta_section][vc_tta_section title=&#8221;\u00c9CHANTILLONS&#8221; tab_id=&#8221;1686216666113-7ae7600a-711e&#8221;][vc_column_text woodmart_inline=&#8221;no&#8221; text_larger=&#8221;no&#8221;]Deux jeux de coupons sont d\u00e9coup\u00e9s dans chaque \u00e9chantillon de laboratoire, un jeu dans le sens cha\u00eene et l&#8217;autre dans le sens trame.<\/p>\n<p>Chaque lot doit comprendre au moins cinq exemplaires ou un nombre sup\u00e9rieur, accord pr\u00e9alable entre les int\u00e9ress\u00e9s. Aucun sp\u00e9cimen ne doit \u00eatre coup\u00e9 \u00e0 moins de 150 mm de l&#8217;extr\u00e9mit\u00e9 du tissu.<\/p>\n<p>Sp\u00e9cimens de 50 mm de large (Forme pantalon) : Il doit s&#8217;agir d&#8217;une bande rectangulaire de 200 mm \u00b1 2 mm de long sur 50 mm \u00b1 1 mm de large ; une encoche de 100 mm \u00b1 1 mm de longueur doit \u00eatre pratiqu\u00e9e \u00e0 partir du centre de la largeur. L&#8217;extr\u00e9mit\u00e9 de la d\u00e9chirure est marqu\u00e9e \u00e0 (25 \u00b1 1) mm de l&#8217;extr\u00e9mit\u00e9 non coup\u00e9e de la bande, pour indiquer la position de la d\u00e9chirure \u00e0 la fin de l&#8217;essai.[\/vc_column_text][vc_single_image image=&#8221;10872&#8243; img_size=&#8221;full&#8221; parallax_scroll=&#8221;no&#8221; woodmart_inline=&#8221;no&#8221;][\/vc_tta_section][vc_tta_section title=&#8221;TEST&#8221; tab_id=&#8221;1686293664433-16dba537-0b11&#8243;][vc_single_image image=&#8221;10875&#8243; img_size=&#8221;full&#8221; alignment=&#8221;center&#8221; parallax_scroll=&#8221;no&#8221; woodmart_inline=&#8221;no&#8221;][vc_column_text woodmart_inline=&#8221;no&#8221; text_larger=&#8221;no&#8221;]<\/p>\n<ul>\n<li>L&#8217;appareil d&#8217;enregistrement de la force de d\u00e9chirure d\u00e9marre\n<ul>\n<li>La force de d\u00e9chirement est enregistr\u00e9e en newtons<\/li>\n<li>On observe si la d\u00e9chirure s&#8217;est propag\u00e9e dans le sens d&#8217;application de la force et si les fils se sont effiloch\u00e9s au lieu de se casser. El ensayo debe considerarse v\u00e1lido cuando a) no se ha producido ning\u00fan deslizamiento de los hilos en el tejido, b) no se ha producido ning\u00fan deslizamiento en las mordazas, c) el desgarro ha sido completado y se ha efectuado en la direcci\u00f3n de aplicaci\u00f3n de la force.<\/li>\n<li>On observe si la d\u00e9chirure s&#8217;est propag\u00e9e dans le sens d&#8217;application de la force et si les fils se sont effiloch\u00e9s au lieu de se casser. la force.<\/li>\n<\/ul>\n<\/li>\n<\/ul>\n<p>[\/vc_column_text][\/vc_tta_section][vc_tta_section title=&#8221;CALCUL ET EXPRESSION DES R\u00c9SULTATS DU GRAPHIQUE&#8221; tab_id=&#8221;1686216675364-760220d0-b19e&#8221;][vc_column_text woodmart_inline=&#8221;no&#8221; text_larger=&#8221;no&#8221;]<\/p>\n<ul>\n<li>Le graphique des pics est divis\u00e9, du premier pic au dernier, en quatre parties \u00e9gales. Le premier trimestre ne doit pas \u00eatre utilis\u00e9 pour le calcul de la valeur moyenne. Dans les trois autres parties, les valeurs des deux pics les plus hauts et celles des deux pics les plus bas sont prises et enregistr\u00e9es.<\/li>\n<li>Pour chaque \u00e9prouvette, la moyenne arithm\u00e9tique est calcul\u00e9e, en newtons, des 12 valeurs cr\u00eates obtenues.<\/li>\n<li>A partir de la moyenne obtenue pour chaque \u00e9prouvette, la moyenne arithm\u00e9tique totale de la force d&#8217;arrachement est calcul\u00e9e, en newtons, pour chaque direction test\u00e9e.<\/li>\n<li>Si n\u00e9cessaire, calculez la moyenne des six valeurs maximales les plus \u00e9lev\u00e9es pour chaque \u00e9chantillon, en newtons.<\/li>\n<\/ul>\n<p>[\/vc_column_text][vc_single_image image=&#8221;11881&#8243; img_size=&#8221;full&#8221; alignment=&#8221;center&#8221; parallax_scroll=&#8221;no&#8221; woodmart_inline=&#8221;no&#8221;][\/vc_tta_section][\/vc_tta_tabs][\/vc_column][\/vc_row]<\/p>\n<\/section>","protected":false},"excerpt":{"rendered":"<p>PROPRIETES DE DECHIRURE DES TISSUS<\/p>\n<p>PARTIE 2\u00a0: D\u00c9TERMINATION DE LA FORCE DE D\u00c9CHIRURE DES \u00c9CHANTILLONS EN FORME DE PANTALON (M\u00e9thode de la d\u00e9chirure unique)<\/p>\n","protected":false},"featured_media":0,"comment_status":"open","ping_status":"closed","template":"","meta":{"_mi_skip_tracking":false,"_monsterinsights_sitenote_active":false,"_monsterinsights_sitenote_note":"","_monsterinsights_sitenote_category":0},"product_cat":[884],"product_tag":[],"class_list":["post-11231","product","type-product","status-publish","hentry","product_cat-norme"],"acf":[],"_links":{"self":[{"href":"https:\/\/lenard.tech\/fr\/wp-json\/wp\/v2\/product\/11231","targetHints":{"allow":["GET"]}}],"collection":[{"href":"https:\/\/lenard.tech\/fr\/wp-json\/wp\/v2\/product"}],"about":[{"href":"https:\/\/lenard.tech\/fr\/wp-json\/wp\/v2\/types\/product"}],"replies":[{"embeddable":true,"href":"https:\/\/lenard.tech\/fr\/wp-json\/wp\/v2\/comments?post=11231"}],"wp:attachment":[{"href":"https:\/\/lenard.tech\/fr\/wp-json\/wp\/v2\/media?parent=11231"}],"wp:term":[{"taxonomy":"product_cat","embeddable":true,"href":"https:\/\/lenard.tech\/fr\/wp-json\/wp\/v2\/product_cat?post=11231"},{"taxonomy":"product_tag","embeddable":true,"href":"https:\/\/lenard.tech\/fr\/wp-json\/wp\/v2\/product_tag?post=11231"}],"curies":[{"name":"wp","href":"https:\/\/api.w.org\/{rel}","templated":true}]}}