
{"id":11237,"date":"2023-03-31T08:59:28","date_gmt":"2023-03-31T08:59:28","guid":{"rendered":"https:\/\/lenard.tech\/producto\/une-en-iso-13934-1\/"},"modified":"2025-03-18T08:24:28","modified_gmt":"2025-03-18T08:24:28","slug":"une-en-iso-13934-12013","status":"publish","type":"product","link":"https:\/\/lenard.tech\/fr\/producto\/une-en-iso-13934-12013\/","title":{"rendered":"UNE-EN ISO 13934-1:2013"},"content":{"rendered":"<section class=\"wpb-content-wrapper\"><p>[vc_row][vc_column width=&#8221;1\/2&#8243;][vc_column_text woodmart_inline=&#8221;no&#8221; text_larger=&#8221;no&#8221;]<\/p>\n<h1>PROPRI\u00c9T\u00c9S DES TISSUS TENDUES<br \/>\nPARTIE 1\u00a0: D\u00c9TERMINATION DE LA FORCE MAXIMALE ET DE L\u2019ALLONGEMENT \u00c0 FORCE MAXIMALE PAR LA M\u00c9THODE DE LA BANDE<\/h1>\n<p>[\/vc_column_text][\/vc_column][vc_column width=&#8221;1\/2&#8243;][vc_video link=&#8221;https:\/\/youtu.be\/QpVjLDFRXcs&#8221; el_width=&#8221;70&#8243; woodmart_css_id=&#8221;67d92d7daadd5&#8243; image_poster_switch=&#8221;no&#8221;][\/vc_column][\/vc_row][vc_row][vc_column][vc_tta_tabs][vc_tta_section title=&#8221;D\u00c9FINITION&#8221; tab_id=&#8221;1686216047458-90f1e063-c0ec&#8221;][vc_column_text woodmart_inline=&#8221;no&#8221; text_larger=&#8221;no&#8221;]L&#8217;ISO 13934-1 comprend les \u00e9tapes suivantes\u00a0:<\/p>\n<p>&#8211; Partie 1 : D\u00e9termination de la force maximale et de l&#8217;allongement par la m\u00e9thode de la bande.[\/vc_column_text][\/vc_tta_section][vc_tta_section title=&#8221;PROC\u00c9DURE SUGG\u00c9R\u00c9E POUR LE PR\u00c9L\u00c8VEMENT DES \u00c9CHANTILLONS&#8221; tab_id=&#8221;1686216047467-115fea4c-5f4f&#8221;][vc_column_text woodmart_inline=&#8221;no&#8221; text_larger=&#8221;no&#8221;]Il est pratique de s\u00e9lectionner au hasard le nombre appropri\u00e9 de pi\u00e8ces comme indiqu\u00e9 dans le tableau[\/vc_column_text][vc_single_image image=&#8221;11865&#8243; img_size=&#8221;FULL&#8221; alignment=&#8221;center&#8221; parallax_scroll=&#8221;no&#8221; woodmart_inline=&#8221;no&#8221;][vc_column_text woodmart_inline=&#8221;no&#8221; text_larger=&#8221;no&#8221;]<\/p>\n<ul>\n<li>Lorsque la r\u00e9sistance maximale \u00e0 l&#8217;humidit\u00e9 d&#8217;un tissu est demand\u00e9e, des bandes de la largeur appropri\u00e9e doivent \u00eatre coup\u00e9es et la longueur est au moins le double de celle du test \u00e0 sec. Chaque extr\u00e9mit\u00e9 de chacune des bandes doit \u00eatre num\u00e9r\u00e9e et effiloch\u00e9e.<\/li>\n<li>L&#8217;\u00e9prouvette est immerg\u00e9e pendant 1h dans de l&#8217;eau de classe 3, conform\u00e9ment \u00e0 la norme ISO 3696, \u00e0 une temp\u00e9rature de (20\u00b12) \u00baC.<\/li>\n<\/ul>\n<p>&nbsp;<\/p>\n<p>[\/vc_column_text][\/vc_tta_section][vc_tta_section title=&#8221;CONDITIONS D&#8217;ESSAI&#8221; tab_id=&#8221;1686216087549-1867c75b-3f0e&#8221;][vc_column_text woodmart_inline=&#8221;no&#8221; text_larger=&#8221;no&#8221;]<\/p>\n<ul>\n<li>La m\u00e2choire sup\u00e9rieure, en la laissant pendre librement sous son propre poids puis en la guidant \u00e0 la main pour assurer un alignement perpendiculaire \u00e0 la ligne de force, lorsque la m\u00e2choire est ferm\u00e9e.<\/li>\n<li>La pr\u00e9-tension sp\u00e9cifi\u00e9e est appliqu\u00e9e comme indiqu\u00e9.\n<ol>\n<li>Pour tous les tissus aux propri\u00e9t\u00e9s \u00e9lastiques : 0,5 N<\/li>\n<li>Pour les tissus sans propri\u00e9t\u00e9s \u00e9lastiques, en fonction de leur masse surfacique :\n<ol>\n<li style=\"list-style-type: none;\">\n<ol>\n<li>&lt; 200g\/m2: 2N<\/li>\n<li>&gt; 200 g\/m2 \u00e0 500 g\/m2: 5N<\/li>\n<li>&gt; 500g\/m2: 10N<\/li>\n<\/ol>\n<\/li>\n<\/ol>\n<\/li>\n<\/ol>\n<\/li>\n<li>5 \u00e9prouvettes sont test\u00e9es dans chaque sens du tissu cha\u00eene et trame (pr\u00e9trait\u00e9 ou non selon l&#8217;exigence de la norme de classement).<\/li>\n<li>\u00c9prouvettes de 20x5cm sans franges, dans chaque sens avec le nombre exact de fils dans les 5cm une fois effiloch\u00e9s.<\/li>\n<li>Dynamom\u00e8tre \u00e0 vitesse constante 100 mm\/min ; une pince statique et l&#8217;autre dynamique jusqu&#8217;\u00e0 la rupture de l&#8217;\u00e9prouvette.<\/li>\n<li>L&#8217;\u00e9chantillon de tissu est \u00e9tir\u00e9 \u00e0 vitesse constante jusqu&#8217;\u00e0 ce qu&#8217;il se casse. Sa force maximale et son allongement maximal \u00e0 la rupture sont d\u00e9termin\u00e9s.<\/li>\n<li>Si l&#8217;un des r\u00e9sultats de rupture de m\u00e2choire est sup\u00e9rieur au r\u00e9sultat de rupture \u00ab normal \u00bb le plus bas, il peut \u00eatre pris en compte. Si l&#8217;un des r\u00e9sultats de rupture de la m\u00e2choire est inf\u00e9rieur au r\u00e9sultat de rupture &#8220;normal&#8221; le plus bas, il doit \u00eatre rejet\u00e9 et d&#8217;autres tests doivent \u00eatre effectu\u00e9s afin d&#8217;obtenir cinq ruptures &#8220;normales&#8221;.<\/li>\n<\/ul>\n<p>[\/vc_column_text][vc_single_image image=&#8221;11869&#8243; img_size=&#8221;full&#8221; alignment=&#8221;center&#8221; parallax_scroll=&#8221;no&#8221; woodmart_inline=&#8221;no&#8221;][\/vc_tta_section][vc_tta_section title=&#8221;RAPPORT D&#8217;ESSAI&#8221; tab_id=&#8221;1686216101105-b1f62ec1-442e&#8221;][vc_column_text woodmart_inline=&#8221;no&#8221; text_larger=&#8221;no&#8221;]Le rapport d&#8217;essai doit contenir les informations suivantes\u00a0:<\/p>\n<ol>\n<li>La r\u00e9f\u00e9rence \u00e0 la pr\u00e9sente partie de l&#8217;EN ISO 13934 et la date de l&#8217;essai\u00a0;<\/li>\n<li>L&#8217;identification de l&#8217;\u00e9chantillon test\u00e9 et la m\u00e9thode d&#8217;\u00e9chantillonnage.<\/li>\n<li>La longueur, en millim\u00e8tres, du dosage utilis\u00e9.<\/li>\n<li>Le taux d&#8217;allongement utilis\u00e9 en pourcentage par minute ou le taux d&#8217;allongement, en millim\u00e8tres par minute.<\/li>\n<li>La pr\u00e9contrainte appliqu\u00e9e, en Newtons.<\/li>\n<li>L&#8217;\u00e9tat des sp\u00e9cimens.<\/li>\n<li>Le nombre d&#8217;\u00e9chantillons test\u00e9s et le nombre de tests rejet\u00e9s avec les raisons des rejets.<\/li>\n<li>La largeur de la bande, sinon 50 mm +\/- 0,5 mm, et le nombre de fils de la bande.<\/li>\n<li>Tout \u00e9cart par rapport \u00e0 la proc\u00e9dure op\u00e9ratoire d\u00e9crite.<\/li>\n<li>La moyenne arithm\u00e9tique de la force maximale et, si n\u00e9cessaire, de la force \u00e0 la rupture, en Newtons.<\/li>\n<li>La moyenne arithm\u00e9tique de l&#8217;allongement \u00e0 la force maximale et, si n\u00e9cessaire, de l&#8217;allongement \u00e0 la rupture, en pourcentage<\/li>\n<li>Le coefficient de variation de la force et l&#8217;allongement correspondant, en pourcentage.<\/li>\n<li>Les limites de confiance \u00e0 95 % de la force, en Newtons, et de l&#8217;allongement correspondant, en pourcentage.<\/li>\n<\/ol>\n<p>[\/vc_column_text][\/vc_tta_section][vc_tta_section title=&#8221;CALCUL ET EXPRESSION DES R\u00c9SULTATS&#8221; tab_id=&#8221;1686216120628-018e19ea-0b00&#8243;][vc_column_text woodmart_inline=&#8221;no&#8221; text_larger=&#8221;no&#8221;]Calculer la moyenne arithm\u00e9tique de la force maximale et, si demand\u00e9, la moyenne arithm\u00e9tique de la force \u00e0 la rupture, en Newtons, pour chaque direction test\u00e9e.[\/vc_column_text][vc_column_text woodmart_inline=&#8221;no&#8221; text_larger=&#8221;no&#8221;]<\/p>\n<ul>\n<li>Arrondissez le r\u00e9sultat pour les valeurs\u00a0:<\/li>\n<\/ul>\n<p>[\/vc_column_text][vc_single_image image=&#8221;11873&#8243; img_size=&#8221;full&#8221; alignment=&#8221;center&#8221; parallax_scroll=&#8221;no&#8221; woodmart_inline=&#8221;no&#8221;][vc_column_text woodmart_inline=&#8221;no&#8221; text_larger=&#8221;no&#8221;]<\/p>\n<ul>\n<li>La moyenne arithm\u00e9tique de l&#8217;allongement \u00e0 l&#8217;effort maximal et, le cas \u00e9ch\u00e9ant, \u00e0 la rupture est calcul\u00e9e pour chaque direction test\u00e9e et arrondie au plus proche :<\/li>\n<\/ul>\n<p>[\/vc_column_text][vc_single_image image=&#8221;11877&#8243; img_size=&#8221;full&#8221; alignment=&#8221;center&#8221; parallax_scroll=&#8221;no&#8221; woodmart_inline=&#8221;no&#8221;][vc_column_text woodmart_inline=&#8221;no&#8221; text_larger=&#8221;no&#8221;]<\/p>\n<ul>\n<li>Si n\u00e9cessaire, calculez le coefficient de variation aux limites de confiance de 0,1 % et 95 % les plus proches pour les propri\u00e9t\u00e9s r\u00e9pertori\u00e9es<\/li>\n<\/ul>\n<p>[\/vc_column_text][\/vc_tta_section][\/vc_tta_tabs][\/vc_column][\/vc_row]<\/p>\n<\/section>","protected":false},"excerpt":{"rendered":"<p>PROPRI\u00c9T\u00c9S DES TISSUS TENDUES<br \/>\nPARTIE 1\u00a0: D\u00c9TERMINATION DE LA FORCE MAXIMALE ET DE L\u2019ALLONGEMENT \u00c0 FORCE MAXIMALE PAR LA M\u00c9THODE DE LA BANDE<\/p>\n","protected":false},"featured_media":0,"comment_status":"open","ping_status":"closed","template":"","meta":{"_mi_skip_tracking":false,"_monsterinsights_sitenote_active":false,"_monsterinsights_sitenote_note":"","_monsterinsights_sitenote_category":0},"product_cat":[884],"product_tag":[],"class_list":["post-11237","product","type-product","status-publish","hentry","product_cat-norme"],"acf":[],"_links":{"self":[{"href":"https:\/\/lenard.tech\/fr\/wp-json\/wp\/v2\/product\/11237","targetHints":{"allow":["GET"]}}],"collection":[{"href":"https:\/\/lenard.tech\/fr\/wp-json\/wp\/v2\/product"}],"about":[{"href":"https:\/\/lenard.tech\/fr\/wp-json\/wp\/v2\/types\/product"}],"replies":[{"embeddable":true,"href":"https:\/\/lenard.tech\/fr\/wp-json\/wp\/v2\/comments?post=11237"}],"wp:attachment":[{"href":"https:\/\/lenard.tech\/fr\/wp-json\/wp\/v2\/media?parent=11237"}],"wp:term":[{"taxonomy":"product_cat","embeddable":true,"href":"https:\/\/lenard.tech\/fr\/wp-json\/wp\/v2\/product_cat?post=11237"},{"taxonomy":"product_tag","embeddable":true,"href":"https:\/\/lenard.tech\/fr\/wp-json\/wp\/v2\/product_tag?post=11237"}],"curies":[{"name":"wp","href":"https:\/\/api.w.org\/{rel}","templated":true}]}}