
{"id":11240,"date":"2023-03-31T08:56:15","date_gmt":"2023-03-31T08:56:15","guid":{"rendered":"https:\/\/lenard.tech\/producto\/une-en-iso-13034\/"},"modified":"2026-02-09T10:00:01","modified_gmt":"2026-02-09T10:00:01","slug":"une-en-130342005a12009","status":"publish","type":"product","link":"https:\/\/lenard.tech\/fr\/producto\/une-en-130342005a12009\/","title":{"rendered":"UNE-EN 13034:2005+A1:2009"},"content":{"rendered":"<section class=\"wpb-content-wrapper\"><p>[vc_row][vc_column][vc_column_text woodmart_inline=&#8221;no&#8221; text_larger=&#8221;no&#8221;]<strong>V\u00caTEMENTS DE PROTECTION CONTRE LES PRODUITS CHIMIQUES LIQUIDES. (APPAREILS DE TYPE 6 ET PB6). <em>\u00c9quivalence avec EN 13034:2005+A1:2009.<\/em><\/strong>[\/vc_column_text][\/vc_column][\/vc_row][vc_row][vc_column][vc_tta_tabs][vc_tta_section title=&#8221;OBJECT&#8221; tab_id=&#8221;1686215258720-2f4ac2ff-c947&#8243;][vc_column_text woodmart_inline=&#8221;no&#8221; text_larger=&#8221;no&#8221;]Cette norme pr\u00e9cise les exigences minimales pour les v\u00eatements de protection chimique \u00e0 usage limit\u00e9 et les v\u00eatements r\u00e9utilisables \u00e0 performance limit\u00e9e. L&#8217;utilisation de v\u00eatements protecteurs chimiques de performance limit\u00e9e est destin\u00e9e aux cas d&#8217;exposition potentielle \u00e0 des pulv\u00e9risations l\u00e9g\u00e8res, des a\u00e9rosols liquides ou des projections de faible volume et pression o\u00f9 une barri\u00e8re compl\u00e8te contre la p\u00e9n\u00e9tration des liquides n&#8217;est pas n\u00e9cessaire. Couvre les combinaisons de protection chimique (type 6) et la protection corporelle partielle (type PB[6]):<\/p>\n<p>&#8211; Les v\u00eatements de protection de type 6 et PB 6 constituent le niveau le plus bas de protection chimique<\/p>\n<p>-Les combinaisons de protection chimique (type 6) couvrent et prot\u00e8gent au moins le tronc et les membres. Une protection corporelle partielle tout aussi limit\u00e9e (type P6) ne couvre et prot\u00e8ge que certaines parties du corps.[\/vc_column_text][\/vc_tta_section][vc_tta_section title=&#8221;EXIGENCES&#8221; tab_id=&#8221;1686215258731-c3f298e9-99ee&#8221;][vc_column_text woodmart_inline=&#8221;no&#8221; text_larger=&#8221;no&#8221;]PR\u00c9TRAITEMENT selon les indications du fabricant ou, si ce n&#8217;est pas indiqu\u00e9, 5 cycles de lavage\/s\u00e9charge.<\/p>\n<p>PR\u00c9-CONDITIONNEMENT ET CONDITIONNEMENT selon l&#8217;EN 14325<\/p>\n<p>-Tests et classification selon la norme EN 14325:2004<\/p>\n<p>-Pour toutes les exigences, le niveau de performance 1 doit \u00eatre obtenu, \u00e0 l&#8217;exception de la p\u00e9n\u00e9tration et de la r\u00e9pulsion des liquides, o\u00f9 un niveau minimum 3 de r\u00e9pulsion doit \u00eatre obtenu pour au moins un liquide et un niveau 2 de p\u00e9n\u00e9tration pour au moins un liquide.<\/p>\n<table style=\"height: 2099px;\" width=\"1463\">\n<tbody>\n<tr>\n<td width=\"131\"><strong>M\u00c9THODE D&#8217;ESSAI<\/strong><\/td>\n<td width=\"103\"><strong>TEST STANDARD<\/strong><\/td>\n<td width=\"257\"><strong>DESCRIPTION<\/strong><\/td>\n<td colspan=\"2\" width=\"267\"><strong>EXIGENCES<\/strong><\/td>\n<\/tr>\n<tr>\n<td rowspan=\"7\" width=\"131\">ABRASION RESISTANCE (point 4.4 EN 14325)<\/td>\n<td rowspan=\"7\" width=\"103\">EN 530<\/p>\n<p>M\u00e9thode 2<\/td>\n<td rowspan=\"7\" width=\"257\">Tissu pr\u00e9trait\u00e9<\/p>\n<p>9KpA<\/p>\n<p>\u00c9quipe Martindale<\/p>\n<p>Frotter contre du papier abrasif 00<\/td>\n<td width=\"133\">Classe<\/td>\n<td width=\"134\">Nombre de cycles<\/td>\n<\/tr>\n<tr>\n<td width=\"133\">6<\/td>\n<td width=\"134\">&gt; 2000<\/td>\n<\/tr>\n<tr>\n<td width=\"133\">5<\/td>\n<td width=\"134\">&gt; 1500<\/td>\n<\/tr>\n<tr>\n<td width=\"133\">4<\/td>\n<td width=\"134\">&gt; 1000<\/td>\n<\/tr>\n<tr>\n<td width=\"133\">3<\/td>\n<td width=\"134\">&gt; 500<\/td>\n<\/tr>\n<tr>\n<td width=\"133\">2<\/td>\n<td width=\"134\">&gt; 100<\/td>\n<\/tr>\n<tr>\n<td width=\"133\">1<\/td>\n<td width=\"134\">&gt; 10<\/td>\n<\/tr>\n<tr>\n<td rowspan=\"7\" width=\"131\">R\u00c9SISTANCE AUX D\u00c9CHIRURES (TRAP\u00c8ZE)<\/p>\n<p>(point 4.7 EN 14325)<\/td>\n<td rowspan=\"7\" width=\"103\">EN ISO 9073-4<\/td>\n<td rowspan=\"7\" width=\"257\">Tissu pr\u00e9trait\u00e9<\/p>\n<p>Dynamom\u00e8tre<\/td>\n<td width=\"133\">Classe<\/td>\n<td width=\"134\">R\u00e9sistance<\/td>\n<\/tr>\n<tr>\n<td width=\"133\">6<\/td>\n<td width=\"134\">&gt; 150 N<\/td>\n<\/tr>\n<tr>\n<td width=\"133\">5<\/td>\n<td width=\"134\">&gt; 100 N<\/td>\n<\/tr>\n<tr>\n<td width=\"133\">4<\/td>\n<td width=\"134\">&gt; 60 N<\/td>\n<\/tr>\n<tr>\n<td width=\"133\">3<\/td>\n<td width=\"134\">&gt; 40 N<\/td>\n<\/tr>\n<tr>\n<td width=\"133\">2<\/td>\n<td width=\"134\">&gt; 20 N<\/td>\n<\/tr>\n<tr>\n<td width=\"133\">1<\/td>\n<td width=\"134\">&gt; 10 N<\/td>\n<\/tr>\n<tr>\n<td rowspan=\"7\" width=\"131\">TRACTION<\/p>\n<p>(point 4.9 EN 14325)<\/td>\n<td rowspan=\"7\" width=\"103\">EN ISO 13934-1<\/td>\n<td rowspan=\"7\" width=\"257\">Tissu pr\u00e9trait\u00e9<\/p>\n<p>Dynamom\u00e8tre<\/td>\n<td width=\"133\">Classe<\/td>\n<td width=\"134\">R\u00e9sistance<\/td>\n<\/tr>\n<tr>\n<td width=\"133\">6<\/td>\n<td width=\"134\">&gt; 1000 N<\/td>\n<\/tr>\n<tr>\n<td width=\"133\">5<\/td>\n<td width=\"134\">&gt; 500 N<\/td>\n<\/tr>\n<tr>\n<td width=\"133\">4<\/td>\n<td width=\"134\">&gt; 250 N<\/td>\n<\/tr>\n<tr>\n<td width=\"133\">3<\/td>\n<td width=\"134\">&gt; 100 N<\/td>\n<\/tr>\n<tr>\n<td width=\"133\">2<\/td>\n<td width=\"134\">&gt; 60 N<\/td>\n<\/tr>\n<tr>\n<td width=\"133\">1<\/td>\n<td width=\"134\">&gt; 30 N<\/td>\n<\/tr>\n<tr>\n<td rowspan=\"7\" width=\"131\">R\u00c9SISTANCE \u00c0 LA PERFORATION<\/p>\n<p>(point 4.10 EN 14325)<\/td>\n<td rowspan=\"7\" width=\"103\">EN 863<\/td>\n<td rowspan=\"7\" width=\"257\">Tissu pr\u00e9trait\u00e9<\/p>\n<p>Dynamom\u00e8tre<\/td>\n<td width=\"133\">Classe<\/td>\n<td width=\"134\">R\u00e9sistance<\/td>\n<\/tr>\n<tr>\n<td width=\"133\">6<\/td>\n<td width=\"134\">&gt; 250 N<\/td>\n<\/tr>\n<tr>\n<td width=\"133\">5<\/td>\n<td width=\"134\">&gt; 150 N<\/td>\n<\/tr>\n<tr>\n<td width=\"133\">4<\/td>\n<td width=\"134\">&gt; 100 N<\/td>\n<\/tr>\n<tr>\n<td width=\"133\">3<\/td>\n<td width=\"134\">&gt; 50 N<\/td>\n<\/tr>\n<tr>\n<td width=\"133\">2<\/td>\n<td width=\"134\">&gt; 10 N<\/td>\n<\/tr>\n<tr>\n<td width=\"133\">1<\/td>\n<td width=\"134\">&gt; 5 N<\/td>\n<\/tr>\n<tr>\n<td rowspan=\"4\" width=\"131\">R\u00c9PULSION ET P\u00c9N\u00c9TRATION DES LIQUIDES<\/p>\n<p>(point 4.12 EN 14325)<\/td>\n<td rowspan=\"4\" width=\"103\">EN 6530<\/td>\n<td rowspan=\"4\" width=\"257\">Tissu pr\u00e9trait\u00e9. Cha\u00eene et trameLiquides de test \u00e0 20 \u00b1 2 \u00b0C<\/p>\n<p>30 % Acide sulfurique<\/p>\n<p>10 % d&#8217;hydroxyde de sodium<\/p>\n<p>O-Xyl\u00e8ne<\/p>\n<p>1-Butanol<\/td>\n<td width=\"133\">Indice de r\u00e9pulsion<\/td>\n<td width=\"134\">Taux de p\u00e9n\u00e9tration<\/td>\n<\/tr>\n<tr>\n<td width=\"133\">Classe 3 &gt; 95 %<\/td>\n<td width=\"134\">Classe 3 &lt; 1 %<\/td>\n<\/tr>\n<tr>\n<td width=\"133\">Classe 2 &gt; 90 %<\/td>\n<td width=\"134\">Classe 2 &lt; 5 %<\/td>\n<\/tr>\n<tr>\n<td width=\"133\">Classe 1 &gt; 80 %<\/td>\n<td width=\"134\">Classe 1 &lt; 10 %<\/td>\n<\/tr>\n<\/tbody>\n<\/table>\n<p>[\/vc_column_text][\/vc_tta_section][vc_tta_section title=&#8221;V\u00caTEMENTS&#8221; tab_id=&#8221;1686215301210-f41d456d-8785&#8243;][vc_column_text woodmart_inline=&#8221;no&#8221; text_larger=&#8221;no&#8221;]<strong>COUTURES, UNIONS ET ASSEMBLAGES<\/strong><\/p>\n<p>-La couture doit emp\u00eacher la p\u00e9n\u00e9tration des liquides \u00e0 travers les points ou d&#8217;autres composants d&#8217;une couture et ne doit pas emp\u00eacher le glissement du liquide.<\/p>\n<p>-Les combinaisons de type 6 doivent \u00e9galement \u00eatre prises en compte \u00e0 partir du r\u00e9sultat du test de pulv\u00e9risation de l&#8217;armure compl\u00e8te.<\/p>\n<p>&#8211; R\u00e9sistance des coutures : selon l&#8217;EN ISO 13935-2, une r\u00e9sistance de couture d&#8217;au moins classe 1 doit \u00eatre obtenue.<\/p>\n<p><strong>CARACT\u00c9RISTIQUES D&#8217;UNE COMBINAISON COMPL\u00c8TE<\/strong><\/p>\n<p>Ils doivent r\u00e9pondre aux exigences de la norme EN 13688<\/p>\n<p>Pour les v\u00eatements de type 6, ils doivent r\u00e9pondre aux exigences des \u00ab 7 mouvements \u00bb :<\/p>\n<p>-S\u2019agenouiller<\/p>\n<p>-Grimpe l&#8217;\u00e9chelle verticale<\/p>\n<p>-Placez vos mains \u00e0 hauteur de poitrine<\/p>\n<p>-Agenouill\u00e9 sur ton genou droit<\/p>\n<p>-\u00c9tends compl\u00e8tement les bras<\/p>\n<p>-Debout, les pieds \u00e9cart\u00e9s<\/p>\n<p>-S&#8217;agenouiller comme le mouvement 4<\/p>\n<p>-Pour les v\u00eatements de type PB 6, ils ne doivent pas \u00eatre test\u00e9s avec le test de la pulv\u00e9risation l\u00e9g\u00e8re.<\/p>\n<p>&#8211; La m\u00e9thode d&#8217;essai de pulv\u00e9risation bas\u00e9e sur l&#8217;EN ISO 17491-4 doit \u00eatre modifi\u00e9e \u00e0 certains points d\u00e9crits dans la norme[\/vc_column_text][\/vc_tta_section][vc_tta_section title=&#8221;MARQU\u00c9&#8221; tab_id=&#8221;1686215342647-42faa481-a797&#8243;][vc_column_text woodmart_inline=&#8221;no&#8221; text_larger=&#8221;no&#8221;]- Type 6 pour les combinaisons de protection chimique et Type PB 6 pour la protection partielle<\/p>\n<p>-Exigences selon la norme EN 13688<\/p>\n<p>-Les EPI r\u00e9utilisables doivent \u00eatre marqu\u00e9s avec des pictogrammes de conservation selon la norme EN 23758.<\/p>\n<p>-Pour les EPI \u00e0 usage unique, marquez avec l&#8217;avertissement \u00ab Ne pas r\u00e9utiliser \u00bb.[\/vc_column_text][vc_single_image image=&#8221;10848&#8243; img_size=&#8221;full&#8221; alignment=&#8221;center&#8221; parallax_scroll=&#8221;no&#8221; woodmart_inline=&#8221;no&#8221;][\/vc_tta_section][\/vc_tta_tabs][\/vc_column][\/vc_row]<\/p>\n<\/section>","protected":false},"excerpt":{"rendered":"<p><strong>V\u00caTEMENTS DE PROTECTION CONTRE LES PRODUITS CHIMIQUES LIQUIDES. (APPAREILS DE TYPE 6 ET PB6). <span style=\"color: #ffff99;\"><em>\u00c9quivalence avec EN 13034:2005+A1:2009.<\/em><\/span><\/strong><\/p>\n","protected":false},"featured_media":0,"comment_status":"open","ping_status":"closed","template":"","meta":{"_mi_skip_tracking":false,"_monsterinsights_sitenote_active":false,"_monsterinsights_sitenote_note":"","_monsterinsights_sitenote_category":0},"product_cat":[884],"product_tag":[2319,1607,1466,1898,1467,3549,3539,3703,2862,3571,1498],"class_list":["post-11240","product","type-product","status-publish","hentry","product_cat-norme","product_tag-abrasion-fr","product_tag-antiacido-fr","product_tag-clase-1-fr","product_tag-clase-2-fr","product_tag-clase-4-fr","product_tag-dechirure","product_tag-iso-13934-1-fr","product_tag-lenard-fr","product_tag-organico-fr","product_tag-rupture-fr-2","product_tag-xispal-fr"],"acf":[],"_links":{"self":[{"href":"https:\/\/lenard.tech\/fr\/wp-json\/wp\/v2\/product\/11240","targetHints":{"allow":["GET"]}}],"collection":[{"href":"https:\/\/lenard.tech\/fr\/wp-json\/wp\/v2\/product"}],"about":[{"href":"https:\/\/lenard.tech\/fr\/wp-json\/wp\/v2\/types\/product"}],"replies":[{"embeddable":true,"href":"https:\/\/lenard.tech\/fr\/wp-json\/wp\/v2\/comments?post=11240"}],"wp:attachment":[{"href":"https:\/\/lenard.tech\/fr\/wp-json\/wp\/v2\/media?parent=11240"}],"wp:term":[{"taxonomy":"product_cat","embeddable":true,"href":"https:\/\/lenard.tech\/fr\/wp-json\/wp\/v2\/product_cat?post=11240"},{"taxonomy":"product_tag","embeddable":true,"href":"https:\/\/lenard.tech\/fr\/wp-json\/wp\/v2\/product_tag?post=11240"}],"curies":[{"name":"wp","href":"https:\/\/api.w.org\/{rel}","templated":true}]}}