
{"id":11243,"date":"2023-03-31T08:53:39","date_gmt":"2023-03-31T08:53:39","guid":{"rendered":"https:\/\/lenard.tech\/producto\/une-en-iso-12947-1\/"},"modified":"2023-08-31T06:38:16","modified_gmt":"2023-08-31T06:38:16","slug":"une-en-iso-12947-11998","status":"publish","type":"product","link":"https:\/\/lenard.tech\/fr\/producto\/une-en-iso-12947-11998\/","title":{"rendered":"UNE-EN ISO 12947-1:1998"},"content":{"rendered":"<section class=\"wpb-content-wrapper\"><p>[vc_row][vc_column][vc_column_text woodmart_inline=&#8221;no&#8221; text_larger=&#8221;no&#8221;]TEXTILES. D\u00c9TERMINATION DE LA R\u00c9SISTANCE \u00c0 L&#8217;ABRASION DES TISSUS PAR LA M\u00c9THODE DE MARTINDALE.<\/p>\n<p>PARTIE 1\u00a0: APPAREIL D&#8217;ESSAI D&#8217;ABRASION MARTINDALE[\/vc_column_text][\/vc_column][\/vc_row][vc_row][vc_column][vc_tta_tabs][vc_tta_section title=&#8221;OBJET ET DOMAINE D&#8217;APPLICATION&#8221; tab_id=&#8221;1686214240101-556b0dc0-8de6&#8243;][vc_column_text woodmart_inline=&#8221;no&#8221; text_larger=&#8221;no&#8221;]La pr\u00e9sente partie de l&#8217;ISO 12947 sp\u00e9cifie les exigences relatives \u00e0 l&#8217;appareil d&#8217;abrasion Martindale et aux mat\u00e9riaux auxiliaires \u00e0 utiliser dans les m\u00e9thodes d&#8217;essai sp\u00e9cifi\u00e9es dans les parties 2 \u00e0 4 de l&#8217;ISO 12947 pour la d\u00e9termination de la r\u00e9sistance \u00e0 l&#8217;abrasion des tissus.<\/p>\n<p>La pr\u00e9sente partie de l&#8217;ISO 12947 s&#8217;applique aux appareils d&#8217;essai des tissus suivants:<\/p>\n<ol>\n<li>a) Tissus ajour\u00e9s et tricot\u00e9s;<\/li>\n<li>b) Tissus \u00e0 poils dont la hauteur du poil est inf\u00e9rieure ou \u00e9gale \u00e0 2 mm ;<\/li>\n<li>c) Non-tiss\u00e9.<\/li>\n<\/ol>\n<p>[\/vc_column_text][\/vc_tta_section][vc_tta_section title=&#8221;D\u00c9FINITIONS&#8221; tab_id=&#8221;1686214240109-a3557955-3694&#8243;][vc_column_text woodmart_inline=&#8221;no&#8221; text_larger=&#8221;no&#8221;]Pour les besoins de la pr\u00e9sente partie de l&#8217;ISO 12947, les d\u00e9finitions suivantes s&#8217;appliquent\u00a0:<\/p>\n<p>1 Frottement abrasif : R\u00e9volution compl\u00e8te des deux \u00e9l\u00e9ments de transmission externes de l&#8217;appareil de test d&#8217;abrasion Martindale.<\/p>\n<p>2 Cycle d&#8217;abrasion : ex\u00e9cution de l&#8217;ensemble des mouvements abrasifs en translation qui forment une courbe de Lissajous comprenant 16 frottements, soit 16 cycles des deux \u00e9l\u00e9ments de transmission externes, et 15 cycles de l&#8217;\u00e9l\u00e9ment de transmission interne de l&#8217;appareil d&#8217;essai. Abrasion Martindale.<\/p>\n<p>3 Intervalle de contr\u00f4le : Nombre de frottements effectu\u00e9s en continu.<\/p>\n<p>4 Courbe de Lissajous : Courbe g\u00e9n\u00e9r\u00e9e par un mouvement qui commence par former un cercle pour devenir progressivement des ellipses qui se r\u00e9tr\u00e9cissent pour tracer une ligne droite, \u00e0 partir de laquelle des ellipses s&#8217;\u00e9largissent de plus en plus en sens inverse en diagonale, avant de r\u00e9p\u00e9ter \u00e0 nouveau le dessin.<\/p>\n<p>5 Poste de travail : Plaque d&#8217;abrasion[\/vc_column_text][\/vc_tta_section][vc_tta_section title=&#8221;PRINCIPE DE LA METHODE&#8221; tab_id=&#8221;1686214270856-e449c106-c4de&#8221;][vc_column_text woodmart_inline=&#8221;no&#8221; text_larger=&#8221;no&#8221;]Une \u00e9prouvette circulaire est soumise, au moyen de l&#8217;appareil d&#8217;essai d&#8217;abrasion Matindale, \u00e0 une charge d\u00e9finie et \u00e0 l&#8217;action de frottement avec un \u00e9l\u00e9ment, selon un mouvement de translation formant une courbe de Lissajous.<\/p>\n<p>Dans le m\u00eame temps, le porte-\u00e9chantillon, muni soit de l&#8217;\u00e9chantillon, soit de l&#8217;\u00e9l\u00e9ment abrasif selon le proc\u00e9d\u00e9 utilis\u00e9, tourne librement autour de son propre axe, perpendiculaire au plan horizontal.<\/p>\n<p>L&#8217;\u00e9prouvette est soumise \u00e0 une usure abrasive au cours d&#8217;un nombre de frottements pr\u00e9alablement d\u00e9termin\u00e9.[\/vc_column_text][\/vc_tta_section][vc_tta_section title=&#8221;EQUIPE&#8221; tab_id=&#8221;1686237129544-82a203f0-2905&#8243;][vc_column_text woodmart_inline=&#8221;no&#8221; text_larger=&#8221;no&#8221;]L&#8217;appareillage d&#8217;essai est compos\u00e9 d&#8217;un plateau support qui porte les plateaux abrasifs et le m\u00e9canisme de transmission,<\/p>\n<ol>\n<li>Accessoires de l\u2019appareil de transmission et de la plaque d\u2019appuis\n<ol>\n<li>L\u2019appareil de transmission<\/li>\n<li>Le compteur<\/li>\n<li>La plaque abrasive<\/li>\n<\/ol>\n<\/li>\n<li>Plaque de guidage du porte-\u00e9chantillon<\/li>\n<li>Porte-\u00e9chantillon<\/li>\n<li>El\u00e9ments de charge<\/li>\n<\/ol>\n<p>[\/vc_column_text][vc_single_image image=&#8221;8249&#8243; img_size=&#8221;FULL&#8221; alignment=&#8221;center&#8221; onclick=&#8221;link_image&#8221; parallax_scroll=&#8221;no&#8221; woodmart_inline=&#8221;no&#8221;][\/vc_tta_section][vc_tta_section title=&#8221;MAT\u00c9RIAUX AUXILIAIRES&#8221; tab_id=&#8221;1686237321304-442d72ce-c2f9&#8243;][vc_column_text woodmart_inline=&#8221;no&#8221; text_larger=&#8221;no&#8221;]<\/p>\n<ol>\n<li>Abrasif : tissu uni de laine contre lequel l&#8217;\u00e9prouvette est abras\u00e9e (selon le tableau 1).<\/li>\n<li>Feutre : Disques inf\u00e9rieurs en feutre de laine tiss\u00e9e (selon le tableau 2)<\/li>\n<li>Mousse: Support inf\u00e9rieur pour l&#8217;\u00e9prouvette ou pour l&#8217;abrasif mont\u00e9 sur le porte-\u00e9prouvette (selon le tableau 3)<\/li>\n<\/ol>\n<p style=\"text-align: center;\">Tableau 1<br \/>\nExigences<u> relatives aux propri\u00e9t\u00e9s des tissus abrasifs en laine<\/u><\/p>\n<table class=\" aligncenter\" width=\"641\">\n<tbody>\n<tr>\n<td rowspan=\"2\" width=\"230\"><strong>\u00a0<\/strong><\/p>\n<p><strong>Propri\u00e9t\u00e9s<\/strong><\/td>\n<td colspan=\"2\" width=\"257\"><strong>Requisito<\/strong><\/td>\n<td rowspan=\"2\" width=\"153\"><strong>\u00a0<\/strong><\/p>\n<p><strong>M\u00e9thode de test<\/strong><\/td>\n<\/tr>\n<tr>\n<td width=\"128\"><strong>Cha\u00eene<\/strong><\/td>\n<td width=\"129\"><strong>Trame<\/strong><\/td>\n<\/tr>\n<tr>\n<td width=\"230\">Diametre de la fibre moyen, \u00b5m<\/td>\n<td width=\"128\">27,5 \u00b1 2,0<\/td>\n<td width=\"129\">29,0 \u00b1 2,0<\/td>\n<td width=\"153\">ISO 137<\/td>\n<\/tr>\n<tr>\n<td width=\"230\">Masse lin\u00e9al du fil tex<\/td>\n<td width=\"128\">R63 \u00b1 4\/2<\/td>\n<td width=\"129\">R74 \u00b1 4\/2<\/td>\n<td width=\"153\">ISO 2060<\/td>\n<\/tr>\n<tr>\n<td width=\"230\">Fil individuel, torsion &#8220;Z&#8221;, num\u00e9ro de torsions par m\u00e8tre<\/td>\n<td width=\"128\">540 \u00b1 20<\/td>\n<td width=\"129\">500 \u00b1 20<\/td>\n<td width=\"153\">ISO 2061<\/td>\n<\/tr>\n<tr>\n<td width=\"230\">Fil torsad\u00e9, torsion &#8220;S&#8221;, num\u00e9ro de torsions par m\u00e8tre<\/td>\n<td width=\"128\">450 \u00b1 20<\/td>\n<td width=\"129\">350 \u00b1 20<\/td>\n<td width=\"153\">ISO 2061<\/td>\n<\/tr>\n<tr>\n<td width=\"230\">Num\u00e9ro de fils dans 10 cm<\/td>\n<td width=\"128\">175 \u00b1 10<\/td>\n<td width=\"129\">135 \u00b1 8<\/td>\n<td width=\"153\">ISO 7211-2<\/td>\n<\/tr>\n<tr>\n<td width=\"230\">Masse par unit\u00e9 de superfice, g \u00d7 m-2<\/td>\n<td colspan=\"2\" width=\"257\">215 \u00b1 10<\/td>\n<td width=\"153\">ISO 3801<\/td>\n<\/tr>\n<tr>\n<td width=\"230\">Contenu en huiles, %<\/td>\n<td colspan=\"2\" width=\"257\">0,8 \u00b1 0,3<\/td>\n<td width=\"153\">ISO 3074<\/td>\n<\/tr>\n<\/tbody>\n<\/table>\n<p style=\"text-align: center;\">Tabla 2<br \/>\nRequisitos relativos a las propiedades de los fieltros de lana tejida<\/p>\n<table class=\" aligncenter\" width=\"630\">\n<tbody>\n<tr>\n<td width=\"229\"><strong>Propi\u00e9t\u00e9s<\/strong><\/td>\n<td width=\"201\"><strong>Exigence<\/strong><\/td>\n<td width=\"200\"><strong>M\u00e9thode de test<\/strong><\/td>\n<\/tr>\n<tr>\n<td width=\"229\">Masse par unit\u00e9 de superfice, g \u00d7 m-2<\/td>\n<td width=\"201\">750 \u00b1 50<\/td>\n<td width=\"200\">ISO 3801<\/td>\n<\/tr>\n<tr>\n<td width=\"229\">Epaisseur, mm<\/td>\n<td width=\"201\">2,5 \u00b1 0,5<\/td>\n<td width=\"200\">ISO 5084<\/td>\n<\/tr>\n<\/tbody>\n<\/table>\n<p style=\"text-align: center;\">Tableau 3<br \/>\nExigences relatives aux propri\u00e9t\u00e9s des mousses de polyur\u00e9thane<\/p>\n<table class=\" aligncenter\" width=\"630\">\n<tbody>\n<tr>\n<td width=\"229\"><strong>Propri\u00e9t\u00e9s<\/strong><\/td>\n<td width=\"200\"><strong>Exigence<\/strong><\/td>\n<td width=\"201\"><strong>M\u00e9thode de test<\/strong><\/td>\n<\/tr>\n<tr>\n<td width=\"229\">Epaisseur, mm<\/td>\n<td width=\"200\">3 \u00b1 1<\/td>\n<td width=\"201\">ISO 5084<\/td>\n<\/tr>\n<tr>\n<td width=\"229\">Masse par unit\u00e9 de volume, kg \u00d7 m-3<\/td>\n<td width=\"200\">30 \u00b1 3<\/td>\n<td width=\"201\">ISO 845<\/td>\n<\/tr>\n<tr>\n<td width=\"229\">Duret\u00e9 de p\u00e9n\u00e9tration, kPa<\/td>\n<td width=\"200\">5,8 \u00b1 0,8<\/td>\n<td width=\"201\">anexe B<\/td>\n<\/tr>\n<\/tbody>\n<\/table>\n<p>[\/vc_column_text][\/vc_tta_section][\/vc_tta_tabs][\/vc_column][\/vc_row]<\/p>\n<\/section>","protected":false},"excerpt":{"rendered":"<p>TEXTILES. D\u00c9TERMINATION DE LA R\u00c9SISTANCE \u00c0 L&#8217;ABRASION DES TISSUS PAR LA M\u00c9THODE DE MARTINDALE.<\/p>\n<p>PARTIE 1\u00a0: APPAREIL D&#8217;ESSAI D&#8217;ABRASION MARTINDALE<\/p>\n","protected":false},"featured_media":0,"comment_status":"open","ping_status":"closed","template":"","meta":{"_mi_skip_tracking":false,"_monsterinsights_sitenote_active":false,"_monsterinsights_sitenote_note":"","_monsterinsights_sitenote_category":0},"product_cat":[884],"product_tag":[],"class_list":["post-11243","product","type-product","status-publish","hentry","product_cat-norme"],"acf":[],"_links":{"self":[{"href":"https:\/\/lenard.tech\/fr\/wp-json\/wp\/v2\/product\/11243","targetHints":{"allow":["GET"]}}],"collection":[{"href":"https:\/\/lenard.tech\/fr\/wp-json\/wp\/v2\/product"}],"about":[{"href":"https:\/\/lenard.tech\/fr\/wp-json\/wp\/v2\/types\/product"}],"replies":[{"embeddable":true,"href":"https:\/\/lenard.tech\/fr\/wp-json\/wp\/v2\/comments?post=11243"}],"wp:attachment":[{"href":"https:\/\/lenard.tech\/fr\/wp-json\/wp\/v2\/media?parent=11243"}],"wp:term":[{"taxonomy":"product_cat","embeddable":true,"href":"https:\/\/lenard.tech\/fr\/wp-json\/wp\/v2\/product_cat?post=11243"},{"taxonomy":"product_tag","embeddable":true,"href":"https:\/\/lenard.tech\/fr\/wp-json\/wp\/v2\/product_tag?post=11243"}],"curies":[{"name":"wp","href":"https:\/\/api.w.org\/{rel}","templated":true}]}}