
{"id":11249,"date":"2023-03-31T08:40:06","date_gmt":"2023-03-31T08:40:06","guid":{"rendered":"https:\/\/lenard.tech\/producto\/une-en-iso-12127-1\/"},"modified":"2023-08-31T06:36:43","modified_gmt":"2023-08-31T06:36:43","slug":"une-en-iso-12127-12015","status":"publish","type":"product","link":"https:\/\/lenard.tech\/fr\/producto\/une-en-iso-12127-12015\/","title":{"rendered":"UNE-EN ISO 12127-1:2015"},"content":{"rendered":"<section class=\"wpb-content-wrapper\"><p>[vc_row][vc_column][vc_column_text woodmart_inline=&#8221;no&#8221; text_larger=&#8221;no&#8221;]D\u00c9TERMINATION DE LA TRANSMISSION DE CHALEUR PAR CONTACT \u00c0 TRAVERS LES V\u00caTEMENTS DE PROTECTION OU SES MAT\u00c9RIAUX CONSTITUANTS.<\/p>\n<p>PARTIE 1 : TRANSMISSION THERMIQUE PAR CONTACT PRODUITE PAR UN CYLINDRE CHAUD[\/vc_column_text][\/vc_column][\/vc_row][vc_row][vc_column][vc_tta_tabs][vc_tta_section title=&#8221;D\u00c9FINITION&#8221; tab_id=&#8221;1686213627273-1329baa2-b92f&#8221;][vc_column_text woodmart_inline=&#8221;no&#8221; text_larger=&#8221;no&#8221;]Les v\u00eatements de protection con\u00e7us pour prot\u00e9ger contre la chaleur et les flammes peuvent entrer en contact avec des surfaces et des substances chaudes.<\/p>\n<p>Permet d&#8217;\u00e9valuer la chaleur transf\u00e9r\u00e9e lorsqu&#8217;un cylindre chaud de v\u00eatements entre en contact.<\/p>\n<p>La m\u00e9thode d&#8217;essai d\u00e9crite dans la pr\u00e9sente partie de l&#8217;ISO 12127 permet d&#8217;\u00e9valuer ce transfert de chaleur lorsqu&#8217;un cylindre en acier chaud, simulant une petite particule chaude, entre en contact avec le mat\u00e9riau. De plus, cette m\u00e9thode permet d&#8217;\u00e9valuer la carbonisation et la formation de trous dans le mat\u00e9riel.[\/vc_column_text][\/vc_tta_section][vc_tta_section title=&#8221;OBJET ET DOMAINE D&#8217;APPLICATION&#8221; tab_id=&#8221;1686213627284-1561838e-b9cf&#8221;][vc_column_text woodmart_inline=&#8221;no&#8221; text_larger=&#8221;no&#8221;]La pr\u00e9sente partie de l&#8217;ISO 12127 d\u00e9crit la m\u00e9thode d&#8217;essai qui permet d&#8217;\u00e9valuer le transfert de chaleur et le comportement des mat\u00e9riaux utilis\u00e9s dans les v\u00eatements de protection. L&#8217;application de cette partie de la norme est limit\u00e9e aux temp\u00e9ratures de contact comprises entre 100 \u00baC et 500 \u00baC.[\/vc_column_text][\/vc_tta_section][vc_tta_section title=&#8221;D\u00c9BUT&#8221; tab_id=&#8221;1686213665256-e2a05942-3d96&#8243;][vc_column_text woodmart_inline=&#8221;no&#8221; text_larger=&#8221;no&#8221;]Le cylindre est chauff\u00e9 \u00e0 la temp\u00e9rature de contact qui est maintenue \u00e0 cette valeur et l&#8217;\u00e9chantillon est plac\u00e9 au-dessus du calorim\u00e8tre ou l&#8217;\u00e9chantillon est \u00e9lev\u00e9 \u00e0 la position du cylindre. L&#8217;op\u00e9ration s&#8217;effectue \u00e0 vitesse constante. Le temps de seuil est d\u00e9termin\u00e9 en surveillant la temp\u00e9rature du calorim\u00e8tre.[\/vc_column_text][vc_single_image image=&#8221;11841&#8243; img_size=&#8221;full&#8221; alignment=&#8221;center&#8221; parallax_scroll=&#8221;no&#8221; woodmart_inline=&#8221;no&#8221;][\/vc_tta_section][vc_tta_section title=&#8221;\u00c9CHANTILLONS DE TEST&#8221; tab_id=&#8221;1686213675508-08813c63-bf43&#8243;][vc_column_text woodmart_inline=&#8221;no&#8221; text_larger=&#8221;no&#8221;]<\/p>\n<ul>\n<li>Pr\u00e9lever trois \u00e9chantillons circulaires de 80 mm de diam\u00e8tre du produit ou du mat\u00e9riel qui sera utilis\u00e9 pour fabriquer le produit pour chaque temp\u00e9rature de contact.<\/li>\n<li>Conditionnement pendant 24 heures \u00e0 (20\u00b12) \u00baC et une humidit\u00e9 relative de (65\u00b1) %.<\/li>\n<\/ul>\n<p>[\/vc_column_text][\/vc_tta_section][vc_tta_section title=&#8221;PROCESSUS&#8221; tab_id=&#8221;1686213697443-d377455a-afd3&#8243;][vc_column_text woodmart_inline=&#8221;no&#8221; text_larger=&#8221;no&#8221;]Placer l&#8217;\u00e9chantillon d&#8217;essai sur le calorim\u00e8tre avec sa face ext\u00e9rieure vers le haut. Ensuite, retirez l&#8217;\u00e9cran de protection situ\u00e9 entre le cylindre chaud et le calorim\u00e8tre et d\u00e9placez le cylindre chaud vers le calorim\u00e8tre \u00e0 une vitesse de (5 \u00b1 0,2) mm\/s. Mesurer et enregistrer la temp\u00e9rature du calorim\u00e8tre pendant le test. Effectuez au moins trois mesures pour chaque temp\u00e9rature.[\/vc_column_text][\/vc_tta_section][vc_tta_section title=&#8221;R\u00c9SULTATS&#8221; tab_id=&#8221;1686213706163-dc8be851-4725&#8243;][vc_column_text woodmart_inline=&#8221;no&#8221; text_larger=&#8221;no&#8221;]Cette norme d&#8217;essai n&#8217;a pas d&#8217;exigences mais elles peuvent \u00eatre prises en compte conform\u00e9ment aux exigences de la norme EN ISO 11612:2015.<\/p>\n<p>Il faut d\u00e9terminer le temps seuil, tt \u00e0 0,1 s pr\u00e8s.<\/p>\n<table>\n<tbody>\n<tr>\n<td width=\"293\">NIVEAU DE CONFORMIT\u00c9<\/td>\n<td width=\"293\">TEMPS DE SEUIL (s)<\/td>\n<\/tr>\n<tr>\n<td width=\"293\">F1<\/td>\n<td width=\"293\">M\u00ednimo\u00a0\u00a0\u00a0\u00a0\u00a0\u00a0\u00a0\u00a0\u00a0\u00a0\u00a0\u00a0\u00a0\u00a0\u00a0 M\u00e0ximo<\/p>\n<p>5,00\u00a0\u00a0\u00a0\u00a0\u00a0\u00a0\u00a0\u00a0\u00a0\u00a0\u00a0 &lt;\u00a0\u00a0\u00a0\u00a0\u00a0\u00a0\u00a0\u00a0\u00a0\u00a0 10,0<\/td>\n<\/tr>\n<tr>\n<td width=\"293\">F2<\/td>\n<td width=\"293\">M\u00ednimo\u00a0\u00a0\u00a0\u00a0\u00a0\u00a0\u00a0\u00a0\u00a0\u00a0\u00a0\u00a0\u00a0\u00a0\u00a0 M\u00e0ximo<\/p>\n<p>10,0\u00a0\u00a0\u00a0\u00a0\u00a0\u00a0\u00a0\u00a0\u00a0\u00a0\u00a0 &lt;\u00a0\u00a0\u00a0\u00a0\u00a0\u00a0\u00a0\u00a0\u00a0\u00a0 15,0<\/td>\n<\/tr>\n<tr>\n<td width=\"293\">F3<\/td>\n<td width=\"293\">15,0<\/td>\n<\/tr>\n<\/tbody>\n<\/table>\n<p>[\/vc_column_text][\/vc_tta_section][\/vc_tta_tabs][\/vc_column][\/vc_row][vc_row][vc_column][\/vc_column][\/vc_row]<\/p>\n<\/section>","protected":false},"excerpt":{"rendered":"<p>D\u00c9TERMINATION DE LA TRANSMISSION DE CHALEUR PAR CONTACT \u00c0 TRAVERS LES V\u00caTEMENTS DE PROTECTION OU SES MAT\u00c9RIAUX CONSTITUANTS.<\/p>\n<p>PARTIE 1 : TRANSMISSION THERMIQUE PAR CONTACT PRODUITE PAR UN CYLINDRE CHAUD<\/p>\n","protected":false},"featured_media":0,"comment_status":"open","ping_status":"closed","template":"","meta":{"_mi_skip_tracking":false,"_monsterinsights_sitenote_active":false,"_monsterinsights_sitenote_note":"","_monsterinsights_sitenote_category":0},"product_cat":[884],"product_tag":[],"class_list":["post-11249","product","type-product","status-publish","hentry","product_cat-norme"],"acf":[],"_links":{"self":[{"href":"https:\/\/lenard.tech\/fr\/wp-json\/wp\/v2\/product\/11249","targetHints":{"allow":["GET"]}}],"collection":[{"href":"https:\/\/lenard.tech\/fr\/wp-json\/wp\/v2\/product"}],"about":[{"href":"https:\/\/lenard.tech\/fr\/wp-json\/wp\/v2\/types\/product"}],"replies":[{"embeddable":true,"href":"https:\/\/lenard.tech\/fr\/wp-json\/wp\/v2\/comments?post=11249"}],"wp:attachment":[{"href":"https:\/\/lenard.tech\/fr\/wp-json\/wp\/v2\/media?parent=11249"}],"wp:term":[{"taxonomy":"product_cat","embeddable":true,"href":"https:\/\/lenard.tech\/fr\/wp-json\/wp\/v2\/product_cat?post=11249"},{"taxonomy":"product_tag","embeddable":true,"href":"https:\/\/lenard.tech\/fr\/wp-json\/wp\/v2\/product_tag?post=11249"}],"curies":[{"name":"wp","href":"https:\/\/api.w.org\/{rel}","templated":true}]}}