
{"id":11252,"date":"2023-03-31T08:38:25","date_gmt":"2023-03-31T08:38:25","guid":{"rendered":"https:\/\/lenard.tech\/producto\/une-en-iso-11612\/"},"modified":"2026-02-09T10:10:18","modified_gmt":"2026-02-09T10:10:18","slug":"une-en-iso-116122018","status":"publish","type":"product","link":"https:\/\/lenard.tech\/fr\/producto\/une-en-iso-116122018\/","title":{"rendered":"UNE-EN ISO 11612:2018"},"content":{"rendered":"<section class=\"wpb-content-wrapper\"><p>[vc_row][vc_column][vc_column_text woodmart_inline=&#8221;no&#8221; text_larger=&#8221;no&#8221;]V\u00caTEMENTS DE PROTECTION CONTRE LA CHALEUR ET LES FLAMMES. EXIGENCES MINIMALES DE PERFORMANCE. <em>\u00c9quivalence avec EN ISO 11612:2015 et ISO 11612:2015.<\/em>[\/vc_column_text][\/vc_column][\/vc_row][vc_row][vc_column][vc_tta_tabs][vc_tta_section title=&#8221;OBJECT&#8221; tab_id=&#8221;1686213424269-d2456468-bc64&#8243;][vc_column_text woodmart_inline=&#8221;no&#8221; text_larger=&#8221;no&#8221;]Cette norme internationale sp\u00e9cifie les performances des v\u00eatements fabriqu\u00e9s \u00e0 partir de mat\u00e9riaux souples, con\u00e7us pour prot\u00e9ger le corps de l&#8217;utilisateur. Ses caract\u00e9ristiques s&#8217;appliquent aux v\u00eatements qui peuvent \u00eatre utilis\u00e9s dans une grande vari\u00e9t\u00e9 de situations, o\u00f9 l&#8217;utilisation de v\u00eatements avec des propri\u00e9t\u00e9s de propagation de la flamme limit\u00e9es est n\u00e9cessaire et o\u00f9 le porteur peut \u00eatre expos\u00e9 \u00e0 une chaleur rayonnante, convective ou de contact et \u00e0 des \u00e9claboussures m\u00e9talliques. Pour la protection de la t\u00eate et des pieds, il comprend des gu\u00eatres, des capuches et des couvre-bottes, et n&#8217;inclut pas les chaussettes et les bottes.[\/vc_column_text][\/vc_tta_section][vc_tta_section title=&#8221;EXIGENCES&#8221; tab_id=&#8221;1686213424279-8b021d14-8ec6&#8243;][vc_column_text woodmart_inline=&#8221;no&#8221; text_larger=&#8221;no&#8221;]Les v\u00eatements de protection doivent \u00eatre conformes aux exigences du tableau ci-dessous et \u00e0 au moins un des codes B, C, D ou F.<\/p>\n<p>Les v\u00eatements qui offrent une protection contre les \u00e9claboussures de m\u00e9tal en fusion doivent \u00eatre conformes aux codes D et E ainsi qu&#8217;\u00e0 la conception du v\u00eatement sp\u00e9cifi\u00e9e dans la norme.<\/p>\n<p><strong>PR\u00c9TRAITEMENT : <\/strong>minimum de 5 cycles, et\/ou selon les instructions du fabricant<\/p>\n<p><strong>CONDITIONNEMENT\u00a0:<\/strong> 24 heures \u00e0 20 \u00b1 2 \u00baC et 65 \u00b1 5\u00a0% HR. R\u00e9p\u00e9tez dans les 5 minutes suivant le conditionnement<\/p>\n<table style=\"height: 2562px;\" width=\"1393\">\n<tbody>\n<tr>\n<td width=\"245\"><strong>M\u00c9THODE D&#8217;ESSAI<\/strong><\/td>\n<td width=\"94\"><strong>TEST STANDARD<\/strong><\/td>\n<td width=\"189\"><strong>DESCRIPTION<\/strong><\/td>\n<td width=\"210\"><strong>EXIGENCES<\/strong><\/td>\n<\/tr>\n<tr>\n<td width=\"245\">STABILIT\u00c9 DIMENSIONNELLE<\/td>\n<td width=\"94\">Norme ISO 5077<\/td>\n<td width=\"189\">% de r\u00e9tr\u00e9cissement apr\u00e8s les cycles de lavage selon les instructions du fabricant du tissu. Par d\u00e9faut 5 cycles minimum.<\/td>\n<td width=\"210\">Tissu ajour\u00e9 Max. \u00b1 3\u00a0% cha\u00eene\/trame<br \/>\nTissu tricot\u00e9 Max. \u00b1 5\u00a0% longueur\/largeur<\/td>\n<\/tr>\n<tr>\n<td width=\"245\">R\u00c9SISTANCE \u00c0 LA CHALEUR<\/td>\n<td width=\"94\">Norme ISO 17493<\/td>\n<td width=\"189\">Tissu pr\u00e9trait\u00e9 soumis \u00e0 180 \u00b1 5 \u00b0C pendant 5 minutes<br \/>\n(260 \u00baC en option).<\/td>\n<td width=\"210\">R\u00e9tr\u00e9cissement \u2264 5\u00a0% longueur\/largeur \u00e0 180\u00b0C et \u2264 10\u00a0% \u00e0 260\u00b0C.\u00a0 Aucune couche ne peut s&#8217;enflammer ou fondre.<\/td>\n<\/tr>\n<tr>\n<td rowspan=\"3\" width=\"245\">A1 A2 PROPAGATION LIMIT\u00c9E DE LA FLAMME<\/td>\n<td rowspan=\"3\" width=\"94\">Norme ISO 15025<\/td>\n<td width=\"189\">Tissu d&#8217;origine : application de la flamme perpendiculaire au tissu (proc\u00e9dure A ou A1) ; application de la flamme sur le bord du tissu (proc\u00e9dure B ou A2 facultative).<\/td>\n<td rowspan=\"2\" width=\"210\">Flamme d&#8217;application 10&#8221; Aucun \u00e9chantillon ne doit s&#8217;enflammer vers le haut ou vers les bords, pas de formation de trous &gt; \u00a05mm, ne d\u00e9tacher pas de d\u00e9bris gonfl\u00e9s, post-allumage t \u2264 2&#8221;, post-incandescence autoris\u00e9e dans la zone carbonis\u00e9e pendant le test.<\/td>\n<\/tr>\n<tr>\n<td width=\"189\">Tissu pr\u00e9trait\u00e9 : application de la flamme perpendiculaire au tissu (proc\u00e9dure A ou A1) ; application de la flamme sur le bord du tissu (proc\u00e9dure B ou A2 facultative).<\/td>\n<\/tr>\n<tr>\n<td width=\"189\">Les accessoires, les coutures, les \u00e9tiquettes, etc. doivent r\u00e9pondre aux exigences d&#8217;inflammabilit\u00e9.<\/td>\n<td width=\"210\"><\/td>\n<\/tr>\n<tr>\n<td rowspan=\"2\" width=\"245\">TRACTION<\/td>\n<td width=\"94\">Norme ISO 13934-1<\/td>\n<td width=\"189\">Tissu pr\u00e9trait\u00e9.<\/td>\n<td width=\"210\">\u2265 300 N cha\u00eene\/trame<\/td>\n<\/tr>\n<tr>\n<td width=\"94\">Norme ISO 13935-2<\/td>\n<td width=\"189\">Coutures<\/td>\n<td width=\"210\">\u2265 225 N<\/td>\n<\/tr>\n<tr>\n<td width=\"245\">R\u00c9SISTANCE \u00c0 LA D\u00c9CHIRURE<\/td>\n<td width=\"94\">R\u00e9f\u00e9rence ISO 13937-2<\/td>\n<td width=\"189\">Tissu pr\u00e9trait\u00e9.<\/td>\n<td width=\"210\">\u2265 10 N cha\u00eene\/trame<\/td>\n<\/tr>\n<tr>\n<td width=\"245\">R\u00c9SISTANCE \u00c0 L&#8217;\u00c9CLATEMENT DES TISSUS TRICOT\u00c9S ET DES COUTURES<\/td>\n<td width=\"94\">Norme ISO 13938-1<\/p>\n<p>R\u00e9f\u00e9rence ISO 13938-2<\/td>\n<td width=\"189\">Surface\u00a0: 7,3 cm2\u00a0;<br \/>\nSurface\u00a0: 50 cm2.<\/td>\n<td width=\"210\">\u2265 200 kPa\u00a0;<br \/>\n\u2265 100 kPa<\/td>\n<\/tr>\n<tr>\n<td rowspan=\"4\" width=\"245\">CHALEUR CONVECTIVE B<\/td>\n<td rowspan=\"4\" width=\"94\">Norme ISO 9151<\/td>\n<td rowspan=\"4\" width=\"189\">Tissu pr\u00e9trait\u00e9.<\/td>\n<td width=\"210\">PLAGE DE VALEURS HTI 24 (s)<\/td>\n<\/tr>\n<tr>\n<td width=\"210\">B1 4,0 &lt; 10,0<\/td>\n<\/tr>\n<tr>\n<td width=\"210\">B2 10,0 &lt; 20,0<\/td>\n<\/tr>\n<tr>\n<td width=\"210\">B3 \u2265 20,0<\/td>\n<\/tr>\n<tr>\n<td rowspan=\"5\" width=\"245\">\u00a0CHALEUR RAYONNANTE C<\/td>\n<td rowspan=\"5\" width=\"94\">Norme ISO 6942<\/p>\n<p>M\u00e9thode B<\/td>\n<td rowspan=\"5\" width=\"189\">Tissu pr\u00e9trait\u00e9.<br \/>\nFlux thermique 20 kW\/m2<\/td>\n<td width=\"210\">PLAGE DE VALEURS HTI 24 (s)<\/td>\n<\/tr>\n<tr>\n<td width=\"210\">C1 7,0 &lt; 20,0<\/td>\n<\/tr>\n<tr>\n<td width=\"210\">C2 20,0 &lt; 50,0<\/td>\n<\/tr>\n<tr>\n<td width=\"210\">C3 50.0 &lt; 95.0<\/td>\n<\/tr>\n<tr>\n<td width=\"210\">C4 \u2265 95,0<\/td>\n<\/tr>\n<tr>\n<td rowspan=\"9\" width=\"245\">M\u00c9TAL EN FUSION\u00a0 D &amp; E<\/td>\n<td rowspan=\"9\" width=\"94\">Norme ISO 9185<\/td>\n<td rowspan=\"9\" width=\"189\">Tissu pr\u00e9trait\u00e9.<\/td>\n<td width=\"210\">Les tissus ne doivent pas s&#8217;enflammer<\/td>\n<\/tr>\n<tr>\n<td width=\"210\">g) Aluminium<\/td>\n<\/tr>\n<tr>\n<td width=\"210\">D1 100 &lt; 200<\/td>\n<\/tr>\n<tr>\n<td width=\"210\">D2 200 &lt; 350<\/td>\n<\/tr>\n<tr>\n<td width=\"210\">D3 \u2265 350<\/td>\n<\/tr>\n<tr>\n<td width=\"210\">g) Fer<\/td>\n<\/tr>\n<tr>\n<td width=\"210\">E1 60 &lt; 120<\/td>\n<\/tr>\n<tr>\n<td width=\"210\">E2 120 &lt; 200<\/td>\n<\/tr>\n<tr>\n<td width=\"210\">E3 \u2265 200<\/td>\n<\/tr>\n<tr>\n<td rowspan=\"4\" width=\"245\">CONTACT HEAT F<\/td>\n<td rowspan=\"4\" width=\"94\">Norme ISO 12127-1<\/td>\n<td rowspan=\"4\" width=\"189\">Tissu pr\u00e9trait\u00e9.\u00a0\u00a0\u00a0\u00a0\u00a0\u00a0\u00a0\u00a0\u00a0\u00a0\u00a0\u00a0\u00a0\u00a0\u00a0\u00a0\u00a0\u00a0\u00a0\u00a0\u00a0\u00a0\u00a0\u00a0\u00a0\u00a0\u00a0\u00a0\u00a0\u00a0\u00a0\u00a0\u00a0\u00a0\u00a0\u00a0\u00a0\u00a0\u00a0\u00a0\u00a0\u00a0\u00a0\u00a0\u00a0\u00a0\u00a0\u00a0\u00a0\u00a0\u00a0 Temp\u00e9rature d&#8217;essai 250 \u00baC<\/td>\n<td width=\"210\">TEMPS(S) DE SEUIL<\/td>\n<\/tr>\n<tr>\n<td width=\"210\">F1 5.0 &lt; 10.0<\/td>\n<\/tr>\n<tr>\n<td width=\"210\">F2 10,0 &lt; 15,0<\/td>\n<\/tr>\n<tr>\n<td width=\"210\">F3 \u2265 15,0<\/td>\n<\/tr>\n<\/tbody>\n<\/table>\n<p>[\/vc_column_text][\/vc_tta_section][vc_tta_section title=&#8221;V\u00caTEMENTS&#8221; tab_id=&#8221;1686213455648-a2e37885-8de5&#8243;][vc_column_text woodmart_inline=&#8221;no&#8221; text_larger=&#8221;no&#8221;]CONCEPTION DU V\u00caTEMENT :<\/p>\n<ul>\n<li>Conformit\u00e9 aux exigences de la norme ISO 13688<\/li>\n<li>Les v\u00eatements doivent couvrir compl\u00e8tement le haut et le bas du torse, le cou, les bras et les jambes.<\/li>\n<li>Loquets \u00e0 d\u00e9gagement rapide<\/li>\n<li>Poches et fermetures : Elles doivent r\u00e9pondre \u00e0 la r\u00e9sistance \u00e0 la chaleur et \u00e0 l&#8217;inflammabilit\u00e9.<\/li>\n<\/ul>\n<p>&nbsp;<\/p>\n<p>CONCEPTION DE V\u00caTEMENTS DE PROTECTION CONTRE LES \u00c9CLABOUSSURES DE M\u00c9TAL<\/p>\n<ul>\n<li>Les manches des vestes et des salopettes, ainsi que les ourlets des pantalons, salopettes et salopettes ne doivent pas \u00eatre ourl\u00e9s.<\/li>\n<li>Les poches ext\u00e9rieures des vestes, pantalons, salopettes et cuvettes, \u00e0 l&#8217;exception des poches lat\u00e9rales au-dessous de la taille qui ne forment pas un angle sup\u00e9rieur \u00e0 10\u00b0 avec la couture lat\u00e9rale, doivent \u00eatre recouvertes de rabats d&#8217;au moins 20 mm plus larges que les ouvertures des poches<\/li>\n<li>Les coutures qui se chevauchent \u00e0 l&#8217;ext\u00e9rieur des v\u00eatements doivent \u00eatre tourn\u00e9es vers le bas et fix\u00e9es dans cette position.<\/li>\n<li>Les fermetures doivent \u00eatre con\u00e7ues avec un rabat de protection \u00e0 l&#8217;ext\u00e9rieur de la combinaison. La distance maximale entre les trous pour les boutons doit \u00eatre de 150 mm.<\/li>\n<\/ul>\n<p>[\/vc_column_text][\/vc_tta_section][vc_tta_section title=&#8221;MARQUAGE ET \u00c9TIQUETAGE&#8221; tab_id=&#8221;1686213468763-6e5c5a23-8fb4&#8243;][vc_column_text woodmart_inline=&#8221;no&#8221; text_larger=&#8221;no&#8221;]MARQU\u00c9<\/p>\n<ul>\n<li>Il doit \u00eatre marqu\u00e9 du pictogramme indiqu\u00e9, incorporant le num\u00e9ro et la date de cette norme internationale, ainsi que les niveaux de performance atteints selon les essais inclus dans les exigences pr\u00e9c\u00e9dentes<\/li>\n<li>Tous les v\u00eatements doivent \u00eatre marqu\u00e9s des codes A1 ou A1 et A2 et d&#8217;au moins un code plus B, C, D, E ou F<\/li>\n<li>Si l&#8217;utilisation d&#8217;une combinaison de v\u00eatements est n\u00e9cessaire pour se conformer aux exigences de la pr\u00e9sente norme internationale, elle doit \u00eatre d\u00e9clar\u00e9e sur les \u00e9tiquettes de tous les v\u00eatements utilis\u00e9s\u00a0; Chaque v\u00eatement doit \u00eatre \u00e9tiquet\u00e9 de mani\u00e8re \u00e0 assurer une combinaison correcte.<\/li>\n<li>Ic\u00f4ne ISO 7000-2417<\/li>\n<\/ul>\n<p>[\/vc_column_text][vc_single_image image=&#8221;18633&#8243; img_size=&#8221;FULL&#8221; alignment=&#8221;center&#8221; parallax_scroll=&#8221;no&#8221; woodmart_inline=&#8221;no&#8221;][\/vc_tta_section][\/vc_tta_tabs][\/vc_column][\/vc_row]<\/p>\n<\/section>","protected":false},"excerpt":{"rendered":"<p>V\u00caTEMENTS DE PROTECTION CONTRE LA CHALEUR ET LES FLAMMES. EXIGENCES MINIMALES DE PERFORMANCE. <span style=\"color: #ffff99;\"><em>\u00c9quivalence avec EN ISO 11612015 et ISO 11612:2015.<\/em><\/span><\/p>\n","protected":false},"featured_media":0,"comment_status":"open","ping_status":"closed","template":"","meta":{"_mi_skip_tracking":false,"_monsterinsights_sitenote_active":false,"_monsterinsights_sitenote_note":"","_monsterinsights_sitenote_category":0},"product_cat":[884],"product_tag":[3435,1457,3437,3515,3438,2105,3545,3544,3548,3547,2139,1937,1793,2140,1979,1794,3250,3551,3554,3553,3536,3539,1799,3530,3533,3703,1853,1479,3555,3541,3556,3559,3567,3563,3571,1809,3558,1498],"class_list":["post-11252","product","type-product","status-publish","hentry","product_cat-norme","product_tag-a1-fr","product_tag-a2-fr","product_tag-b1-fr","product_tag-b21-fr","product_tag-c1-fr","product_tag-c2-fr","product_tag-cardigan-fr","product_tag-chaleur","product_tag-cols","product_tag-countre-le-metal-en-fusion","product_tag-d1-fr","product_tag-d2-fr","product_tag-d3-fr","product_tag-e1-fr","product_tag-e2-fr","product_tag-e3-fr","product_tag-f1-fr","product_tag-feu","product_tag-flammes","product_tag-inherent","product_tag-iso-12127-1-fr","product_tag-iso-13934-1-fr","product_tag-iso-6942-fr","product_tag-iso-9151-fr","product_tag-iso-9185-fr","product_tag-lenard-fr","product_tag-metal-fundido-fr","product_tag-ignifugo-fr","product_tag-norme-chaleur-convective","product_tag-norme-chaleur-radiant","product_tag-norme-rupture","product_tag-propagation-limitee-de-la-flame","product_tag-protjection-metaux-en-fusion","product_tag-resistance-chaleur","product_tag-rupture-fr-2","product_tag-tecvin-fr","product_tag-vetements-de-protection","product_tag-xispal-fr"],"acf":[],"_links":{"self":[{"href":"https:\/\/lenard.tech\/fr\/wp-json\/wp\/v2\/product\/11252","targetHints":{"allow":["GET"]}}],"collection":[{"href":"https:\/\/lenard.tech\/fr\/wp-json\/wp\/v2\/product"}],"about":[{"href":"https:\/\/lenard.tech\/fr\/wp-json\/wp\/v2\/types\/product"}],"replies":[{"embeddable":true,"href":"https:\/\/lenard.tech\/fr\/wp-json\/wp\/v2\/comments?post=11252"}],"wp:attachment":[{"href":"https:\/\/lenard.tech\/fr\/wp-json\/wp\/v2\/media?parent=11252"}],"wp:term":[{"taxonomy":"product_cat","embeddable":true,"href":"https:\/\/lenard.tech\/fr\/wp-json\/wp\/v2\/product_cat?post=11252"},{"taxonomy":"product_tag","embeddable":true,"href":"https:\/\/lenard.tech\/fr\/wp-json\/wp\/v2\/product_tag?post=11252"}],"curies":[{"name":"wp","href":"https:\/\/api.w.org\/{rel}","templated":true}]}}