
{"id":11255,"date":"2023-03-31T08:37:17","date_gmt":"2023-03-31T08:37:17","guid":{"rendered":"https:\/\/lenard.tech\/producto\/une-en-iso-11611\/"},"modified":"2026-02-09T09:55:18","modified_gmt":"2026-02-09T09:55:18","slug":"une-en-iso-116112015","status":"publish","type":"product","link":"https:\/\/lenard.tech\/fr\/producto\/une-en-iso-116112015\/","title":{"rendered":"UNE-EN ISO 11611:2015"},"content":{"rendered":"<section class=\"wpb-content-wrapper\"><p>[vc_row][vc_column][vc_column_text woodmart_inline=&#8221;no&#8221; text_larger=&#8221;no&#8221;]V\u00caTEMENTS DE PROTECTION UTILIS\u00c9S PENDANT LE SOUDAGE ET LES PROCESSUS CONNEXES. \u00c9quivalence avec <em>EN ISO 11611:2015 e ISO 11611:2015.<\/em>[\/vc_column_text][\/vc_column][\/vc_row][vc_row][vc_column][vc_tta_tabs][vc_tta_section title=&#8221;OBJECT&#8221; tab_id=&#8221;1686213239411-b121fb27-1d74&#8243;][vc_column_text woodmart_inline=&#8221;no&#8221; text_larger=&#8221;no&#8221;]Cette norme internationale \u00e9nonce les exigences minimales essentielles de s\u00e9curit\u00e9 et les m\u00e9thodes d&#8217;essai pour les v\u00eatements de protection afin de prot\u00e9ger le porteur contre les \u00e9claboussures (petites gouttelettes de m\u00e9tal en fusion), le contact \u00e0 court terme avec une flamme, la chaleur rayonnante provenant de l&#8217;arc d&#8217;arc utilis\u00e9 dans le soudage et les proc\u00e9d\u00e9s associ\u00e9s. Cette norme ne couvre pas les exigences relatives \u00e0 la protection des mains, du visage, des yeux ou des pieds.[\/vc_column_text][\/vc_tta_section][vc_tta_section title=&#8221;EXIGENCES&#8221; tab_id=&#8221;1686213280901-772401ed-dccc&#8221;][vc_column_text woodmart_inline=&#8221;no&#8221; text_larger=&#8221;no&#8221;]<strong>PR\u00c9-TRAITEMENT :<\/strong> 5 cycles, et\/ou selon les indications du fabricant<\/p>\n<p><strong>CONDITIONNEMENT : <\/strong>minimum 24 heures \u00e0 20 \u00b1 2 \u00baC et 65 \u00b1 5 % d&#8217;humidit\u00e9 relative<\/p>\n<table style=\"height: 1713px;\" width=\"1170\">\n<tbody>\n<tr>\n<td width=\"161\"><strong>M\u00c9THODE D&#8217;ESSAI<\/strong><\/td>\n<td width=\"104\"><strong>NORME DE TEST<\/strong><\/td>\n<td width=\"198\"><strong>DESCRIPTION<\/strong><\/td>\n<td width=\"225\"><strong>EXIGENCES<\/strong><\/td>\n<\/tr>\n<tr>\n<td width=\"161\">STABILIT\u00c9 DIMENSIONNELLE<\/td>\n<td width=\"104\">ISO 5077<\/td>\n<td width=\"198\">Tissu pr\u00e9trait\u00e9 5 cycles<\/p>\n<p>selon les instructions du fabricant du tissu.<\/td>\n<td width=\"225\">Tissu \u00e0 cha\u00eene\/trame max. \u00b1 3 % de cha\u00eene\/trame<br \/>\nTissu tricot\u00e9 max. \u00b1 5 % de longueur\/largeur<\/td>\n<\/tr>\n<tr>\n<td width=\"161\">PROPAGATION LIMIT\u00c9E DE LA FLAMME<\/td>\n<td width=\"104\">ISO 15025<\/p>\n<p>M\u00e9thode A et\/ou B<\/td>\n<td width=\"198\">Tissu original et pr\u00e9trait\u00e9<\/p>\n<p>M\u00e9thode A (code A1) :<\/p>\n<p>Application de la flamme perpendiculaire au tissu<\/p>\n<p>M\u00e9thode B (code A2) (optionnelle) :<\/p>\n<p>Application de la flamme sur le bord du tissu<\/td>\n<td width=\"225\">Application de la flamme de 10 &#8221; :<\/p>\n<p>Aucun \u00e9chantillon ne doit s&#8217;enflammer vers le dessus ou sur les bords, aucune formation de trous de 5 mm pour la proc\u00e9dure A1 et aucune formation de trous pour la proc\u00e9dure A2, ne pas d\u00e9tacher les restes enflamm\u00e9s post-inflammation t \u2264 2&#8221;, post-incandescence autoris\u00e9e dans la zone carbonis\u00e9e pendant le test.<\/td>\n<\/tr>\n<tr>\n<td width=\"161\">TRACTION<\/td>\n<td width=\"104\">ISO 13934-1<\/td>\n<td width=\"198\">Tissu pr\u00e9trait\u00e9<\/td>\n<td width=\"225\">\u2265 400 N cha\u00eene\/trame<\/td>\n<\/tr>\n<tr>\n<td width=\"161\">R\u00c9SISTANCE AUX D\u00c9CHIRURES<\/td>\n<td width=\"104\">ISO 13937-2<\/td>\n<td width=\"198\">Tissu pr\u00e9trait\u00e9<\/td>\n<td width=\"225\">Classe 1 : \u2265 15 N cha\u00eene\/trame<\/p>\n<p>Classe 2 : \u2265 20 N cha\u00eene\/trame<\/td>\n<\/tr>\n<tr>\n<td width=\"161\">R\u00c9SISTANCE AUX RUPTURES POUR LES TISSUS TRICOT\u00c9S<\/td>\n<td width=\"104\">ISO 13938-1<\/p>\n<p>ISO 13938-2<\/td>\n<td width=\"198\">Tissu pr\u00e9trait\u00e9<\/td>\n<td width=\"225\">Surface 7,3 cm2 \u2265 200 kPa<\/p>\n<p>Surface 50 cm2 \u2265 100 kPa<\/td>\n<\/tr>\n<tr>\n<td width=\"161\">R\u00c9SISTANCE AUX COUTURES<\/td>\n<td width=\"104\">ISO 13935-2<\/td>\n<td width=\"198\">Tissu pr\u00e9trait\u00e9<\/td>\n<td width=\"225\">\u2265 225 N<\/td>\n<\/tr>\n<tr>\n<td rowspan=\"3\" width=\"161\">CHAUFFAGE RADIANT C<\/td>\n<td rowspan=\"3\" width=\"104\">ISO 6942<\/p>\n<p>M\u00c9THODE B<\/td>\n<td rowspan=\"3\" width=\"198\">Tissu pr\u00e9trait\u00e9.<\/p>\n<p>D\u00e9bit de chaleur 20 kW\/m2<\/td>\n<td width=\"225\">PLAGE DE VALEUR RTHI 24<\/td>\n<\/tr>\n<tr>\n<td width=\"225\">Classe 1 \u2265 7.0<\/td>\n<\/tr>\n<tr>\n<td width=\"225\">Classe 2 \u2265 16.0<\/td>\n<\/tr>\n<tr>\n<td rowspan=\"3\" width=\"161\">PETITES PROJECTIONS DE M\u00c9TAL EN FUSION<\/td>\n<td rowspan=\"3\" width=\"104\">ISO 9150<\/td>\n<td rowspan=\"3\" width=\"198\">Tissu pr\u00e9trait\u00e9<\/td>\n<td width=\"225\">NOMBRE DE GOUTTES PAR INCR\u00c9MENT 40 K EN ARRI\u00c8RE DE L&#8217;\u00c9CHANTILLON<\/td>\n<\/tr>\n<tr>\n<td width=\"225\">Classe 1 min. 15<\/td>\n<\/tr>\n<tr>\n<td width=\"225\">Classe 2 \u2265 25<\/td>\n<\/tr>\n<tr>\n<td rowspan=\"2\" width=\"161\">CONDUCTIVIT\u00c9 VERTICALE<\/td>\n<td rowspan=\"2\" width=\"104\">EN 1149-2<\/td>\n<td rowspan=\"2\" width=\"198\">Tissu pr\u00e9trait\u00e9<\/p>\n<p>Conditionnement :<br \/>\nminimum 24 h \u00e0 20 \u00b1 2 \u00baC 85 \u00b1 5 % d&#8217;humidit\u00e9 relative<\/td>\n<td width=\"225\">R\u00c9SISTANCE VERTICALE<\/td>\n<\/tr>\n<tr>\n<td width=\"225\">&gt; 10^5 \u2126<\/td>\n<\/tr>\n<\/tbody>\n<\/table>\n<p>[\/vc_column_text][\/vc_tta_section][vc_tta_section title=&#8221;V\u00caTEMENTS&#8221; tab_id=&#8221;1686213307537-1dc2cf61-5470&#8243;][vc_column_text woodmart_inline=&#8221;no&#8221; text_larger=&#8221;no&#8221;]CONCEPTION DES V\u00caTEMENTS :<\/p>\n<ul>\n<li>Conformit\u00e9 aux exigences selon l&#8217;ISO 13688<\/li>\n<li>Les v\u00eatements de protection des soudeurs doivent \u00eatre con\u00e7us de mani\u00e8re \u00e0 ne pas avoir de conduction \u00e9lectrique de l&#8217;ext\u00e9rieur vers l&#8217;int\u00e9rieur.<\/li>\n<li>Les v\u00eatements doivent couvrir enti\u00e8rement le haut et le bas du torse, le cou, les bras et les jambes.<\/li>\n<li>Poches : Elles doivent se conformer \u00e0 de petites \u00e9claboussures de m\u00e9tal en fusion et \u00e0 l&#8217;inflammabilit\u00e9.<\/li>\n<\/ul>\n<p>&nbsp;<\/p>\n<p>TAILLES<\/p>\n<ul>\n<li>Il doit y avoir un chevauchement entre la veste et le pantalon dans le v\u00eatement<\/li>\n<\/ul>\n<p>&nbsp;<\/p>\n<p>CONCEPTION DE V\u00caTEMENTS POUR SE PROT\u00c9GER CONTRE LES \u00c9CLABOUSSURES M\u00c9TALLIQUES<\/p>\n<ul>\n<li>Les manches des vestes et des salopettes, ainsi que les ourlets des pantalons, salopettes et salopettes ne doivent pas \u00eatre ourl\u00e9s.<\/li>\n<li>Les poches ext\u00e9rieures des vestes, pantalons, salopettes et bavettes, \u00e0 l&#8217;exception des poches lat\u00e9rales sous la taille qui ne forment pas un angle sup\u00e9rieur \u00e0 10\u00b0 avec la couture lat\u00e9rale, doivent \u00eatre couvertes par des rabats au moins 20 mm plus larges que les ouvertures des poches<\/li>\n<li>Les coutures superpos\u00e9es \u00e0 l&#8217;ext\u00e9rieur des v\u00eatements doivent \u00eatre orient\u00e9es vers le bas et fix\u00e9es \u00e0 cette position.<\/li>\n<li>Les fermetures doivent \u00eatre con\u00e7ues avec un rabat protecteur \u00e0 l&#8217;ext\u00e9rieur de la combinaison. La distance maximale entre les trous des boutons doit \u00eatre de 150 mm.<\/li>\n<\/ul>\n<p>[\/vc_column_text][\/vc_tta_section][vc_tta_section title=&#8221;MARQUAGE ET \u00c9TIQUETAGE&#8221; tab_id=&#8221;1686213322785-bc18cd9f-32c6&#8243;][vc_column_text woodmart_inline=&#8221;no&#8221; text_larger=&#8221;no&#8221;]<\/p>\n<ul>\n<li>MARQU\u00c9\n<ul>\n<li>Marqu\u00e9 selon la norme ISO 13688<\/li>\n<li>Indiquez la Classe 1 ou la Classe 2 en plus des niveaux de dispersion limit\u00e9e de la flamme.<\/li>\n<li>Lorsque les v\u00eatements contiennent des parties des deux classes, il faut toujours classer la classe inf\u00e9rieure.<\/li>\n<li>Marquez avec le pictogramme suivant :<\/li>\n<\/ul>\n<\/li>\n<\/ul>\n<p>[\/vc_column_text][vc_single_image image=&#8221;18891&#8243; img_size=&#8221;full&#8221; alignment=&#8221;center&#8221; parallax_scroll=&#8221;no&#8221; woodmart_inline=&#8221;no&#8221;][\/vc_tta_section][\/vc_tta_tabs][\/vc_column][\/vc_row]<\/p>\n<\/section>","protected":false},"excerpt":{"rendered":"<p>V\u00caTEMENTS DE PROTECTION UTILIS\u00c9S PENDANT LE SOUDAGE ET LES PROCESSUS CONNEXES. <span style=\"color: #ffff99;\">\u00c9<em>quivalence avec EN ISO 11611:2015 e ISO 11611:2015.<\/em><\/span><\/p>\n","protected":false},"featured_media":0,"comment_status":"open","ping_status":"closed","template":"","meta":{"_mi_skip_tracking":false,"_monsterinsights_sitenote_active":false,"_monsterinsights_sitenote_note":"","_monsterinsights_sitenote_category":0},"product_cat":[884],"product_tag":[3595,3430,3432,3435,1789,1898,3506,3508,1852,3518,3551,3524,3703,1853,3555,3541,3540,3542,1859,3543,1910,1498],"class_list":["post-11255","product","type-product","status-publish","hentry","product_cat-norme","product_tag-11611-fr","product_tag-15025-fr","product_tag-6942-fr","product_tag-a1-fr","product_tag-calor-radiante-fr","product_tag-clase-2-fr","product_tag-classe-i","product_tag-conductivite-verticale","product_tag-en-11611-fr","product_tag-en-11611-fr-2","product_tag-feu","product_tag-gouttes","product_tag-lenard-fr","product_tag-metal-fundido-fr","product_tag-norme-chaleur-convective","product_tag-norme-chaleur-radiant","product_tag-norme-pour-la-soudure","product_tag-petites-projections","product_tag-soldadura-fr","product_tag-tissu-pour-la-soudure","product_tag-valen-t-fr","product_tag-xispal-fr"],"acf":[],"_links":{"self":[{"href":"https:\/\/lenard.tech\/fr\/wp-json\/wp\/v2\/product\/11255","targetHints":{"allow":["GET"]}}],"collection":[{"href":"https:\/\/lenard.tech\/fr\/wp-json\/wp\/v2\/product"}],"about":[{"href":"https:\/\/lenard.tech\/fr\/wp-json\/wp\/v2\/types\/product"}],"replies":[{"embeddable":true,"href":"https:\/\/lenard.tech\/fr\/wp-json\/wp\/v2\/comments?post=11255"}],"wp:attachment":[{"href":"https:\/\/lenard.tech\/fr\/wp-json\/wp\/v2\/media?parent=11255"}],"wp:term":[{"taxonomy":"product_cat","embeddable":true,"href":"https:\/\/lenard.tech\/fr\/wp-json\/wp\/v2\/product_cat?post=11255"},{"taxonomy":"product_tag","embeddable":true,"href":"https:\/\/lenard.tech\/fr\/wp-json\/wp\/v2\/product_tag?post=11255"}],"curies":[{"name":"wp","href":"https:\/\/api.w.org\/{rel}","templated":true}]}}