
{"id":11258,"date":"2023-03-31T08:28:33","date_gmt":"2023-03-31T08:28:33","guid":{"rendered":"https:\/\/lenard.tech\/producto\/une-en-iso-105-x12\/"},"modified":"2023-08-30T14:50:15","modified_gmt":"2023-08-30T14:50:15","slug":"une-en-iso-105-x122016","status":"publish","type":"product","link":"https:\/\/lenard.tech\/fr\/producto\/une-en-iso-105-x122016\/","title":{"rendered":"UNE-EN ISO 105-X12:2016"},"content":{"rendered":"<section class=\"wpb-content-wrapper\"><p>[vc_row][vc_column][vc_column_text woodmart_inline=&#8221;no&#8221; text_larger=&#8221;no&#8221;]TEXTILES TESTS DE SOLIDIT\u00c9 PARTIE X12\u00a0: SOLIDIT\u00c9 DES COULEURS AU FROTTEMENT[\/vc_column_text][\/vc_column][\/vc_row][vc_row][vc_column][vc_tta_tabs][vc_tta_section title=&#8221;D\u00c9FINITION&#8221; tab_id=&#8221;1686221550231-fd0c63cf-363a&#8221;][vc_column_text woodmart_inline=&#8221;no&#8221; text_larger=&#8221;no&#8221;]La pr\u00e9sente partie de l&#8217;ISO 105 sp\u00e9cifie une m\u00e9thode d&#8217;essai pour d\u00e9terminer la solidit\u00e9 des couleurs des textiles au frottement en l&#8217;\u00e9tat sec et humide.<\/p>\n<p>Des \u00e9chantillons de textile sont frott\u00e9s avec un chiffon sec et un chiffon humide. La machine fournit deux combinaisons de conditions de test \u00e0 travers deux tailles diff\u00e9rentes de goupille de frottement : une pour les tissus \u00e0 poils ; un autre pour les tissus teints ou les tissus avec des imprim\u00e9s \u00e0 haute propri\u00e9t\u00e9 couvrante.[\/vc_column_text][\/vc_tta_section][vc_tta_section title=&#8221;APPAREILS \u00c9LECTROM\u00c9NAGERS&#8221; tab_id=&#8221;1686307171595-e233cef7-f837&#8243;][vc_column_text woodmart_inline=&#8221;no&#8221; text_larger=&#8221;no&#8221;]<\/p>\n<ul>\n<li>Pour effectuer le test, un Crockmeter, une cam\u00e9ra d&#8217;\u00e9valuation pour l&#8217;inspection visuelle et une \u00e9chelle de gris sont n\u00e9cessaires. Une toile \u00e0 frotter en coton blanc 50mmx50mm (ISO 105-F09)<\/li>\n<li>Les conditions de mesure du cam\u00e9ra : Illuminant ou lumi\u00e8re D65, angle d&#8217;incidence 45\u00ba.<\/li>\n<li>Les \u00e9prouvettes sont conditionn\u00e9es pendant un minimum de 4 heures \u00e0 20+\/-2\u00baC et 65+\/-4% d&#8217;humidit\u00e9 relative. Les dimensions des sp\u00e9cimens sont de 50x140mm.<\/li>\n<li>\u00c0 l&#8217;aide du Crockmeter, plac\u00e9 \u00e0 la base le tube \u00e0 essai tissulaire de 50 x 180 mm, un tissu \u00e0 frotter en coton de 50 x 50 mm ancr\u00e9 avec une tige cylindrique de 16 mm de diam\u00e8tre. Force de l&#8217;\u00e9quipement 9N sur l&#8217;\u00e9prouvette \u00e0 tester. 20 cycles sont effectu\u00e9s. \u00c9chantillon dans le sens longitudinal et transversal du tissu \u00e0 v\u00e9rifier (10 dans un sens et 10 dans l&#8217;autre sens) sur une longueur de 104 mm.<\/li>\n<li>Le tissu est s\u00e9ch\u00e9 \u00e0 temp\u00e9rature ambiante<\/li>\n<li>Une inspection visuelle de la d\u00e9charge de couleur sur le tissu de frottement en coton est effectu\u00e9e \u00e0 l&#8217;aide de l&#8217;\u00e9chelle de gris ISO 105-A03:2019 (1 d\u00e9charge tr\u00e8s prononc\u00e9e, 5 d\u00e9charge nulle).<\/li>\n<\/ul>\n<p>[\/vc_column_text][\/vc_tta_section][\/vc_tta_tabs][\/vc_column][\/vc_row]<\/p>\n<\/section>","protected":false},"excerpt":{"rendered":"<p>TEXTILES TESTS DE SOLIDIT\u00c9 PARTIE X12\u00a0: SOLIDIT\u00c9 DES COULEURS AU FROTTEMENT<\/p>\n","protected":false},"featured_media":0,"comment_status":"open","ping_status":"closed","template":"","meta":{"_mi_skip_tracking":false,"_monsterinsights_sitenote_active":false,"_monsterinsights_sitenote_note":"","_monsterinsights_sitenote_category":0},"product_cat":[884],"product_tag":[],"class_list":["post-11258","product","type-product","status-publish","hentry","product_cat-norme"],"acf":[],"_links":{"self":[{"href":"https:\/\/lenard.tech\/fr\/wp-json\/wp\/v2\/product\/11258","targetHints":{"allow":["GET"]}}],"collection":[{"href":"https:\/\/lenard.tech\/fr\/wp-json\/wp\/v2\/product"}],"about":[{"href":"https:\/\/lenard.tech\/fr\/wp-json\/wp\/v2\/types\/product"}],"replies":[{"embeddable":true,"href":"https:\/\/lenard.tech\/fr\/wp-json\/wp\/v2\/comments?post=11258"}],"wp:attachment":[{"href":"https:\/\/lenard.tech\/fr\/wp-json\/wp\/v2\/media?parent=11258"}],"wp:term":[{"taxonomy":"product_cat","embeddable":true,"href":"https:\/\/lenard.tech\/fr\/wp-json\/wp\/v2\/product_cat?post=11258"},{"taxonomy":"product_tag","embeddable":true,"href":"https:\/\/lenard.tech\/fr\/wp-json\/wp\/v2\/product_tag?post=11258"}],"curies":[{"name":"wp","href":"https:\/\/api.w.org\/{rel}","templated":true}]}}