
{"id":11261,"date":"2023-03-31T08:25:58","date_gmt":"2023-03-31T08:25:58","guid":{"rendered":"https:\/\/lenard.tech\/producto\/une-en-iso-105-x11\/"},"modified":"2023-08-30T14:49:23","modified_gmt":"2023-08-30T14:49:23","slug":"une-en-iso-105-x111994","status":"publish","type":"product","link":"https:\/\/lenard.tech\/fr\/producto\/une-en-iso-105-x111994\/","title":{"rendered":"UNE-EN ISO 105-X11:1994"},"content":{"rendered":"<section class=\"wpb-content-wrapper\"><p>[vc_row][vc_column][vc_column_text woodmart_inline=&#8221;no&#8221; text_larger=&#8221;no&#8221;]TEXTILES TESTS DE SOLIDIT\u00c9 DES COLORANTS PARTIE X11\u00a0: SOLIDIT\u00c9 DE LA TEINTURE AU REPASSAGE[\/vc_column_text][\/vc_column][\/vc_row][vc_row][vc_column][vc_tta_tabs][vc_tta_section title=&#8221;D\u00c9FINITION&#8221; tab_id=&#8221;1686221888448-6f1b380f-b03c&#8221;][vc_column_text woodmart_inline=&#8221;no&#8221; text_larger=&#8221;no&#8221;]La pr\u00e9sente partie de l&#8217;ISO 105 sp\u00e9cifie une m\u00e9thode d&#8217;essai pour d\u00e9terminer la solidit\u00e9 des couleurs des textiles au repassage.[\/vc_column_text][\/vc_tta_section][vc_tta_section title=&#8221;APPAREILS \u00c9LECTROM\u00c9NAGERS&#8221; tab_id=&#8221;1686221888456-fab3e5b9-ff42&#8243;][vc_column_text woodmart_inline=&#8221;no&#8221; text_larger=&#8221;no&#8221;]<\/p>\n<ul>\n<li>Dispositif thermique constitu\u00e9 d&#8217;une paire de plaques parall\u00e8les et lisses, \u00e9quip\u00e9 d&#8217;un syst\u00e8me de chauffage \u00e9lectrique contr\u00f4lable avec pr\u00e9cision et exer\u00e7ant une pression de 4 kPa \u00b1 1 kPa sur l&#8217;\u00e9prouvette.<\/li>\n<li>T\u00f4le lisse r\u00e9sistante \u00e0 la chaleur, \u00e9paisseur comprise entre 3 mm et 6 mm.<\/li>\n<li>Tampon en flanelle de laine, d&#8217;une masse surfacique d&#8217;environ 260 g\/m2.<\/li>\n<li>Tissu en coton non teint, blanchi et non merceris\u00e9, d&#8217;une masse surfacique comprise entre 100 g\/m2 et 130 g\/m2, et de surface lisse.<\/li>\n<li>Tissu de contr\u00f4le en coton, conforme \u00e0 la partie F02 de la norme ISO 105-F:1985, 40 mm x 100 mm.<\/li>\n<li>Echelle de gris pour \u00e9valuer la d\u00e9gradation.<\/li>\n<\/ul>\n<p>[\/vc_column_text][\/vc_tta_section][vc_tta_section title=&#8221;\u00c9CHANTILLONS&#8221; tab_id=&#8221;1686221910690-02450167-6e76&#8243;][vc_column_text woodmart_inline=&#8221;no&#8221; text_larger=&#8221;no&#8221;]<\/p>\n<ul>\n<li>Si le textile test\u00e9 est un tissu, une \u00e9prouvette rectangulaire de 40 mm x 100 mm est utilis\u00e9e.<\/li>\n<li>Si le textile test\u00e9 est du fil, en faire un tricot uni et en pr\u00e9lever un morceau de 40 mm x 100 mm, ou bien enrouler le fil \u00e9troitement autour d&#8217;un support fin de mati\u00e8re inerte, 40 mm x 100 mm, pour former une couche de m\u00eame \u00e9paisseur que le fil.<\/li>\n<li>Si le textile test\u00e9 est une fibre sous forme de duvet, bourre, ruban, une quantit\u00e9 suffisante est peign\u00e9e et compress\u00e9e pour former un nappa de 40 mm x 100 mm, et elle est cousue sur un morceau de tissu de contr\u00f4le en coton. Pour que la fibre ne bouge pas.<\/li>\n<\/ul>\n<p>[\/vc_column_text][\/vc_tta_section][vc_tta_section title=&#8221;M\u00c9THODE&#8221; tab_id=&#8221;1686221920314-c6eaa67c-c2d3&#8243;][vc_column_text woodmart_inline=&#8221;no&#8221; text_larger=&#8221;no&#8221;]<\/p>\n<ul>\n<li>Le choix de la temp\u00e9rature \u00e0 utiliser pour le repassage d\u00e9pend, dans une large mesure, du type de fibre et de la structure du tissu ou du v\u00eatement :\n<ul>\n<li>100\u00baC \u00b1 2\u00baC<\/li>\n<li>150\u00baC \u00b1 2\u00baC<\/li>\n<li>200\u00baC \u00b1 2\u00baC<\/li>\n<\/ul>\n<\/li>\n<li>Condition \u00e0 65% \u00b1 2% d&#8217;humidit\u00e9 relative et 20\u00ba C \u00b1 2\u00ba C de temp\u00e9rature.<\/li>\n<li>Le tube \u00e0 essai s\u00e9ch\u00e9 est plac\u00e9 sur le dessus du tissu de coton recouvrant le tampon de flanelle de laine. Chauffer la plaque sup\u00e9rieure du dispositif thermique et laisser l&#8217;\u00e9prouvette pendant 15 s \u00e0 la temp\u00e9rature de repassage sp\u00e9cifi\u00e9e.<\/li>\n<li>Le tube \u00e0 essai est plac\u00e9 sur le dessus du tissu de coton recouvrant le tampon de flanelle de laine. Un morceau de tissu de coton t\u00e9moin de 40 mm x 100 mm est tremp\u00e9 et l&#8217;eau est drain\u00e9e ou extraite jusqu&#8217;\u00e0 ce que ledit tube \u00e0 essai retienne une quantit\u00e9 d&#8217;eau suppl\u00e9mentaire \u00e9gale \u00e0 la sienne. Le tissu humide est plac\u00e9 sur le dessus du tube \u00e0 essai sec. La plaque sup\u00e9rieure du dispositif thermique est rabattue et l&#8217;\u00e9prouvette est laiss\u00e9e 15 s \u00e0 la temp\u00e9rature de repassage sp\u00e9cifi\u00e9e.<\/li>\n<li>Le tube d\u2019essai et un morceau de tissu de contr\u00f4le en coton, 40 mm x 100 mm, sont tremp\u00e9s. Ils sont drain\u00e9s ou d\u00e9shydrat\u00e9s jusqu&#8217;\u00e0 ce qu&#8217;ils contiennent une masse d&#8217;eau \u00e9gale \u00e0 la leur. L&#8217;\u00e9prouvette humide est plac\u00e9e sur le tissu de coton sec recouvrant le tampon de flanelle de laine et le tissu t\u00e9moin humide est plac\u00e9 sur l&#8217;\u00e9prouvette. La plaque sup\u00e9rieure du dispositif thermique est rabattue et l&#8217;\u00e9prouvette est laiss\u00e9e 15 s \u00e0 la temp\u00e9rature de repassage sp\u00e9cifi\u00e9e.<\/li>\n<\/ul>\n<p>[\/vc_column_text][\/vc_tta_section][vc_tta_section title=&#8221;R\u00c9SULTATS&#8221; tab_id=&#8221;1686221936194-0d8c1294-3e6f&#8221;][vc_column_text woodmart_inline=&#8221;no&#8221; text_larger=&#8221;no&#8221;]<\/p>\n<ul>\n<li>La d\u00e9gradation de la couleur de l&#8217;\u00e9prouvette est \u00e9valu\u00e9e avec l&#8217;\u00e9chelle de gris appropri\u00e9e, apr\u00e8s le test, et \u00e0 nouveau, apr\u00e8s avoir conditionn\u00e9 l&#8217;\u00e9prouvette pendant 4 heures dans l&#8217;atmosph\u00e8re normale pour le test textile.<\/li>\n<li>La d\u00e9charge est \u00e9valu\u00e9e sur le tissu de coton t\u00e9moin avec l&#8217;\u00e9chelle de gris appropri\u00e9e. Pour l&#8217;\u00e9valuation, la face du tissu de coton t\u00e9moin qui pr\u00e9sente une plus grande d\u00e9charge sera utilis\u00e9e.<\/li>\n<\/ul>\n<p>[\/vc_column_text][\/vc_tta_section][\/vc_tta_tabs][\/vc_column][\/vc_row]<\/p>\n<\/section>","protected":false},"excerpt":{"rendered":"<p>TEXTILES TESTS DE SOLIDIT\u00c9 DES COLORANTS PARTIE X11\u00a0: SOLIDIT\u00c9 DE LA TEINTURE AU REPASSAGE<\/p>\n","protected":false},"featured_media":0,"comment_status":"open","ping_status":"closed","template":"","meta":{"_mi_skip_tracking":false,"_monsterinsights_sitenote_active":false,"_monsterinsights_sitenote_note":"","_monsterinsights_sitenote_category":0},"product_cat":[884],"product_tag":[],"class_list":["post-11261","product","type-product","status-publish","hentry","product_cat-norme"],"acf":[],"_links":{"self":[{"href":"https:\/\/lenard.tech\/fr\/wp-json\/wp\/v2\/product\/11261","targetHints":{"allow":["GET"]}}],"collection":[{"href":"https:\/\/lenard.tech\/fr\/wp-json\/wp\/v2\/product"}],"about":[{"href":"https:\/\/lenard.tech\/fr\/wp-json\/wp\/v2\/types\/product"}],"replies":[{"embeddable":true,"href":"https:\/\/lenard.tech\/fr\/wp-json\/wp\/v2\/comments?post=11261"}],"wp:attachment":[{"href":"https:\/\/lenard.tech\/fr\/wp-json\/wp\/v2\/media?parent=11261"}],"wp:term":[{"taxonomy":"product_cat","embeddable":true,"href":"https:\/\/lenard.tech\/fr\/wp-json\/wp\/v2\/product_cat?post=11261"},{"taxonomy":"product_tag","embeddable":true,"href":"https:\/\/lenard.tech\/fr\/wp-json\/wp\/v2\/product_tag?post=11261"}],"curies":[{"name":"wp","href":"https:\/\/api.w.org\/{rel}","templated":true}]}}