
{"id":11264,"date":"2023-03-31T08:23:25","date_gmt":"2023-03-31T08:23:25","guid":{"rendered":"https:\/\/lenard.tech\/producto\/une-en-iso-105-e04\/"},"modified":"2023-08-30T14:48:37","modified_gmt":"2023-08-30T14:48:37","slug":"une-en-iso-105-e042013","status":"publish","type":"product","link":"https:\/\/lenard.tech\/fr\/producto\/une-en-iso-105-e042013\/","title":{"rendered":"UNE-EN ISO 105-E04:2013"},"content":{"rendered":"<section class=\"wpb-content-wrapper\"><p>[vc_row][vc_column][vc_column_text woodmart_inline=&#8221;no&#8221; text_larger=&#8221;no&#8221;]<\/p>\n<div id=\"KnM9nf\">\n<div id=\"tw-source\">\n<div id=\"tw-source-text-container\" class=\"tw-ta-container F0azHf tw-nfl\">TEXTILES TESTS DE SOLIDIT\u00c9 PARTIE E04 : SOLIDIT\u00c9 DES COULEURS \u00c0 LA TRANSPIRATION<\/div>\n<\/div>\n<\/div>\n<p>[\/vc_column_text][\/vc_column][\/vc_row][vc_row][vc_column][vc_tta_tabs][vc_tta_section title=&#8221;D\u00c9FINITION&#8221; tab_id=&#8221;1686221417380-02157083-1f49&#8243;][vc_column_text woodmart_inline=&#8221;no&#8221; text_larger=&#8221;no&#8221;]La pr\u00e9sente partie de l&#8217;ISO 105 sp\u00e9cifie une m\u00e9thode d&#8217;essai pour d\u00e9terminer la solidit\u00e9 des couleurs des textiles \u00e0 la sueur acide et alcaline.<\/p>\n<p>Les \u00e9prouvettes du textile en contact avec les tissus t\u00e9moins sp\u00e9cifi\u00e9s sont trait\u00e9es dans deux solutions diff\u00e9rentes contenant de l&#8217;histidine, \u00e9goutt\u00e9es et plac\u00e9es entre deux plaques, sous une pression d\u00e9termin\u00e9e, dans l&#8217;appareillage d&#8217;essai. Les \u00e9prouvettes et les tissus t\u00e9moins sont s\u00e9ch\u00e9s s\u00e9par\u00e9ment. La d\u00e9gradation de la couleur de chaque \u00e9chantillon et la d\u00e9charge sur les tissus t\u00e9moins sont \u00e9valu\u00e9es \u00e0 l&#8217;aide d&#8217;\u00e9chelles de gris ou de mani\u00e8re instrumentale.[\/vc_column_text][\/vc_tta_section][vc_tta_section title=&#8221;APPAREILS \u00c9LECTROM\u00c9NAGERS&#8221; tab_id=&#8221;1686221417391-d6bf30ac-cfbe&#8221;][vc_column_text woodmart_inline=&#8221;no&#8221; text_larger=&#8221;no&#8221;]Pour effectuer le test, un perspirom\u00e8tre, une balance, un phm\u00e8tre, un tissu multifibres DW, une chambre \u00e0 circulation d&#8217;air, un four, une chambre d&#8217;\u00e9valuation pour l&#8217;inspection visuelle et une \u00e9chelle de gris sont n\u00e9cessaires.[\/vc_column_text][\/vc_tta_section][vc_tta_section title=&#8221;M\u00c9THODE&#8221; tab_id=&#8221;1686221450096-70c7ac03-663f&#8221;][vc_column_text woodmart_inline=&#8221;no&#8221; text_larger=&#8221;no&#8221;]Le tissu est test\u00e9 dans des conditions de r\u00e9ception et une seule \u00e9prouvette de dimensions 40x100mm (+\/-2) est r\u00e9alis\u00e9e. 2 solutions sont pr\u00e9par\u00e9es : pH acide 5,5 et pH alcalin 8,0. Le rapport de bain des tubes \u00e0 essai doit \u00eatre de 50: 1 immerg\u00e9 pendant 30 minutes.<\/p>\n<p>Pression d&#8217;essai 12,5 kPa, temp\u00e9rature du four 37\u00baC, 4 heures de temps de four. S\u00e9chage \u00e0 une temp\u00e9rature ne d\u00e9passant pas 60\u00baC.<\/p>\n<p>L&#8217;\u00e9valuation est effectu\u00e9e individuellement par solution et pour chaque fibre du tissu multifibres \u00e0 l&#8217;aide d&#8217;une \u00e9chelle de gris.[\/vc_column_text][\/vc_tta_section][\/vc_tta_tabs][\/vc_column][\/vc_row]<\/p>\n<\/section>","protected":false},"excerpt":{"rendered":"<p>TEXTILES TESTS DE SOLIDIT\u00c9 PARTIE E04 : SOLIDIT\u00c9 DES COULEURS \u00c0 LA TRANSPIRATION<\/p>\n","protected":false},"featured_media":0,"comment_status":"open","ping_status":"closed","template":"","meta":{"_mi_skip_tracking":false,"_monsterinsights_sitenote_active":false,"_monsterinsights_sitenote_note":"","_monsterinsights_sitenote_category":0},"product_cat":[884],"product_tag":[],"class_list":["post-11264","product","type-product","status-publish","hentry","product_cat-norme"],"acf":[],"_links":{"self":[{"href":"https:\/\/lenard.tech\/fr\/wp-json\/wp\/v2\/product\/11264","targetHints":{"allow":["GET"]}}],"collection":[{"href":"https:\/\/lenard.tech\/fr\/wp-json\/wp\/v2\/product"}],"about":[{"href":"https:\/\/lenard.tech\/fr\/wp-json\/wp\/v2\/types\/product"}],"replies":[{"embeddable":true,"href":"https:\/\/lenard.tech\/fr\/wp-json\/wp\/v2\/comments?post=11264"}],"wp:attachment":[{"href":"https:\/\/lenard.tech\/fr\/wp-json\/wp\/v2\/media?parent=11264"}],"wp:term":[{"taxonomy":"product_cat","embeddable":true,"href":"https:\/\/lenard.tech\/fr\/wp-json\/wp\/v2\/product_cat?post=11264"},{"taxonomy":"product_tag","embeddable":true,"href":"https:\/\/lenard.tech\/fr\/wp-json\/wp\/v2\/product_tag?post=11264"}],"curies":[{"name":"wp","href":"https:\/\/api.w.org\/{rel}","templated":true}]}}