
{"id":11267,"date":"2023-03-31T08:22:36","date_gmt":"2023-03-31T08:22:36","guid":{"rendered":"https:\/\/lenard.tech\/producto\/une-en-iso-105-d01\/"},"modified":"2023-08-30T14:47:54","modified_gmt":"2023-08-30T14:47:54","slug":"une-en-iso-105-d012010","status":"publish","type":"product","link":"https:\/\/lenard.tech\/fr\/producto\/une-en-iso-105-d012010\/","title":{"rendered":"UNE-EN ISO 105-D01:2010"},"content":{"rendered":"<section class=\"wpb-content-wrapper\"><p>[vc_row][vc_column][vc_column_text woodmart_inline=&#8221;no&#8221; text_larger=&#8221;no&#8221;]TEXTILES TESTS DE SOLIDIT\u00c9 DES COULEURS PARTIE D01\u00a0: SOLIDIT\u00c9 DE LA COULEUR AU NETTOYAGE \u00c0 SEC AVEC DU PERCHLORO\u00c9THYL\u00c8NE COMME SOLVANT[\/vc_column_text][\/vc_column][\/vc_row][vc_row][vc_column][vc_tta_tabs][vc_tta_section title=&#8221;D\u00c9FINITION&#8221; tab_id=&#8221;1686221669500-450d8cec-bd1d&#8221;][vc_column_text woodmart_inline=&#8221;no&#8221; text_larger=&#8221;no&#8221;]La pr\u00e9sente partie de l&#8217;ISO 105 sp\u00e9cifie une m\u00e9thode d&#8217;essai pour d\u00e9terminer la solidit\u00e9 des couleurs des textiles au nettoyage \u00e0 sec, en utilisant le perchloro\u00e9thyl\u00e8ne comme solvant.<\/p>\n<p>Elle ne s&#8217;applique pas \u00e0 l&#8217;\u00e9valuation de la solidit\u00e9 des finitions sur textiles, ni \u00e0 l&#8217;\u00e9valuation de la solidit\u00e9 de la couleur vis-\u00e0-vis des op\u00e9rations de d\u00e9tachage ou de d\u00e9tachage r\u00e9alis\u00e9es par les teinturiers industriels.[\/vc_column_text][\/vc_tta_section][vc_tta_section title=&#8221;M\u00c9THODE&#8221; tab_id=&#8221;1686221669512-17c457fc-801a&#8221;][vc_column_text woodmart_inline=&#8221;no&#8221; text_larger=&#8221;no&#8221;]Une \u00e9prouvette de textile, en contact avec un ou plusieurs tissus t\u00e9moins sp\u00e9cifi\u00e9s, est plac\u00e9e \u00e0 l&#8217;int\u00e9rieur d&#8217;un sac en tissu de coton avec des disques en acier inoxydable et agit\u00e9e dans du perchloro\u00e9thyl\u00e8ne; puis il est press\u00e9 ou centrifug\u00e9 et s\u00e9ch\u00e9 \u00e0 l&#8217;air chaud. La d\u00e9gradation de la couleur de l&#8217;\u00e9prouvette et la d\u00e9charge sur le ou les tissus sont \u00e9valu\u00e9es en prenant l&#8217;\u00e9prouvette d&#8217;origine comme r\u00e9f\u00e9rence, \u00e0 l&#8217;aide de l&#8217;\u00e9chelle de gris ou instrumentalement.[\/vc_column_text][\/vc_tta_section][vc_tta_section title=&#8221;MATERIELS ET EQUIPEMENT&#8221; tab_id=&#8221;1686221690253-5613d24b-528b&#8221;][vc_column_text woodmart_inline=&#8221;no&#8221; text_larger=&#8221;no&#8221;]<\/p>\n<ul>\n<li>Perchloro\u00e9thyl\u00e8ne<\/li>\n<li>Tissus de contr\u00f4le<\/li>\n<li>Un tissu multifibre t\u00e9moin, type DW ou type TV, conforme \u00e0 la norme ISO 105-F10.<\/li>\n<li>Tissage serg\u00e9 de coton, blanchi, non teint, non encoll\u00e9<\/li>\n<li>Disques en acier r\u00e9sistant \u00e0 la corrosion (inoxydable)<\/li>\n<li>Niveaux de gris pour \u00e9valuer la d\u00e9gradation<\/li>\n<li>Echelle de gris pour \u00e9valuer le d\u00e9bit<\/li>\n<li>Dispositif m\u00e9canique appropri\u00e9, constitu\u00e9 d&#8217;un bain-marie muni d&#8217;un axe de rotation qui porte, dispos\u00e9s radialement, plusieurs r\u00e9cipients en acier inoxydable de (75 \u00b1 5) mm de diam\u00e8tre et (125 \u00b1 10) mm de hauteur, d&#8217;une capacit\u00e9 de (550 \u00b150) ml<\/li>\n<\/ul>\n<p>[\/vc_column_text][\/vc_tta_section][vc_tta_section title=&#8221;\u00c9CHANTILLONS&#8221; tab_id=&#8221;1686221741214-7c3b902c-0c52&#8243;][vc_column_text woodmart_inline=&#8221;no&#8221; text_larger=&#8221;no&#8221;]<\/p>\n<ul>\n<li>Une \u00e9prouvette de 100 \u00b1 2 mm x 40 \u00b1 2 mm est attach\u00e9e \u00e0 un \u00e9chantillon de tissu multifibres t\u00e9moin, \u00e9galement de dimensions 100 \u00b1 2 mm X 40 \u00b1 2 mm, en cousant le long d&#8217;un des petits c\u00f4t\u00e9s, le tissu multifibres le tissu \u00e9tant mis en contact avec la face sup\u00e9rieure de l&#8217;\u00e9prouvette.<\/li>\n<li>Une \u00e9prouvette de 100 \u00b1 2 mm x 40 \u00b1 2 mm est plac\u00e9e entre les deux tissus monofibres t\u00e9moins, \u00e9galement de dimensions 100 \u00b1 2 mm x 40 \u00b1 2 mm, cousant tous les trois avec une couture le long d&#8217;un des petits c\u00f4t\u00e9s.<\/li>\n<\/ul>\n<p>[\/vc_column_text][\/vc_tta_section][vc_tta_section title=&#8221;M\u00c9THODE&#8221; tab_id=&#8221;1686221752292-44b19573-04d0&#8243;][vc_column_text woodmart_inline=&#8221;no&#8221; text_larger=&#8221;no&#8221;]<\/p>\n<ul>\n<li>Le dispositif m\u00e9canique est pr\u00e9par\u00e9 en chauffant l&#8217;eau du bain \u00e0 la temp\u00e9rature de travail de 30 \u00b1 2 \u00baC.<\/li>\n<li>Un sac avec des mesures internes de 100 mm x 100 mm est fabriqu\u00e9 \u00e0 l&#8217;aide du tissu serg\u00e9 de coton non teint en cousant deux carr\u00e9s de serg\u00e9 de coton ensemble sur trois c\u00f4t\u00e9s. L&#8217;\u00e9chantillon composite et les 12 disques en acier sont plac\u00e9s \u00e0 l&#8217;int\u00e9rieur du sac. Le sac est ferm\u00e9, \u00e0 l&#8217;aide d&#8217;un support appropri\u00e9.<\/li>\n<li>Les conteneurs en acier sont enlev\u00e9s.<\/li>\n<li>Le sac contenant l&#8217;\u00e9chantillon composite et les disques en acier est plac\u00e9 \u00e0 l&#8217;int\u00e9rieur du conteneur.<\/li>\n<li>200 ml de perchloro\u00e9thyl\u00e8ne sont ajout\u00e9s \u00e0 l&#8217;int\u00e9rieur de chacun des r\u00e9cipients en acier \u00e0 30 \u00b1 2\u00ba C<\/li>\n<li>S d\u00e9marre la rotation pendant 30 min.<\/li>\n<li>Le cylindre est retir\u00e9, plac\u00e9 entre deux couches de papier ou de tissu absorbant blanc et press\u00e9 ou centrifug\u00e9 pour \u00e9liminer l&#8217;exc\u00e8s de solvant.<\/li>\n<li>La d\u00e9gradation de la couleur de l&#8217;\u00e9prouvette est \u00e9valu\u00e9e et report\u00e9e sur le tissu t\u00e9moin par comparaison avec l&#8217;\u00e9prouvette d&#8217;origine \u00e0 l&#8217;aide de l&#8217;\u00e9chelle de gris.<\/li>\n<\/ul>\n<p>[\/vc_column_text][\/vc_tta_section][\/vc_tta_tabs][\/vc_column][\/vc_row]<\/p>\n<\/section>","protected":false},"excerpt":{"rendered":"<p>TEXTILES TESTS DE SOLIDIT\u00c9 DES COULEURS PARTIE D01\u00a0: SOLIDIT\u00c9 DE LA COULEUR AU NETTOYAGE \u00c0 SEC AVEC DU PERCHLORO\u00c9THYL\u00c8NE COMME SOLVANT<\/p>\n","protected":false},"featured_media":0,"comment_status":"open","ping_status":"closed","template":"","meta":{"_mi_skip_tracking":false,"_monsterinsights_sitenote_active":false,"_monsterinsights_sitenote_note":"","_monsterinsights_sitenote_category":0},"product_cat":[884],"product_tag":[],"class_list":["post-11267","product","type-product","status-publish","hentry","product_cat-norme"],"acf":[],"_links":{"self":[{"href":"https:\/\/lenard.tech\/fr\/wp-json\/wp\/v2\/product\/11267","targetHints":{"allow":["GET"]}}],"collection":[{"href":"https:\/\/lenard.tech\/fr\/wp-json\/wp\/v2\/product"}],"about":[{"href":"https:\/\/lenard.tech\/fr\/wp-json\/wp\/v2\/types\/product"}],"replies":[{"embeddable":true,"href":"https:\/\/lenard.tech\/fr\/wp-json\/wp\/v2\/comments?post=11267"}],"wp:attachment":[{"href":"https:\/\/lenard.tech\/fr\/wp-json\/wp\/v2\/media?parent=11267"}],"wp:term":[{"taxonomy":"product_cat","embeddable":true,"href":"https:\/\/lenard.tech\/fr\/wp-json\/wp\/v2\/product_cat?post=11267"},{"taxonomy":"product_tag","embeddable":true,"href":"https:\/\/lenard.tech\/fr\/wp-json\/wp\/v2\/product_tag?post=11267"}],"curies":[{"name":"wp","href":"https:\/\/api.w.org\/{rel}","templated":true}]}}