
{"id":11270,"date":"2023-03-31T08:21:53","date_gmt":"2023-03-31T08:21:53","guid":{"rendered":"https:\/\/lenard.tech\/producto\/une-en-iso-105-c06\/"},"modified":"2025-03-18T08:34:38","modified_gmt":"2025-03-18T08:34:38","slug":"une-en-iso-105-c062010","status":"publish","type":"product","link":"https:\/\/lenard.tech\/fr\/producto\/une-en-iso-105-c062010\/","title":{"rendered":"UNE-EN ISO 105-C06:2010"},"content":{"rendered":"<section class=\"wpb-content-wrapper\"><p>[vc_row][vc_column width=&#8221;1\/2&#8243;][vc_column_text woodmart_inline=&#8221;no&#8221; text_larger=&#8221;no&#8221;]<\/p>\n<h1 id=\"tw-target-text\" class=\"tw-data-text tw-text-large tw-ta\" dir=\"ltr\" data-placeholder=\"Traducci\u00f3n\"><span class=\"Y2IQFc\" lang=\"fr\">ESSAIS DE SOLIDIT\u00c9 DES TEXTILE PARTIE C06 : SOLIDIT\u00c9 DES COULEURS POUR LE LAVAGE DOMESTIQUE ET COMMERCIAL<\/span><\/h1>\n<p>[\/vc_column_text][\/vc_column][vc_column width=&#8221;1\/2&#8243;][vc_video link=&#8221;https:\/\/youtu.be\/n-AIJH4jKts&#8221; el_width=&#8221;70&#8243; woodmart_css_id=&#8221;67d9300e7d901&#8243; image_poster_switch=&#8221;no&#8221;][\/vc_column][\/vc_row][vc_row][vc_column][vc_tta_tabs][vc_tta_section title=&#8221;D\u00c9FINITION&#8221; tab_id=&#8221;1686222033111-9c610255-6f4d&#8221;][vc_column_text woodmart_inline=&#8221;no&#8221; text_larger=&#8221;no&#8221;]La pr\u00e9sente partie de l&#8217;ISO 105 sp\u00e9cifie une m\u00e9thode d&#8217;essai pour d\u00e9terminer la solidit\u00e9 des couleurs des textiles vis-\u00e0-vis des proc\u00e9dures de lavage domestique ou industriel utilis\u00e9es avec un d\u00e9tergent de r\u00e9f\u00e9rence. Les essais de cette norme ne reproduisent pas l&#8217;effet des azurants optiques contenus dans les d\u00e9tergents industriels.[\/vc_column_text][\/vc_tta_section][vc_tta_section title=&#8221;APPAREILS \u00c9LECTROM\u00c9NAGERS&#8221; tab_id=&#8221;1686222033122-59f7865a-6405&#8243;][vc_column_text woodmart_inline=&#8221;no&#8221; text_larger=&#8221;no&#8221;]Pour r\u00e9aliser le test, un kit de test Gyrowash\/Autowash, des billes d&#8217;acier de 6 mm de diam\u00e8tre, une balance, un d\u00e9tergent sans agent de blanchiment optique, un pH-m\u00e8tre, un four, la chambre d&#8217;\u00e9valuation pour le contr\u00f4le visuel, une \u00e9chelle de gris (pour l&#8217;\u00e9valuation du d\u00e9bit et d\u00e9gradation). Tissu multifibres DW (avec laine et ac\u00e9tate) pour les tissus en maille ou tissu multifibres TV (sans laine ni ac\u00e9tate) pour les tissus tiss\u00e9s<strong>.<\/strong>[\/vc_column_text][\/vc_tta_section][vc_tta_section title=&#8221;M\u00c9THODE&#8221; tab_id=&#8221;1686222055941-7aa44251-2262&#8243;][vc_column_text woodmart_inline=&#8221;no&#8221; text_larger=&#8221;no&#8221;]<\/p>\n<ul>\n<li>Le dispositif m\u00e9canique Gyrowash\/Autowash est compos\u00e9 d&#8217;un bain-marie avec un rotor fix\u00e9 sur un axe qui entra\u00eene radialement, plusieurs r\u00e9cipients en inox (diam\u00e8tre 75mm, hauteur 125mm et contenance 550ml. Sa fr\u00e9quence de rotation est de 40min. ^(-1)<\/li>\n<li>Le tissu est test\u00e9 en conditions de r\u00e9ception et une seule \u00e9prouvette de dimensions 40x100mm (+\/-2) est r\u00e9alis\u00e9e, accompagn\u00e9e du tissu t\u00e9moin Multi fibre TV -DW (ISO 105-F10:1989\/AMD 1:2009).<\/li>\n<li>Chaque tube \u00e0 essai contenant le tissu \u00e0 tester est introduit dans le b\u00e9cher Gyrowash\/Autowash avec un volume de bain de lavage de 50 ml. Aucun chlore actif ou perborate de sodium n&#8217;est appliqu\u00e9. 25 billes d&#8217;acier sont appliqu\u00e9es, pour tissu de duvet ph 10,5+\/-0,1, d\u00e9tergent ECE (sans azurant optique), test pendant 30 minutes \u00e0 60\u00baC. 10 billes d&#8217;acier sont appliqu\u00e9es pour les tricots, d\u00e9tergent ECE (sans azurant optique), test pendant 30 minutes \u00e0 40\u00baC.<\/li>\n<li>La solution de lavage est pr\u00e9par\u00e9e en dissolvant 4 g de d\u00e9tergent par litre d&#8217;eau de qualit\u00e9 3.<\/li>\n<li>Une fois le cycle de lavage termin\u00e9, le tube \u00e0 essai est rinc\u00e9 deux fois, pendant 1 minute \u00e0 chaque fois, dans deux bains diff\u00e9rents de 100 ml d&#8217;eau de qualit\u00e9 3 \u00e0 40 \u00b0C ; il est s\u00e9ch\u00e9 dans l&#8217;air \u00e0 une temp\u00e9rature ne d\u00e9passant pas 60\u00b0C.<\/li>\n<\/ul>\n<p>[\/vc_column_text][\/vc_tta_section][vc_tta_section title=&#8221;R\u00c9SULTAT&#8221; tab_id=&#8221;1686222064915-f3beec96-d91a&#8221;][vc_column_text woodmart_inline=&#8221;no&#8221; text_larger=&#8221;no&#8221;]Une inspection visuelle de la d\u00e9charge\/d\u00e9gradation des couleurs est effectu\u00e9e \u00e0 l&#8217;aide des \u00e9chelles de gris ISO 105 A04 et ISO 105 A05. L&#8217;\u00e9valuation est individualis\u00e9e pour chaque fibre du tissu multifibres.[\/vc_column_text][\/vc_tta_section][\/vc_tta_tabs][\/vc_column][\/vc_row]<\/p>\n<\/section>","protected":false},"excerpt":{"rendered":"<p><span class=\"Y2IQFc\" lang=\"fr\">ESSAIS DE SOLIDIT\u00c9 DES TEXTILE PARTIE C06 : SOLIDIT\u00c9 DES COULEURS POUR LE LAVAGE DOMESTIQUE ET COMMERCIAL<\/span><\/p>\n","protected":false},"featured_media":0,"comment_status":"open","ping_status":"closed","template":"","meta":{"_mi_skip_tracking":false,"_monsterinsights_sitenote_active":false,"_monsterinsights_sitenote_note":"","_monsterinsights_sitenote_category":0},"product_cat":[884],"product_tag":[],"class_list":["post-11270","product","type-product","status-publish","hentry","product_cat-norme"],"acf":[],"_links":{"self":[{"href":"https:\/\/lenard.tech\/fr\/wp-json\/wp\/v2\/product\/11270","targetHints":{"allow":["GET"]}}],"collection":[{"href":"https:\/\/lenard.tech\/fr\/wp-json\/wp\/v2\/product"}],"about":[{"href":"https:\/\/lenard.tech\/fr\/wp-json\/wp\/v2\/types\/product"}],"replies":[{"embeddable":true,"href":"https:\/\/lenard.tech\/fr\/wp-json\/wp\/v2\/comments?post=11270"}],"wp:attachment":[{"href":"https:\/\/lenard.tech\/fr\/wp-json\/wp\/v2\/media?parent=11270"}],"wp:term":[{"taxonomy":"product_cat","embeddable":true,"href":"https:\/\/lenard.tech\/fr\/wp-json\/wp\/v2\/product_cat?post=11270"},{"taxonomy":"product_tag","embeddable":true,"href":"https:\/\/lenard.tech\/fr\/wp-json\/wp\/v2\/product_tag?post=11270"}],"curies":[{"name":"wp","href":"https:\/\/api.w.org\/{rel}","templated":true}]}}