
{"id":11273,"date":"2023-03-31T08:20:50","date_gmt":"2023-03-31T08:20:50","guid":{"rendered":"https:\/\/lenard.tech\/producto\/une-en-iso-105-b02\/"},"modified":"2023-08-30T14:46:12","modified_gmt":"2023-08-30T14:46:12","slug":"une-en-iso-105-b022013","status":"publish","type":"product","link":"https:\/\/lenard.tech\/fr\/producto\/une-en-iso-105-b022013\/","title":{"rendered":"UNE-EN ISO 105-B02:2013"},"content":{"rendered":"<section class=\"wpb-content-wrapper\"><p>[vc_row][vc_column][vc_column_text woodmart_inline=&#8221;no&#8221; text_larger=&#8221;no&#8221;]TEXTILES TESTS DE SOLIDIT\u00c9 PARTIE B02\u00a0: SOLIDIT\u00c9 DES COULEURS \u00c0 LA LUMI\u00c8RE ARTIFICIELLE\u00a0: ESSAI AVEC DES LAMPES AU X\u00c9NON[\/vc_column_text][\/vc_column][\/vc_row][vc_row][vc_column][vc_tta_tabs][vc_tta_section title=&#8221;D\u00c9FINITION&#8221; tab_id=&#8221;1686221263705-5b1e8fc1-5727&#8243;][vc_column_text woodmart_inline=&#8221;no&#8221; text_larger=&#8221;no&#8221;]La pr\u00e9sente partie de la norme ISO 105 sp\u00e9cifie une m\u00e9thode d&#8217;essai pour d\u00e9terminer la solidit\u00e9 des couleurs des textiles \u00e0 l&#8217;action de la lumi\u00e8re artificielle repr\u00e9sentative de la lumi\u00e8re naturelle du jour.<\/p>\n<p>Une \u00e9prouvette du textile \u00e0 tester est expos\u00e9e \u00e0 la lumi\u00e8re artificielle dans des conditions contr\u00f4l\u00e9es, avec un ensemble de mat\u00e9riaux de r\u00e9f\u00e9rence. La solidit\u00e9 de la couleur est \u00e9valu\u00e9e en comparant la d\u00e9gradation de la couleur de l&#8217;\u00e9chantillon avec les mat\u00e9riaux de r\u00e9f\u00e9rence utilis\u00e9s.[\/vc_column_text][\/vc_tta_section][vc_tta_section title=&#8221;APPAREILS \u00c9LECTROM\u00c9NAGERS&#8221; tab_id=&#8221;1686221263712-1d448d02-ad3d&#8221;][vc_column_text woodmart_inline=&#8221;no&#8221; text_larger=&#8221;no&#8221;]<\/p>\n<ul>\n<li>Pour r\u00e9aliser le test, une chambre de vieillissement en lumi\u00e8re artificielle, un \u00e9quipement xenotest ainsi qu&#8217;une chambre d&#8217;\u00e9valuation pour inspection visuelle sont n\u00e9cessaires.<\/li>\n<li>\u00c9chelle de bleu et \u00e9chelle de gris<\/li>\n<li>\u00c9quipement pour mesurer le contr\u00f4le de l&#8217;humidit\u00e9<\/li>\n<li>Capteurs de temp\u00e9rature du corps noir.<\/li>\n<li>Couvercles opaques pour une couverture partielle des \u00e9chantillons.<\/li>\n<\/ul>\n<p>[\/vc_column_text][\/vc_tta_section][vc_tta_section title=&#8221;\u00c9CHANTILLONS&#8221; tab_id=&#8221;1686221286987-c2e6bc03-e4dd&#8221;][vc_column_text woodmart_inline=&#8221;no&#8221; text_larger=&#8221;no&#8221;]L&#8217;\u00e9prouvette peut \u00eatre constitu\u00e9e d&#8217;une bande de tissu, de fils enroul\u00e9s les uns \u00e0 c\u00f4t\u00e9 des autres ou dispos\u00e9s parall\u00e8lement et attach\u00e9s \u00e0 un carton, ou d&#8217;une bande de fibres peign\u00e9es comprim\u00e9es pour fournir une surface lisse et attach\u00e9es \u00e0 un carton. La totalit\u00e9 de la surface, expos\u00e9e ou non expos\u00e9e, ne doit pas \u00eatre inf\u00e9rieure \u00e0 10 mm X 8 mm.<\/p>\n<p>Les bouchons doivent \u00eatre en contact \u00e9troit avec la surface des zones non expos\u00e9es des \u00e9prouvettes et la graduation bleue, afin d&#8217;assurer une ligne de s\u00e9paration bien d\u00e9finie entre les diff\u00e9rentes zones expos\u00e9es et non expos\u00e9es, bien qu&#8217;ils ne doivent pas comprimer inutilement l&#8217;\u00e9prouvette.<\/p>\n<p>Les tubes d\u2019essai et les \u00e9chantillons de l&#8217;\u00e9chelle bleue doivent avoir la m\u00eame taille et la m\u00eame forme, afin d&#8217;\u00e9viter les erreurs d&#8217;\u00e9valuation, dues \u00e0 une appr\u00e9ciation excessive du contraste visuel entre les parties expos\u00e9es et non expos\u00e9es dans un motif plus grand par rapport \u00e0 une r\u00e9f\u00e9rence plus proche.[\/vc_column_text][\/vc_tta_section][vc_tta_section title=&#8221;M\u00c9THODE&#8221; tab_id=&#8221;1686221297246-d886c268-d4b0&#8243;][vc_single_image image=&#8221;11945&#8243; img_size=&#8221;FULL&#8221; alignment=&#8221;center&#8221; parallax_scroll=&#8221;no&#8221; woodmart_inline=&#8221;no&#8221;][vc_column_text woodmart_inline=&#8221;no&#8221; text_larger=&#8221;no&#8221;]Il existe 5 m\u00e9thodes de test :<\/p>\n<ul>\n<li>M\u00e9thode 1 : Cette m\u00e9thode est consid\u00e9r\u00e9e comme la plus informative et doit \u00eatre utilis\u00e9e en cas de litige sur l&#8217;indice de solidit\u00e9. Le principe de base consiste dans le contr\u00f4le des dur\u00e9es d&#8217;exposition par examen de l&#8217;\u00e9prouvette et, par cons\u00e9quent, un jeu complet d&#8217;\u00e9chelles bleues de r\u00e9f\u00e9rence est n\u00e9cessaire pour chaque \u00e9prouvette test\u00e9e. Cette m\u00e9thode est particuli\u00e8rement adapt\u00e9e \u00e0 la d\u00e9termination de la solidit\u00e9 des couleurs \u00e0 la lumi\u00e8re sur des \u00e9prouvettes.<\/li>\n<li>M\u00e9thode 2 : Cette m\u00e9thode peut \u00eatre utilis\u00e9e lorsqu&#8217;un grand nombre d&#8217;\u00e9chantillons doivent \u00eatre test\u00e9s simultan\u00e9ment. Le principe de base de cette m\u00e9thode est le contr\u00f4le du temps d&#8217;exposition par l&#8217;examen des \u00e9chelles bleues de r\u00e9f\u00e9rence, ce qui permet de tester des \u00e9chantillons de diff\u00e9rentes r\u00e9sistances \u00e0 la lumi\u00e8re \u00e0 l&#8217;aide d&#8217;un seul jeu d&#8217;\u00e9chelles bleues de r\u00e9f\u00e9rence, r\u00e9duisant ainsi le nombre de fournitures n\u00e9cessaires. . Cette m\u00e9thode est particuli\u00e8rement adapt\u00e9e dans l&#8217;industrie de la teinture.<\/li>\n<li>M\u00e9thode 3 : Cette m\u00e9thode de test est similaire \u00e0 la m\u00e9thode 1, mais convient pour comparer la conformit\u00e9 de l&#8217;\u00e9prouvette \u00e0 une sp\u00e9cification de performance connue. La caract\u00e9ristique de base est le contr\u00f4le de l&#8217;\u00e9prouvette avec un nombre r\u00e9duit d&#8217;\u00e9chelles bleues de r\u00e9f\u00e9rence, g\u00e9n\u00e9ralement l&#8217;\u00e9chelle bleue de r\u00e9f\u00e9rence cible avec les deux \u00e9chelles bleues de r\u00e9f\u00e9rence qui proc\u00e8dent \u00e0 l&#8217;\u00e9chelle bleue de r\u00e9f\u00e9rence cible. De cette mani\u00e8re, il est possible de quantifier l&#8217;\u00e9chantillon qui ne r\u00e9pond pas \u00e0 la sp\u00e9cification de performance requise. Dans cette m\u00e9thode, environ un tiers \u00e0 deux tiers des \u00e9prouvettes et des \u00e9cailles bleues de r\u00e9f\u00e9rence sont recouvertes d&#8217;un couvercle opaque selon les besoins.<\/li>\n<li>M\u00e9thode 4 : Cette m\u00e9thode est similaire \u00e0 la m\u00e9thode 1, mais est con\u00e7ue pour v\u00e9rifier la conformit\u00e9 avec un \u00e9chantillon de r\u00e9f\u00e9rence pr\u00e9alablement convenu. La caract\u00e9ristique de base est le contr\u00f4le de la p\u00e9riode d&#8217;exposition par inspection de l&#8217;\u00e9chantillon de r\u00e9f\u00e9rence pr\u00e9alablement convenu. Il est possible d&#8217;exposer les sp\u00e9cimens uniquement avec l&#8217;\u00e9chantillon de r\u00e9f\u00e9rence sans la pr\u00e9sence d&#8217;\u00e9cailles bleues de r\u00e9f\u00e9rence. Cette m\u00e9thode est particuli\u00e8rement adapt\u00e9e comme m\u00e9thode de contr\u00f4le et permet de comparer de nombreuses \u00e9prouvettes avec le m\u00eame \u00e9chantillon de r\u00e9f\u00e9rence.<\/li>\n<li>M\u00e9thode 5 : Cette m\u00e9thode convient pour v\u00e9rifier le respect des niveaux d&#8217;\u00e9nergie radiante pr\u00e9alablement convenus. L&#8217;exposition de tubes d\u2018essai seuls ou avec des \u00e9chelles bleues de r\u00e9f\u00e9rence est possible. Les \u00e9chantillons doivent \u00eatre expos\u00e9s jusqu&#8217;\u00e0 ce que la quantit\u00e9 pr\u00e9alablement convenue d&#8217;\u00e9nergie radiante soit atteinte.<\/li>\n<\/ul>\n<p>[\/vc_column_text][\/vc_tta_section][vc_tta_section title=&#8221;R\u00c9SULTATS&#8221; tab_id=&#8221;1686221314257-c9424c30-c4f8&#8243;][vc_column_text woodmart_inline=&#8221;no&#8221; text_larger=&#8221;no&#8221;]L&#8217;exposition \u00e0 la lumi\u00e8re est termin\u00e9e lorsque la d\u00e9gradation des tissus est au grade 3 sur l&#8217;\u00e9chelle des gris ou au grade 4 sur l&#8217;\u00e9chelle des gris.[\/vc_column_text][\/vc_tta_section][\/vc_tta_tabs][\/vc_column][\/vc_row][vc_row][vc_column][\/vc_column][\/vc_row]<\/p>\n<\/section>","protected":false},"excerpt":{"rendered":"<p>TEXTILES TESTS DE SOLIDIT\u00c9 PARTIE B02\u00a0: SOLIDIT\u00c9 DES COULEURS \u00c0 LA LUMI\u00c8RE ARTIFICIELLE\u00a0: ESSAI AVEC DES LAMPES AU X\u00c9NON<\/p>\n","protected":false},"featured_media":0,"comment_status":"open","ping_status":"closed","template":"","meta":{"_mi_skip_tracking":false,"_monsterinsights_sitenote_active":false,"_monsterinsights_sitenote_note":"","_monsterinsights_sitenote_category":0},"product_cat":[884],"product_tag":[],"class_list":["post-11273","product","type-product","status-publish","hentry","product_cat-norme"],"acf":[],"_links":{"self":[{"href":"https:\/\/lenard.tech\/fr\/wp-json\/wp\/v2\/product\/11273","targetHints":{"allow":["GET"]}}],"collection":[{"href":"https:\/\/lenard.tech\/fr\/wp-json\/wp\/v2\/product"}],"about":[{"href":"https:\/\/lenard.tech\/fr\/wp-json\/wp\/v2\/types\/product"}],"replies":[{"embeddable":true,"href":"https:\/\/lenard.tech\/fr\/wp-json\/wp\/v2\/comments?post=11273"}],"wp:attachment":[{"href":"https:\/\/lenard.tech\/fr\/wp-json\/wp\/v2\/media?parent=11273"}],"wp:term":[{"taxonomy":"product_cat","embeddable":true,"href":"https:\/\/lenard.tech\/fr\/wp-json\/wp\/v2\/product_cat?post=11273"},{"taxonomy":"product_tag","embeddable":true,"href":"https:\/\/lenard.tech\/fr\/wp-json\/wp\/v2\/product_tag?post=11273"}],"curies":[{"name":"wp","href":"https:\/\/api.w.org\/{rel}","templated":true}]}}