
{"id":11279,"date":"2023-03-31T08:18:51","date_gmt":"2023-03-31T08:18:51","guid":{"rendered":"https:\/\/lenard.tech\/producto\/une-en-20811\/"},"modified":"2025-10-22T14:01:20","modified_gmt":"2025-10-22T14:01:20","slug":"une-en-iso-8112019","status":"publish","type":"product","link":"https:\/\/lenard.tech\/fr\/producto\/une-en-iso-8112019\/","title":{"rendered":"UNE-EN ISO 811:2019"},"content":{"rendered":"<section class=\"wpb-content-wrapper\"><p>[vc_row][vc_column width=&#8221;1\/2&#8243;][vc_column_text woodmart_inline=&#8221;no&#8221; text_larger=&#8221;no&#8221;]Textiles &#8211; D\u00e9termination de la r\u00e9sistance \u00e0 la p\u00e9n\u00e9tration de l&#8217;eau &#8211; Essai sous pression hydrostatique.<em> \u00c9quivalence avec les normes\u00a0 EN ISO 811:2018 et ISO 811:2018.<\/em>[\/vc_column_text][\/vc_column][vc_column width=&#8221;1\/2&#8243;][vc_video link=&#8221;https:\/\/youtu.be\/tJjx6A1zi9E&#8221; el_width=&#8221;70&#8243; woodmart_css_id=&#8221;67d933ff430ab&#8221; image_poster_switch=&#8221;no&#8221;][\/vc_column][\/vc_row][vc_row][vc_column][vc_tta_tabs title_tag=&#8221;h3&#8243; section_title_tag=&#8221;h3&#8243; style=&#8221;modern&#8221; color=&#8221;white&#8221; active_section=&#8221;1&#8243; no_fill_content_area=&#8221;true&#8221;][vc_tta_section title=&#8221;D\u00c9FINITION&#8221; tab_id=&#8221;1685522856905-7d802a20-a20a21c1-80f6&#8243; el_class=&#8221;Bold&#8221;][vc_column_text woodmart_inline=&#8221;no&#8221; text_larger=&#8221;no&#8221;]La pr\u00e9sente Norme internationale est destin\u00e9e \u00e0 d\u00e9crire une m\u00e9thode d&#8217;essai sous pression hydrostatique pour d\u00e9terminer la r\u00e9sistance des tissus \u00e0 la p\u00e9n\u00e9tration de l&#8217;eau.[\/vc_column_text][\/vc_tta_section][vc_tta_section title=&#8221;INSTRUMENTS&#8221; tab_id=&#8221;1686150702004-36787cb7-c58c&#8221;][vc_column_text woodmart_inline=&#8221;no&#8221; text_larger=&#8221;no&#8221;]Les appareils \u00e0 utiliser doivent \u00eatre con\u00e7us de mani\u00e8re \u00e0 pouvoir remplir les conditions suivantes:<\/p>\n<p>&nbsp;<\/p>\n<ul>\n<li>Il doit permettre de fixer l&#8217;\u00e9prouvette de tissu de mani\u00e8re \u00e0 ce que l&#8217;\u00e9prouvette soit horizontale<\/li>\n<li>Une surface de tissu qui est soumise \u00e0 une pression d&#8217;eau uniform\u00e9ment croissante depuis le haut ou le bas du tube \u00e0 essai<\/li>\n<li>Pas de fuite sur les bords<\/li>\n<li>La tendance de l&#8217;eau \u00e0 s&#8217;infiltrer pr\u00e8s du bord de l&#8217;\u00e9chantillon et la pression de serrage est minimis\u00e9e<\/li>\n<li>Eau distill\u00e9e qui doit \u00eatre maintenue \u00e0 20<sup>\u00b0<\/sup>C, 12<sup>\u00b0<\/sup>C, 27<sup>\u00b0<\/sup>C, la temp\u00e9rature choisie doit \u00eatre indiqu\u00e9e dans le rapport d&#8217;essai.<\/li>\n<li>Le taux d&#8217;augmentation de la pression de l&#8217;eau doit \u00eatre de 10 cm H<sub>2<\/sub>O\/min \u00b1 0,5 cm H<sup>2<\/sup>O\/min ou 60 cm H<sup>2<\/sup>O\/min \u00b1 3 cm H2O (9,8 mbar H<sup>2<\/sup>O\/min \u00b1 0,5 mbar H<sup>2<\/sup>O=\/ min ou 58,8 mbar H<sup>2<\/sup>O\/min \u00b1 2,9 mbar H<sup>2<\/sup>O\/min<\/li>\n<li>Il y aura un manom\u00e8tre reli\u00e9 au seau utilis\u00e9.<\/li>\n<\/ul>\n<p>[\/vc_column_text][\/vc_tta_section][vc_tta_section title=&#8221;CONDITIONNEMENT&#8221; tab_id=&#8221;1685522856916-22531c7c-aaf121c1-80f6&#8243;][vc_column_text woodmart_inline=&#8221;no&#8221; text_larger=&#8221;no&#8221;]<\/p>\n<ul>\n<li>Le conditionnement du tissu et les conditions d&#8217;essai doivent \u00eatre effectu\u00e9s conform\u00e9ment \u00e0 ce qui est indiqu\u00e9 dans la norme ISO 139.<\/li>\n<\/ul>\n<p>[\/vc_column_text][\/vc_tta_section][vc_tta_section title=&#8221;ESSAIS&#8221; tab_id=&#8221;1685522905490-667bc0bb-5e1a21c1-80f6&#8243;][vc_column_text woodmart_inline=&#8221;no&#8221; text_larger=&#8221;no&#8221;]<\/p>\n<ul>\n<li>Au moins cinq \u00e9prouvettes seront pr\u00e9lev\u00e9es dans des parties diff\u00e9rentes, afin qu&#8217;elles soient aussi repr\u00e9sentatives que possible de l&#8217;article textile \u00e0 tester.<\/li>\n<\/ul>\n<p>[\/vc_column_text][\/vc_tta_section][vc_tta_section title=&#8221;PROC\u00c9DURE&#8221; tab_id=&#8221;1685522925803-967944e9-649921c1-80f6&#8243;][vc_column_text woodmart_inline=&#8221;no&#8221; text_larger=&#8221;no&#8221;]<\/p>\n<ul>\n<li>Pour chaque \u00e9prouvette test\u00e9e, l&#8217;eau distill\u00e9e doit \u00eatre chang\u00e9e<\/li>\n<li>L&#8217;\u00e9chantillon est plac\u00e9 dans les pinces de la cuvette de test<\/li>\n<li>La p\u00e9n\u00e9tration \u00e9ventuelle d&#8217;eau est surveill\u00e9e en permanence<\/li>\n<li>La pression est enregistr\u00e9e en centim\u00e8tres de colonne d&#8217;eau conventionnelle au moment o\u00f9 la troisi\u00e8me goutte d&#8217;eau appara\u00eet en passant \u00e0 travers le tube \u00e0 essai.<\/li>\n<li>La pr\u00e9cision de la mesure de pression enregistr\u00e9e doit \u00eatre:<\/li>\n<li>Ne tenez pas compte des gouttes tr\u00e8s fines dont vous n&#8217;augmentez pas le volume, les gouttes successives passant par un m\u00eame point de tissu ne sont pas compt\u00e9es<\/li>\n<\/ul>\n<p>[\/vc_column_text][vc_single_image image=&#8221;10617&#8243; img_size=&#8221;FULL&#8221; parallax_scroll=&#8221;no&#8221; woodmart_inline=&#8221;no&#8221;][\/vc_tta_section][vc_tta_section title=&#8221;R\u00c9SULTATS&#8221; tab_id=&#8221;1686151108302-7d378c7a-6a31&#8243;][vc_column_text woodmart_inline=&#8221;no&#8221; text_larger=&#8221;no&#8221;]La moyenne des pressions enregistr\u00e9es pour les \u00e9prouvettes soumises \u00e0 l&#8217;essai sera calcul\u00e9e, conform\u00e9ment au chapitre 7. Les r\u00e9sultats individuels et le r\u00e9sultat moyen exprim\u00e9 en centim\u00e8tres de colonne d&#8217;eau conventionnelle seront enregistr\u00e9s.<\/p>\n<p>Ex. 670(cm\/H<sup>2<\/sup>O)<\/p>\n<p>[\/vc_column_text][\/vc_tta_section][\/vc_tta_tabs][\/vc_column][\/vc_row][vc_row][vc_column][\/vc_column][\/vc_row]<\/p>\n<\/section>","protected":false},"excerpt":{"rendered":"<p>Textiles &#8211; D\u00e9termination de la r\u00e9sistance \u00e0 la p\u00e9n\u00e9tration de l&#8217;eau &#8211; Essai sous pression hydrostatique.<em> \u00c9quivalence avec les normes\u00a0 <span style=\"color: #ffff99;\">EN ISO 811:2018 et ISO 811:2018.<\/span><\/em><\/p>\n","protected":false},"featured_media":0,"comment_status":"open","ping_status":"closed","template":"","meta":{"_mi_skip_tracking":false,"_monsterinsights_sitenote_active":false,"_monsterinsights_sitenote_note":"","_monsterinsights_sitenote_category":0},"product_cat":[884],"product_tag":[],"class_list":["post-11279","product","type-product","status-publish","hentry","product_cat-norme"],"acf":[],"_links":{"self":[{"href":"https:\/\/lenard.tech\/fr\/wp-json\/wp\/v2\/product\/11279","targetHints":{"allow":["GET"]}}],"collection":[{"href":"https:\/\/lenard.tech\/fr\/wp-json\/wp\/v2\/product"}],"about":[{"href":"https:\/\/lenard.tech\/fr\/wp-json\/wp\/v2\/types\/product"}],"replies":[{"embeddable":true,"href":"https:\/\/lenard.tech\/fr\/wp-json\/wp\/v2\/comments?post=11279"}],"wp:attachment":[{"href":"https:\/\/lenard.tech\/fr\/wp-json\/wp\/v2\/media?parent=11279"}],"wp:term":[{"taxonomy":"product_cat","embeddable":true,"href":"https:\/\/lenard.tech\/fr\/wp-json\/wp\/v2\/product_cat?post=11279"},{"taxonomy":"product_tag","embeddable":true,"href":"https:\/\/lenard.tech\/fr\/wp-json\/wp\/v2\/product_tag?post=11279"}],"curies":[{"name":"wp","href":"https:\/\/api.w.org\/{rel}","templated":true}]}}