
{"id":11282,"date":"2023-03-31T08:17:35","date_gmt":"2023-03-31T08:17:35","guid":{"rendered":"https:\/\/lenard.tech\/producto\/une-en-61482-2\/"},"modified":"2026-03-06T12:49:12","modified_gmt":"2026-03-06T12:49:12","slug":"une-en-61482-22021","status":"publish","type":"product","link":"https:\/\/lenard.tech\/fr\/producto\/une-en-61482-22021\/","title":{"rendered":"UNE-EN 61482-2:2021"},"content":{"rendered":"<section class=\"wpb-content-wrapper\"><p>[vc_row][vc_column][vc_column_text woodmart_inline=&#8221;no&#8221; text_larger=&#8221;no&#8221;]Travaux sous tension &#8211; V\u00eatements de protection contre les dangers thermiques d&#8217;un arc \u00e9lectrique &#8211; Partie 2: Exigences. \u00c9quivalence avec les norems EN61482-2:2020 e IEC 61482-2:2018.[\/vc_column_text][\/vc_column][\/vc_row][vc_row][vc_column][vc_tta_tabs][vc_tta_section title=&#8221;OBJET&#8221; tab_id=&#8221;1686221073399-e88b523d-20e2&#8243;][vc_column_text woodmart_inline=&#8221;no&#8221; text_larger=&#8221;no&#8221;]Cette norme sp\u00e9cifie les valeurs de protection auxquelles les v\u00eatements et tissus doivent se conformer contre les risques thermiques d&#8217;un arc \u00e9lectrique. Les niveaux de protection peuvent \u00eatre utilis\u00e9s selon les normes suivantes : Open Arc EN 61482-1-1 qui enregistre les valeurs de classification d&#8217;arc [ELIM (Incident Energy Limit with No Likely of Burning), ATPV (Arc Thermal Performance Value) et\/ou EBT (Open Break Threshold Energy)] ou Box Test EN 61482-1-2 en classe 1 (4 Ka) ou classe 2 (7 Ka).[\/vc_column_text][\/vc_tta_section][vc_tta_section title=&#8221;EXIGENCES&#8221; tab_id=&#8221;1686221073407-ddcbeaca-bfce&#8221;][vc_column_text woodmart_inline=&#8221;no&#8221; text_larger=&#8221;no&#8221;]<strong>PR\u00c9-TRAITEMENT :<\/strong> 5 cycles selon les instructions du fabricant (EN 6330\/EN 15797)<\/p>\n<p>CONDITIONNEMENT : 24 h \u00e0 20 \u00b1 2 \u00baC et 65 \u00b1 5 % d&#8217;humidit\u00e9 relative<\/p>\n<table style=\"height: 2559px;\" width=\"1472\">\n<tbody>\n<tr>\n<td width=\"146\"><strong>M\u00c9THODE D&#8217;ESSAI<\/strong><\/td>\n<td width=\"146\"><strong>NORME DE TEST<\/strong><\/td>\n<td width=\"146\"><strong>DESCRIPTION<\/strong><\/td>\n<td width=\"146\"><strong>EXIGENCES<\/strong><\/td>\n<\/tr>\n<tr>\n<td rowspan=\"2\" width=\"146\">PROTECTION CONTRE L&#8217;ARC THERMIQUE<\/td>\n<td width=\"146\">IEC 61482-1-1<\/td>\n<td width=\"146\">Tissu pr\u00e9trait\u00e9<\/p>\n<p>Open Arc, Open Arc pour les valeurs ELIM ; ATPV ; EBT en cal\/cm2<\/td>\n<td width=\"146\">Valeur informationnelle<\/p>\n<p>ELIM et ATPV ou EBT doivent \u00eatre fournis<\/td>\n<\/tr>\n<tr>\n<td width=\"146\">IEC 61482-1-2<\/td>\n<td width=\"146\">Tissu pr\u00e9trait\u00e9<\/p>\n<p>V\u00eatements de protection contre les risques thermiques caus\u00e9s par un arc \u00e9lectrique. Test de bo\u00eete. Classification du niveau de protection selon l&#8217;intensit\u00e9 de l&#8217;arc<\/td>\n<td width=\"146\">Classe 1 ; APC1 : 4 kA<\/p>\n<p>Classe 2 ; APC2 : 7 kA<\/td>\n<\/tr>\n<tr>\n<td width=\"146\">PROPAGATION LIMIT\u00c9E DE LA FLAMME<\/td>\n<td width=\"146\">ISO 15025<\/td>\n<td width=\"146\">Tissu pr\u00e9trait\u00e9 : application de la flamme perpendiculaire au tissu (proc\u00e9dure A)<\/td>\n<td width=\"146\">Application de flamme 10&#8221; pour les tissus pr\u00e9trait\u00e9s : Aucun \u00e9chantillon ne doit s&#8217;enflammer vers le dessus ou sur les bords, aucune formation de trous \u2265 5 mm, ne pas d\u00e9tacher les restes enflamm\u00e9s, apr\u00e8s inflammation t \u2264 2&#8221;, post-incandescence autoris\u00e9e dans la zone carbonis\u00e9e pendant le test.<\/td>\n<\/tr>\n<tr>\n<td width=\"146\">R\u00c9SISTANCE \u00c9LECTRIQUE VERTICALE<\/td>\n<td width=\"146\">IEC 61340-2-3<\/p>\n<p>ou<\/p>\n<p>EN 1149-2<\/td>\n<td width=\"146\">Tissu pr\u00e9trait\u00e9. Des \u00e9lectrodes sont plac\u00e9es sur des surfaces oppos\u00e9es du mat\u00e9riau \u00e0 tester. Une tension de courant continu est appliqu\u00e9e aux \u00e9lectrodes et la r\u00e9sistance verticale du mat\u00e9riau est d\u00e9termin\u00e9e.<\/td>\n<td width=\"146\">R\u00e9sistance volum\u00e9trique <u>&gt;<\/u> 10<sup>5<\/sup> \u03a9<\/td>\n<\/tr>\n<tr>\n<td width=\"146\">R\u00c9SISTANCE \u00c0 LA CHALEUR<\/td>\n<td width=\"146\">ISO 17493<\/td>\n<td width=\"146\">Tissu pr\u00e9trait\u00e9 soumis \u00e0 180 \u00b1 8 \u00baC pendant 5 min \u00b1 15 s<\/td>\n<td width=\"146\">Le retrait \u2264 5 % de longueur\/largeur \u00e0 180 \u00baC Aucune couche ne peut s&#8217;enflammer ou fondre.<\/td>\n<\/tr>\n<tr>\n<td width=\"146\">TRACTION<\/td>\n<td width=\"146\">ISO 13934-1<\/td>\n<td width=\"146\">Tissu pr\u00e9trait\u00e9.<\/td>\n<td width=\"146\">\u2265 250 N de cha\u00eene\/trame (tissus pesant \u2264 220 g\/m<sup>2<\/sup>)<\/p>\n<p>\u2265 400 N de cha\u00eene\/trame (tissus pesant \u2265 220 g\/m<sup>2<\/sup>)<\/td>\n<\/tr>\n<tr>\n<td width=\"146\">R\u00c9SISTANCE AUX D\u00c9CHIRURES<\/td>\n<td width=\"146\">ISO 13937-2<\/td>\n<td width=\"146\">Tissu pr\u00e9trait\u00e9.<\/td>\n<td width=\"146\">\u2265 10 N de chame\/trame (tissus pesant \u2264 220 g\/m<sup>2<\/sup>)<\/p>\n<p>\u2265 15 N de cha\u00eene\/trame (tissus pesant \u2265 220 g\/m<sup>2<\/sup>)<\/td>\n<\/tr>\n<tr>\n<td width=\"146\">STABILIT\u00c9 DIMENSIONNELLE<\/td>\n<td width=\"146\">ISO 5077<\/td>\n<td width=\"146\">% de r\u00e9tr\u00e9cissement apr\u00e8s les cycles de lavage selon les instructions du fabricant du tissu. Par d\u00e9faut, minimum 5 cycles.<\/td>\n<td width=\"146\">Tissu \u00e0 l&#8217;\u0153uvre ouverte max. \u00b1 3 % de cha\u00eene\/trame<br \/>\nen tissu de tricot max. \u00b1 5 % de longueur\/largeur<\/td>\n<\/tr>\n<tr>\n<td width=\"146\">R\u00c9SISTANCE AUX EXPLOSIONS<\/td>\n<td width=\"146\">ISO 13938-1<\/p>\n<p>ISO 13938-2<\/td>\n<td width=\"146\">Tissu pr\u00e9trait\u00e9<\/p>\n<p>Pour les tissus tricot\u00e9s<\/td>\n<td width=\"146\">Au moins 100 kPa avec une surface de 50 cm<sup>2<\/sup> ou,<\/p>\n<p>au moins 200 kPa pour une surface de 7,3 cm<sup>2<\/sup><\/td>\n<\/tr>\n<\/tbody>\n<\/table>\n<p>[\/vc_column_text][\/vc_tta_section][vc_tta_section title=&#8221;V\u00caTEMENTS&#8221; tab_id=&#8221;1686221108251-6d53561e-8320&#8243;][vc_column_text woodmart_inline=&#8221;no&#8221; text_larger=&#8221;no&#8221;]CONCEVOIR:<\/p>\n<ul>\n<li style=\"list-style-type: none;\">\n<ul>\n<li>Manches longues qui s&#8217;\u00e9tendent pour couvrir enti\u00e8rement les poignets<\/li>\n<li>Couvrance compl\u00e8te de la taille aux chevilles<\/li>\n<li>Couverture jusqu&#8217;au cou<\/li>\n<li>Aucune pi\u00e8ce m\u00e9tallique ext\u00e9rieure d\u00e9couverte<\/li>\n<li>Aucun mat\u00e9riel allant de l&#8217;ext\u00e9rieur \u00e0 la surface la plus int\u00e9rieure<\/li>\n<li>Protection thermique de la vo\u00fbte plantaire identique \u00e0 l&#8217;avant et aux manchons complets<\/li>\n<\/ul>\n<\/li>\n<\/ul>\n<p>[\/vc_column_text][\/vc_tta_section][vc_tta_section title=&#8221;MARQUEAGE&#8221; tab_id=&#8221;1686221117539-22b09637-2054&#8243;][vc_column_text woodmart_inline=&#8221;no&#8221; text_larger=&#8221;no&#8221;]MARQU\u00c9:<\/p>\n<ul>\n<li style=\"list-style-type: none;\">\n<ul>\n<li>Selon l&#8217;ISO 13688<\/li>\n<li>Si le v\u00eatement est compos\u00e9 de diff\u00e9rentes couches, la plus basse des caract\u00e9ristiques de l&#8217;arche et\/ou la classe de protection de la vo\u00fbte plantaire doivent \u00eatre indiqu\u00e9es.<\/li>\n<li>Sp\u00e9cifiez le nombre maximal de lavages.<\/li>\n<li>Selon le pictogramme :<\/li>\n<\/ul>\n<\/li>\n<\/ul>\n<p>[\/vc_column_text][vc_single_image image=&#8221;18729&#8243; img_size=&#8221;full&#8221; alignment=&#8221;center&#8221; parallax_scroll=&#8221;no&#8221; woodmart_inline=&#8221;no&#8221;][\/vc_tta_section][\/vc_tta_tabs][\/vc_column][\/vc_row]<\/p>\n<\/section>","protected":false},"excerpt":{"rendered":"<p>Travaux sous tension &#8211; V\u00eatements de protection contre les dangers thermiques d&#8217;un arc \u00e9lectrique &#8211; Partie 2: Exigences. <em><span style=\"color: #ffff99;\">\u00c9quivalence avec les norems EN61482-2:2020 e IEC 61482-2:2018<\/span><\/em><\/p>\n","protected":false},"featured_media":0,"comment_status":"open","ping_status":"closed","template":"","meta":{"_mi_skip_tracking":false,"_monsterinsights_sitenote_active":false,"_monsterinsights_sitenote_note":"","_monsterinsights_sitenote_category":0},"product_cat":[884],"product_tag":[1456,1895,1851,2438,1463,2029,1464,1466,1898,3549,2393,2481,3550,3571],"class_list":["post-11282","product","type-product","status-publish","hentry","product_cat-norme","product_tag-4ka-fr","product_tag-7ka-fr","product_tag-apc-1-fr","product_tag-apc-2-fr","product_tag-arco-electrico-fr","product_tag-arc-flash-fr","product_tag-atpv-fr","product_tag-clase-1-fr","product_tag-clase-2-fr","product_tag-dechirure","product_tag-electricidad-fr","product_tag-elimrenting-fr","product_tag-rupture","product_tag-rupture-fr-2"],"acf":[],"_links":{"self":[{"href":"https:\/\/lenard.tech\/fr\/wp-json\/wp\/v2\/product\/11282","targetHints":{"allow":["GET"]}}],"collection":[{"href":"https:\/\/lenard.tech\/fr\/wp-json\/wp\/v2\/product"}],"about":[{"href":"https:\/\/lenard.tech\/fr\/wp-json\/wp\/v2\/types\/product"}],"replies":[{"embeddable":true,"href":"https:\/\/lenard.tech\/fr\/wp-json\/wp\/v2\/comments?post=11282"}],"wp:attachment":[{"href":"https:\/\/lenard.tech\/fr\/wp-json\/wp\/v2\/media?parent=11282"}],"wp:term":[{"taxonomy":"product_cat","embeddable":true,"href":"https:\/\/lenard.tech\/fr\/wp-json\/wp\/v2\/product_cat?post=11282"},{"taxonomy":"product_tag","embeddable":true,"href":"https:\/\/lenard.tech\/fr\/wp-json\/wp\/v2\/product_tag?post=11282"}],"curies":[{"name":"wp","href":"https:\/\/api.w.org\/{rel}","templated":true}]}}