
{"id":11285,"date":"2023-03-31T08:11:39","date_gmt":"2023-03-31T08:11:39","guid":{"rendered":"https:\/\/lenard.tech\/producto\/une-en-388\/"},"modified":"2026-02-25T14:39:45","modified_gmt":"2026-02-25T14:39:45","slug":"une-en-3882016a12018","status":"publish","type":"product","link":"https:\/\/lenard.tech\/fr\/producto\/une-en-3882016a12018\/","title":{"rendered":"UNE-EN 388:2016+A1:2018"},"content":{"rendered":"<section class=\"wpb-content-wrapper\"><p>[vc_row][vc_column][vc_column_text woodmart_inline=&#8221;no&#8221; text_larger=&#8221;no&#8221;]Gants de protection contre les risques m\u00e9caniques. <em>\u00c9quivalence avec le norme EN 388:2016+A1:2018.<\/em>[\/vc_column_text][\/vc_column][\/vc_row][vc_row][vc_column][vc_tta_tabs][vc_tta_section title=&#8221;OBJECT&#8221; tab_id=&#8221;1686207310499-bda4a4a2-09b8&#8243;][vc_column_text woodmart_inline=&#8221;no&#8221; text_larger=&#8221;no&#8221;]Cette norme pr\u00e9cise les m\u00e9thodes et exigences des gants de protection contre les dangers m\u00e9caniques, notamment l&#8217;abrasion, la coupe au couteau, la d\u00e9chirure, la perforation et les impacts. Ces m\u00e9thodes peuvent \u00e9galement s&#8217;appliquer aux prot\u00e8ge-bras.<\/p>\n<p>Cette norme est destin\u00e9e \u00e0 \u00eatre utilis\u00e9e conjointement avec l&#8217;EN ISO 21420 (r\u00e9pondant \u00e0 toutes les exigences applicables).[\/vc_column_text][\/vc_tta_section][vc_tta_section title=&#8221;EXIGENCES&#8221; tab_id=&#8221;1686207310510-d1b28c4e-81ba&#8221;][vc_column_text woodmart_inline=&#8221;no&#8221; text_larger=&#8221;no&#8221;]Un gant de protection contre les risques m\u00e9caniques doit avoir un niveau de performance de 1 ou sup\u00e9rieur pour au moins un des tests pour : abrasion, coupe de couteau, d\u00e9chirure et perforation, ou au moins le niveau A du test de r\u00e9sistance \u00e0 la coupure TDM selon l&#8217;EN ISO 13997:1999 ; Class\u00e9 selon les exigences minimales pour chaque niveau indiqu\u00e9es dans le tableau des exigences.<\/p>\n<p>Pour les mat\u00e9riaux qui, dans le test de r\u00e9sistance de coupe par couteau (point 6.2) de la premi\u00e8re s\u00e9quence, le nombre de cycles Cn+1 est sup\u00e9rieur \u00e0 3 dans l&#8217;un des \u00e9chantillons test\u00e9s, la m\u00e9thode TDM de r\u00e9sistance \u00e0 la coupe (point 6.3) sera utilis\u00e9e pour \u00e9valuer la protection contre le risque de coupe<\/p>\n<p>Conditionnement : minimum 24 h \u00e0 23 \u00b1 2 \u00baC et une humidit\u00e9 relative de 50 \u00b1 5 %. Effectuez le test dans les 5 minutes suivant le conditionnement (sauf pour les tests qui durent plus de 15 minutes).<\/p>\n<table style=\"height: 1339px;\" width=\"1691\">\n<tbody>\n<tr>\n<td width=\"123\"><strong>M\u00c9THODE D&#8217;ESSAI<\/strong><\/td>\n<td width=\"95\"><strong>TEST STANDARD<\/strong><\/td>\n<td colspan=\"2\" width=\"245\"><strong>DESCRIPTION<\/strong><\/td>\n<td colspan=\"5\" width=\"189\"><strong>EXIGENCES<\/strong><\/td>\n<\/tr>\n<tr>\n<td rowspan=\"2\" width=\"123\">R\u00c9SISTANCE \u00c0 L&#8217;ABRASION<\/td>\n<td rowspan=\"2\" width=\"95\">UNE-EN 388<\/p>\n<p>(Point 6.1)<\/p>\n<p>(EN ISO 12947-1<\/p>\n<p>9,0 \u00b1 0,2 kPa)<\/td>\n<td colspan=\"2\" rowspan=\"2\" width=\"245\">Tissu d&#8217;origine<\/p>\n<p>Elle se mesure au nombre de frottements n\u00e9cessaires \u00e0 la p\u00e9n\u00e9tration. \u00c9valuation :<\/p>\n<p>Tissu ouvert : 2 fils s\u00e9par\u00e9s cass\u00e9s<\/p>\n<p>Tissu tricot\u00e9 : 1 fil cass\u00e9<\/td>\n<td width=\"38\"><strong>Niveau 1<\/strong><\/td>\n<td width=\"38\"><strong>Niveau 2<\/strong><\/td>\n<td width=\"38\"><strong>Niveau 3<\/strong><\/td>\n<td width=\"38\"><strong>Niveau 4<\/strong><\/td>\n<td width=\"38\"><strong>Niveau 5<\/strong><\/td>\n<\/tr>\n<tr>\n<td width=\"38\">100<\/td>\n<td width=\"38\">500<\/td>\n<td width=\"38\">2000<\/td>\n<td width=\"38\">8000<\/td>\n<td width=\"38\">&#8211;<\/td>\n<\/tr>\n<tr>\n<td width=\"123\">R\u00c9SISTANCE \u00c0 LA COUPE AU COUTEAU<\/td>\n<td width=\"95\">UNE-EN 388<\/p>\n<p>(Point 6.2)<\/td>\n<td colspan=\"2\" width=\"245\">Tissu d&#8217;origine<\/p>\n<p>D\u00e9coupe circulaire par couteau en mouvement horizontal de 50 mm de long et rotation de 360 \u00baC, 8 \u00b1 2 cm\/s et 5 \u00b1 0,5 N<\/td>\n<td width=\"38\">1,2<\/td>\n<td width=\"38\">2,5<\/td>\n<td width=\"38\">5,0<\/td>\n<td width=\"38\">10,0<\/td>\n<td width=\"38\">20,0<\/td>\n<\/tr>\n<tr>\n<td width=\"123\">R\u00c9SISTANCE AUX D\u00c9CHIRURES<\/td>\n<td width=\"95\">UNE-EN 388<\/p>\n<p>(Point 6.4)<\/td>\n<td colspan=\"2\" width=\"245\">Tissu d&#8217;origine<\/p>\n<p>Un sp\u00e9cimen rectangulaire coupait la moiti\u00e9 de sa longueur \u00e0 une vitesse de 100 \u00b1 10 mm\/min.<\/td>\n<td width=\"38\">10<\/td>\n<td width=\"38\">25<\/td>\n<td width=\"38\">50<\/td>\n<td width=\"38\">75<\/td>\n<td width=\"38\">&#8211;<\/td>\n<\/tr>\n<tr>\n<td width=\"123\">R\u00c9SISTANCE \u00c0 LA PERFORATION<\/td>\n<td width=\"95\">UNE-EN 388<\/p>\n<p>(Point 6.5)<\/td>\n<td colspan=\"2\" width=\"245\">Tissu d&#8217;origine<\/p>\n<p>D\u00e9placez la sonde vers le bas sur l&#8217;\u00e9chantillon \u00e0 100 mm\/min jusqu&#8217;\u00e0 atteindre un d\u00e9placement de 50 mm<\/td>\n<td width=\"38\">20<\/td>\n<td width=\"38\">60<\/td>\n<td width=\"38\">100<\/td>\n<td width=\"38\">150<\/td>\n<td width=\"38\">&#8211;<\/td>\n<\/tr>\n<tr>\n<td rowspan=\"2\" width=\"123\">R\u00c9SISTANCE \u00c0 LA COUPURE PAR OBJETS TRANCHANTS TDM<\/td>\n<td rowspan=\"2\" width=\"95\">UNE-EN 388<\/p>\n<p>(Point 6.3)<\/p>\n<p>EN ISO 13997<\/td>\n<td rowspan=\"2\" width=\"208\">Tissu d&#8217;origine<\/td>\n<td width=\"37\">Niveau A<\/td>\n<td width=\"38\">Niveau B<\/td>\n<td width=\"38\">Niveau C<\/td>\n<td width=\"38\">Niveau D<\/td>\n<td width=\"38\">Niveau E<\/td>\n<td width=\"38\">Niveau F<\/td>\n<\/tr>\n<tr>\n<td width=\"37\">2<\/td>\n<td width=\"38\">5<\/td>\n<td width=\"38\">10<\/td>\n<td width=\"38\">15<\/td>\n<td width=\"38\">22<\/td>\n<td width=\"38\">30<\/td>\n<\/tr>\n<tr>\n<td width=\"123\">TEST D&#8217;IMPACT<\/p>\n<p>(optionnel)<\/td>\n<td width=\"95\">UNE-EN 388<\/p>\n<p>(Point 6.6)<\/p>\n<p>EN 13549<\/td>\n<td colspan=\"2\" width=\"245\">Dos, main et paume<\/p>\n<p>5 J de l&#8217;\u00e9nergie d&#8217;impact est appliqu\u00e9e<\/td>\n<td colspan=\"5\" width=\"189\">Niveau 1<\/td>\n<\/tr>\n<\/tbody>\n<\/table>\n<p>[\/vc_column_text][\/vc_tta_section][vc_tta_section title=&#8221;V\u00caTEMENTS&#8221; tab_id=&#8221;1686207361221-3329a37f-3f32&#8243;][vc_column_text woodmart_inline=&#8221;no&#8221; text_larger=&#8221;no&#8221;]Pour les gants ayant une r\u00e9sistance m\u00e9canique \u00e0 la d\u00e9chirure d&#8217;au moins le niveau 1, ils doivent porter un avertissement de ne pas les utiliser en cas de risque d&#8217;emm\u00ealement dans les pi\u00e8ces mobiles des machines.[\/vc_column_text][\/vc_tta_section][vc_tta_section title=&#8221;MARQUAGE ET \u00c9TIQUETAGE&#8221; tab_id=&#8221;1771857940870-8dd340de-19ea&#8221;][vc_column_text woodmart_inline=&#8221;no&#8221; text_larger=&#8221;no&#8221;]MARQUAGE<\/p>\n<ul>\n<li>Marqu\u00e9s selon les EN ISO 13688<\/li>\n<li>Marquez avec le pictogramme suivant :<\/li>\n<\/ul>\n<p><a href=\"https:\/\/lenard.tech\/wp-content\/uploads\/2023\/03\/Screenshot_3-5.png\"><img loading=\"lazy\" decoding=\"async\" class=\"alignnone size-full wp-image-19428\" src=\"https:\/\/lenard.tech\/wp-content\/uploads\/2023\/03\/Screenshot_3-5.png\" alt=\"\" width=\"146\" height=\"156\" \/><\/a><\/p>\n<p>Exemple: 3 4 4 3 E P<\/p>\n<p>Le nombre de chaque niveau atteint dans l&#8217;ordre suivant :<\/p>\n<p>abrasion, r\u00e9sistance \u00e0 la coupure par couteau, d\u00e9chirure, r\u00e9sistance \u00e0 la perforation et r\u00e9sistance \u00e0 la coupure<\/p>\n<p>X = non analys\u00e9<\/p>\n<p>O = n&#8217;a pas atteint le minimum<\/p>\n<p>P si cela r\u00e9pond au test d&#8217;impact[\/vc_column_text][\/vc_tta_section][\/vc_tta_tabs][\/vc_column][\/vc_row]<\/p>\n<\/section>","protected":false},"excerpt":{"rendered":"<p>Gants de protection contre les risques m\u00e9caniques. <span style=\"color: #ffff99;\"><em>\u00c9quivalence avec le norme EN 388:2016+A1:2018.<\/em><\/span><\/p>\n","protected":false},"featured_media":0,"comment_status":"open","ping_status":"closed","template":"","meta":{"_mi_skip_tracking":false,"_monsterinsights_sitenote_active":false,"_monsterinsights_sitenote_note":"","_monsterinsights_sitenote_category":0},"product_cat":[884],"product_tag":[2319,1644,3549,3703,1653,1654],"class_list":["post-11285","product","type-product","status-publish","hentry","product_cat-norme","product_tag-abrasion-fr","product_tag-anticorte-fr","product_tag-dechirure","product_tag-lenard-fr","product_tag-nivel-e-fr","product_tag-perforacion-fr"],"acf":[],"_links":{"self":[{"href":"https:\/\/lenard.tech\/fr\/wp-json\/wp\/v2\/product\/11285","targetHints":{"allow":["GET"]}}],"collection":[{"href":"https:\/\/lenard.tech\/fr\/wp-json\/wp\/v2\/product"}],"about":[{"href":"https:\/\/lenard.tech\/fr\/wp-json\/wp\/v2\/types\/product"}],"replies":[{"embeddable":true,"href":"https:\/\/lenard.tech\/fr\/wp-json\/wp\/v2\/comments?post=11285"}],"wp:attachment":[{"href":"https:\/\/lenard.tech\/fr\/wp-json\/wp\/v2\/media?parent=11285"}],"wp:term":[{"taxonomy":"product_cat","embeddable":true,"href":"https:\/\/lenard.tech\/fr\/wp-json\/wp\/v2\/product_cat?post=11285"},{"taxonomy":"product_tag","embeddable":true,"href":"https:\/\/lenard.tech\/fr\/wp-json\/wp\/v2\/product_tag?post=11285"}],"curies":[{"name":"wp","href":"https:\/\/api.w.org\/{rel}","templated":true}]}}