
{"id":11291,"date":"2023-03-31T07:50:53","date_gmt":"2023-03-31T07:50:53","guid":{"rendered":"https:\/\/lenard.tech\/producto\/une-en-1149-5\/"},"modified":"2026-02-09T09:21:47","modified_gmt":"2026-02-09T09:21:47","slug":"une-en-1149-52018","status":"publish","type":"product","link":"https:\/\/lenard.tech\/fr\/producto\/une-en-1149-52018\/","title":{"rendered":"UNE-EN 1149-5:2018"},"content":{"rendered":"<section class=\"wpb-content-wrapper\"><p>[vc_row][vc_column width=&#8221;1\/2&#8243;][vc_column_text woodmart_inline=&#8221;no&#8221; text_larger=&#8221;no&#8221;]V\u00eatements de protection &#8211; Propri\u00e9t\u00e9s \u00e9lectrostatiques &#8211; Partie 5 : Exigences de performance des mat\u00e9riaux et de conception. <em>\u00c9quivalence avec la norme EN 1149-5:2018.<\/em>[\/vc_column_text][\/vc_column][vc_column width=&#8221;1\/2&#8243;][vc_video link=&#8221;https:\/\/youtu.be\/ppMQxkaAvuk&#8221; woodmart_css_id=&#8221;67e546a622167&#8243; image_poster_switch=&#8221;no&#8221;][\/vc_column][\/vc_row][vc_row][vc_column][vc_tta_tabs][vc_tta_section title=&#8221;OBJET&#8221; tab_id=&#8221;1686207908762-cb3a112e-2c1c&#8221;][vc_column_text woodmart_inline=&#8221;no&#8221; text_larger=&#8221;no&#8221;]Cette norme sp\u00e9cifie les exigences de mati\u00e8re et de conception pour les v\u00eatements de protection statique dissipative, \u00e0 l&#8217;exclusion des gants et chaussures de protection s\u00e9par\u00e9s du v\u00eatement.[\/vc_column_text][\/vc_tta_section][vc_tta_section title=&#8221;EXIGENCES&#8221; tab_id=&#8221;1686207908771-eb542343-02a4&#8243;][vc_column_text woodmart_inline=&#8221;no&#8221; text_larger=&#8221;no&#8221;]<strong>PR\u00c9TRAITEMENT :<\/strong> Selon les instructions du fabricant ou par d\u00e9faut 5 cycles de lavage et s\u00e9chage.<\/p>\n<p><strong>CONDITIONNEMENT :\u00a0 <\/strong>minimum 24 h \u00e0 23 \u00b1 1 \u00baC avec une humidit\u00e9 relative de 25 \u00b1 5 %<\/p>\n<table style=\"height: 1227px;\" width=\"1623\">\n<tbody>\n<tr>\n<td width=\"151\"><strong>M\u00c9THODE D&#8217;ESSAI<\/strong><\/td>\n<td width=\"95\"><strong>NORME DE TEST<\/strong><\/td>\n<td width=\"255\"><strong>DESCRIPTION<\/strong><\/td>\n<td width=\"235\"><strong>EXIGENCES<\/strong><\/td>\n<\/tr>\n<tr>\n<td width=\"151\">R\u00c9SISTIVIT\u00c9 DE SURFACE<\/td>\n<td width=\"95\">EN 1149-1<\/td>\n<td width=\"255\">Tissu pr\u00e9trait\u00e9. L&#8217;\u00e9chantillon est plac\u00e9 sur une plaque de base isolante et un ensemble d&#8217;\u00e9lectrodes est plac\u00e9 sur l&#8217;\u00e9chantillon et un courant continu est appliqu\u00e9 dessus , mesurant ainsi la r\u00e9sistance du tissu.<\/td>\n<td width=\"235\">Moyenne g\u00e9om\u00e9trique de la r\u00e9sistance de surface<br \/>\n\u2264 2,5 10<sup> 9<\/sup> \u03a9<\/td>\n<\/tr>\n<tr>\n<td width=\"151\">CHARGE DE DISCIPULAT<\/td>\n<td width=\"95\">EN 1149-3<\/p>\n<p>M\u00e9thode 2<\/td>\n<td width=\"255\">Tissu pr\u00e9trait\u00e9.<\/p>\n<p>Une \u00e9lectrode de champ est plac\u00e9e sous l&#8217;\u00e9chantillon sans contact \u00e9chantillon-\u00e9lectrode. Le tissu est charg\u00e9 par induction, la charge est mesur\u00e9e, la r\u00e9duction du champ est utilis\u00e9e pour d\u00e9terminer le temps de semi-dissipation et le coefficient de protection.<\/td>\n<td width=\"235\">-Toute moyenne g\u00e9om\u00e9trique de t50 &lt; 4 s selon la m\u00e9thode 2.<\/p>\n<p>ou<\/p>\n<p>-La moyenne arithm\u00e9tique de S &gt; 0,2 selon la m\u00e9thode 2.<\/td>\n<\/tr>\n<tr>\n<td width=\"151\">DISSIPATION DE CHARGE \u00c9LECTROSTATIQUE<\/td>\n<td width=\"95\">EN 1149-5<\/td>\n<td width=\"255\">D\u00e9finit les exigences de la m\u00e9thode 2 de l&#8217;EN 1149-1 ou de la EN 1149-3<\/td>\n<td width=\"235\">-Conformit\u00e9 \u00e0 au moins une exigence de la m\u00e9thode 2 de l&#8217;EN 1149-1 ou de l&#8217;EN 1149-3.<\/p>\n<p>&#8211; Si le mat\u00e9riau contient des fils conducteurs en un motif de bandes ou de grilles, la s\u00e9paration de ces fils doit \u00eatre \u2264 10 mm<\/p>\n<p>-Si un mat\u00e9riau est compos\u00e9 de deux couches ou plus enti\u00e8rement coll\u00e9es, toutes les couches doivent r\u00e9pondre aux exigences, ou la surface int\u00e9rieure ou ext\u00e9rieure doit r\u00e9pondre aux exigences lors du test en tant que mat\u00e9riau composant. Dans le cas o\u00f9 la surface ext\u00e9rieure ne r\u00e9pond pas aux exigences, l&#8217;\u00e9paisseur combin\u00e9e des couches non dissipatives ne peut pas d\u00e9passer 2 mm.<\/td>\n<\/tr>\n<\/tbody>\n<\/table>\n<p>[\/vc_column_text][\/vc_tta_section][vc_tta_section title=&#8221;V\u00caTEMENTS&#8221; tab_id=&#8221;1686207947929-f886657a-8cbe&#8221;][vc_column_text woodmart_inline=&#8221;no&#8221; text_larger=&#8221;no&#8221;]CONCEPTION<\/p>\n<ul>\n<li>Vous devez respecter la norme EN ISO 13688<\/li>\n<li>Dans le cas o\u00f9 le v\u00eatement est compos\u00e9 de plusieurs couches distinctes, le mat\u00e9riau qui forme la couche ext\u00e9rieure doit r\u00e9pondre aux exigences mat\u00e9rielles.<\/li>\n<li>Les accessoires enti\u00e8rement adh\u00e9r\u00e9s au mat\u00e9riau ext\u00e9rieur (rev\u00eatus ou lamin\u00e9s) doivent respecter les exigences du mat\u00e9riau test\u00e9 en tant que mat\u00e9riau composite.<\/li>\n<\/ul>\n<p>[\/vc_column_text][\/vc_tta_section][vc_tta_section title=&#8221;MARQUAGE ET \u00c9TIQUETAGE&#8221; tab_id=&#8221;1769615708133-22eefd36-3b90&#8243;][vc_column_text woodmart_inline=&#8221;no&#8221; text_larger=&#8221;no&#8221;]MARQUAGE<\/p>\n<ul>\n<li>Marqu\u00e9 selon la norme ISO 13688<\/li>\n<li>Marquez avec le pictogramme suivant :<\/li>\n<\/ul>\n<p>[\/vc_column_text][vc_single_image image=&#8221;19047&#8243; img_size=&#8221;FULL&#8221; alignment=&#8221;center&#8221; parallax_scroll=&#8221;no&#8221; woodmart_inline=&#8221;no&#8221;][vc_column_text woodmart_inline=&#8221;no&#8221; text_larger=&#8221;no&#8221;]<\/p>\n<ul>\n<li>Sur les v\u00eatements, marquez \u00e9galement avec le pictogramme des instructions d&#8217;utilisation<\/li>\n<\/ul>\n<p>[\/vc_column_text][vc_single_image image=&#8221;19051&#8243; img_size=&#8221;FULL&#8221; alignment=&#8221;center&#8221; parallax_scroll=&#8221;no&#8221; woodmart_inline=&#8221;no&#8221;][\/vc_tta_section][\/vc_tta_tabs][\/vc_column][\/vc_row]<\/p>\n<\/section>","protected":false},"excerpt":{"rendered":"<p>V\u00eatements de protection &#8211; Propri\u00e9t\u00e9s \u00e9lectrostatiques &#8211; Partie 5 : Exigences de performance des mat\u00e9riaux et de conception. <span style=\"color: #ffff99;\"><em>\u00c9quivalence avec la norme EN 1149-5:2018.<\/em><\/span><\/p>\n","protected":false},"featured_media":0,"comment_status":"open","ping_status":"closed","template":"","meta":{"_mi_skip_tracking":false,"_monsterinsights_sitenote_active":false,"_monsterinsights_sitenote_note":"","_monsterinsights_sitenote_category":0},"product_cat":[884],"product_tag":[1688,2393,1729,3703],"class_list":["post-11291","product","type-product","status-publish","hentry","product_cat-norme","product_tag-antistatic-fr","product_tag-electricidad-fr","product_tag-en1149-1-fr","product_tag-lenard-fr"],"acf":[],"_links":{"self":[{"href":"https:\/\/lenard.tech\/fr\/wp-json\/wp\/v2\/product\/11291","targetHints":{"allow":["GET"]}}],"collection":[{"href":"https:\/\/lenard.tech\/fr\/wp-json\/wp\/v2\/product"}],"about":[{"href":"https:\/\/lenard.tech\/fr\/wp-json\/wp\/v2\/types\/product"}],"replies":[{"embeddable":true,"href":"https:\/\/lenard.tech\/fr\/wp-json\/wp\/v2\/comments?post=11291"}],"wp:attachment":[{"href":"https:\/\/lenard.tech\/fr\/wp-json\/wp\/v2\/media?parent=11291"}],"wp:term":[{"taxonomy":"product_cat","embeddable":true,"href":"https:\/\/lenard.tech\/fr\/wp-json\/wp\/v2\/product_cat?post=11291"},{"taxonomy":"product_tag","embeddable":true,"href":"https:\/\/lenard.tech\/fr\/wp-json\/wp\/v2\/product_tag?post=11291"}],"curies":[{"name":"wp","href":"https:\/\/api.w.org\/{rel}","templated":true}]}}