
{"id":11297,"date":"2023-03-31T07:46:38","date_gmt":"2023-03-31T07:46:38","guid":{"rendered":"https:\/\/lenard.tech\/producto\/iso-9150\/"},"modified":"2025-10-22T12:00:12","modified_gmt":"2025-10-22T12:00:12","slug":"iso-9150","status":"publish","type":"product","link":"https:\/\/lenard.tech\/fr\/producto\/iso-9150\/","title":{"rendered":"ISO 9150:1988"},"content":{"rendered":"<section class=\"wpb-content-wrapper\"><p>[vc_row][vc_column][vc_column_text woodmart_inline=&#8221;no&#8221; text_larger=&#8221;no&#8221;]V\u00eatements de protection \u2014 D\u00e9termination du comportement des mat\u00e9riaux au contact avec des petites projections de m\u00e9tal liquide[\/vc_column_text][\/vc_column][\/vc_row][vc_row][vc_column][vc_tta_tabs][vc_tta_section title=&#8221;D\u00c9FINITION&#8221; tab_id=&#8221;1686208311509-4a1f0a7b-7230&#8243;][vc_column_text woodmart_inline=&#8221;no&#8221; text_larger=&#8221;no&#8221;]Les v\u00eatements con\u00e7us pour prot\u00e9ger le porteur contre les petites projections de m\u00e9tal en fusion sont souvent soumis \u00e0 des charges thermiques \u00e9lev\u00e9es.<\/p>\n<p>Projection de gouttes de m\u00e9tal fondu en un point sur une \u00e9prouvette orient\u00e9e verticalement et mesure du nombre de gouttes n\u00e9cessaires pour provoquer une augmentation de temp\u00e9rature de 40 K sur un capteur situ\u00e9 derri\u00e8re l&#8217;\u00e9prouvette.[\/vc_column_text][\/vc_tta_section][vc_tta_section title=&#8221;PORT\u00c9E&#8221; tab_id=&#8221;1686208311517-5588d68d-18dd&#8221;][vc_column_text woodmart_inline=&#8221;no&#8221; text_larger=&#8221;no&#8221;]La pr\u00e9sente Norme internationale sp\u00e9cifie une m\u00e9thode d&#8217;essai con\u00e7ue pour \u00e9valuer les performances des mat\u00e9riaux utilis\u00e9s pour les v\u00eatements de protection lorsque ces mat\u00e9riaux sont frapp\u00e9s par de petites \u00e9claboussures de m\u00e9tal liquide, en particulier lorsque des particules d&#8217;acier en fusion sont projet\u00e9es contre le mat\u00e9riau.<\/p>\n<p>Elle s&#8217;applique \u00e0 tout mat\u00e9riau souple, ou ensemble de mat\u00e9riaux, destin\u00e9 \u00e0 prot\u00e9ger les travailleurs des petites projections de m\u00e9tal liquide. Ils ne permettent pas de conclure sur les contacts avec de grandes projections de liquide en fusion.[\/vc_column_text][\/vc_tta_section][vc_tta_section title=&#8221;D\u00c9FINITIONS&#8221; tab_id=&#8221;1686208349852-6fdd03e5-917b&#8221;][vc_column_text woodmart_inline=&#8221;no&#8221; text_larger=&#8221;no&#8221;]f Fr\u00e9quence des gouttes, exprim\u00e9e en nombre de gouttes par minute.<\/p>\n<p>m Masse d&#8217;une goutte, exprim\u00e9e en grammes[\/vc_column_text][\/vc_tta_section][vc_tta_section title=&#8221;APPAREILS \u00c9LECTROM\u00c9NAGERS&#8221; tab_id=&#8221;1686208370296-e7517b2d-9a3f&#8221;][vc_column_text woodmart_inline=&#8221;no&#8221; text_larger=&#8221;no&#8221;]<\/p>\n<ol>\n<li>Dispositif de production de gouttes de m\u00e9tal en fusion<\/li>\n<li>Capteur de mesure<\/li>\n<li>Cadre de maintien pour l&#8217;\u00e9chantillon d&#8217;essai<\/li>\n<li>Tiges en acier. Barres d&#8217;acier de masse lin\u00e9ique Q, =0,5 g\/cm + 0,2 g\/cm<\/li>\n<\/ol>\n<p>[\/vc_column_text][\/vc_tta_section][vc_tta_section title=&#8221;\u00c9CHANTILLONS&#8221; tab_id=&#8221;1686208385132-a8d18765-1d13&#8243;][vc_column_text woodmart_inline=&#8221;no&#8221; text_larger=&#8221;no&#8221;]D\u00e9couper une \u00e9prouvette de 120 mm x 20 mm dans l&#8217;\u00e9chantillon pour laboratoire \u00e0 une distance d&#8217;au moins 50 mm des bords de l&#8217;\u00e9chantillon.<\/p>\n<p>Pliez les bords de l&#8217;\u00e9chantillon d&#8217;essai \u00e0 une distance de 15 mm des deux extr\u00e9mit\u00e9s et agrafez-les pour permettre \u00e0 l&#8217;\u00e9chantillon d&#8217;\u00eatre attach\u00e9 aux pinces.<\/p>\n<p>Couper au moins 10 \u00e9prouvettes.[\/vc_column_text][\/vc_tta_section][vc_tta_section title=&#8221;CONDITIONNEMENT&#8221; tab_id=&#8221;1686208395296-bba59954-2443&#8243;][vc_column_text woodmart_inline=&#8221;no&#8221; text_larger=&#8221;no&#8221;]24H 65% HR + 2% HR \u00e0 20\u00baC + 2\u00baC[\/vc_column_text][\/vc_tta_section][vc_tta_section title=&#8221;R\u00c9P\u00c9TITION&#8221; tab_id=&#8221;1686208422988-50a1bce9-811d&#8221;][vc_column_text woodmart_inline=&#8221;no&#8221; text_larger=&#8221;no&#8221;]<\/p>\n<ul>\n<li>Avant d&#8217;effectuer le test, amener la temp\u00e9rature du capteur \u00e0 \u00b1 2 de la temp\u00e9rature ambiante.<\/li>\n<li>Pr\u00e9paration et r\u00e9glage de la tige m\u00e9tallique dans la bonne position<\/li>\n<li>R\u00e9glez la vitesse du moteur pour que la tige d&#8217;acier soit aliment\u00e9e \u00e0 la vitesse. La premi\u00e8re goutte est exclue du d\u00e9compte<\/li>\n<li>Fixez l&#8217;\u00e9chantillon de test au porte-\u00e9chantillon \u00e0 l&#8217;aide des pinces de sorte que le capteur soit compl\u00e8tement recouvert<\/li>\n<li>Pour chaque essai, notez le nombre de gouttes, X, n\u00e9cessaires pour augmenter la temp\u00e9rature \u00e0 l&#8217;int\u00e9rieur de l&#8217;\u00e9chantillon d&#8217;essai de 40 k. Testez un total de 10 \u00e9chantillons, en jetant le premier.<\/li>\n<li>Commencez le test avec la goutte suivante.<\/li>\n<li>Visez le d\u00e9bit de gaz le plus faible possible afin de minimiser le risque que des gouttelettes de m\u00e9tal volent ou \u00e9claboussent la flamme. Positionnez la tige de sorte qu&#8217;elle soit au point le plus chaud de la flamme, c&#8217;est-\u00e0-dire juste au-del\u00e0 de la pointe du c\u00f4ne bleu fonc\u00e9<\/li>\n<li>Positionnez le porte-\u00e9chantillon de sorte que la distance verticale entre le centre du jet du br\u00fbleur et l&#8217;axe horizontal du capteur soit de 110 mm + 10 mm. R\u00e9glez la distance entre l&#8217;axe de la tige et le plan vertical de la face du capteur \u00e0 60 mm + 10 mm. R\u00e9gler la distance entre l&#8217;axe de la tige et le plan passant par l&#8217;axe vertical du capteur perpendiculaire \u00e0 sa face \u00e0 15 mm + 10 mm du c\u00f4t\u00e9 oppos\u00e9 au gicleur du br\u00fbleur.<\/li>\n<li>Inclinez le guide de chute \u00e0 un angle de 45\u00ba. R\u00e9glez la distance entre la face ext\u00e9rieure de l&#8217;\u00e9chantillon d&#8217;essai et la pointe du guide \u00e0 1,5 mm + 1 mm.<\/li>\n<li>Fixez l&#8217;\u00e9chantillon de test au porte-\u00e9chantillon \u00e0 l&#8217;aide des pinces de sorte que le capteur soit compl\u00e8tement recouvert. Contrepoids(s) attach\u00e9(s). Si l&#8217;\u00e9chantillon \u00e0 tester a une face externe, cette face sera expos\u00e9e aux gouttelettes. Pour chaque essai, enregistrer le nombre de gouttes, X, n\u00e9cessaires pour \u00e9lever la temp\u00e9rature \u00e0 l&#8217;int\u00e9rieur de l&#8217;\u00e9chantillon d&#8217;essai de 40\u00a0k. Testez un total de 10 \u00e9chantillons de test.<\/li>\n<\/ul>\n<p>[\/vc_column_text][\/vc_tta_section][vc_tta_section title=&#8221;RAPPORT D&#8217;ESSAI&#8221; tab_id=&#8221;1686208436661-fc730bbe-bec9&#8243;][vc_column_text woodmart_inline=&#8221;no&#8221; text_larger=&#8221;no&#8221;]Le rapport de test comprendra les donn\u00e9es suivantes\u00a0:<\/p>\n<p>&nbsp;<\/p>\n<ol>\n<li>R\u00e9f\u00e9rence, description de l&#8217;\u00e9chantillon et densit\u00e9 surfacique<\/li>\n<li>R\u00e9f\u00e9rence de la pr\u00e9sente Norme internationale<\/li>\n<li>Valeur moyenne des r\u00e9sultats obtenus<\/li>\n<li>Observations de la flamme<\/li>\n<li>Tout incident d\u00e9tect\u00e9 pouvant avoir affect\u00e9 les r\u00e9sultats du test ou pouvant repr\u00e9senter une aggravation des dangers \u00e9ventuels.<\/li>\n<\/ol>\n<p>[\/vc_column_text][\/vc_tta_section][\/vc_tta_tabs][\/vc_column][\/vc_row]<\/p>\n<\/section>","protected":false},"excerpt":{"rendered":"<p>V\u00eatements de protection \u2014 D\u00e9termination du comportement des mat\u00e9riaux au contact avec des petites projections de m\u00e9tal liquide<\/p>\n","protected":false},"featured_media":0,"comment_status":"open","ping_status":"closed","template":"","meta":{"_mi_skip_tracking":false,"_monsterinsights_sitenote_active":false,"_monsterinsights_sitenote_note":"","_monsterinsights_sitenote_category":0},"product_cat":[884],"product_tag":[],"class_list":["post-11297","product","type-product","status-publish","hentry","product_cat-norme"],"acf":[],"_links":{"self":[{"href":"https:\/\/lenard.tech\/fr\/wp-json\/wp\/v2\/product\/11297","targetHints":{"allow":["GET"]}}],"collection":[{"href":"https:\/\/lenard.tech\/fr\/wp-json\/wp\/v2\/product"}],"about":[{"href":"https:\/\/lenard.tech\/fr\/wp-json\/wp\/v2\/types\/product"}],"replies":[{"embeddable":true,"href":"https:\/\/lenard.tech\/fr\/wp-json\/wp\/v2\/comments?post=11297"}],"wp:attachment":[{"href":"https:\/\/lenard.tech\/fr\/wp-json\/wp\/v2\/media?parent=11297"}],"wp:term":[{"taxonomy":"product_cat","embeddable":true,"href":"https:\/\/lenard.tech\/fr\/wp-json\/wp\/v2\/product_cat?post=11297"},{"taxonomy":"product_tag","embeddable":true,"href":"https:\/\/lenard.tech\/fr\/wp-json\/wp\/v2\/product_tag?post=11297"}],"curies":[{"name":"wp","href":"https:\/\/api.w.org\/{rel}","templated":true}]}}