
{"id":11300,"date":"2023-03-31T07:45:41","date_gmt":"2023-03-31T07:45:41","guid":{"rendered":"https:\/\/lenard.tech\/producto\/en-iso-14116\/"},"modified":"2025-11-06T15:09:19","modified_gmt":"2025-11-06T15:09:19","slug":"en-iso-141162015","status":"publish","type":"product","link":"https:\/\/lenard.tech\/fr\/producto\/en-iso-141162015\/","title":{"rendered":"EN ISO 14116:2015"},"content":{"rendered":"<section class=\"wpb-content-wrapper\"><p>[vc_row][vc_column][vc_column_text woodmart_inline=&#8221;no&#8221; text_larger=&#8221;no&#8221;]V\u00eatements de protection &#8211; Protection contre les flammes &#8211; Mat\u00e9riaux, assemblages de mat\u00e9riaux et v\u00eatements \u00e0 propagation de flamme limit\u00e9e. <em>\u00c9quivalence avec les normes UNE-EN ISO 14116:2015 et ISO 14116:2015.<\/em>[\/vc_column_text][\/vc_column][\/vc_row][vc_row][vc_column][vc_tta_tabs][vc_tta_section title=&#8221;D\u00c9FINITION&#8221; tab_id=&#8221;1686218509273-990dcffb-2cf2&#8243;][vc_column_text woodmart_inline=&#8221;no&#8221; text_larger=&#8221;no&#8221;]La pr\u00e9sente Norme internationale \u00e9tablit les exigences essentielles minimales de s\u00e9curit\u00e9 et les m\u00e9thodes d&#8217;essai pour les v\u00eatements de protection qui doivent \u00eatre port\u00e9s afin de r\u00e9duire la possibilit\u00e9 de br\u00fblures occasionnelles et de brefs contacts avec de petites flammes. Pour les risques plus \u00e9lev\u00e9s, basez-vous sur la norme EN 11612. Cette norme ne couvre pas les exigences relatives \u00e0 la protection des mains.[\/vc_column_text][\/vc_tta_section][vc_tta_section title=&#8221;PR\u00c9-TRAITEMENT&#8221; tab_id=&#8221;1686218509281-4a986197-999f&#8221;][vc_single_image image=&#8221;11885&#8243; img_size=&#8221;full&#8221; alignment=&#8221;center&#8221; parallax_scroll=&#8221;no&#8221; woodmart_inline=&#8221;no&#8221;][\/vc_tta_section][vc_tta_section title=&#8221;MOTIF&#8221; tab_id=&#8221;1686218543311-5b9e61e3-4cbb&#8221;][vc_column_text woodmart_inline=&#8221;no&#8221; text_larger=&#8221;no&#8221;]<\/p>\n<ul>\n<li>Les v\u00eatements monocouches doivent avoir un indice minimum de 2 ou 3 et ne peuvent pas \u00eatre en contact avec la peau.<\/li>\n<li>Exigences selon EN 13688.<\/li>\n<\/ul>\n<p>[\/vc_column_text][\/vc_tta_section][vc_tta_section title=&#8221;MARQUEAGE&#8221; tab_id=&#8221;1686218551905-567dc26c-251a&#8221;][vc_column_text woodmart_inline=&#8221;no&#8221; text_larger=&#8221;no&#8221;]<\/p>\n<ul>\n<li>Indiquez le nombre de lavages maximum<\/li>\n<li>Indiquer l&#8217;index conforme<\/li>\n<li>Indiquez s&#8217;il s&#8217;agit d&#8217;un v\u00eatement monocouche ou multicouche.<\/li>\n<\/ul>\n<p>[\/vc_column_text][\/vc_tta_section][\/vc_tta_tabs][\/vc_column][\/vc_row]<\/p>\n<\/section>","protected":false},"excerpt":{"rendered":"<p>V\u00eatements de protection &#8211; Protection contre les flammes &#8211; Mat\u00e9riaux, assemblages de mat\u00e9riaux et v\u00eatements \u00e0 propagation de flamme limit\u00e9e. <span style=\"color: #ffff99;\"><em>\u00c9quivalence avec les normes UN-EN ISO 14116:2015 et ISO 14116:2015.<\/em><\/span><\/p>\n","protected":false},"featured_media":0,"comment_status":"open","ping_status":"closed","template":"","meta":{"_mi_skip_tracking":false,"_monsterinsights_sitenote_active":false,"_monsterinsights_sitenote_note":"","_monsterinsights_sitenote_category":0},"product_cat":[884],"product_tag":[],"class_list":["post-11300","product","type-product","status-publish","hentry","product_cat-norme"],"acf":[],"_links":{"self":[{"href":"https:\/\/lenard.tech\/fr\/wp-json\/wp\/v2\/product\/11300","targetHints":{"allow":["GET"]}}],"collection":[{"href":"https:\/\/lenard.tech\/fr\/wp-json\/wp\/v2\/product"}],"about":[{"href":"https:\/\/lenard.tech\/fr\/wp-json\/wp\/v2\/types\/product"}],"replies":[{"embeddable":true,"href":"https:\/\/lenard.tech\/fr\/wp-json\/wp\/v2\/comments?post=11300"}],"wp:attachment":[{"href":"https:\/\/lenard.tech\/fr\/wp-json\/wp\/v2\/media?parent=11300"}],"wp:term":[{"taxonomy":"product_cat","embeddable":true,"href":"https:\/\/lenard.tech\/fr\/wp-json\/wp\/v2\/product_cat?post=11300"},{"taxonomy":"product_tag","embeddable":true,"href":"https:\/\/lenard.tech\/fr\/wp-json\/wp\/v2\/product_tag?post=11300"}],"curies":[{"name":"wp","href":"https:\/\/api.w.org\/{rel}","templated":true}]}}