
{"id":11303,"date":"2023-03-31T07:44:55","date_gmt":"2023-03-31T07:44:55","guid":{"rendered":"https:\/\/lenard.tech\/producto\/en-17493\/"},"modified":"2025-10-22T11:45:17","modified_gmt":"2025-10-22T11:45:17","slug":"iso-17493-2016","status":"publish","type":"product","link":"https:\/\/lenard.tech\/fr\/producto\/iso-17493-2016\/","title":{"rendered":"ISO 17493: 2016"},"content":{"rendered":"<section class=\"wpb-content-wrapper\"><p>[vc_row][vc_column][vc_video link=&#8221;https:\/\/youtu.be\/f3exU9IPSV4&#8243; woodmart_css_id=&#8221;67e52d5fb30b0&#8243; image_poster_switch=&#8221;no&#8221;][vc_column_text woodmart_inline=&#8221;no&#8221; text_larger=&#8221;no&#8221;]V\u00eatements et \u00e9quipement de protection contre la chaleur \u2014 M\u00e9thode d&#8217;essai de la r\u00e9sistance \u00e0 la chaleur de convection au moyen d&#8217;un four \u00e0 circulation d&#8217;air chaud[\/vc_column_text][\/vc_column][\/vc_row][vc_row][vc_column][vc_tta_tabs][vc_tta_section title=&#8221;D\u00c9FINITION&#8221; tab_id=&#8221;1686220657824-a97f33f8-2277&#8243;][vc_column_text woodmart_inline=&#8221;no&#8221; text_larger=&#8221;no&#8221;]Cette m\u00e9thode d&#8217;essai permet d&#8217;\u00e9valuer la r\u00e9sistance \u00e0 la chaleur des mat\u00e9riaux, des v\u00eatements de protection et des \u00e9quipements.[\/vc_column_text][\/vc_tta_section][vc_tta_section title=&#8221;D\u00c9BUT&#8221; tab_id=&#8221;1686220657836-f6e3b4af-7882&#8243;][vc_column_text woodmart_inline=&#8221;no&#8221; text_larger=&#8221;no&#8221;]Les \u00e9chantillons sont suspendus dans un four \u00e0 circulation d&#8217;air chaud pendant 5 minutes \u00e0 la temp\u00e9rature d&#8217;essai sp\u00e9cifi\u00e9e de 180\u00b0C ou 260\u00b0C pendant 5 minutes. Toutes les observations visibles telles que la carbonisation, la d\u00e9formation, la d\u00e9gradation, le d\u00e9laminage, la fragilit\u00e9, l&#8217;\u00e9caillage, la formation de trous, l&#8217;inflammation, la fusion, la s\u00e9paration ou le fractionnement de l&#8217;\u00e9chantillon sont enregistr\u00e9es et mesurent le retrait.<\/p>\n<p>Les observations de d\u00e9gradation, de fragilit\u00e9, de clivage, de s\u00e9paration ou d&#8217;\u00e9caillage peuvent \u00eatre consid\u00e9r\u00e9es comme subjectives et ne doivent pas \u00eatre utilis\u00e9es comme crit\u00e8res de r\u00e9ussite\/d&#8217;\u00e9chec pour une norme de produit.[\/vc_column_text][\/vc_tta_section][vc_tta_section title=&#8221;\u00c9QUIPES&#8221; tab_id=&#8221;1686220686801-896e0c14-14a3&#8243;][vc_column_text woodmart_inline=&#8221;no&#8221; text_larger=&#8221;no&#8221;]<\/p>\n<ul>\n<li>Four \u00e0 circulation d&#8217;air forc\u00e9, capable de maintenir la temp\u00e9rature d&#8217;essai pendant une p\u00e9riode de 5 min et d&#8217;un volume interne suffisant pour permettre la suspension de l&#8217;\u00e9chantillon d&#8217;essai<\/li>\n<\/ul>\n<p>Les essais seront effectu\u00e9s \u00e0 la temp\u00e9rature d&#8217;essai sp\u00e9cifi\u00e9e dans la norme de r\u00e9f\u00e9rence. Sauf indication contraire, les essais doivent \u00eatre effectu\u00e9s \u00e0 une temp\u00e9rature d&#8217;essai de (180)\u00b0C ou (260)\u00b0C.<\/p>\n<p>L&#8217;\u00e9cart maximal de temp\u00e9rature par rapport aux niveaux de temp\u00e9rature sp\u00e9cifi\u00e9s dans\u00a0:<\/p>\n<p>\u2014\u00a0\u00a0\u00a0\u00a0\u00a0\u00a0\u00a0\u00a0 260 \u00b0C pour chacun des neuf thermocouples ne doit pas d\u00e9passer 6,5 \u00b0C<\/p>\n<p>\u2014\u00a0\u00a0\u00a0\u00a0\u00a0\u00a0\u00a0\u00a0 180 \u00b0C pour chacun des neuf thermocouples ne doit pas d\u00e9passer 4,5 \u00b0C.<\/p>\n<ul>\n<li>Gabarits rigides et carr\u00e9s pour le dimensionnement des tubes \u00e0 essai de mat\u00e9riaux<\/li>\n<\/ul>\n<p>Un gabarit de 375 mm \u00d7 375 mm doit \u00eatre utilis\u00e9 pour dimensionner les mat\u00e9riaux plats soumis \u00e0\u00a0\u00a0\u00a0\u00a0\u00a0\u00a0\u00a0\u00a0\u00a0\u00a0\u00a0 mesures de retrait.<\/p>\n<p>Un gabarit de 150 mm \u00d7 150 mm peut \u00eatre utilis\u00e9 pour les mat\u00e9riaux plats qui ne sont pas soumis \u00e0 des mesures de retrait.<\/p>\n<ul>\n<li>Cadre extensible pour mesurer le r\u00e9tr\u00e9cissement des mat\u00e9riaux tricot\u00e9s.<\/li>\n<\/ul>\n<p>[\/vc_column_text][\/vc_tta_section][vc_tta_section title=&#8221;\u00c9CHANTILLONS&#8221; tab_id=&#8221;1686220698017-3a206589-6633&#8243;][vc_column_text woodmart_inline=&#8221;no&#8221; text_larger=&#8221;no&#8221;]Testez un minimum de trois \u00e9chantillons de 375 mm x 375 mm d\u00e9coup\u00e9s \u00e0 l&#8217;aide du gabarit mentionn\u00e9 ci-dessus.[\/vc_column_text][\/vc_tta_section][vc_tta_section title=&#8221;PROC\u00c9DURE POUR LES TEXTILES CHA\u00ceNE ET TRAME&#8221; tab_id=&#8221;1686220706150-e211496a-a24e&#8221;][vc_column_text woodmart_inline=&#8221;no&#8221; text_larger=&#8221;no&#8221;]<\/p>\n<ul>\n<li>Marquez la distance entre les deux marques de chaque \u00e9chantillon avec une distance de 275 mm.<\/li>\n<li>Chauffer le four \u00e0 la temp\u00e9rature sp\u00e9cifi\u00e9e et stabiliser pendant 30 min.<\/li>\n<li>Suspendre l&#8217;\u00e9chantillon par des crochets m\u00e9talliques en haut et au centre dans le four pendant 5 min.<\/li>\n<li>Cinq minutes apr\u00e8s l&#8217;exposition sp\u00e9cifi\u00e9e, si n\u00e9cessaire, mesurer les dimensions marqu\u00e9es de l&#8217;\u00e9chantillon pour d\u00e9terminer le pourcentage de retrait dans les deux directions principales. Tirez les \u00e9chantillons de tissu tricot\u00e9 \u00e0 leurs dimensions d&#8217;origine pendant 10 min, puis retirez les \u00e9chantillons du cadre et laissez les \u00e9chantillons se d\u00e9tendre pendant 10 min avant la mesure pour d\u00e9terminer la r\u00e9ussite\/l&#8217;\u00e9chec.<\/li>\n<\/ul>\n<p>[\/vc_column_text][\/vc_tta_section][vc_tta_section title=&#8221;R\u00c9SULTATS SELON ISO 11612:2015\u00e0 180\u00baC&#8221; tab_id=&#8221;1686220744202-7e6db39e-c192&#8243;][vc_column_text woodmart_inline=&#8221;no&#8221; text_larger=&#8221;no&#8221;]-Aucun tissu ne peut prendre feu<\/p>\n<p>-Aucun tissu ne peut \u00eatre fondu<\/p>\n<p>-Aucun tissu ne peut r\u00e9tr\u00e9cir de plus de 5%[\/vc_column_text][\/vc_tta_section][vc_tta_section title=&#8221;R\u00c9SULTATS SELON ISO 15384 \u00e0 260\u00baC&#8221; tab_id=&#8221;1686220763829-dc0f1102-3249&#8243;][vc_column_text woodmart_inline=&#8221;no&#8221; text_larger=&#8221;no&#8221;]-Aucun tissu ne peut prendre feu<\/p>\n<p>-Aucun tissu ne peut \u00eatre fondu<\/p>\n<p>-Aucun tissu ne peut r\u00e9tr\u00e9cir de plus de 10%[\/vc_column_text][\/vc_tta_section][\/vc_tta_tabs][\/vc_column][\/vc_row]<\/p>\n<\/section>","protected":false},"excerpt":{"rendered":"<p>V\u00eatements et \u00e9quipement de protection contre la chaleur \u2014 M\u00e9thode d&#8217;essai de la r\u00e9sistance \u00e0 la chaleur de convection au moyen d&#8217;un four \u00e0 circulation d&#8217;air chaud<\/p>\n","protected":false},"featured_media":0,"comment_status":"open","ping_status":"closed","template":"","meta":{"_mi_skip_tracking":false,"_monsterinsights_sitenote_active":false,"_monsterinsights_sitenote_note":"","_monsterinsights_sitenote_category":0},"product_cat":[884],"product_tag":[],"class_list":["post-11303","product","type-product","status-publish","hentry","product_cat-norme"],"acf":[],"_links":{"self":[{"href":"https:\/\/lenard.tech\/fr\/wp-json\/wp\/v2\/product\/11303","targetHints":{"allow":["GET"]}}],"collection":[{"href":"https:\/\/lenard.tech\/fr\/wp-json\/wp\/v2\/product"}],"about":[{"href":"https:\/\/lenard.tech\/fr\/wp-json\/wp\/v2\/types\/product"}],"replies":[{"embeddable":true,"href":"https:\/\/lenard.tech\/fr\/wp-json\/wp\/v2\/comments?post=11303"}],"wp:attachment":[{"href":"https:\/\/lenard.tech\/fr\/wp-json\/wp\/v2\/media?parent=11303"}],"wp:term":[{"taxonomy":"product_cat","embeddable":true,"href":"https:\/\/lenard.tech\/fr\/wp-json\/wp\/v2\/product_cat?post=11303"},{"taxonomy":"product_tag","embeddable":true,"href":"https:\/\/lenard.tech\/fr\/wp-json\/wp\/v2\/product_tag?post=11303"}],"curies":[{"name":"wp","href":"https:\/\/api.w.org\/{rel}","templated":true}]}}