
{"id":11306,"date":"2023-03-31T07:43:25","date_gmt":"2023-03-31T07:43:25","guid":{"rendered":"https:\/\/lenard.tech\/producto\/en-12945-2\/"},"modified":"2025-10-22T13:34:18","modified_gmt":"2025-10-22T13:34:18","slug":"une-en-iso-12945-22020","status":"publish","type":"product","link":"https:\/\/lenard.tech\/fr\/producto\/une-en-iso-12945-22020\/","title":{"rendered":"UNE-EN ISO 12945-2:2020"},"content":{"rendered":"<section class=\"wpb-content-wrapper\"><p>[vc_row][vc_column width=&#8221;1\/2&#8243;][vc_column_text woodmart_inline=&#8221;no&#8221; text_larger=&#8221;no&#8221;]Textiles &#8211; D\u00e9termination de la propension au boulochage, \u00e0 l&#8217;\u00e9bouriffage ou au moutonnement des \u00e9toffes en surface &#8211; Partie 2: M\u00e9thode du Martindale modifi\u00e9e. <em>\u00c9quivalence avec les normes EN ISO 12945-2:2020 et ISO 12945-2:2020.<\/em>[\/vc_column_text][\/vc_column][vc_column width=&#8221;1\/2&#8243;][vc_video link=&#8221;https:\/\/youtu.be\/mnq0mWM2Qsk&#8221; woodmart_css_id=&#8221;67e5471393292&#8243; image_poster_switch=&#8221;no&#8221;][\/vc_column][\/vc_row][vc_row][vc_column][vc_tta_tabs][vc_tta_section title=&#8221;D\u00c9FINITION&#8221; tab_id=&#8221;1686214047079-4822c776-c0c3&#8243;][vc_column_text woodmart_inline=&#8221;no&#8221; text_larger=&#8221;no&#8221;]Le boulochage se forme lorsque les fibres \u00e0 la surface d&#8217;un tissu se redressent et s&#8217;emm\u00ealent pendant l&#8217;usage. Il s&#8217;agit g\u00e9n\u00e9ralement d&#8217;une d\u00e9t\u00e9rioration de surface ind\u00e9sirable, mais le degr\u00e9 de tol\u00e9rance du consommateur pour un niveau donn\u00e9 de boulochage d\u00e9pendra du type de v\u00eatement et de l&#8217;utilisation g\u00e9n\u00e9rale du tissu[\/vc_column_text][\/vc_tta_section][vc_tta_section title=&#8221;M\u00c9THODE&#8221; tab_id=&#8221;1686214047091-58821164-b8b7&#8243;][vc_column_text woodmart_inline=&#8221;no&#8221; text_larger=&#8221;no&#8221;]Une \u00e9prouvette circulaire sur une surface frottante constitu\u00e9e du m\u00eame tissu ou, le cas \u00e9ch\u00e9ant, d&#8217;un tissu de laine abrasif, est soumise \u00e0 une force d\u00e9finie en d\u00e9crivant une courbe de Lissajous avec l&#8217;\u00e9prouvette, capable de tourner facilement autour d&#8217;un axe passant par son centre, perpendiculaire au plan de l&#8217;\u00e9prouvette. Le fuzz et le boulochage sont \u00e9valu\u00e9s visuellement apr\u00e8s les \u00e9tapes d\u00e9finies du test.[\/vc_column_text][\/vc_tta_section][vc_tta_section title=&#8221;APPAREILS ET AUXILIAIRES&#8221; tab_id=&#8221;1686214075556-6f72b542-c8bf&#8221;][vc_column_text woodmart_inline=&#8221;no&#8221; text_larger=&#8221;no&#8221;]Machine d&#8217;essai d&#8217;abrasion Martindale\u00a0:<\/p>\n<ul>\n<li>Plaques pour la formation de petites boules<\/li>\n<li>Compteur<\/li>\n<li>Plaque de guidage du porte-\u00e9chantillon<\/li>\n<li>Porte-\u00e9chantillon<\/li>\n<li>Chargez les pi\u00e8ces (415\u00a0g ou 155\u00a0g selon la cat\u00e9gorie de test)<\/li>\n<li>Dispositif auxiliaire pour placer l&#8217;\u00e9chantillon<\/li>\n<li>Charge de mise en place de l&#8217;\u00e9prouvette sur le plateau pour la formation des boules,<\/li>\n<li>Cabine d&#8217;observation<\/li>\n<li>Tissu frottant<\/li>\n<li>Tissu abrasif en laine sp\u00e9cifi\u00e9 dans la norme ISO 12947-1.<\/li>\n<\/ul>\n<p>[\/vc_column_text][\/vc_tta_section][vc_tta_section title=&#8221;\u00c9CHANTILLONS&#8221; tab_id=&#8221;1686214087620-c4b3498f-df49&#8243;][vc_column_text woodmart_inline=&#8221;no&#8221; text_larger=&#8221;no&#8221;]<\/p>\n<ul>\n<li>L&#8217;\u00e9chantillon \u00e0 placer dans le porte-\u00e9chantillon doit \u00eatre un disque de (140\u00b15) j mm de diam\u00e8tre. L&#8217;\u00e9prouvette \u00e0 placer dans la plaque de pastillage peut avoir (140\u00b15) j mm de diam\u00e8tre ou (150 \u00b1 2) mm de longueur et de largeur, selon le cas.<\/li>\n<li>Un minimum de trois ensembles d&#8217;\u00e9chantillons est requis achev\u00e9e, car un ensemble complet comprend un \u00e9chantillon pour le porte-\u00e9chantillon et un \u00e9chantillon pour la plaque de granulation \u00e9galement un \u00e9chantillon pour un essai suppl\u00e9mentaire pour l&#8217;analyse comparative. En cas d&#8217;utilisation du tissu frottant en laine sur la plaque de boulochage, au moins trois \u00e9chantillons du tissu test\u00e9 sont n\u00e9cessaires pour les porte-\u00e9chantillons<\/li>\n<li>Conditionnement : 16h ISO 139<\/li>\n<li>L&#8217;\u00e9chantillon peut \u00eatre test\u00e9 dans son \u00e9tat d&#8217;origine ou apr\u00e8s son pr\u00e9traitement.<\/li>\n<\/ul>\n<p>[\/vc_column_text][\/vc_tta_section][vc_tta_section title=&#8221;CATEGORIES D\u00b4ESSAIS&#8221; tab_id=&#8221;1686214096395-4d69394d-6184&#8243;][vc_single_image image=&#8221;11845&#8243; img_size=&#8221;full&#8221; alignment=&#8221;center&#8221; parallax_scroll=&#8221;no&#8221; woodmart_inline=&#8221;no&#8221;][\/vc_tta_section][vc_tta_section title=&#8221;\u00c9VALUATION VISUELLE DE LA FORMATION DE PILLING, DE FUZZ ET D&#8217;ENFILEMENTS DE FIBRES&#8221; tab_id=&#8221;1686214115169-7b57a150-3ce3&#8243;][vc_single_image image=&#8221;11849&#8243; img_size=&#8221;full&#8221; alignment=&#8221;center&#8221; parallax_scroll=&#8221;no&#8221; woodmart_inline=&#8221;no&#8221;][\/vc_tta_section][\/vc_tta_tabs][\/vc_column][\/vc_row]<\/p>\n<\/section>","protected":false},"excerpt":{"rendered":"<p>Textiles &#8211; D\u00e9termination de la propension au boulochage, \u00e0 l&#8217;\u00e9bouriffage ou au moutonnement des \u00e9toffes en surface &#8211; Partie 2: M\u00e9thode du Martindale modifi\u00e9e. <span style=\"color: #ffff99;\"><em>\u00c9quivalence avec les normes EN ISO 12945-2:2020 et ISO 12945-2:2020.<\/em><\/span><\/p>\n","protected":false},"featured_media":0,"comment_status":"open","ping_status":"closed","template":"","meta":{"_mi_skip_tracking":false,"_monsterinsights_sitenote_active":false,"_monsterinsights_sitenote_note":"","_monsterinsights_sitenote_category":0},"product_cat":[884],"product_tag":[],"class_list":["post-11306","product","type-product","status-publish","hentry","product_cat-norme"],"acf":[],"_links":{"self":[{"href":"https:\/\/lenard.tech\/fr\/wp-json\/wp\/v2\/product\/11306","targetHints":{"allow":["GET"]}}],"collection":[{"href":"https:\/\/lenard.tech\/fr\/wp-json\/wp\/v2\/product"}],"about":[{"href":"https:\/\/lenard.tech\/fr\/wp-json\/wp\/v2\/types\/product"}],"replies":[{"embeddable":true,"href":"https:\/\/lenard.tech\/fr\/wp-json\/wp\/v2\/comments?post=11306"}],"wp:attachment":[{"href":"https:\/\/lenard.tech\/fr\/wp-json\/wp\/v2\/media?parent=11306"}],"wp:term":[{"taxonomy":"product_cat","embeddable":true,"href":"https:\/\/lenard.tech\/fr\/wp-json\/wp\/v2\/product_cat?post=11306"},{"taxonomy":"product_tag","embeddable":true,"href":"https:\/\/lenard.tech\/fr\/wp-json\/wp\/v2\/product_tag?post=11306"}],"curies":[{"name":"wp","href":"https:\/\/api.w.org\/{rel}","templated":true}]}}