
{"id":11309,"date":"2023-03-31T07:42:28","date_gmt":"2023-03-31T07:42:28","guid":{"rendered":"https:\/\/lenard.tech\/producto\/en-11092\/"},"modified":"2026-04-15T14:21:23","modified_gmt":"2026-04-15T14:21:23","slug":"en-110922015","status":"publish","type":"product","link":"https:\/\/lenard.tech\/fr\/producto\/en-110922015\/","title":{"rendered":"EN 11092:2015"},"content":{"rendered":"<section class=\"wpb-content-wrapper\"><p>[vc_row][vc_column][vc_column_text woodmart_inline=&#8221;no&#8221; text_larger=&#8221;no&#8221;]Textiles &#8211; Effets physiologiques &#8211; Mesurage de la r\u00e9sistance thermique et de la r\u00e9sistance \u00e0 la vapeur d&#8217;eau en r\u00e9gime stationnaire (essai de la plaque chaude gard\u00e9e transpirante) <em>\u00c9quivalence avec EN ISO 11902:2014 et ISO 11092:20214<\/em>[\/vc_column_text][\/vc_column][\/vc_row][vc_row][vc_column][vc_tta_tabs][vc_tta_section title=&#8221;OBJET ET DOMAINE D&#8217;APPLICATION&#8221; tab_id=&#8221;1686208956949-2f141b25-5433&#8243;][vc_column_text woodmart_inline=&#8221;no&#8221; text_larger=&#8221;no&#8221;]La r\u00e9sistance thermique est le r\u00e9sultat net de la combinaison des transferts de chaleur par convection, conduction et rayonnement, et sa valeur d\u00e9pend de la contribution de chacun d&#8217;eux au transfert de chaleur total. Bien qu&#8217;il s&#8217;agisse d&#8217;une propri\u00e9t\u00e9 intrins\u00e8que du mat\u00e9riau textile, sa valeur mesur\u00e9e peut changer avec les conditions de test, en raison de l&#8217;interaction de param\u00e8tres, tels que le transfert de chaleur rayonnante avec l&#8217;environnement.<\/p>\n<p>La m\u00e9thode de la plaque chauffante prot\u00e9g\u00e9e contre la transpiration (souvent appel\u00e9e &#8220;mod\u00e8le cutan\u00e9&#8221;) d\u00e9crite dans la pr\u00e9sente Norme internationale est con\u00e7ue pour simuler les processus de transfert de chaleur et de masse qui se produisent \u00e0 proximit\u00e9 de la peau humaine.<\/p>\n<p>L&#8217;application de cette technique de mesure est limit\u00e9e \u00e0 des valeurs maximales de r\u00e9sistance thermique et de r\u00e9sistance \u00e0 la vapeur d&#8217;eau qui d\u00e9pendent des dimensions et de la construction de l&#8217;appareil utilis\u00e9.[\/vc_column_text][\/vc_tta_section][vc_tta_section title=&#8221;TERMES ET D\u00c9FINITIONS&#8221; tab_id=&#8221;1686208956960-f7bbd5c1-bc32&#8243;][vc_column_text woodmart_inline=&#8221;no&#8221; text_larger=&#8221;no&#8221;]<\/p>\n<ol>\n<li>\n<ol>\n<li>R\u00e9sistance thermique, Rct :<\/li>\n<li>La diff\u00e9rence de temp\u00e9rature entre les deux faces d&#8217;un mat\u00e9riau, divis\u00e9e par le flux de chaleur r\u00e9sultant par unit\u00e9 de surface dans la direction du gradient.<\/li>\n<\/ol>\n<ol start=\"3\">\n<li>R\u00e9sistance \u00e0 la vapeur d&#8217;eau, Ret :<\/li>\n<li>La diff\u00e9rence de pression de vapeur d&#8217;eau entre les deux faces d&#8217;un mat\u00e9riau divis\u00e9e par le flux de chaleur par \u00e9vaporation r\u00e9sultant par unit\u00e9 de surface dans la direction du gradient.<\/li>\n<li>Indice de perm\u00e9abilit\u00e9 \u00e0 la vapeur d&#8217;eau, imt :<\/li>\n<li>Relation entre la r\u00e9sistance thermique et la vapeur d&#8217;eau.<\/li>\n<li>4 Perm\u00e9abilit\u00e9 \u00e0 la vapeur d&#8217;eau, Wd\u00a0:<\/li>\n<li>Caract\u00e9ristique d&#8217;un mat\u00e9riau textile, ou composite, qui d\u00e9pend de sa r\u00e9sistance \u00e0 la vapeur d&#8217;eau et \u00e0 la temp\u00e9rature.<\/li>\n<\/ol>\n<p>&nbsp;<\/li>\n<\/ol>\n<p>[\/vc_column_text][\/vc_tta_section][vc_tta_section title=&#8221;\u00c9QUIPE&#8221; tab_id=&#8221;1686208992589-baaafdb9-2578&#8243;][vc_column_text woodmart_inline=&#8221;no&#8221; text_larger=&#8221;no&#8221;]Unit\u00e9 de mesure, avec contr\u00f4le de la temp\u00e9rature et de l&#8217;alimentation en eau, constitu\u00e9e d&#8217;une plaque m\u00e9tallique d&#8217;environ 3 mm d&#8217;\u00e9paisseur, fix\u00e9e sur un bloc m\u00e9tallique conducteur contenant un \u00e9l\u00e9ment chauffant contenant un \u00e9l\u00e9ment chauffant \u00e9lectrique. Pour la mesure de la r\u00e9sistance \u00e0 la vapeur d&#8217;eau, la plaque m\u00e9tallique doit \u00eatre poreuse. Il est entour\u00e9 d&#8217;un \u00e9cran thermique, lui-m\u00eame situ\u00e9 dans une ouverture d&#8217;une table de mesure.[\/vc_column_text][vc_single_image image=&#8221;11829&#8243; img_size=&#8221;full&#8221; alignment=&#8221;center&#8221; parallax_scroll=&#8221;no&#8221; woodmart_inline=&#8221;no&#8221;][\/vc_tta_section][vc_tta_section title=&#8221;TUBES \u00c0 ESSAI&#8221; tab_id=&#8221;1686209004902-dc634229-c2a9&#8243;][vc_column_text woodmart_inline=&#8221;no&#8221; text_larger=&#8221;no&#8221;]<\/p>\n<ul>\n<li>Mat\u00e9riaux \u00e9pais <u>&lt;<\/u> 5 mm<br \/>\nDe chaque mat\u00e9riau \u00e0 tester, un minimum de trois \u00e9prouvettes doit \u00eatre d\u00e9coup\u00e9 et test\u00e9.<br \/>\nAvant l&#8217;essai, les \u00e9prouvettes doivent \u00eatre conditionn\u00e9es pendant au moins 12 h, \u00e0 20\u00ba C 65% HR en cas de Ret et 35\u00ba C 40% HR en cas de RET.<\/li>\n<\/ul>\n<ul>\n<li>Mat\u00e9riaux \u00e9pais &gt; 5 mm<br \/>\nLes \u00e9prouvettes comprises dans cette cat\u00e9gorie n\u00e9cessitent une proc\u00e9dure d&#8217;essai sp\u00e9ciale pour \u00e9viter la perte de chaleur ou de vapeur d&#8217;eau par leurs bords et un conditionnement de 24 heures dans les conditions sp\u00e9cifi\u00e9es au point pr\u00e9c\u00e9dent.<\/li>\n<\/ul>\n<p>[\/vc_column_text][\/vc_tta_section][vc_tta_section title=&#8221;PROC\u00c9DURE DE TEST&#8221; tab_id=&#8221;1686209022186-87421298-8a75&#8243;][vc_column_text woodmart_inline=&#8221;no&#8221; text_larger=&#8221;no&#8221;]Dans les valeurs de la r\u00e9sistance thermique et \u00e0 la vapeur d&#8217;eau, mesur\u00e9es avec le dispositif d\u00e9crit dans la pr\u00e9sente Norme internationale, les constantes intrins\u00e8ques du dispositif sont incluses.<\/p>\n<p>Pour d\u00e9terminer la r\u00e9sistance \u00e0 la vapeur d&#8217;eau, une plaque poreuse chauff\u00e9e \u00e9lectriquement est rev\u00eatue d&#8217;une membrane imperm\u00e9able \u00e0 l&#8217;eau liquide mais perm\u00e9able \u00e0 la vapeur d&#8217;eau. L&#8217;eau fournie \u00e0 la plaque chauffante s&#8217;\u00e9vapore et traverse la membrane sous forme de vapeur, de sorte que l&#8217;eau liquide n&#8217;entre pas en contact avec le tube \u00e0 essai. Avec l&#8217;\u00e9prouvette plac\u00e9e sur la membrane, le flux de chaleur n\u00e9cessaire pour maintenir la plaque \u00e0 une temp\u00e9rature constante est une mesure du degr\u00e9 d&#8217;\u00e9vaporation de l&#8217;eau et \u00e0 partir de l\u00e0, la r\u00e9sistance \u00e0 la vapeur d&#8217;eau de l&#8217;\u00e9prouvette est d\u00e9termin\u00e9e.<\/p>\n<ol>\n<li>ASSEMBLAGE DES \u00c9PROUVETTES SUR L&#8217;UNIT\u00c9 DE MESURE<\/li>\n<\/ol>\n<p>Les \u00e9prouvettes doivent \u00eatre plac\u00e9es de mani\u00e8re \u00e0 reposer \u00e0 plat dans l&#8217;unit\u00e9 de mesure, avec le c\u00f4t\u00e9 qui fait normalement face au corps humain, vers l&#8217;unit\u00e9 de mesure. Les bulles et les plis dans l&#8217;\u00e9prouvette ou les vides d&#8217;air entre l&#8217;\u00e9prouvette et l&#8217;unit\u00e9 de mesure doivent \u00eatre \u00e9vit\u00e9s.<\/p>\n<ol start=\"2\">\n<li>MESURE DE LA R\u00c9SISTANCE THERMIQUE, Rct<\/li>\n<\/ol>\n<p>La temp\u00e9rature de l&#8217;unit\u00e9 de mesure, Tm, est fix\u00e9e \u00e0 35\u00b0C et la temp\u00e9rature de l&#8217;air, Ta, est fix\u00e9e \u00e0 20\u00b0C, avec une HR de 65%. La vitesse de l&#8217;air, va, est fix\u00e9e \u00e0 1 m\/s.<\/p>\n<ol start=\"3\">\n<li>MESURE DE LA R\u00c9SISTANCE \u00c0 LA VAPEUR D&#8217;EAU, Ret<\/li>\n<\/ol>\n<p>Pour la mesure de la r\u00e9sistance \u00e0 la vapeur d&#8217;eau, une membrane de cellophane imperm\u00e9able \u00e0 l&#8217;eau liquide, mais perm\u00e9able \u00e0 la vapeur d&#8217;eau doit \u00eatre plac\u00e9e au-dessus de la surface de l&#8217;unit\u00e9 de mesure.[\/vc_column_text][\/vc_tta_section][vc_tta_section title=&#8221;R\u00c9SULTATS&#8221; tab_id=&#8221;1686209033852-2c5cbed1-a72d&#8221;][vc_column_text woodmart_inline=&#8221;no&#8221; text_larger=&#8221;no&#8221;]Les r\u00e9sultats des r\u00e9sistances thermiques (Rct ) sont mesur\u00e9s en \u00ab m2 \u00b7 K\/W \u00bb<\/p>\n<p>Les r\u00e9sultats de la r\u00e9sistance \u00e0 la vapeur d&#8217;eau (Ret ) sont mesur\u00e9s en &#8220;m2 \u00b7 Pa\/W&#8221;[\/vc_column_text][\/vc_tta_section][\/vc_tta_tabs][\/vc_column][\/vc_row]<\/p>\n<\/section>","protected":false},"excerpt":{"rendered":"<p>Textiles &#8211; Effets physiologiques &#8211; Mesurage de la r\u00e9sistance thermique et de la r\u00e9sistance \u00e0 la vapeur d&#8217;eau en r\u00e9gime stationnaire (essai de la plaque chaude gard\u00e9e transpirante). <span style=\"color: #ffff99;\"><em>\u00c9quivalence avec EN ISO 11902:2014 et ISO 11092:20214<\/em><\/span><\/p>\n","protected":false},"featured_media":0,"comment_status":"open","ping_status":"closed","template":"","meta":{"_mi_skip_tracking":false,"_monsterinsights_sitenote_active":false,"_monsterinsights_sitenote_note":"","_monsterinsights_sitenote_category":0},"product_cat":[884],"product_tag":[],"class_list":["post-11309","product","type-product","status-publish","hentry","product_cat-norme"],"acf":[],"_links":{"self":[{"href":"https:\/\/lenard.tech\/fr\/wp-json\/wp\/v2\/product\/11309","targetHints":{"allow":["GET"]}}],"collection":[{"href":"https:\/\/lenard.tech\/fr\/wp-json\/wp\/v2\/product"}],"about":[{"href":"https:\/\/lenard.tech\/fr\/wp-json\/wp\/v2\/types\/product"}],"replies":[{"embeddable":true,"href":"https:\/\/lenard.tech\/fr\/wp-json\/wp\/v2\/comments?post=11309"}],"wp:attachment":[{"href":"https:\/\/lenard.tech\/fr\/wp-json\/wp\/v2\/media?parent=11309"}],"wp:term":[{"taxonomy":"product_cat","embeddable":true,"href":"https:\/\/lenard.tech\/fr\/wp-json\/wp\/v2\/product_cat?post=11309"},{"taxonomy":"product_tag","embeddable":true,"href":"https:\/\/lenard.tech\/fr\/wp-json\/wp\/v2\/product_tag?post=11309"}],"curies":[{"name":"wp","href":"https:\/\/api.w.org\/{rel}","templated":true}]}}