
{"id":11312,"date":"2023-03-31T07:41:08","date_gmt":"2023-03-31T07:41:08","guid":{"rendered":"https:\/\/lenard.tech\/producto\/astm-f955\/"},"modified":"2023-08-30T14:32:49","modified_gmt":"2023-08-30T14:32:49","slug":"astm-f9552021","status":"publish","type":"product","link":"https:\/\/lenard.tech\/fr\/producto\/astm-f9552021\/","title":{"rendered":"ASTM F955:2021"},"content":{"rendered":"<section class=\"wpb-content-wrapper\"><p>[vc_row][vc_column][vc_column_text woodmart_inline=&#8221;no&#8221; text_larger=&#8221;no&#8221;]M\u00c9THODE D&#8217;ESSAI STANDARD POUR L&#8217;\u00c9VALUATION DU TRANSFERT DE CHALEUR \u00c0 TRAVERS LES MAT\u00c9RIAUX DES V\u00caTEMENTS DE PROTECTION LORSQU&#8217;ILS ENTRENT EN CONTACT AVEC DES SUBSTANCES FONDUES[\/vc_column_text][\/vc_column][\/vc_row][vc_row][vc_column][vc_tta_tabs][vc_tta_section title=&#8221;D\u00c9FINITION&#8221; tab_id=&#8221;1686297587925-ebf6bb59-fd7d&#8221;][vc_column_text woodmart_inline=&#8221;no&#8221; text_larger=&#8221;no&#8221;]Cette m\u00e9thode d&#8217;essai couvre l&#8217;\u00e9valuation de la r\u00e9sistance thermique des mat\u00e9riaux au transfert de chaleur lorsqu&#8217;ils sont expos\u00e9s aux projection de m\u00e9taux en fusi\u00f3n..<\/p>\n<p>M\u00e9thode d&#8217;essai qui a \u00e9t\u00e9 valid\u00e9e en utilisant des projections d&#8217;aluminium, de laiton et de fer. Le test pourra \u00eatre adapt\u00e9 pour \u00eatre utilis\u00e9 avec d&#8217;autres substances. Applicable aux mat\u00e9riaux \u00e0 partir desquels les v\u00eatements de protection primaires finis sont fabriqu\u00e9s.<\/p>\n<p>Cette m\u00e9thode d&#8217;essai ne mesure pas l&#8217;inflammabilit\u00e9 des mat\u00e9riaux et n&#8217;est pas non plus destin\u00e9e \u00e0 \u00eatre utilis\u00e9e pour \u00e9valuer les mat\u00e9riaux expos\u00e9s \u00e0 toute autre exposition thermique.<\/p>\n<p>Utilisez cette m\u00e9thode d&#8217;essai pour mesurer et d\u00e9crire les propri\u00e9t\u00e9s des mat\u00e9riaux, produits ou assemblages comme r\u00e9ponse au versement des substances en fusion dans des conditions de laboratoire contr\u00f4l\u00e9es et ne doit pas \u00eatre utilis\u00e9e pour d\u00e9crire ou \u00e9valuer le risque thermique ou le risque d&#8217;incendie des mat\u00e9riaux, produits ou assemblages , en conditions r\u00e9elles.<\/p>\n<p>[\/vc_column_text][\/vc_tta_section][vc_tta_section title=&#8221;M\u00c9THODE DE TEST&#8221; tab_id=&#8221;1686297587936-9bdd1dd4-5c72&#8243;][vc_column_text woodmart_inline=&#8221;no&#8221; text_larger=&#8221;no&#8221;]<\/p>\n<ul>\n<li>Un \u00e9chantillon de mat\u00e9riau est mont\u00e9 sur un plan inclin\u00e9 vertical et expos\u00e9 \u00e0 un versement de substance fusion d&#8217;une temp\u00e9rature, d&#8217;un volume, d&#8217;un d\u00e9bit et d&#8217;une hauteur verticale minimaux prescrits.<\/li>\n<li>La quantit\u00e9 d&#8217;\u00e9nergie thermique transmise \u00e0 travers l&#8217;\u00e9prouvette pendant et apr\u00e8s l&#8217;exposition \u00e0 la substance en fusion est mesur\u00e9e \u00e0 l&#8217;aide de deux calorim\u00e8tres \u00e0 barres de cuivre. La r\u00e9ponse du transport de chaleur est \u00e9valu\u00e9e par rapport \u00e0 la courbe de Stoll, un mod\u00e8le pr\u00e9dictif approximatif de tol\u00e9rance des tissus humains qui projette la survenue d&#8217;une br\u00fblure cutan\u00e9e au deuxi\u00e8me degr\u00e9 se manifestant par une cloque.<\/li>\n<li>Un ensemble sp\u00e9cifique d&#8217;\u00e9valuations subjectives de la r\u00e9ponse de l&#8217;\u00e9prouvette \u00e0 l&#8217;exposition \u00e0 la substance en fusion est effectu\u00e9 \u00e0 l&#8217;aide d&#8217;une \u00e9chelle d&#8217;\u00e9valuation normalis\u00e9e (qui se trouve \u00e0 l&#8217;annexe A1).<\/li>\n<\/ul>\n<p>[\/vc_column_text][\/vc_tta_section][vc_tta_section title=&#8221;\u00c9CHANTILLONNAGE&#8221; tab_id=&#8221;1686298410813-3924edd2-b313&#8243;][vc_column_text woodmart_inline=&#8221;no&#8221; text_larger=&#8221;no&#8221;]<\/p>\n<ul>\n<li>Taille du lot : Aux fins d&#8217;\u00e9chantillonnage pour acceptation, un lot est d\u00e9fini comme 5 000 yards [4 572 m] ou une seule exp\u00e9dition d&#8217;un seul type de mat\u00e9riau, selon la valeur la plus petite. Un lot est autoris\u00e9 \u00e0 constituer tout ou partie d&#8217;une m\u00eame commande client.<\/li>\n<li>\u00c9chantillon de lot : Comme \u00e9chantillon de lot, pr\u00e9levez un morceau de mat\u00e9riau toute largeur de 2,2 yd [2 m] au d\u00e9but et \u00e0 la fin du lot.<\/li>\n<li>Sp\u00e9cimens d&#8217;essai : Couper et identifier trois sp\u00e9cimens d&#8217;essai de chaque \u00e9chantillon. Faites en sorte que chaque \u00e9prouvette mesure au moins 12 \u00b1 1\u204416 x 18 \u00b1 1\u204416 po [305 \u00b1 2 mm x 460 \u00b1 2 mm]. Ne coupez pas les \u00e9chantillons \u00e0 moins de 10% de la largeur du mat\u00e9riel \u00e0 partir du bord et placez les \u00e9chantillons sur la longueur de l&#8217;\u00e9chantillon pour obtenir l&#8217;\u00e9chantillon le plus repr\u00e9sentatif possible.<\/li>\n<\/ul>\n<p>Entretien du capteur\u00a0:<\/p>\n<ul>\n<li>Temp\u00e9rature initiale\u00a0: Refroidir le capteur apr\u00e8s une exposition par surverse avec un jet d&#8217;air \u00e0 environ 70\u00a0\u00b0F [21\u00a0\u00b0C] juste avant de placer l&#8217;\u00e9chantillon de test.<\/li>\n<li>Reconditionnement de la surface\u00a0: nettoyez la face du capteur avec un mat\u00e9riau non abrasif imm\u00e9diatement apr\u00e8s chaque cycle, \u00e0 chaud, pour \u00e9liminer les produits de d\u00e9composition qui se condensent car ils pourraient \u00eatre une source d&#8217;erreur. S&#8217;il y a un d\u00e9p\u00f4t sur la surface du capteur qui semble \u00eatre plus \u00e9pais qu&#8217;une couche de peinture, ou qui est in\u00e9gal, la surface du capteur doit \u00eatre reconditionn\u00e9e.<\/li>\n<\/ul>\n<p>TABLEAU 1 Param\u00e8tres d&#8217;essai<\/p>\n<p>REMARQUE 1 : Lorsque cette m\u00e9thode d&#8217;essai est utilis\u00e9e pour des substances autres que les suivantes, utiliser une temp\u00e9rature de coul\u00e9e \u00e9gale ou suffisamment sup\u00e9rieure au point de fusion pour donner des caract\u00e9ristiques de coul\u00e9e reproductibles.[\/vc_column_text][vc_single_image image=&#8221;8262&#8243; img_size=&#8221;FULL&#8221; alignment=&#8221;center&#8221; parallax_scroll=&#8221;no&#8221; woodmart_inline=&#8221;no&#8221;][\/vc_tta_section][vc_tta_section title=&#8221;CALCUL DES R\u00c9SULTATS&#8221; tab_id=&#8221;1686298448282-990459ff-e784&#8243;][vc_column_text woodmart_inline=&#8221;no&#8221; text_larger=&#8221;no&#8221;]<\/p>\n<ul>\n<li>R\u00e9ponse du capteur\u00a0: la r\u00e9ponse de chaque calorim\u00e8tre est d\u00e9termin\u00e9e peu de temps avant, pendant et pendant 45\u00a0s apr\u00e8s le d\u00e9but d&#8217;un versement.<\/li>\n<li>Une fois que le point d&#8217;initiation du versement est d\u00e9termin\u00e9, les donn\u00e9es de temp\u00e9rature collect\u00e9es \u00e0 partir des calorim\u00e8tres avant et jusqu&#8217;au point d&#8217;initiation sont moyenn\u00e9es pour obtenir une temp\u00e9rature calorim\u00e9trique initiale, Tinitial (\u00b0C), pour chaque capteur respectif.<\/li>\n<li>La capacit\u00e9 calorifique de chaque lingot de cuivre \u00e0 la temp\u00e9rature initiale est calcul\u00e9e en utilisant :<\/li>\n<\/ul>\n<p>[\/vc_column_text][vc_single_image image=&#8221;8264&#8243; img_size=&#8221;FULL&#8221; alignment=&#8221;center&#8221; parallax_scroll=&#8221;no&#8221; woodmart_inline=&#8221;no&#8221;][vc_column_text woodmart_inline=&#8221;no&#8221; text_larger=&#8221;no&#8221;]Afficher deux cylindres pour chaque \u00e9chantillon test\u00e9.<\/p>\n<p>t = (temp\u00e9rature mesur\u00e9e \u00b0C + 273,15) \u2044 1000<\/p>\n<p>A = 4,237312<br \/>\nB = 6,715751<br \/>\nC = \u20137,46962<br \/>\nD = 3,339491<br \/>\nE = 0,016398<\/p>\n<p>La capacit\u00e9 calorifique du cuivre en J\/g\u00b0C \u00e0 toute temp\u00e9rature entre 289 K et 1358 K est d\u00e9termin\u00e9e par l&#8217;\u00e9quation 1 (\u00e9quation de Shomate avec coefficients NIST).<\/p>\n<p>L&#8217;\u00e9nergie incidente totale en fonction du temps pour les deux capteurs d&#8217;\u00e9nergie thermique dans le panneau est d\u00e9termin\u00e9e et trac\u00e9e.<\/p>\n<p>La capacit\u00e9 calorifique du bloc de cuivre est d\u00e9termin\u00e9e \u00e0 chaque pas de temps. Cela se fait en calculant une capacit\u00e9 calorifique moyenne pour chaque capteur \u00e0 partir de la capacit\u00e9 calorifique initiale d\u00e9termin\u00e9e et de la temp\u00e9rature mesur\u00e9e du pas de temps.<\/p>\n<p>L&#8217;\u00e9nergie incidente totale \u00e0 chaque pas de temps est d\u00e9termin\u00e9e en J\/cm2 \u00e0 l&#8217;aide de la relation<\/p>\n<p>D\u00e9termination pr\u00e9dite des br\u00fblures cutan\u00e9es au deuxi\u00e8me degr\u00e9 (comparaison de la courbe de Stoll)\u00a0: \u00e9nergie thermique mesur\u00e9e en fonction du temps pour chaque capteur de moniteur de calorim\u00e8tre \u00e0 barre de cuivre, par rapport \u00e0 une br\u00fblure cutan\u00e9e au deuxi\u00e8me degr\u00e9 pr\u00e9dite empiriquement chez l&#8217;homme. mod\u00e8le de l\u00e9sion3, commun\u00e9ment appel\u00e9 \u00ab\u00a0courbe de Stoll\u00a0\u00bb ou \u00ab\u00a0r\u00e9ponse de Stoll\u00a0\u00bb.[\/vc_column_text][\/vc_tta_section][vc_tta_section title=&#8221;RAPPORT&#8221; tab_id=&#8221;1686298543614-2abadf60-8514&#8243;][vc_column_text woodmart_inline=&#8221;no&#8221; text_larger=&#8221;no&#8221;]<\/p>\n<ul>\n<li>La s\u00e9quence de couches telles qu&#8217;elles seraient utilis\u00e9es en commen\u00e7ant par la couche la plus externe, le type de mat\u00e9riau dans chaque couche, la densit\u00e9 surfacique en g\/m2 [oz\/yd2] de chaque couche de mat\u00e9riau, la couleur de chaque couche de mat\u00e9riau, la pr\u00e9conditionnement en termes de lavage, de nettoyage \u00e0 sec ou de conditionnement ambiant, ou une combinaison de ceux-ci, pour chaque \u00e9chantillon avant l&#8217;essai.<\/li>\n<li>Le temps qu&#8217;il faudrait, dans des conditions d&#8217;essai, pour produire une br\u00fblure au deuxi\u00e8me degr\u00e9 selon la courbe de Stoll de la chaleur transf\u00e9r\u00e9e \u00e0 travers le mat\u00e9riau d&#8217;essai. (Aucune cloque n&#8217;est une valeur possible.) Toutes les valeurs du calorim\u00e8tre seront utilis\u00e9es tout au long de la p\u00e9riode d&#8217;acquisition de 45 s (interpr\u00e9tation du pire des cas).<\/li>\n<li>L&#8217;augmentation de la temp\u00e9rature en degr\u00e9s Celsius pendant l&#8217;exposition de 30 s.<\/li>\n<li>Dommages physiques au mat\u00e9riel d&#8217;essai.<\/li>\n<li>Adh\u00e9rence, flammes, etc., observ\u00e9es pendant l&#8217;essai.<\/li>\n<li>R\u00e9ponse visuelle de la substance mat\u00e9rielle au contact avec la substance fondue : Une fois l&#8217;\u00e9chantillon expos\u00e9 refroidi, retirez-le soigneusement de la plaque du capteur et observez l&#8217;effet de l&#8217;exposition.<\/li>\n<li>Rupture, carbonisation, \u00e9gouttage, fragilisation, inflammation, fusion, retrait et adh\u00e9rences de la substance au mat\u00e9riau d&#8217;essai, tels que le nombre d&#8217;adh\u00e9rences, la taille des adh\u00e9rences et l&#8217;emplacement par rapport au disque du capteur. L&#8217;adh\u00e9rence, la carbonisation, le retrait et la rupture seront \u00e9valu\u00e9s sur une \u00e9chelle de 1 \u00e0 5, comme indiqu\u00e9 \u00e0 l&#8217;annexe A1.<\/li>\n<\/ul>\n<p>Photographies pour classer les mat\u00e9riaux apr\u00e8s l&#8217;essai d&#8217;\u00e9claboussures fondues conform\u00e9ment \u00e0 la m\u00e9thode d&#8217;essai F955.<\/p>\n<p>NOTE A1.1\u2014Les essais avec divers alliages m\u00e9talliques coul\u00e9s peuvent modifier l&#8217;apparence des \u00e9prouvettes, de sorte que les photos suivantes ne sont pas repr\u00e9sentatives. Les photographies de l&#8217;annexe A1 sont issues d&#8217;essais r\u00e9alis\u00e9s avec de la fonte.<\/p>\n<p>A1.1.1 Collage des photos de qualification (Fig. A1.1)\u00a0:<br \/>\nA1.1.2 Classification des photos pour la carbonisation (Fig. A1.2) :<br \/>\nA1.1.2.1 Carbonisation Le niveau 1 ne repr\u00e9sente pas une preuve de carbonisation.<br \/>\nA1.1.3 Photos des cotes de retrait (Fig. A1.3) : A1.1.4 Photos des cotes de d\u00e9chirure (Fig. A1.4) :<br \/>\nPhotos des cotes d&#8217;adh\u00e9rence :[\/vc_column_text][vc_single_image image=&#8221;8265&#8243; img_size=&#8221;FULL&#8221; alignment=&#8221;center&#8221; parallax_scroll=&#8221;no&#8221; woodmart_inline=&#8221;no&#8221;][\/vc_tta_section][\/vc_tta_tabs][\/vc_column][\/vc_row]<\/p>\n<\/section>","protected":false},"excerpt":{"rendered":"<p>M\u00c9THODE D&#8217;ESSAI STANDARD POUR L&#8217;\u00c9VALUATION DU TRANSFERT DE CHALEUR \u00c0 TRAVERS LES MAT\u00c9RIAUX DES V\u00caTEMENTS DE PROTECTION LORSQU&#8217;ILS ENTRENT EN CONTACT AVEC DES SUBSTANCES FONDUES<\/p>\n","protected":false},"featured_media":0,"comment_status":"open","ping_status":"closed","template":"","meta":{"_mi_skip_tracking":false,"_monsterinsights_sitenote_active":false,"_monsterinsights_sitenote_note":"","_monsterinsights_sitenote_category":0},"product_cat":[884],"product_tag":[],"class_list":["post-11312","product","type-product","status-publish","hentry","product_cat-norme"],"acf":[],"_links":{"self":[{"href":"https:\/\/lenard.tech\/fr\/wp-json\/wp\/v2\/product\/11312","targetHints":{"allow":["GET"]}}],"collection":[{"href":"https:\/\/lenard.tech\/fr\/wp-json\/wp\/v2\/product"}],"about":[{"href":"https:\/\/lenard.tech\/fr\/wp-json\/wp\/v2\/types\/product"}],"replies":[{"embeddable":true,"href":"https:\/\/lenard.tech\/fr\/wp-json\/wp\/v2\/comments?post=11312"}],"wp:attachment":[{"href":"https:\/\/lenard.tech\/fr\/wp-json\/wp\/v2\/media?parent=11312"}],"wp:term":[{"taxonomy":"product_cat","embeddable":true,"href":"https:\/\/lenard.tech\/fr\/wp-json\/wp\/v2\/product_cat?post=11312"},{"taxonomy":"product_tag","embeddable":true,"href":"https:\/\/lenard.tech\/fr\/wp-json\/wp\/v2\/product_tag?post=11312"}],"curies":[{"name":"wp","href":"https:\/\/api.w.org\/{rel}","templated":true}]}}