
{"id":11315,"date":"2023-03-31T07:39:53","date_gmt":"2023-03-31T07:39:53","guid":{"rendered":"https:\/\/lenard.tech\/producto\/astm-f1959\/"},"modified":"2025-06-02T09:47:07","modified_gmt":"2025-06-02T09:47:07","slug":"astm-f19592024a","status":"publish","type":"product","link":"https:\/\/lenard.tech\/fr\/producto\/astm-f19592024a\/","title":{"rendered":"ASTM F1959:2024b"},"content":{"rendered":"<section class=\"wpb-content-wrapper\"><p>[vc_row][vc_column][vc_column_text woodmart_inline=&#8221;no&#8221; text_larger=&#8221;no&#8221;]D\u00c9TERMINATION DE LA CLASSIFICATION DE L&#8217;ARC \u00c9LECTRIQUE POUR LES V\u00caTEMENTS DE TRAVAIL[\/vc_column_text][\/vc_column][\/vc_row][vc_row][vc_column][vc_tta_tabs][vc_tta_section title=&#8221;D\u00c9FINITION&#8221; tab_id=&#8221;1686300095560-484fda72-f805&#8243;][vc_column_text woodmart_inline=&#8221;no&#8221; text_larger=&#8221;no&#8221;]Cette m\u00e9thode d&#8217;essai est utilis\u00e9e pour mesurer la r\u00e9sistance \u00e0 l&#8217;arc de mat\u00e9riaux destin\u00e9s \u00e0 \u00eatre utilis\u00e9s comme v\u00eatements ignifuges pour les travailleurs expos\u00e9s \u00e0 des arcs \u00e9lectriques qui g\u00e9n\u00e9reraient des flux thermiques d\u2019environ 2 100 kW\/m\u00b2 [50 Cal\/Cm2s].<\/p>\n<p>Le test mesurera la r\u00e9sistance \u00e0 l&#8217;arc des mat\u00e9riaux qui r\u00e9pondent aux exigences suivantes\u00a0: moins de 150 mm [6 pouces] de longueur de charbon et moins de 2 s apr\u00e8s la flamme lorsqu&#8217;ils sont test\u00e9s conform\u00e9ment \u00e0 la m\u00e9thode de test D6413.<\/p>\n<p>Elle ne s\u2019applique pas aux risques de contact \u00e9lectrique ou de choc \u00e9lectrique.<\/p>\n<p>Il est de la responsabilit\u00e9 de l&#8217;utilisateur de cette norme d&#8217;\u00e9tablir des pratiques appropri\u00e9es en mati\u00e8re de s\u00e9curit\u00e9, de sant\u00e9 et d&#8217;environnement afin de d\u00e9terminer l&#8217;applicabilit\u00e9 des exigences r\u00e9glementaires avant utilisation.[\/vc_column_text][\/vc_tta_section][vc_tta_section title=&#8221;D\u00c9FINITIONS&#8221; tab_id=&#8221;1686300095570-53ab3fd2-6b6d&#8221;][vc_column_text woodmart_inline=&#8221;no&#8221; text_larger=&#8221;no&#8221;]<\/p>\n<ul>\n<li>L&#8217;ablation, les essais d&#8217;arc \u00e9lectrique n-in, une r\u00e9ponse physique mise en \u00e9vidence par une \u00e9rosion significative ou la formation d&#8217;un ou plusieurs grands trous dans une couche d&#8217;un syst\u00e8me multicouche.<\/li>\n<li>Eab : L&#8217;\u00e9nergie incidente dans un syst\u00e8me multicouche qui entra\u00eene une probabilit\u00e9 de 50 % de la r\u00e9ponse d&#8217;ablation physique.<\/li>\n<li>L&#8217;indice d&#8217;arc est exprim\u00e9 en cal\/cm2 et est d\u00e9riv\u00e9 de la valeur ATPV ou EBT d\u00e9termin\u00e9e (dans le cas o\u00f9 un syst\u00e8me de mat\u00e9riau pr\u00e9sente une r\u00e9ponse \u00e0 la rupture inf\u00e9rieure \u00e0 la valeur ATPV) ou de la limite nominale d&#8217;arc. Il peut \u00eatre exprim\u00e9 en ATPV, EBT ou ARLim.<\/li>\n<li>ATPV : \u00c9nergie incidente dans un mat\u00e9riau ou un syst\u00e8me multicouche de mat\u00e9riaux qui entra\u00eene une probabilit\u00e9 de 50 % qu&#8217;un transfert de chaleur suffisant soit attendu \u00e0 travers l&#8217;\u00e9chantillon test\u00e9 pour provoquer l&#8217;apparition d&#8217;une br\u00fblure cutan\u00e9e au deuxi\u00e8me degr\u00e9 selon la courbe de Stoll5, kJ\/m2 [cal\/cm2].<\/li>\n<li>On consid\u00e8re que l&#8217;\u00e9chantillon pr\u00e9sente une rupture lorsqu&#8217;un trou a une superficie d&#8217;au moins 1,6 cm2 [0,5 po2] ou d&#8217;au moins 2,5 cm [1,0 po<span style=\"text-decoration: line-through;\">].<\/span>] dans n&#8217;importe quelle dimension. Dans les \u00e9chantillons multicouches de mat\u00e9riaux r\u00e9sistants au feu, toutes les couches doivent \u00eatre bris\u00e9es pour r\u00e9pondre \u00e0 la d\u00e9finition.<\/li>\n<li>EBT : L&#8217;\u00e9nergie incidente dans un mat\u00e9riau ou un syst\u00e8me de mat\u00e9riaux qui entra\u00eene une probabilit\u00e9 d&#8217;ouverture de 50 %, J\/cm2 (cal\/cm2).<\/li>\n<li>ARLim : La limite nominale d&#8217;arc indique la protection maximale de l&#8217;\u00e9nergie thermique qui a \u00e9t\u00e9 attribu\u00e9e au produit selon les sp\u00e9cifications du fabricant apr\u00e8s v\u00e9rification par des tests ou des limites de d\u00e9tection de la m\u00e9thode d&#8217;analyse. La valeur attribu\u00e9e \u00e0 partir de l&#8217;ensemble de donn\u00e9es de tous les \u00e9chantillons sera inf\u00e9rieure \u00e0 la courbe de Stoll et sans rupture.<\/li>\n<li>Flux de chaleur, n : l&#8217;intensit\u00e9 thermique indiqu\u00e9e par la quantit\u00e9 d&#8217;\u00e9nergie transmise divis\u00e9e par la surface et le temps kW\/m2 [cal \u2044cm2s].<\/li>\n<li>\u00c9nergie incidente (Ei), <span style=\"text-decoration: line-through;\">n :<\/span> \u00e9nergie thermique totale re\u00e7ue \u00e0 la surface du panneau en cons\u00e9quence directe d&#8217;un arc \u00e9lectrique.<\/li>\n<li>Courbe de Stoll5 : un mod\u00e8le empirique de br\u00fblure cutan\u00e9e au deuxi\u00e8me degr\u00e9, \u00e9galement connu sous le nom de r\u00e9ponse de Stoll.<\/li>\n<li>Poids nominal : Poids th\u00e9orique (g\/m2)<\/li>\n<li>Poids actuel : Poids de l&#8217;\u00e9chantillon avant lavage et apr\u00e8s conditionnement selon D1776\/D1776M (g\/m2)<\/li>\n<li>Poids test\u00e9 : Poids sp\u00e9cifique de l&#8217;\u00e9chantillon utilis\u00e9 pour g\u00e9n\u00e9rer l&#8217;indice d&#8217;arc (g\/m2)<\/li>\n<li>Poids cible de l&#8217;arc : Poids mesur\u00e9 pour un \u00e9chantillon sp\u00e9cifique exprim\u00e9 en g\/m2 utilis\u00e9 pour g\u00e9n\u00e9rer la classification de l&#8217;arc selon F1959\/F1959M<\/li>\n<li>Zone mixte : Gamme d&#8217;\u00e9nergies incidentes, qui peuvent \u00eatre positives ou n\u00e9gatives pour pr\u00e9dire les br\u00fblures ou les ruptures au deuxi\u00e8me degr\u00e9. La valeur basse de la plage commence par l&#8217;\u00e9nergie incidente la plus faible, indiquant un r\u00e9sultat positif, et la valeur \u00e9lev\u00e9e de la plage est l&#8217;\u00e9nergie incidente la plus \u00e9lev\u00e9e, indiquant un r\u00e9sultat n\u00e9gatif<\/li>\n<\/ul>\n<p><strong>\u00a0<\/strong><\/p>\n<p>Cette m\u00e9thode d&#8217;essai d\u00e9termine la r\u00e9ponse du transport de chaleur \u00e0 travers un mat\u00e9riau, un tissu ou un syst\u00e8me de tissu lorsqu&#8217;il est expos\u00e9 \u00e0 l&#8217;\u00e9nergie thermique d&#8217;un arc \u00e9lectrique. Cette r\u00e9ponse de transport de chaleur est \u00e9valu\u00e9e par rapport \u00e0 la courbe de Stoll.<\/p>\n<p>Au cours de cette proc\u00e9dure, la quantit\u00e9 d&#8217;\u00e9nergie thermique transf\u00e9r\u00e9e par le mat\u00e9riau test\u00e9 est mesur\u00e9e pendant et apr\u00e8s l&#8217;exposition \u00e0 un arc \u00e9lectrique.<\/p>\n<p>La performance du mat\u00e9riau pour cette proc\u00e9dure est d\u00e9termin\u00e9e \u00e0 partir de la quantit\u00e9 de chaleur transf\u00e9r\u00e9e par et \u00e0 travers le mat\u00e9riau test\u00e9.<\/p>\n<p>Les donn\u00e9es de transfert de chaleur d\u00e9termin\u00e9es par cette m\u00e9thode d&#8217;essai constituent la base de la classification de l&#8217;arc du mat\u00e9riau.<\/p>\n<p>L&#8217;indice d&#8217;arc d\u00e9termin\u00e9 par cette m\u00e9thode d&#8217;essai est la quantit\u00e9 d&#8217;\u00e9nergie qui pr\u00e9dit une probabilit\u00e9 de 50 % de br\u00fblure au deuxi\u00e8me degr\u00e9, d\u00e9termin\u00e9e par la courbe de Stoll ou la rupture (si le tissu\u00a0 montre qu&#8217;il se brise avant que la pr\u00e9diction de br\u00fblure cutan\u00e9e ne soit atteinte). Il peut \u00e9galement \u00eatre exprim\u00e9 en ARLim en fonction des limites de l&#8217;appareil d&#8217;essai ou des performances des tissus. L&#8217;ARLim peut \u00eatre <span style=\"text-decoration: line-through;\">\u00a0<\/span>une limite r\u00e9duite fix\u00e9e par le fabricant :<\/p>\n<p>La r\u00e9action du mat\u00e9riau doit \u00eatre d\u00e9crite plus en d\u00e9tail en enregistrant les effets observ\u00e9s de l&#8217;exposition aux arcs \u00e9lectriques sur les \u00e9chantillons.<\/p>\n<p>Cette m\u00e9thode sp\u00e9cifie les normes pour la r\u00e9alisation de l&#8217;essai dans des conditions de laboratoire contr\u00f4l\u00e9es. Diff\u00e9rentes conditions d&#8217;exposition peuvent avoir un grand potentiel pour des r\u00e9sultats diff\u00e9rents. En cas d&#8217;utilisation de conditions diff\u00e9rentes, celles-ci doivent \u00eatre document\u00e9es dans le rapport final.<\/p>\n<p>serv\u00e9s de l&#8217;exposition \u00e0 un arc \u00e9lectrique sur les \u00e9chantillons.[\/vc_column_text][\/vc_tta_section][vc_tta_section title=&#8221;APPAREILS&#8221; tab_id=&#8221;1686300198228-0a9742ba-8bbf&#8221;][vc_column_text woodmart_inline=&#8221;no&#8221; text_larger=&#8221;no&#8221;]L&#8217;appareil de test sera compos\u00e9 de 3 panneaux avec 2 capteurs, un bus d&#8217;alimentation et des \u00e9lectrodes, des capteurs de surveillance, une alimentation \u00e9lectrique, un contr\u00f4leur de test et un syst\u00e8me d&#8217;acquisition de donn\u00e9es.<\/p>\n<ol>\n<li>Capteur\u00a0:<\/li>\n<\/ol>\n<ul>\n<li>Le calorim\u00e8tre doit \u00eatre construit avec du cuivre d\u2019une puret\u00e9 sup\u00e9rieure \u00e0 99,9 % de qualit\u00e9 \u00e9lectrique. Le disque de cuivre doit avoir une \u00e9paisseur de 1,6 \u00b1 0,1 mm, un diam\u00e8tre de 40 \u00b1 0,1 mm et un poids de 18 \u00b1 1 g. Ces param\u00e8tres doivent \u00eatre mesur\u00e9s pour d\u00e9terminer le coefficient de r\u00e9ponse r\u00e9el pour chaque calorim\u00e8tre \u00e0 utiliser dans les calculs de capacit\u00e9 thermique.<\/li>\n<li>Thermocouple de type K (NiCr-NiAl) avec une pointe soud\u00e9e et une section transversale de 0,05 mm2. Ce thermocouple sera situ\u00e9 \u00e0 l&#8217;int\u00e9rieur du trou du disque de cuivre. Le trou sera r\u00e9alis\u00e9 au centre du disque sur une profondeur de 1,3 \u00b1 0,1 mm. La pointe doit \u00eatre expos\u00e9e \u00e0 l&#8217;int\u00e9rieur du disque de cuivre. Les fils du thermocouple se s\u00e9parent \u00e0 la sortie du disque de cuivre. (voir figure 1)<\/li>\n<\/ul>\n<p>[\/vc_column_text][vc_single_image image=&#8221;15875&#8243; img_size=&#8221;FULL&#8221; parallax_scroll=&#8221;no&#8221; woodmart_inline=&#8221;no&#8221;][vc_column_text woodmart_inline=&#8221;no&#8221; text_larger=&#8221;no&#8221;]<\/p>\n<p style=\"padding-left: 40px;\">C. Le mat\u00e9riau isolant doit avoir une conductivit\u00e9 inf\u00e9rieure \u00e0 0,23 W\/mK \u00e0 une temp\u00e9rature maximale de 500 \u00baC.<\/p>\n<p>2. Panneau de capteurs :<\/p>\n<p style=\"padding-left: 40px;\">A. Chaque panneau sera compos\u00e9 de deux capteurs, d&#8217;un cadre support en tissu, d&#8217;un panneau\u00a0 isolant, d&#8217;un syst\u00e8me de maintien du tissu et de deux capteurs pour la surveillance.<br \/>\nB. Le panneau isolant doit avoir des mesures de 20&#215;55\u00b11,3 cm. Il doit \u00eatre r\u00e9sistant \u00e0 la chaleur et avoir une conductivit\u00e9 thermique inf\u00e9rieure \u00e0 0,30 W\/mK \u00e0 une temp\u00e9rature maximale de 200 \u00baC<br \/>\nC. Les deux capteurs seront ins\u00e9r\u00e9s dans le panneau avant selon une ligne verticale (voir image).<\/p>\n<p>[\/vc_column_text][vc_single_image image=&#8221;15857&#8243; img_size=&#8221;FULL&#8221; parallax_scroll=&#8221;no&#8221; woodmart_inline=&#8221;no&#8221;][vc_column_text woodmart_inline=&#8221;no&#8221; text_larger=&#8221;no&#8221;]<\/p>\n<p style=\"padding-left: 40px;\">D. Pour \u00e9viter d&#8217;endommager l&#8217;isolant qui entoure le disque de cuivre, une feuille r\u00e9fractaire d&#8217;une \u00e9paisseur maximale de 3 mm peut \u00eatre utilis\u00e9e.<br \/>\nE. La surface expos\u00e9e des calorim\u00e8tres sera peinte avec une fine couche de peinture en a\u00e9rosol noir mat avec une \u00e9missivit\u00e9 &gt;0,9.<br \/>\nF. Chaque panneau de capteur aura 4 pinces pour maintenir l&#8217;\u00e9chantillon. Chaque pince doit s&#8217;appliquer entre 4,4 et 6,7 N pour garantir que le mat\u00e9riau est maintenu.<\/p>\n<p>[\/vc_column_text][vc_column_text woodmart_inline=&#8221;no&#8221; text_larger=&#8221;no&#8221;]3. Disposition des panneaux :<\/p>\n<p>Les panneaux doivent avoir une s\u00e9paration de 120\u00ba en fonction de l&#8217;image[\/vc_column_text][vc_single_image image=&#8221;17026&#8243; img_size=&#8221;FULL&#8221; parallax_scroll=&#8221;no&#8221; woodmart_inline=&#8221;no&#8221;][vc_column_text woodmart_inline=&#8221;no&#8221; text_larger=&#8221;no&#8221;]4. Bo\u00eete structurelle : Elle aura un diam\u00e8tre compris entre 2,0 et 2,5 m, compos\u00e9e de tubes conducteurs et d&#8217;une hauteur d&#8217;au moins 3 m.<\/p>\n<p>5. \u00c9lectrodes : tiges en acier inoxydable d&#8217;un diam\u00e8tre de 19 mm<\/p>\n<p>6. Fusible : il est consomm\u00e9 pendant le test. Il est form\u00e9 par un c\u00e2ble en cuivre d&#8217;un diam\u00e8tre inf\u00e9rieur \u00e0 0,5 mm.<\/p>\n<p>7. Alimentation : Il doit permettre la d\u00e9charge d&#8217;un arc \u00e9lectrique avec un courant alternatif de 8\u00b10,5 kA de 1s d&#8217;une dur\u00e9e de 60 ou 50 Hz<\/p>\n<p>8. Syst\u00e8me d&#8217;acquisition de donn\u00e9es : il doit enregistrer la tension, le courant et les sorties du calorim\u00e8tre.<\/p>\n<p style=\"padding-left: 40px;\">A. Les donn\u00e9es correspondant \u00e0 l&#8217;onde de temp\u00e9rature doivent \u00eatre acquises \u00e0 une vitesse de 100 \u00e9chantillons\/s pour chaque calorim\u00e8tre, \u00e9tant capable d&#8217;enregistrer des temp\u00e9ratures allant jusqu&#8217;\u00e0 500\u00baC avec une variabilit\u00e9 de \u00b12% et une r\u00e9solution de 0,1\u00baC pour le calcul de l&#8217;\u00e9nergie.<\/p>\n<p>[\/vc_column_text][\/vc_tta_section][vc_tta_section title=&#8221;\u00c9CHANTILLONS&#8221; tab_id=&#8221;1686300358858-8b23988d-e83a&#8221;][vc_column_text woodmart_inline=&#8221;no&#8221; text_larger=&#8221;no&#8221;]<\/p>\n<ul>\n<li>Effectuer le poids d&#8217;un \u00e9chantillon conditionn\u00e9 selon D3776\/D3776M option C pour la sp\u00e9cification F1506.<\/li>\n<li>Laver le tissu 3 fois selon AATCC 1-2021\u00a0:\u00a03, IV, Aiii<\/li>\n<li>Il ne s\u00e9chera qu&#8217;une seule fois.<\/li>\n<li>Avant d&#8217;effectuer le test, les \u00e9chantillons doivent \u00eatre conditionn\u00e9s \u00e0 25\u00b18\u00baC avec une humidit\u00e9 relative de 50\u00b120% pendant 1h.<\/li>\n<li>Pour d\u00e9terminer le poids de l&#8217;\u00e9chantillon, d\u00e9coupez un cercle de 3,8 \u00e0 7,6 cm de diam\u00e8tre. R\u00e9alisez au moins 3 tubes \u00e0 essai du m\u00eame \u00e9chantillon r\u00e9partis dans tout le tissu.<\/li>\n<li>Peser les cercles avec une balance analytique de pr\u00e9cision 0,001g.<\/li>\n<li>Calculez le poids du tissu selon la formule<\/li>\n<\/ul>\n<p>[\/vc_column_text][\/vc_tta_section][vc_tta_section title=&#8221;TEST&#8221; tab_id=&#8221;1686300401259-ada246ac-ae32&#8243;][vc_column_text woodmart_inline=&#8221;no&#8221; text_larger=&#8221;no&#8221;]<\/p>\n<ul>\n<li>M\u00c9THODE G\u00c9N\u00c9RALE\n<ul>\n<li>Temp\u00e9rature initiale des capteurs avant l&#8217;allumage 15-35\u00baC<\/li>\n<li>Param\u00e8tres : 8\u00b10,5 kA ; espacement des \u00e9lectrodes de 305\u00b15 mm ; Capteurs en position 1 pour une valeur d&#8217;arc attendue allant jusqu&#8217;\u00e0 55 cal\/cm2 ou en position 2 pour des valeurs sup\u00e9rieures \u00e0 40 cal\/cm2.<\/li>\n<li>La dur\u00e9e de l&#8217;arc doit \u00eatre variable pour produire la s\u00e9rie d&#8217;expositions requise.<\/li>\n<li>L&#8217;\u00e9chantillon doit \u00eatre fix\u00e9 sur le panneau sans l&#8217;\u00e9tirer de mani\u00e8re \u00e0 permettre \u00e0 l&#8217;\u00e9chantillon de se contracter pendant l&#8217;essai.<\/li>\n<\/ul>\n<\/li>\n<li>D\u00c9TERMINATION DE L&#8217;ATPV\n<ul>\n<li>3 \u00e9chantillons du m\u00eame tissu seront d\u00e9termin\u00e9s, un pour chaque panel de capteurs.<\/li>\n<li>Au moins une s\u00e9rie de 7 essais doit \u00eatre effectu\u00e9e dans la plage d&#8217;\u00e9nergie incidente \u00e0 tester en augmentant ou en diminuant la dur\u00e9e de l&#8217;arc. Cette s\u00e9rie de prises de vue est r\u00e9partie de la mani\u00e8re suivante : au moins 3 points avec une SCD n\u00e9gative, au moins 3 points avec une SCD non n\u00e9gative.<\/li>\n<li>Au moins 10 points doivent \u00eatre compris entre \u00b120 % de l&#8217;ATPV final. Tous les points sont valables sauf si le calorim\u00e8tre d\u00e9passe 500\u00baC, s&#8217;il y a un dysfonctionnement de l&#8217;\u00e9quipement ou si l&#8217;assemblage de l&#8217;\u00e9chantillon tombe en panne.<\/li>\n<li>Si les \u00e9chantillons sont cass\u00e9s, ils sont consid\u00e9r\u00e9s comme des points valides pour le calcul de l&#8217;ATPV. Dans le cas o\u00f9 il y a 2 ruptures ou plus avec des \u00e9nergies inf\u00e9rieures \u00e0 20 % sup\u00e9rieures \u00e0 la d\u00e9termination de l&#8217;ATPV, \u00e9valuez la r\u00e9ponse \u00e0 la rupture. Dans ce cas, plus de 7 \u00e9chantillons seront n\u00e9cessaires.<\/li>\n<\/ul>\n<\/li>\n<li>D\u00c9TERMINATION DE L&#8217;EBT :\n<ul>\n<li>Le jeu de donn\u00e9es sera r\u00e9parti comme suit : au moins 3 points doivent \u00eatre en dessous de la limite inf\u00e9rieure de la zone mixte ; au moins 3 points doivent \u00eatre en dessous de la limite sup\u00e9rieure de la zone sup\u00e9rieure <span style=\"text-decoration: line-through;\">mixte d&#8217;ouverture<\/span><\/li>\n<li>Au moins 10 points de donn\u00e9es doivent se situer dans la plage de \u00b120 % de l&#8217;EBT final.<\/li>\n<li>Si vous n&#8217;avez pas assez de donn\u00e9es selon les param\u00e8tres, effectuez des tests suppl\u00e9mentaires.<\/li>\n<\/ul>\n<\/li>\n<li>LIMITE DE CLASSIFICATION DE L&#8217;ARCHE ARLim :<br \/>\nElle peut survenir dans les cas suivants :<\/p>\n<ul>\n<li>Cette limite peut \u00eatre choisie par le fabricant pour diverses raisons pour tout syst\u00e8me inf\u00e9rieur \u00e0 l&#8217;EBT ou \u00e0 l&#8217;ATPV d\u00e9termin\u00e9 ci-dessus.<\/li>\n<li>Lorsque l&#8217;appareil a une limite de 100cal\/cm2<\/li>\n<li>Selon la demande du fabricant<\/li>\n<\/ul>\n<\/li>\n<\/ul>\n<p>[\/vc_column_text][vc_single_image image=&#8221;15879&#8243; img_size=&#8221;FULL&#8221; alignment=&#8221;center&#8221; onclick=&#8221;link_image&#8221; parallax_scroll=&#8221;no&#8221; woodmart_inline=&#8221;no&#8221;][\/vc_tta_section][vc_tta_section title=&#8221;L&#8217;ANALYSE DES R\u00c9SULTATS&#8221; tab_id=&#8221;1686300584753-4f49ce13-2198&#8243;][vc_column_text woodmart_inline=&#8221;no&#8221; text_larger=&#8221;no&#8221;]-D\u00e9termination du temps 0<\/p>\n<p>-Suivi de la r\u00e9ponse du capteur du panneau. Ceci est d\u00e9termin\u00e9 peu de temps avant, pendant et 30 secondes apr\u00e8s l&#8217;exposition aux arcs \u00e9lectriques.<\/p>\n<p>-Calculer la valeur de l&#8217;\u00e9nergie incidente surveill\u00e9e en appliquant le facteur de correction de l&#8217;\u00e9nergie incidente<\/p>\n<p>-D\u00e9termination des br\u00fblures cutan\u00e9es au deuxi\u00e8me degr\u00e9. L&#8217;\u00e9nergie thermique de chaque panneau est compar\u00e9e au mod\u00e8le empirique de la courbe de Stoll.<\/p>\n<p>-D\u00e9termination des valeurs ATPV : un minimum de 20 mesures de panneau est utilis\u00e9 pour calculer l&#8217;ATPV.<\/p>\n<p>-D\u00e9termination Ebt : la valeur de 1 est attribu\u00e9e \u00e0 chaque panneau qui pr\u00e9sente une casse et 0 en cas d&#8217;absence de casse. Utilisez la r\u00e9gression logistique pour d\u00e9terminer la courbe et l&#8217;ordonn\u00e9e \u00e0 l&#8217;origine afin de calculer la probabilit\u00e9 de 50 % de rupture du mat\u00e9riau.[\/vc_column_text][\/vc_tta_section][vc_tta_section title=&#8221;RAPPORT&#8221; tab_id=&#8221;1686300792271-3d1516f7-df29&#8243;][vc_column_text woodmart_inline=&#8221;no&#8221; text_larger=&#8221;no&#8221;]<\/p>\n<ul>\n<li>Nom du laboratoire qui effectue le test<\/li>\n<li>Identification du rapport d&#8217;essai<\/li>\n<li>Date du test et d\u00e9livrance du rapport<\/li>\n<li>Nom du fabricant, producteur ou entrepreneur<\/li>\n<li>\u00c9dition de la norme et explication de tout \u00e9cart par rapport \u00e0 celle-ci<\/li>\n<li>Description de l&#8217;\u00e9chantillon<\/li>\n<li>Producteur<\/li>\n<li>Num\u00e9ro d&#8217;identification unique pour chaque couche ou syst\u00e8me<\/li>\n<li>Ordre de superposition avec la couche externe en premier<\/li>\n<li>Construction du tissu, y compris la teneur en fibres du mat\u00e9riau par couche<\/li>\n<li>Pour chaque couche, le poids r\u00e9el selon F1506, le poids du tissu soumis au test et le poids nominal du tissu selon le fabricant.<\/li>\n<li>Couleur de chaque calque<\/li>\n<li>Traitement pr\u00e9alable de l&#8217;\u00e9chantillon test\u00e9<\/li>\n<li>R\u00e9sultats d&#8217;analyse incluant les r\u00e9sultats de Arc rating, ATPV, EBT, ARLim.<\/li>\n<li>Tableau avec les r\u00e9sultats<\/li>\n<li>\u00c9valuation subjective du mat\u00e9riel<\/li>\n<li>Graphique de courbe de r\u00e9gression logistique<\/li>\n<li>Photographies des \u00e9chantillons test\u00e9s avant et apr\u00e8s le test<\/li>\n<\/ul>\n<p>Dossiers d&#8217;essai d\u00e9taill\u00e9s<\/p>\n<ul>\n<li>Courbes de tension, de courant et de r\u00e9ponse du calorim\u00e8tre \u00e0 arc individuel<\/li>\n<li>Vid\u00e9o et photographies de tous les tests effectu\u00e9s<\/li>\n<li>Valeurs d&#8217;intensit\u00e9 d&#8217;arc \u2264 420kJ\/cm\u00b2 avec une pr\u00e9cision de 5kJ\/cm\u00b2. Valeurs nominales sup\u00e9rieures \u00e0 420 kJ\/cm\u00b2 avec une pr\u00e9cision de 50 kJ\/cm\u00b2.<\/li>\n<li>AR<sub>Lim<\/sub> peut \u00eatre indiqu\u00e9 en plus de APTV et\/ou E<sub>BT<\/sub>.<\/li>\n<\/ul>\n<p>[\/vc_column_text][\/vc_tta_section][\/vc_tta_tabs][\/vc_column][\/vc_row]<\/p>\n<\/section>","protected":false},"excerpt":{"rendered":"<p><span class=\"Y2IQFc\" lang=\"fr\">M\u00c9THODE D&#8217;ESSAI POUR D\u00c9TERMINER LA CLASSIFICATION ARC DES MAT\u00c9RIAUX D&#8217;HABILLEMENT<\/span><\/p>\n","protected":false},"featured_media":0,"comment_status":"open","ping_status":"closed","template":"","meta":{"_mi_skip_tracking":false,"_monsterinsights_sitenote_active":false,"_monsterinsights_sitenote_note":"","_monsterinsights_sitenote_category":0},"product_cat":[884],"product_tag":[],"class_list":["post-11315","product","type-product","status-publish","hentry","product_cat-norme"],"acf":[],"_links":{"self":[{"href":"https:\/\/lenard.tech\/fr\/wp-json\/wp\/v2\/product\/11315","targetHints":{"allow":["GET"]}}],"collection":[{"href":"https:\/\/lenard.tech\/fr\/wp-json\/wp\/v2\/product"}],"about":[{"href":"https:\/\/lenard.tech\/fr\/wp-json\/wp\/v2\/types\/product"}],"replies":[{"embeddable":true,"href":"https:\/\/lenard.tech\/fr\/wp-json\/wp\/v2\/comments?post=11315"}],"wp:attachment":[{"href":"https:\/\/lenard.tech\/fr\/wp-json\/wp\/v2\/media?parent=11315"}],"wp:term":[{"taxonomy":"product_cat","embeddable":true,"href":"https:\/\/lenard.tech\/fr\/wp-json\/wp\/v2\/product_cat?post=11315"},{"taxonomy":"product_tag","embeddable":true,"href":"https:\/\/lenard.tech\/fr\/wp-json\/wp\/v2\/product_tag?post=11315"}],"curies":[{"name":"wp","href":"https:\/\/api.w.org\/{rel}","templated":true}]}}