
{"id":11318,"date":"2023-03-31T07:38:57","date_gmt":"2023-03-31T07:38:57","guid":{"rendered":"https:\/\/lenard.tech\/producto\/astm-f1930\/"},"modified":"2024-06-03T10:27:49","modified_gmt":"2024-06-03T10:27:49","slug":"astm-f19302023","status":"publish","type":"product","link":"https:\/\/lenard.tech\/fr\/producto\/astm-f19302023\/","title":{"rendered":"ASTM F1930:2023"},"content":{"rendered":"<section class=\"wpb-content-wrapper\"><p>[vc_row][vc_column][vc_column_text woodmart_inline=&#8221;no&#8221; text_larger=&#8221;no&#8221;]M\u00c9THODE D&#8217;ESSAI STANDARD POUR L&#8217;\u00c9VALUATION DES V\u00caTEMENTS IGNIFUGES POUR LES SIMULATIONS DE PROTECTION CONTRE L&#8217;INCENDIE \u00c0 L&#8217;AIDE D&#8217;UN MANNEQUIN INSTRUMENT\u00c9[\/vc_column_text][\/vc_column][\/vc_row][vc_row][vc_column][vc_tta_tabs][vc_tta_section title=&#8221;D\u00c9FINITIONS&#8221; tab_id=&#8221;1686299572418-8115ca9a-f2b0&#8243;][vc_column_text woodmart_inline=&#8221;no&#8221; text_larger=&#8221;no&#8221;]M\u00e9thode d&#8217;essai standard pour l&#8217;\u00e9valuation des v\u00eatements ignifuges pour la protection contre un incendie simul\u00e9 \u00e0 l&#8217;aide d&#8217;un mannequin instrument\u00e9.<\/p>\n<p>Cette m\u00e9thode est utile pour 3 types d\u2019\u00e9valuations: la conception des v\u00eatements, la comparaison des mat\u00e9riaux de construction des v\u00eatements et la sp\u00e9cification du v\u00eatement d&#8217;utilisation finale.<\/p>\n<p>M\u00e9thode d&#8217;essai pour mesurer la protection thermique fournie par diff\u00e9rents mat\u00e9riaux, v\u00eatements, ensembles vestimentaires et syst\u00e8mes lorsqu&#8217;ils sont expos\u00e9s \u00e0 un feu sp\u00e9cifique\u00a0:<\/p>\n<ul>\n<li>Il ne simule pas les expositions radiantes \u00e9lev\u00e9es, par exemple, celles trouv\u00e9es dans les expositions aux arcs \u00e9lectriques, certains types d&#8217;expositions au feu impliquant des combustibles liquides ou solides, ou l&#8217;exposition aux explosions nucl\u00e9aires.<\/li>\n<li>Fournit une mesure de la performance du v\u00eatement et de l&#8217;ensemble vestimentaire sur un mannequin droit stationnaire de dimensions sp\u00e9cifi\u00e9es. Cette m\u00e9thode d&#8217;essai est utilis\u00e9e pour fournir des pr\u00e9visions de br\u00fblures cutan\u00e9es pour un v\u00eatement ou un ensemble de v\u00eatements de protection sp\u00e9cifique lorsqu&#8217;il est expos\u00e9 \u00e0 une simulation d&#8217;incendie en laboratoire.<\/li>\n<li>Il n&#8217;\u00e9tablit pas de r\u00e9ussite\/non-r\u00e9ussite pour la performance du mat\u00e9riau. Les r\u00e9sultats ne constituent pas la sp\u00e9cification de performance d&#8217;un mat\u00e9riau. Les effets de la position et du mouvement du corps ne sont pas couverts dans cette m\u00e9thode d&#8217;essai.<\/li>\n<li>Cette m\u00e9thode comprend des mesures quantitatives et des observations subjectives caract\u00e9risant les v\u00eatements \u00e0 couche unique ou les ensembles de v\u00eatements de protection \u00a0mont\u00e9s sur un mannequin instrument\u00e9 droit fixe qui sont ensuite expos\u00e9s en laboratoire \u00e0 un environnement d&#8217;incendie simul\u00e9 avec un flux de chaleur, une distribution des flammes et une dur\u00e9e contr\u00f4l\u00e9s. Le flux de chaleur d&#8217;exposition moyen est de 84 kW\/m2 (2 cal\/s cm2), avec des dur\u00e9es allant jusqu&#8217;\u00e0 20 s. Le mannequin est muni de br\u00fbleurs. 12 br\u00fbleurs sur deux niveaux de six entourant le mannequin.<\/li>\n<li>Un minimum de 100 capteurs d&#8217;\u00e9nergie thermique seront utilis\u00e9s, r\u00e9partis en pourcentage selon les indications de ka norme sur le mannequin, \u00e0 l&#8217;exception des mains et des pieds qui repr\u00e9sentent environ 12 % de la surface du corps.<\/li>\n<li>Le mod\u00e8le de br\u00fblage est \u00e9tabli par Stoll et Greene.<\/li>\n<\/ul>\n<p>[\/vc_column_text][\/vc_tta_section][vc_tta_section title=&#8221;PROC\u00c9D\u00c9MENT&#8221; tab_id=&#8221;1686299572429-bb699bcc-5d1d&#8221;][vc_column_text woodmart_inline=&#8221;no&#8221; text_larger=&#8221;no&#8221;]<\/p>\n<ul>\n<li>Pr\u00e9traitement de l&#8217;\u00e9chantillon: laver l&#8217;\u00e9chantillon conform\u00e9ment aux instructions et aux normes du fabricant. Conditionner l&#8217;\u00e9chantillon de mani\u00e8re appropri\u00e9e.<\/li>\n<li>Pr\u00e9paration de l&#8217;appareil en purgeant la chambre de combustion br\u00fbl\u00e9e et en chargeant la conduite de gaz.<\/li>\n<li>Exposer le mannequin nu aux flammes avant de tester une s\u00e9rie d&#8217;\u00e9chantillons.<\/li>\n<li>V\u00e9rifier la temp\u00e9rature de la chambre.<\/li>\n<li>Habiller le mannequin avec le mod\u00e8le d&#8217;essai d&#8217;une taille d&#8217;\u00e9chantillon appropri\u00e9e aux mesures du mannequin. Une taille au-dessus r\u00e9duit la pr\u00e9diction de blessure de 5 % en raison de la couche d&#8217;air isolante form\u00e9e entre le v\u00eatement et le mannequin.<\/li>\n<li>Enregistrer les caract\u00e9ristiques de l&#8217;essai.<\/li>\n<li>V\u00e9rifier l&#8217;alignement du br\u00fbleur.<\/li>\n<li>V\u00e9rifier l&#8217;alignement du mannequin.<\/li>\n<li>\u00c9tablir les param\u00e8tres de l&#8217;essai.<\/li>\n<li>Confirmer les conditions de s\u00fbret\u00e9 de fonctionnement.<\/li>\n<li>V\u00e9rifier l&#8217;alignement du syst\u00e8me d&#8217;allumage.<\/li>\n<li>Enregistrer la temp\u00e9rature de la chambre.<\/li>\n<li>D\u00e9but de l&#8217;\u00e9chantillon test.<\/li>\n<li>Acquisition des donn\u00e9es de transfert de chaleur.<\/li>\n<li>Enregistrement des observations sur la r\u00e9ponse de l&#8217;\u00e9chantillon d&#8217;essai.<\/li>\n<li>D\u00e9but de la pr\u00e9paration du rapport d&#8217;essai.<\/li>\n<li>D\u00e9marrer le syst\u00e8me d&#8217;\u00e9chappement \u00e0 air force.<\/li>\n<li>Acquisition des donn\u00e9es et enregistrement des observations sur les r\u00e9sultats de l&#8217;\u00e9chantillon.<\/li>\n<\/ul>\n<p>&nbsp;<\/p>\n<ul>\n<li>R\u00e9p\u00e9ter les 3 \u00e9chantillons avec remplacement pr\u00e9alable des capteurs, si n\u00e9cessaire, a\u00e9ration de la chambre et nettoyage et st\u00e9rilisation des capteurs.<\/li>\n<li>R\u00e9p\u00e9ter l&#8217;exposition \u00e0 nu \u00e0 la fin de l&#8217;essai d&#8217;assemblage. Si le flux thermique d&#8217;exposition moyen pour l&#8217;exposition initiale et l&#8217;exposition finale diff\u00e8re de plus de 5 %, l&#8217;essai doit \u00eatre r\u00e9p\u00e9t\u00e9.<\/li>\n<li>Pr\u00e9diction des br\u00fblures cutan\u00e9es.<\/li>\n<li>D\u00e9livrance du rapport.<\/li>\n<\/ul>\n<p>[\/vc_column_text][\/vc_tta_section][vc_tta_section title=&#8221;R\u00c9SULTATS&#8221; tab_id=&#8221;1686299904902-cf666f5d-77a8&#8243;][vc_column_text woodmart_inline=&#8221;no&#8221; text_larger=&#8221;no&#8221;]<\/p>\n<ul>\n<li>Les changements visuels et physiques du v\u00eatement monocouche ou de l&#8217;ensemble de v\u00eatements de protection sont enregistr\u00e9s pour aider \u00e0 comprendre la performance globale du v\u00eatement de protection ou de l&#8217;ensemble de v\u00eatements et comment les r\u00e9sultats de br\u00fblures cutan\u00e9es pr\u00e9dits peuvent \u00eatre interpr\u00e9t\u00e9s par l&#8217;homme.<\/li>\n<li>Le temps de post-combustion, la formation de trous, la fusion, la fragilisation, la fum\u00e9e, l&#8217;\u00e9gouttement, le r\u00e9tr\u00e9cissement et le comportement des accessoires du v\u00eatement sont enregistr\u00e9s.<\/li>\n<li>La pr\u00e9diction des br\u00fblures cutan\u00e9es est bas\u00e9e sur un nombre limit\u00e9 d&#8217;exp\u00e9riences dans lesquelles les avant-bras de sujets humains ont \u00e9t\u00e9 expos\u00e9s \u00e0 des conditions thermiques \u00e9lev\u00e9es. Ces informations sur l&#8217;avant-bras pour les br\u00fblures cutan\u00e9es s&#8217;appliquent uniform\u00e9ment \u00e0 tout le corps du mannequin, \u00e0 l&#8217;exception des mains et des pieds. Les mains et les pieds ne sont pas inclus dans la pr\u00e9diction des br\u00fblures cutan\u00e9es.<\/li>\n<li>Les mesures obtenues et les observations not\u00e9es ne peuvent \u00eatre appliqu\u00e9es qu&#8217;au(x) v\u00eatement(s) ou ensemble(s) particulier(s) test\u00e9(s) en utilisant le flux de chaleur, la distribution de la flamme et la dur\u00e9e sp\u00e9cifi\u00e9s.<br \/>\nLes r\u00e9sultats par exposition sont d\u00e9finis en % pour les br\u00fblures de zone au 2e degr\u00e9, les br\u00fblures de zone au 3e degr\u00e9 et le total des br\u00fblures aux 2e et 3e degr\u00e9s en %.Cette norme est utilis\u00e9e pour mesurer et d\u00e9crire la r\u00e9ponse des mat\u00e9riaux, produits ou assemblages \u00e0 la chaleur et \u00e0 la flamme dans des conditions contr\u00f4l\u00e9es, mais n&#8217;int\u00e8gre pas \u00e0 elle seule tous les facteurs requis pour le risque d&#8217;incendie ou l&#8217;\u00e9valuation des risques d&#8217;incendie des mat\u00e9riaux, produits ou assemblages, dans des conditions r\u00e9elles d&#8217;incendie.<\/li>\n<\/ul>\n<p>[\/vc_column_text][\/vc_tta_section][\/vc_tta_tabs][\/vc_column][\/vc_row]<\/p>\n<\/section>","protected":false},"excerpt":{"rendered":"<p>M\u00c9THODE D&#8217;ESSAI STANDARD POUR L&#8217;\u00c9VALUATION DES V\u00caTEMENTS IGNIFUGES POUR LES SIMULATIONS DE PROTECTION CONTRE L&#8217;INCENDIE \u00c0 L&#8217;AIDE D&#8217;UN MANNEQUIN INSTRUMENT\u00c9<\/p>\n","protected":false},"featured_media":0,"comment_status":"open","ping_status":"closed","template":"","meta":{"_mi_skip_tracking":false,"_monsterinsights_sitenote_active":false,"_monsterinsights_sitenote_note":"","_monsterinsights_sitenote_category":0},"product_cat":[884],"product_tag":[],"class_list":["post-11318","product","type-product","status-publish","hentry","product_cat-norme"],"acf":[],"_links":{"self":[{"href":"https:\/\/lenard.tech\/fr\/wp-json\/wp\/v2\/product\/11318","targetHints":{"allow":["GET"]}}],"collection":[{"href":"https:\/\/lenard.tech\/fr\/wp-json\/wp\/v2\/product"}],"about":[{"href":"https:\/\/lenard.tech\/fr\/wp-json\/wp\/v2\/types\/product"}],"replies":[{"embeddable":true,"href":"https:\/\/lenard.tech\/fr\/wp-json\/wp\/v2\/comments?post=11318"}],"wp:attachment":[{"href":"https:\/\/lenard.tech\/fr\/wp-json\/wp\/v2\/media?parent=11318"}],"wp:term":[{"taxonomy":"product_cat","embeddable":true,"href":"https:\/\/lenard.tech\/fr\/wp-json\/wp\/v2\/product_cat?post=11318"},{"taxonomy":"product_tag","embeddable":true,"href":"https:\/\/lenard.tech\/fr\/wp-json\/wp\/v2\/product_tag?post=11318"}],"curies":[{"name":"wp","href":"https:\/\/api.w.org\/{rel}","templated":true}]}}