
{"id":11321,"date":"2023-03-31T07:38:12","date_gmt":"2023-03-31T07:38:12","guid":{"rendered":"https:\/\/lenard.tech\/producto\/astm-f1506\/"},"modified":"2025-10-02T13:29:11","modified_gmt":"2025-10-02T13:29:11","slug":"astm-f1506","status":"publish","type":"product","link":"https:\/\/lenard.tech\/fr\/producto\/astm-f1506\/","title":{"rendered":"ASTM F1506:2022"},"content":{"rendered":"<section class=\"wpb-content-wrapper\"><p>[vc_row][vc_column][vc_column_text woodmart_inline=&#8221;no&#8221; text_larger=&#8221;no&#8221;]<\/p>\n<h5 id=\"tw-target-text\" class=\"tw-data-text tw-text-large tw-ta\" dir=\"ltr\" data-placeholder=\"Traducci\u00f3n\"><strong><span class=\"Y2IQFc\" lang=\"fr\">SP\u00c9CIFICATION DE PERFORMANCE STANDARD POUR LES V\u00caTEMENTS DE PROTECTION R\u00c9SISTANT AUX FLAMMES ET AUX \u00c9CLAIRS D&#8217;ARC PORT\u00c9S PAR LES TRAVAILLEURS EXPOS\u00c9S AUX FLAMMES ET AUX \u00c9CLAIRS D&#8217;ARC<\/span><\/strong><\/h5>\n<p>[\/vc_column_text][\/vc_column][\/vc_row][vc_row][vc_column][vc_tta_tabs][vc_tta_section title=&#8221;PORT\u00c9E&#8221; tab_id=&#8221;1686233410484-cabe989d-a697&#8243;][vc_column_text woodmart_inline=&#8221;no&#8221; text_larger=&#8221;no&#8221;]<\/p>\n<ul>\n<li>V\u00eatements de protection r\u00e9sistants aux arcs \u00e9lectriques et aux flammes<\/li>\n<\/ul>\n<p>Cette sp\u00e9cification identifie l&#8217;indice d&#8217;arc \u00e9lectrique des tissus ignifuges.<\/p>\n<ul>\n<li>Les exigences minimales relatives \u00e0 l&#8217;\u00e9tiquetage des v\u00eatements visent \u00e0 fournir aux utilisateurs finaux les informations appropri\u00e9es pour la s\u00e9lection de v\u00eatements ayant l&#8217;indice d&#8217;arc appropri\u00e9.<\/li>\n<li>Les utilisateurs finaux doivent effectuer une \u00e9valuation pour d\u00e9terminer le niveau de risque et l&#8217;indice d&#8217;arc requis des v\u00eatements de protection pour leurs dangers individuels.<\/li>\n<li>La pr\u00e9sente sp\u00e9cification ne concerne pas les tissus avec des v\u00eatements ou des rev\u00eatements de protection lamin\u00e9s<\/li>\n<li>Les exigences en mati\u00e8re de lavage ne rel\u00e8vent pas du champ d&#8217;application de ce r\u00e8glement.<\/li>\n<\/ul>\n<p>[\/vc_column_text][\/vc_tta_section][vc_tta_section title=&#8221;D\u00c9FINITION&#8221; tab_id=&#8221;1686233410490-1fc3c23e-1f6a&#8221;][vc_column_text woodmart_inline=&#8221;no&#8221; text_larger=&#8221;no&#8221;]<\/p>\n<ul>\n<li>Flamme arri\u00e8re : flamme persistante apr\u00e8s l&#8217;\u00e9limination de la source d&#8217;inflammation<\/li>\n<li>Le temps apr\u00e8s la flamme. P\u00e9riode de temps pendant laquelle le mat\u00e9riau continue de br\u00fbler apr\u00e8s l&#8217;\u00e9limination de la source d&#8217;inflammation.<\/li>\n<li>Indice d&#8217;arc :\n<ol>\n<li>Valeur attribu\u00e9e aux mat\u00e9riaux qui d\u00e9crit leur comportement lorsqu&#8217;ils sont expos\u00e9s \u00e0 une arche<\/li>\n<li>Valeur de performance thermique de l&#8217;arc (ATPV), \u00e9nergie incidente sur un mat\u00e9riau ou un syst\u00e8me multicouche de mat\u00e9riaux qui entra\u00eene une probabilit\u00e9 de 50 % que le transfert de chaleur \u00e0 travers l&#8217;\u00e9chantillon test\u00e9 devrait provoquer l&#8217;apparition d&#8217;une br\u00fblure cutan\u00e9e au deuxi\u00e8me degr\u00e9 sur la base de la courbe de Stoll9, kW\/m2(cal\/cm2).<\/li>\n<\/ol>\n<\/li>\n<li>\u00c9nergie de seuil d&#8217;ouverture (EBT). \u00c9nergie incidente d&#8217;un mat\u00e9riau r\u00e9sultant de la probabilit\u00e9 de rupture de 50 %.<\/li>\n<li>Composants critiques, articles utilis\u00e9s dans la fabrication de v\u00eatements de protection ignifuges et r\u00e9sistants aux arcs \u00e9lectriques<\/li>\n<li>Tests de conception<\/li>\n<li>Identificateur de tissu<\/li>\n<li>Producteur de tissus<\/li>\n<li>Poids nominal du tissu exprim\u00e9 en grammes par m\u00e8tre carr\u00e9 (onces par verge carr\u00e9e)<\/li>\n<li>Couvre-visage en tissu r\u00e9sistant au feu<\/li>\n<li>Risque thermique<\/li>\n<\/ul>\n<p>[\/vc_column_text][\/vc_tta_section][vc_tta_section title=&#8221;EXIGENCES DE TISSU&#8221; tab_id=&#8221;1686233675155-f13754c0-68fa&#8221;][vc_column_text woodmart_inline=&#8221;no&#8221; text_larger=&#8221;no&#8221;]<\/p>\n<ul>\n<li>Effectuer l&#8217;inflammabilit\u00e9 selon la norme D6413 avant lavage dans chaque lot.<\/li>\n<li>Les tests seront effectu\u00e9s sur le tissu d&#8217;origine<\/li>\n<\/ul>\n<p>[\/vc_column_text][\/vc_tta_section][vc_tta_section title=&#8221;EXIGENCES VESTIMENTAIRES&#8221; tab_id=&#8221;1686233715682-044f416f-c046&#8243;][vc_column_text woodmart_inline=&#8221;no&#8221; text_larger=&#8221;no&#8221;]<\/p>\n<ul>\n<li>Les garnitures utilis\u00e9es dans la fabrication des v\u00eatements ne contribueront pas \u00e0 la s\u00e9v\u00e9rit\u00e9<\/li>\n<\/ul>\n<p>de blessure \u00e0 l&#8217;utilisateur en cas de choc \u00e9lectrique momentan\u00e9, d&#8217;arc et d&#8217;exposition thermique associ\u00e9e.<\/p>\n<ul>\n<li>fil \u00e0 coudre, ils seront faits d&#8217;une fibre intrins\u00e8quement ignifuge et<\/li>\n<\/ul>\n<p>ne fond pas en dessous d&#8217;une temp\u00e9rature de 260 \u00b0C (500 \u00b0F) lorsqu&#8217;il est test\u00e9 selon la m\u00e9thode d&#8217;essai D7138.<\/p>\n<ul>\n<li>Toutes les bandes de fermeture coulissantes utilis\u00e9es dans la construction des v\u00eatements doivent \u00eatre<\/li>\n<\/ul>\n<p>r\u00e9sistant aux flammes (500 +14\/-0\u00b0F) et le temps d&#8217;exposition au four sera de 5 min + les \u00e9chantillons ne doivent pas fondre, couler, se s\u00e9parer ou s&#8217;enflammer.<\/p>\n<ul>\n<li>Les am\u00e9liorations de visibilit\u00e9, qui sont con\u00e7ues pour \u00eatre fix\u00e9es \u00e0 des v\u00eatements r\u00e9sistants aux arcs \u00e9lectriques, doivent \u00eatre test\u00e9es et certifi\u00e9es conform\u00e9ment \u00e0 NFPA2112 pour am\u00e9liorer la visibilit\u00e9, elles doivent \u00eatre test\u00e9es :<\/li>\n<\/ul>\n<ol>\n<li>Pour les v\u00eatements class\u00e9s \u00e0 l&#8217;arc \u00e9lectrique et au moyen de coutures, ils doivent \u00eatre essay\u00e9s et ne doivent pas fuir ou se rompre et ne doivent pas montrer plus de 2 secondes de temps apr\u00e8s la flamme conform\u00e9ment \u00e0 la m\u00e9thode D6413.<\/li>\n<li>Pour les v\u00eatements ayant une puissance nominale d&#8217;arc \u00e9lectrique et au moyen d&#8217;un fusible, ils sont test\u00e9s apr\u00e8s avoir \u00e9t\u00e9 fix\u00e9s pour la premi\u00e8re fois \u00e0 l&#8217;arc nominal du tissu utilis\u00e9 dans le v\u00eatement et ne fondent pas et ne coulent pas et sont d\u00e9montr\u00e9s au plus tard 2 s apr\u00e8s la flamme conform\u00e9ment \u00e0 la m\u00e9thode D6413. La dur\u00e9e de carbonisation et le temps de post-luminescence ne seront pas mesur\u00e9s.<\/li>\n<\/ol>\n<ul>\n<li>Les propri\u00e9t\u00e9s des mat\u00e9riaux des v\u00eatements doivent \u00eatre conformes aux tableaux suivants :<\/li>\n<\/ul>\n<p>[\/vc_column_text][vc_single_image image=&#8221;10755&#8243; img_size=&#8221;full&#8221; alignment=&#8221;center&#8221; onclick=&#8221;link_image&#8221; parallax_scroll=&#8221;no&#8221; woodmart_inline=&#8221;no&#8221;][\/vc_tta_section][vc_tta_section title=&#8221;M\u00c9THODES D\u00b4ANALYSE DES TISSUS&#8221; tab_id=&#8221;1686233997780-3279c45c-dccd&#8221;][vc_column_text woodmart_inline=&#8221;no&#8221; text_larger=&#8221;no&#8221;]<\/p>\n<ul>\n<li>\n<ul>\n<li>Charge de rupture selon D5034 et selon les exigences du tableau 1<\/li>\n<li>R\u00e9sistance \u00e0 la d\u00e9chirure selon D1424 et selon les exigences du tableau 1<\/li>\n<li>R\u00e9sistance \u00e0 l&#8217;\u00e9clatement des tissus tricot\u00e9s selon D3786 et exigences du tableau 2<\/li>\n<li>Solidit\u00e9 des couleurs au lavage. M\u00e9thode de lavage fournie par le fabricant<\/li>\n<li>Changement dimensionnel selon les instructions du fabricant du v\u00eatement ne d\u00e9passant pas \u00b1 5\u00a0% dans les deux sens. Pour les tissus tricot\u00e9s, ne s&#8217;applique pas<\/li>\n<li>Inflammabilit\u00e9 selon la norme D6413, pour les \u00e9chantillons avant et apr\u00e8s lavage Pas de test de fusion et d&#8217;\u00e9gouttement. La longueur de la carbonisation ne doit pas d\u00e9passer 152 mm (6,0 po) et le temps apr\u00e8s la flamme ne doit pas d\u00e9passer 2 s.<\/li>\n<li>M\u00e9thodes de lavage : Laver 25 fois avec les m\u00e9thodes suivantes<\/li>\n<\/ul>\n<p>(une) NFPA 2112<\/p>\n<p>(b.) M\u00e9thode AATCC 135 (3, IV, A iii).<\/p>\n<ul>\n<li>Classification de l&#8217;arc selon la m\u00e9thode d&#8217;essai F1959\/F1959M. Le rapport d&#8217;essai d&#8217;arc comprendra le poids du tissu.<\/li>\n<li>Lors d&#8217;un essai \u00e0 l&#8217;arc selon la m\u00e9thode d&#8217;essai F1959\/F1959M, pour des syst\u00e8mes monocouches uniquement, le temps apr\u00e8s flamme doit \u00eatre d\u00e9termin\u00e9 en calculant le temps moyen apr\u00e8s flamme d&#8217;au moins trois \u00e9prouvettes d&#8217;essai d&#8217;arc pour lesquelles l&#8217;\u00e9nergie incidente est \u00e9gale ou sup\u00e9rieure \u00e0 l&#8217;ATPV ou \u00e0 l&#8217;EBT (selon le cas). Toutes les expositions provenant d&#8217;\u00e9chantillons d&#8217;essai \u00e0 l&#8217;arc pour lesquelles l&#8217;\u00e9nergie incidente est \u00e9gale ou sup\u00e9rieure \u00e0 l&#8217;ATPV ou \u00e0 l&#8217;EBT doivent \u00eatre signal\u00e9es et utilis\u00e9es dans la d\u00e9termination de la flamme apr\u00e8s le temps. Le temps de flamme ult\u00e9rieur ne doit pas d\u00e9passer 5 s.<\/li>\n<li>Poids r\u00e9el du tissu selon les m\u00e9thodes d&#8217;essai D3776\/D3776M<\/li>\n<\/ul>\n<p>avant le lavage et apr\u00e8s le conditionnement selon la m\u00e9thode D1776\/D1776M<\/li>\n<\/ul>\n<p>[\/vc_column_text][\/vc_tta_section][vc_tta_section title=&#8221;REPORTAGE&#8221; tab_id=&#8221;1686234148906-76c1c277-8043&#8243;][vc_column_text woodmart_inline=&#8221;no&#8221; text_larger=&#8221;no&#8221;]<\/p>\n<ul>\n<li>R\u00e9sultats des tests requis<\/li>\n<li>Num\u00e9ro de lot<\/li>\n<li>La taille du lot<\/li>\n<li>Identification de l&#8217;\u00e9chantillon<\/li>\n<li>Description de la composition et du poids du tissu<\/li>\n<li>Les v\u00eatements d\u00e9clar\u00e9s conformes \u00e0 la norme ASTM F1506 doivent \u00eatre \u00e9tiquet\u00e9s avec la d\u00e9claration suivante\u00a0:<\/li>\n<li>&#8220;Ce v\u00eatement r\u00e9pond \u00e0 toutes les exigences de la norme ASTM F1506.&#8221;<\/li>\n<li>Les fabricants de v\u00eatements de protection sont responsables du suivi du v\u00eatement<\/li>\n<li>Les fabricants de composants critiques sont responsables des performances de leurs produits et doivent disposer d&#8217;un enregistrement document\u00e9 et d&#8217;un syst\u00e8me de gestion de la qualit\u00e9.<\/li>\n<\/ul>\n<p>[\/vc_column_text][\/vc_tta_section][\/vc_tta_tabs][\/vc_column][\/vc_row]<\/p>\n<\/section>","protected":false},"excerpt":{"rendered":"<p><strong><span class=\"Y2IQFc\" lang=\"fr\">SP\u00c9CIFICATION DE PERFORMANCE STANDARD POUR LES V\u00caTEMENTS DE PROTECTION R\u00c9SISTANT AUX FLAMMES ET AUX \u00c9CLAIRS D&#8217;ARC PORT\u00c9S PAR LES TRAVAILLEURS EXPOS\u00c9S AUX FLAMMES ET AUX \u00c9CLAIRS D&#8217;ARC<\/span><\/strong><\/p>\n","protected":false},"featured_media":0,"comment_status":"open","ping_status":"closed","template":"","meta":{"_mi_skip_tracking":false,"_monsterinsights_sitenote_active":false,"_monsterinsights_sitenote_note":"","_monsterinsights_sitenote_category":0},"product_cat":[884],"product_tag":[],"class_list":["post-11321","product","type-product","status-publish","hentry","product_cat-norme"],"acf":[],"_links":{"self":[{"href":"https:\/\/lenard.tech\/fr\/wp-json\/wp\/v2\/product\/11321","targetHints":{"allow":["GET"]}}],"collection":[{"href":"https:\/\/lenard.tech\/fr\/wp-json\/wp\/v2\/product"}],"about":[{"href":"https:\/\/lenard.tech\/fr\/wp-json\/wp\/v2\/types\/product"}],"replies":[{"embeddable":true,"href":"https:\/\/lenard.tech\/fr\/wp-json\/wp\/v2\/comments?post=11321"}],"wp:attachment":[{"href":"https:\/\/lenard.tech\/fr\/wp-json\/wp\/v2\/media?parent=11321"}],"wp:term":[{"taxonomy":"product_cat","embeddable":true,"href":"https:\/\/lenard.tech\/fr\/wp-json\/wp\/v2\/product_cat?post=11321"},{"taxonomy":"product_tag","embeddable":true,"href":"https:\/\/lenard.tech\/fr\/wp-json\/wp\/v2\/product_tag?post=11321"}],"curies":[{"name":"wp","href":"https:\/\/api.w.org\/{rel}","templated":true}]}}