
{"id":11324,"date":"2023-03-31T07:37:28","date_gmt":"2023-03-31T07:37:28","guid":{"rendered":"https:\/\/lenard.tech\/producto\/astm-d6413\/"},"modified":"2023-08-30T14:22:24","modified_gmt":"2023-08-30T14:22:24","slug":"astm-d64132022","status":"publish","type":"product","link":"https:\/\/lenard.tech\/fr\/producto\/astm-d64132022\/","title":{"rendered":"ASTM D6413:2022"},"content":{"rendered":"<section class=\"wpb-content-wrapper\"><p>[vc_row][vc_column][vc_column_text woodmart_inline=&#8221;no&#8221; text_larger=&#8221;no&#8221;]<\/p>\n<p id=\"tw-target-text\" class=\"tw-data-text tw-text-large tw-ta\" dir=\"ltr\" data-placeholder=\"Traducci\u00f3n\"><span class=\"Y2IQFc\" lang=\"fr\">M\u00c9THODE D&#8217;ESSAI STANDARD POUR LA R\u00c9SISTANCE \u00c0 LA FLAMME DES TEXTILES (Essai vertical)<\/span><\/p>\n<p>[\/vc_column_text][\/vc_column][\/vc_row][vc_row][vc_column][vc_tta_tabs][vc_tta_section title=&#8221;D\u00c9FINITION&#8221; tab_id=&#8221;1686296922936-d6e182b0-77b1&#8243;][vc_column_text woodmart_inline=&#8221;no&#8221; text_larger=&#8221;no&#8221;]Cette m\u00e9thode est utilis\u00e9e pour d\u00e9terminer la r\u00e9sistance \u00e0 la flamme verticale des textiles.<br \/>\nLe temps de post-incandescence et de post-combustion apr\u00e8s la combustion est \u00e9galement \u00e9valu\u00e9.<\/p>\n<p>D\u00e9finitions standards\u00a0:<br \/>\n\u2022 post-flamme, n : flamme persistante d&#8217;un mat\u00e9riau apr\u00e8s \u00e9limination de la source d&#8217;inflammation.<br \/>\n\u2022 temps apr\u00e8s flamme, la p\u00e9riode de temps pendant laquelle un mat\u00e9riau continue \u00e0 br\u00fbler apr\u00e8s que la source d&#8217;inflammation a \u00e9t\u00e9 retir\u00e9e.<br \/>\n\u2022 temps de r\u00e9manence, le temps pendant lequel la r\u00e9manence continue apr\u00e8s le retrait de la source d&#8217;allumage et l&#8217;arr\u00eat des flammes.<br \/>\n\u2022 longueur carbonis\u00e9e, n\u00a0: lors de la mesure de la r\u00e9sistance au feu des textiles, la distance entre le bord du tissu, qui est directement expos\u00e9 \u00e0 la flamme, et le point le plus \u00e9loign\u00e9 de l&#8217;endommagement visible du tissu apr\u00e8s application d&#8217;une force de d\u00e9chirure sp\u00e9cifi\u00e9e .<br \/>\n\u2022 temps d&#8217;application de la flamme, n : intervalle de temps pendant lequel la flamme d&#8217;allumage est appliqu\u00e9e \u00e0 un mat\u00e9riau.<br \/>\n\u2022 Fusion : une liqu\u00e9faction du mat\u00e9riau sous l&#8217;influence de la chaleur.<\/p>\n<p>D\u00e9finition de la m\u00e9thode<br \/>\n\u2022 Cette m\u00e9thode de test d\u00e9termine la r\u00e9ponse des textiles \u00e0 une source d&#8217;allumage standard, en d\u00e9rivant les valeurs de mesure pour le temps apr\u00e8s flamme, le temps de post-luminescence et la longueur de carbonisation sous une force sp\u00e9cifi\u00e9e.<br \/>\n\u2022 La r\u00e9sistance \u00e0 la flamme verticale, d\u00e9termin\u00e9e par cette m\u00e9thode d&#8217;essai, ne concerne qu&#8217;une exposition \u00e0 la flamme et un temps d&#8217;application sp\u00e9cifi\u00e9s.<br \/>\n\u2022 Cette m\u00e9thode d&#8217;essai maintient l&#8217;\u00e9chantillon dans une position verticale statique, sans courants d&#8217;air, et n&#8217;implique aucun mouvement autre que celui r\u00e9sultant de l&#8217;exposition.<\/p>\n<p>Au minimum, les \u00e9chantillons d&#8217;essai utilis\u00e9s doivent \u00eatre aussi homog\u00e8nes que possible.[\/vc_column_text][\/vc_tta_section][vc_tta_section title=&#8221;APPAREIL&#8221; tab_id=&#8221;1686296922948-3036ef94-f593&#8243;][vc_column_text woodmart_inline=&#8221;no&#8221; text_larger=&#8221;no&#8221;]Br\u00fbleur \u00e9quip\u00e9 d&#8217;un pointeau pour r\u00e9gler la hauteur de la flamme.<br \/>\n\u2022 M\u00e9lange gazeux, m\u00e9thane, pur \u00e0 99 %.<br \/>\n\u2022 Chronom\u00e8tre<br \/>\n\u2022 \u00c9chelle de mesure, gradu\u00e9e par incr\u00e9ments d&#8217;au moins 3 mm pour mesurer la longueur du charbon.<br \/>\n\u2022 Crochets et poids en m\u00e9tal \u2013 Crochets en m\u00e9tal et une vari\u00e9t\u00e9 de poids pour produire une s\u00e9rie de charges totales qui seront utilis\u00e9es pour d\u00e9terminer la longueur du charbon.[\/vc_column_text][vc_single_image image=&#8221;8258&#8243; img_size=&#8221;FULL&#8221; parallax_scroll=&#8221;no&#8221; woodmart_inline=&#8221;no&#8221;][\/vc_tta_section][vc_tta_section title=&#8221;\u00c9CHANTILLONS&#8221; tab_id=&#8221;1686297053641-7cf231d5-4008&#8243;][vc_column_text woodmart_inline=&#8221;no&#8221; text_larger=&#8221;no&#8221;]\u2022 Prenez des rouleaux au moins un morceau de tissu pleine largeur de 1 m [1 yd] de long le long de la lisi\u00e8re (sens machine), apr\u00e8s avoir d&#8217;abord retir\u00e9 un morceau de 1 m [1 yd]. ] longueur.<br \/>\n\u2022 \u00c0 partir de chaque unit\u00e9 d&#8217;\u00e9chantillon de laboratoire, couper cinq \u00e9chantillons d&#8217;essai dans le sens de la longueur et cinq dans le sens de la largeur mesurant 3,0 pouces [76 mm] sur 12 pouces [300 mm].[\/vc_column_text][\/vc_tta_section][vc_tta_section title=&#8221;PROC\u00c9DURE&#8221; tab_id=&#8221;1687252628744-76174432-dafb&#8221;][vc_column_text woodmart_inline=&#8221;no&#8221; text_larger=&#8221;no&#8221;]\u2022 Conditionner pendant 24 heures \u00e0 temp\u00e9rature et humidit\u00e9 selon ASTM D1776.<br \/>\n\u2022 Assemblez et exposez \u00e0 la flamme chaque bouteille dans les 4 minutes suivant son retrait de la zone de conditionnement ou de stockage.<br \/>\n\u2022 Tenez l&#8217;\u00e9chantillon d&#8217;essai entre les deux moiti\u00e9s du support, avec le bas de l&#8217;\u00e9chantillon align\u00e9 avec le fond du support.<br \/>\n\u2022 \u00c9teignez la ventilation de la hotte.<br \/>\n\u2022 Positionnez le br\u00fbleur avec la moiti\u00e9 inf\u00e9rieure de l&#8217;\u00e9prouvette centr\u00e9e \u00e0 19 mm [0,75 po] au-dessus du br\u00fbleur.<br \/>\n\u2022 D\u00e9marrez la minuterie d&#8217;impact de flamme et exposez l&#8217;\u00e9chantillon pendant 12 \u00b1 0,2 s. Observez si l&#8217;\u00e9chantillon fond ou coule pendant l&#8217;exposition \u00e0 la flamme.<br \/>\n\u2022 Imm\u00e9diatement apr\u00e8s avoir retir\u00e9 la flamme, d\u00e9marrez une minuterie pour mesurer le temps de post-flamme et de r\u00e9manence.<br \/>\n\u2022 Observez combien de temps l&#8217;\u00e9chantillon continue \u00e0 br\u00fbler apr\u00e8s le temps d&#8217;exposition de 12 s. Enregistrez le temps apr\u00e8s la flamme avec une pr\u00e9cision de 0,2 s.<br \/>\n\u2022 Observez combien de temps l&#8217;\u00e9chantillon continue \u00e0 briller apr\u00e8s l&#8217;arr\u00eat de la flamme r\u00e9siduelle ou apr\u00e8s avoir retir\u00e9 la flamme s&#8217;il n&#8217;y a pas de flamme r\u00e9siduelle. Enregistrez ce temps de r\u00e9manence \u00e0 0,2 s pr\u00e8s.<br \/>\n\u2022 Retirez le porte-\u00e9chantillon de l&#8217;enceinte de test. Allumez la ventilation de la hotte pour nettoyer l&#8217;armoire d&#8217;essai des gaz et de la fum\u00e9e. Laisser refroidir l&#8217;\u00e9chantillon.<br \/>\n\u2022 Faites un pli en pliant l&#8217;\u00e9chantillon le long d&#8217;une ligne passant par le sommet de la zone carbonis\u00e9e la plus \u00e9lev\u00e9e et parall\u00e8le aux c\u00f4t\u00e9s de l&#8217;\u00e9chantillon.<br \/>\n\u2022 Percez l&#8217;\u00e9chantillon avec le crochet \u00e0 environ 6 mm [0,25 in.] du bord inf\u00e9rieur et du bord lat\u00e9ral de l&#8217;\u00e9chantillon.<br \/>\n\u2022 Fixez un poids de masse suffisant pour donner une masse combin\u00e9e du poids avec le crochet qui donne la force de d\u00e9chirure appropri\u00e9e. Reportez-vous au tableau 1 pour d\u00e9terminer la r\u00e9sistance totale \u00e0 la d\u00e9chirure d\u00e9sign\u00e9e pour les tissus de diff\u00e9rentes bases.<br \/>\n\u2022 Appliquez la force de d\u00e9chirure comme suit. Fixez le coin de l&#8217;\u00e9chantillon au bord inf\u00e9rieur oppos\u00e9 du tissu \u00e0 partir duquel le crochet et le poids sont attach\u00e9s. Soulevez l&#8217;\u00e9chantillon dans un mouvement r\u00e9gulier et continu jusqu&#8217;\u00e0 ce que l&#8217;\u00e9chantillon supporte la force de d\u00e9chirure compl\u00e8te. Notez toute d\u00e9chirure de tissu dans la zone carbonis\u00e9e de l&#8217;\u00e9chantillon. Marquez la fin de la d\u00e9chirure avec une ligne sur toute la largeur du tissu et perpendiculaire \u00e0 la ligne de pliage.<br \/>\n\u2022 Mesurez la longueur carbonis\u00e9e le long du bord non endommag\u00e9 de l&#8217;\u00e9chantillon aux 3 mm [0,12 in] les plus proches.[\/vc_column_text][\/vc_tta_section][vc_tta_section title=&#8221;CALCUL&#8221; tab_id=&#8221;1687252822944-7385035a-e923&#8243;][vc_column_text woodmart_inline=&#8221;no&#8221; text_larger=&#8221;no&#8221;]<\/p>\n<ul>\n<li>Tiempo posterior a la llama: calcule el tiempo promedio posterior a la llama para las direcciones longitudinal y transversal para cada muestra de laboratorio.<\/li>\n<li>Tiempo de post luminiscencia: calcule el tiempo medio de post luminiscencia para las direcciones longitudinal y transversal de cada muestra de laboratorio.<\/li>\n<li>Longitud de char: calcule la longitud de char promedio para el direcciones longitudinales y transversales para cada muestra de laboratorio.<\/li>\n<\/ul>\n<p>[\/vc_column_text][vc_single_image image=&#8221;11747&#8243; img_size=&#8221;FULL&#8221; parallax_scroll=&#8221;no&#8221; woodmart_inline=&#8221;no&#8221;][\/vc_tta_section][vc_tta_section title=&#8221;RAPPORT&#8221; tab_id=&#8221;1687252885543-cf9732c4-5526&#8243;][vc_column_text woodmart_inline=&#8221;no&#8221; text_larger=&#8221;no&#8221;]Temps apr\u00e8s la flamme (individuel et moyen).<br \/>\n\u2022 Temps de post luminescence (individuel et moyen).<br \/>\n\u2022 Longueur de caract\u00e8re (individuelle et moyenne).<br \/>\n\u2022 Apparition de fonte ou d&#8217;\u00e9gouttement, le cas \u00e9ch\u00e9ant.<\/p>\n<p>Selon les exigences ASTM2112, ce test est utilis\u00e9 pour d\u00e9terminer la facilit\u00e9 avec laquelle les tissus s&#8217;enflamment et avec quelle facilit\u00e9 ils continuent \u00e0 br\u00fbler une fois enflamm\u00e9s. Pour passer la norme NFPA 2112, les mat\u00e9riaux ne peuvent pas avoir un temps moyen apr\u00e8s flamme sup\u00e9rieur \u00e0 2 secondes, une longueur de carbonisation sup\u00e9rieure \u00e0 100 mm (4 po) ou une fusion d\u00e9goulinante.[\/vc_column_text][\/vc_tta_section][\/vc_tta_tabs][\/vc_column][\/vc_row]<\/p>\n<\/section>","protected":false},"excerpt":{"rendered":"<p><span class=\"Y2IQFc\" lang=\"fr\">M\u00c9THODE D&#8217;ESSAI STANDARD POUR LA R\u00c9SISTANCE \u00c0 LA FLAMME DES TEXTILES (Essai vertical)<\/span><\/p>\n","protected":false},"featured_media":0,"comment_status":"open","ping_status":"closed","template":"","meta":{"_mi_skip_tracking":false,"_monsterinsights_sitenote_active":false,"_monsterinsights_sitenote_note":"","_monsterinsights_sitenote_category":0},"product_cat":[884],"product_tag":[],"class_list":["post-11324","product","type-product","status-publish","hentry","product_cat-norme"],"acf":[],"_links":{"self":[{"href":"https:\/\/lenard.tech\/fr\/wp-json\/wp\/v2\/product\/11324","targetHints":{"allow":["GET"]}}],"collection":[{"href":"https:\/\/lenard.tech\/fr\/wp-json\/wp\/v2\/product"}],"about":[{"href":"https:\/\/lenard.tech\/fr\/wp-json\/wp\/v2\/types\/product"}],"replies":[{"embeddable":true,"href":"https:\/\/lenard.tech\/fr\/wp-json\/wp\/v2\/comments?post=11324"}],"wp:attachment":[{"href":"https:\/\/lenard.tech\/fr\/wp-json\/wp\/v2\/media?parent=11324"}],"wp:term":[{"taxonomy":"product_cat","embeddable":true,"href":"https:\/\/lenard.tech\/fr\/wp-json\/wp\/v2\/product_cat?post=11324"},{"taxonomy":"product_tag","embeddable":true,"href":"https:\/\/lenard.tech\/fr\/wp-json\/wp\/v2\/product_tag?post=11324"}],"curies":[{"name":"wp","href":"https:\/\/api.w.org\/{rel}","templated":true}]}}