
{"id":11330,"date":"2023-03-31T07:33:45","date_gmt":"2023-03-31T07:33:45","guid":{"rendered":"https:\/\/lenard.tech\/producto\/astm-d3787\/"},"modified":"2023-08-30T14:17:51","modified_gmt":"2023-08-30T14:17:51","slug":"astm-d37872020","status":"publish","type":"product","link":"https:\/\/lenard.tech\/fr\/producto\/astm-d37872020\/","title":{"rendered":"ASTM D3787:2020"},"content":{"rendered":"<section class=\"wpb-content-wrapper\"><p>[vc_row][vc_column][vc_column_text woodmart_inline=&#8221;no&#8221; text_larger=&#8221;no&#8221;]M\u00c9THODE D&#8217;ESSAI STANDARD POUR LA R\u00c9SISTANCE \u00c0 L&#8217;\u00c9CLATEMENT DES TEXTILES. TEST D&#8217;\u00c9CLATEMENT \u00c0 BILLE \u00c0 D\u00c9PLACEMENT \u00c0 VITESSE CONSTANTE (CRT[\/vc_column_text][\/vc_column][\/vc_row][vc_row][vc_column][vc_tta_tabs][vc_tta_section title=&#8221;D\u00c9FINITION&#8221; tab_id=&#8221;1686236123488-f326608a-f528&#8243;][vc_column_text woodmart_inline=&#8221;no&#8221; text_larger=&#8221;no&#8221;]Cette norme d\u00e9crit la r\u00e9sistance \u00e0 l&#8217;\u00e9clatement des balles textiles qui pr\u00e9sentent un haut degr\u00e9 d&#8217;allongement. Les valeurs indiqu\u00e9es sont en unit\u00e9s SI ou en pouces-livres.[\/vc_column_text][\/vc_tta_section][vc_tta_section title=&#8221;M\u00c9THODE DE TEST&#8221; tab_id=&#8221;1686236123496-e4013a9c-7029&#8243;][vc_column_text woodmart_inline=&#8221;no&#8221; text_larger=&#8221;no&#8221;]Un sp\u00e9cimen est solidement serr\u00e9 sans tension entre les plaques \u00e0 fentes circulaires du dispositif de freinage \u00e0 billes fix\u00e9 \u00e0 la m\u00e2choire de traction (mobile) pour la machine d&#8217;essai de d\u00e9placement \u00e0 vitesse constante (CRT). Une force est exerc\u00e9e contre l&#8217;\u00e9chantillon par une bille en acier tremp\u00e9 et poli qui est attach\u00e9e \u00e0 la m\u00e2choire pendulaire (fixe) de la machine, jusqu&#8217;\u00e0 ce qu&#8217;une rupture se produise.[\/vc_column_text][\/vc_tta_section][vc_tta_section title=&#8221;APPAREILS \u00c9LECTROM\u00c9NAGERS&#8221; tab_id=&#8221;1686236239562-82f8497e-52f7&#8243;][vc_column_text woodmart_inline=&#8221;no&#8221; text_larger=&#8221;no&#8221;]<\/p>\n<ul>\n<li>Machine d&#8217;essai de traction (CRT) \u00e0 d\u00e9placement \u00e0 vitesse constante (CRT) avec un dispositif d&#8217;\u00e9clatement \u00e0 bille qui remplace l&#8217;ensemble de serrage.<\/li>\n<li>Accessoire pour perceuse \u00e0 billes.<\/li>\n<li>La bille en acier poli doit avoir un diam\u00e8tre de 25,400 \u00b1 0,005 mm (1,0000 \u00b1 0,0002 in.) et doit \u00eatre sph\u00e9rique. L&#8217;anneau de serrage doit avoir un diam\u00e8tre de 44,450 \u00b1 0,025 mm (1,750 \u00b1 0,001 in.).<\/li>\n<\/ul>\n<p>[\/vc_column_text][vc_single_image image=&#8221;8245&#8243; img_size=&#8221;FULL&#8221; alignment=&#8221;center&#8221; onclick=&#8221;link_image&#8221; parallax_scroll=&#8221;no&#8221; woodmart_inline=&#8221;no&#8221;][\/vc_tta_section][vc_tta_section title=&#8221;\u00c9CHANTILLONS&#8221; tab_id=&#8221;1686236275946-3e7bfc64-daa8&#8243;][vc_column_text woodmart_inline=&#8221;no&#8221; text_larger=&#8221;no&#8221;]<\/p>\n<ol>\n<li>Pr\u00e9levez un \u00e9chantillon du lot comme indiqu\u00e9 dans la sp\u00e9cification du mat\u00e9riel applicable.<\/li>\n<li>Coupez au moins un \u00e9chantillon de laboratoire sur toute la largeur du tissu et au moins 1 m (1 yd) le long de la lisi\u00e8re.<\/li>\n<li>prendre cinq tubes \u00e0 essai<\/li>\n<li>Chaque sp\u00e9cimen doit avoir au moins un carr\u00e9 de 125 mm (5 po) ou un cercle de 125 mm (5 po) de diam\u00e8tre.<\/li>\n<\/ol>\n<p>[\/vc_column_text][\/vc_tta_section][vc_tta_section title=&#8221;CONDITIONNEMENT&#8221; tab_id=&#8221;1686236320264-df5a8f05-78bc&#8221;][vc_column_text woodmart_inline=&#8221;no&#8221; text_larger=&#8221;no&#8221;]<\/p>\n<ul>\n<li>Selon la norme D1776<\/li>\n<li>Placer l&#8217;\u00e9chantillon sans tension dans la bague de serrage et serrer solidement au moyen de la vis ou du dispositif \u00e0 levier. D\u00e9marrez la machine d&#8217;essai de traction CRT, en utilisant une vitesse de pince de traction de 305 \u00b1 13 mm\/min (12 \u00b1 0,5 po\/min), et continuez \u00e0 cette vitesse jusqu&#8217;\u00e0 ce que l&#8217;\u00e9chantillon \u00e9clate.<\/li>\n<li>Enregistrez \u00e0 0,5 N (0,1 lb) pr\u00e8s la r\u00e9sistance \u00e0 l&#8217;\u00e9clatement de la bille d&#8217;\u00e9chantillon.<\/li>\n<\/ul>\n<p>[\/vc_column_text][\/vc_tta_section][vc_tta_section title=&#8221;R\u00c9SULTATS&#8221; tab_id=&#8221;1686236359800-25e876b8-4818&#8243;][vc_column_text woodmart_inline=&#8221;no&#8221; text_larger=&#8221;no&#8221;]Calculer la force d&#8217;\u00e9clatement moyenne au 0,5 N (0,1 lb) pr\u00e8s pour chaque \u00e9chantillon de laboratoire et pour le lot.<\/p>\n<p>\u00c9num\u00e9rez les sp\u00e9cimens test\u00e9s comme indiqu\u00e9 dans la m\u00e9thode de test ASTM D3787.<\/p>\n<p>D\u00e9crivez le mat\u00e9riau ou le produit.<\/p>\n<p>Indiquer la r\u00e9sistance \u00e0 l&#8217;\u00e9clatement de chaque sp\u00e9cimen et la r\u00e9sistance \u00e0 l&#8217;\u00e9clatement moyenne au 0,5 N (0,1 lbf.[\/vc_column_text][\/vc_tta_section][\/vc_tta_tabs][\/vc_column][\/vc_row]<\/p>\n<\/section>","protected":false},"excerpt":{"rendered":"<p>M\u00c9THODE D&#8217;ESSAI STANDARD POUR LA R\u00c9SISTANCE \u00c0 L&#8217;\u00c9CLATEMENT DES TEXTILES. TEST D&#8217;\u00c9CLATEMENT \u00c0 BILLE \u00c0 D\u00c9PLACEMENT \u00c0 VITESSE CONSTANTE (CRT<\/p>\n","protected":false},"featured_media":0,"comment_status":"open","ping_status":"closed","template":"","meta":{"_mi_skip_tracking":false,"_monsterinsights_sitenote_active":false,"_monsterinsights_sitenote_note":"","_monsterinsights_sitenote_category":0},"product_cat":[884],"product_tag":[],"class_list":["post-11330","product","type-product","status-publish","hentry","product_cat-norme"],"acf":[],"_links":{"self":[{"href":"https:\/\/lenard.tech\/fr\/wp-json\/wp\/v2\/product\/11330","targetHints":{"allow":["GET"]}}],"collection":[{"href":"https:\/\/lenard.tech\/fr\/wp-json\/wp\/v2\/product"}],"about":[{"href":"https:\/\/lenard.tech\/fr\/wp-json\/wp\/v2\/types\/product"}],"replies":[{"embeddable":true,"href":"https:\/\/lenard.tech\/fr\/wp-json\/wp\/v2\/comments?post=11330"}],"wp:attachment":[{"href":"https:\/\/lenard.tech\/fr\/wp-json\/wp\/v2\/media?parent=11330"}],"wp:term":[{"taxonomy":"product_cat","embeddable":true,"href":"https:\/\/lenard.tech\/fr\/wp-json\/wp\/v2\/product_cat?post=11330"},{"taxonomy":"product_tag","embeddable":true,"href":"https:\/\/lenard.tech\/fr\/wp-json\/wp\/v2\/product_tag?post=11330"}],"curies":[{"name":"wp","href":"https:\/\/api.w.org\/{rel}","templated":true}]}}