
{"id":11333,"date":"2023-03-31T07:32:53","date_gmt":"2023-03-31T07:32:53","guid":{"rendered":"https:\/\/lenard.tech\/producto\/astm-d3786\/"},"modified":"2024-06-03T10:07:09","modified_gmt":"2024-06-03T10:07:09","slug":"astm-d37862023","status":"publish","type":"product","link":"https:\/\/lenard.tech\/fr\/producto\/astm-d37862023\/","title":{"rendered":"ASTM D3786:2023"},"content":{"rendered":"<section class=\"wpb-content-wrapper\"><p>[vc_row][vc_column][vc_column_text woodmart_inline=&#8221;no&#8221; text_larger=&#8221;no&#8221;]M\u00c9THODE D&#8217;ESSAI STANDARD POUR LA R\u00c9SISTANCE \u00c0 L&#8217;\u00c9CLATEMENT DES TISSUS TEXTILES : M\u00c9THODE D&#8217;ESSAI DE R\u00c9SISTANCE \u00c0 L&#8217;\u00c9CLATEMENT DU MEMBRANE[\/vc_column_text][\/vc_column][\/vc_row][vc_row][vc_column][vc_tta_tabs][vc_tta_section title=&#8221;D\u00c9FINITION&#8221; tab_id=&#8221;1686235717215-87808516-7619&#8243;][vc_column_text woodmart_inline=&#8221;no&#8221; text_larger=&#8221;no&#8221;]Cette norme d\u00e9crit la mesure de la r\u00e9sistance des tissus textiles \u00e0 l&#8217;aide d&#8217;un testeur de rupture de membrane \u00e0 rupture hydraulique ou pneumatique. Il peut \u00e9galement s&#8217;appliquer \u00e0 l&#8217;\u00e9tirement des tissus tiss\u00e9s et industriels. Valeurs exprim\u00e9es en unit\u00e9s SI ou en pouces-livres.[\/vc_column_text][\/vc_tta_section][vc_tta_section title=&#8221;M\u00c9THODE DE TEST&#8221; tab_id=&#8221;1686235717222-51e6c12b-b02e&#8221;][vc_column_text woodmart_inline=&#8221;no&#8221; text_larger=&#8221;no&#8221;]Un \u00e9chantillon est fix\u00e9 sur un diaphragme extensible. Le diaphragme est dilat\u00e9 par la pression du fluide jusqu&#8217;au point de rupture de l&#8217;\u00e9chantillon. La diff\u00e9rence entre la pression totale requise pour rompre l&#8217;\u00e9chantillon et la pression requise pour gonfler le diaphragme est rapport\u00e9e comme la force d&#8217;\u00e9clatement.[\/vc_column_text][\/vc_tta_section][vc_tta_section title=&#8221;APPAREILS \u00c9LECTROM\u00c9NAGERS&#8221; tab_id=&#8221;1686235802776-11aa6d2e-08c0&#8243;][vc_column_text woodmart_inline=&#8221;no&#8221; text_larger=&#8221;no&#8221;]<\/p>\n<ul>\n<li>Voleur de rupture de diaphragme<\/li>\n<li>Pinces, pour fixer fermement et uniform\u00e9ment l&#8217;\u00e9chantillon entre deux surfaces annulaires parall\u00e8les durables, sans glissement pendant le test. Utilisez une pression suffisante pour r\u00e9duire au minimum le glissement. Les surfaces de serrage sup\u00e9rieure et inf\u00e9rieure doivent avoir une ouverture coaxiale circulaire de 31 \u00b1 0,75 mm (1,22 \u00b1 0,023 in.) de diam\u00e8tre. Les surfaces de serrage doivent \u00eatre durables et tous les bords susceptibles de provoquer une action de coupe doivent \u00eatre arrondis \u00e0 un rayon ne d\u00e9passant pas 0,4 mm. La pince inf\u00e9rieure sera tout aussi solidaire de la chambre qu&#8217;un milieu de pression gonfle le diaphragme en caoutchouc.<\/li>\n<li>un diaphragme en mati\u00e8re synth\u00e9tique moul\u00e9e ou en caoutchouc naturel, maintenu entre la plaque de serrage inf\u00e9rieure et le reste de l&#8217;appareil de sorte qu&#8217;avant que le diaphragme ne soit \u00e9tir\u00e9 par pression en dessous, le centre de sa surface sup\u00e9rieure soit nominalement au niveau du plan de la surface de serrage.<\/li>\n<li>Manom\u00e8tre<\/li>\n<li>Syst\u00e8me de pression pour appliquer une pression contr\u00f4l\u00e9e<\/li>\n<li>La pression hydraulique est produite par un fluide d\u00e9plac\u00e9 \u00e0 la vitesse de 95 6 5 mL\/min.<\/li>\n<li>La pression pneumatique est produite en contr\u00f4lant le d\u00e9bit d&#8217;air propre et sec \u00e0 travers une vanne.<\/li>\n<li>La pression pneumatique est produite en contr\u00f4lant le d\u00e9bit d&#8217;air propre et sec \u00e0 travers la vanne.<\/li>\n<li>Feuille d&#8217;aluminium pour v\u00e9rifier les performances de l&#8217;\u00e9quipement.<\/li>\n<li>Enregistrement de pression.<\/li>\n<\/ul>\n<p>[\/vc_column_text][\/vc_tta_section][vc_tta_section title=&#8221;\u00c9CHANTILLONS&#8221; tab_id=&#8221;1686235832854-b266522d-c077&#8243;][vc_column_text woodmart_inline=&#8221;no&#8221; text_larger=&#8221;no&#8221;]<\/p>\n<ul>\n<li>\u00c9chantillon de lot selon les sp\u00e9cifications mat\u00e9rielles applicables.<\/li>\n<li>\u00c9chantillon de laboratoire : un \u00e9chantillon pleine largeur de 1 m (1 yd) de long \u00e0 partir de l&#8217;extr\u00e9mit\u00e9 de chaque rouleau de tissu dans l&#8217;\u00e9chantillon de lot, apr\u00e8s le premier rejet un minimum de 1 m (1 verge) de chaque rouleau ou morceau de tricot circulaire s\u00e9lectionn\u00e9.<\/li>\n<li>Coupez une bande d&#8217;au moins 305 mm (14 pi) de large.<\/li>\n<\/ul>\n<p>[\/vc_column_text][\/vc_tta_section][vc_tta_section title=&#8221;CONDITIONNEMENT&#8221; tab_id=&#8221;1686235891154-1b3d5c96-27f1&#8243;][vc_column_text woodmart_inline=&#8221;no&#8221; text_larger=&#8221;no&#8221;]<\/p>\n<ul>\n<li>Selon la norme D1776.<\/li>\n<li>Prenez dix tubes \u00e0 essai de laboratoire de tissus. Chaque sp\u00e9cimen doit avoir au moins un carr\u00e9 de 125 mm (5 po) ou un cercle de 125 mm (5 po) de diam\u00e8tre.<\/li>\n<\/ul>\n<p>[\/vc_column_text][\/vc_tta_section][vc_tta_section title=&#8221;PROC\u00c9DURE&#8221; tab_id=&#8221;1686235930477-18cb1630-7291&#8243;][vc_column_text woodmart_inline=&#8221;no&#8221; text_larger=&#8221;no&#8221;]<\/p>\n<ul>\n<li>Equipement hydraulique manuel :\n<ul>\n<li>Ins\u00e9rez le cylindre conditionn\u00e9 sous le tr\u00e9pied, tendez l&#8217;\u00e9chantillon \u00e0 travers la plaque et fixez l&#8217;\u00e9chantillon en place en d\u00e9pla\u00e7ant le levier de serrage compl\u00e8tement vers la droite.<\/li>\n<li>Tourner le volant dans le sens des aiguilles d&#8217;une montre \u00e0 une vitesse uniforme de 120 tr\/min jusqu&#8217;\u00e0 ce que le cylindre \u00e9clate.<\/li>\n<li>Arr\u00eatez de tourner le volant lorsque l&#8217;\u00e9prouvette casse.<\/li>\n<li>Imm\u00e9diatement apr\u00e8s la rupture et en succession rapide, rel\u00e2chez le levier de serrage sur l&#8217;\u00e9chantillon. Rel\u00e2chez la tension sur le diaphragme en tournant la roue, dans le sens antihoraire jusqu&#8217;\u00e0 sa position initiale et enregistrez la pression requise la pression requise pour gonfler le diaphragme.<\/li>\n<li>Enregistrez la pression totale requise pour casser l&#8217;\u00e9chantillon.<\/li>\n<\/ul>\n<\/li>\n<li>\u00c9quipement hydraulique entra\u00een\u00e9 par moteur\u00a0:<\/li>\n<li>Ins\u00e9rez l&#8217;\u00e9chantillon entre le haut et le bas avec la pince en vous assurant que l&#8217;\u00e9chantillon est exempt de rides et de plis. Tenez fermement l&#8217;\u00e9chantillon. Faire fonctionner la pression jusqu&#8217;\u00e0 ce que l&#8217;\u00e9chantillon \u00e9clate.<\/li>\n<li>Equipement pneumatique :<\/li>\n<li>Ajustez la vanne de contr\u00f4le de l&#8217;\u00e9quipement d&#8217;\u00e9clatement de sorte que le temps moyen d&#8217;\u00e9clatement de l&#8217;\u00e9chantillon soit de 20 \u00b1 5 s. Le temps d&#8217;\u00e9clatement entre le d\u00e9but du culbutage et l&#8217;\u00e9clatement de l&#8217;\u00e9chantillon d&#8217;essai doit \u00eatre enregistr\u00e9.<\/li>\n<\/ul>\n<p>[\/vc_column_text][\/vc_tta_section][vc_tta_section title=&#8221;R\u00c9SULTATS&#8221; tab_id=&#8221;1686235979710-8b6db562-af9e&#8221;][vc_column_text woodmart_inline=&#8221;no&#8221; text_larger=&#8221;no&#8221;]<\/p>\n<ul>\n<li>Calculer la pression d&#8217;\u00e9clatement de l&#8217;\u00e9chantillon en soustrayant la pression de r\u00e9glage requise pour gonfler le diaphragme de la pression totale requise pour rompre l&#8217;\u00e9chantillon.<\/li>\n<li>Informer le type d&#8217;\u00e9quipement de coupure utilis\u00e9 selon la norme D3786.<\/li>\n<li>D\u00e9crivez le mat\u00e9riel ou le produit.<\/li>\n<li>Donnez la r\u00e9sistance \u00e0 l&#8217;\u00e9clatement de chaque sp\u00e9cimen individuel et sa moyenne en kPa (psi). Si le tissu n&#8217;\u00e9clate pas, le rapport doit indiquer la pression d&#8217;\u00e9clatement maximale de l&#8217;instrument et que l&#8217;\u00e9chantillon n&#8217;a pas \u00e9clat\u00e9 \u00e0 cette pression.<\/li>\n<\/ul>\n<p>[\/vc_column_text][\/vc_tta_section][\/vc_tta_tabs][\/vc_column][\/vc_row]<\/p>\n<\/section>","protected":false},"excerpt":{"rendered":"<p>M\u00c9THODE D&#8217;ESSAI STANDARD POUR LA R\u00c9SISTANCE \u00c0 L&#8217;\u00c9CLATEMENT DES TISSUS TEXTILES : M\u00c9THODE D&#8217;ESSAI DE R\u00c9SISTANCE \u00c0 L&#8217;\u00c9CLATEMENT DU MEMBRANE<\/p>\n","protected":false},"featured_media":0,"comment_status":"open","ping_status":"closed","template":"","meta":{"_mi_skip_tracking":false,"_monsterinsights_sitenote_active":false,"_monsterinsights_sitenote_note":"","_monsterinsights_sitenote_category":0},"product_cat":[884],"product_tag":[],"class_list":["post-11333","product","type-product","status-publish","hentry","product_cat-norme"],"acf":[],"_links":{"self":[{"href":"https:\/\/lenard.tech\/fr\/wp-json\/wp\/v2\/product\/11333","targetHints":{"allow":["GET"]}}],"collection":[{"href":"https:\/\/lenard.tech\/fr\/wp-json\/wp\/v2\/product"}],"about":[{"href":"https:\/\/lenard.tech\/fr\/wp-json\/wp\/v2\/types\/product"}],"replies":[{"embeddable":true,"href":"https:\/\/lenard.tech\/fr\/wp-json\/wp\/v2\/comments?post=11333"}],"wp:attachment":[{"href":"https:\/\/lenard.tech\/fr\/wp-json\/wp\/v2\/media?parent=11333"}],"wp:term":[{"taxonomy":"product_cat","embeddable":true,"href":"https:\/\/lenard.tech\/fr\/wp-json\/wp\/v2\/product_cat?post=11333"},{"taxonomy":"product_tag","embeddable":true,"href":"https:\/\/lenard.tech\/fr\/wp-json\/wp\/v2\/product_tag?post=11333"}],"curies":[{"name":"wp","href":"https:\/\/api.w.org\/{rel}","templated":true}]}}